{"id":183,"date":"2020-07-14T16:42:02","date_gmt":"2020-07-14T14:42:02","guid":{"rendered":"http:\/\/wp.unil.ch\/medicaments-sous-controle\/?page_id=183"},"modified":"2020-07-15T13:25:07","modified_gmt":"2020-07-15T11:25:07","slug":"description-du-projet","status":"publish","type":"page","link":"https:\/\/wp.unil.ch\/medicaments-sous-controle\/projet\/description-du-projet\/","title":{"rendered":"Description du projet"},"content":{"rendered":"\n<p class=\"has-large-font-size\">Le mot stup\u00e9fiant \u00e9voque imm\u00e9diatement des drogues illicites. Pourtant, en Suisse, de nombreux stup\u00e9fiants sont des m\u00e9dicaments qui ont \u00e9t\u00e9 d\u00fbment test\u00e9s et autoris\u00e9s. <\/p>\n\n\n\n<p class=\"has-large-font-size\">La r\u00e9glementation actuelle doit atteindre un \u00e9quilibre entre deux imp\u00e9ratifs oppos\u00e9s: contr\u00f4ler un trafic ill\u00e9gal et dangereux et s&rsquo;assurer que les substances n\u00e9cessaires soient disponibles aux personnes atteintes dans leur sant\u00e9. <\/p>\n\n\n\n<p class=\"has-large-font-size\">Trouver le \u00ab\u00a0juste \u00e9quilibre\u00a0\u00bb entre ces deux objectifs est le sujet de d\u00e9bats anim\u00e9s et constitue le but de notre projet. <\/p>\n\n\n\n<p class=\"has-large-font-size\">Concr\u00e8tement, notre projet a pour but d&rsquo;analyser comment les produits qui satisfont \u00e0 la fois la d\u00e9finition d&rsquo;un stup\u00e9fiant (substance sous contr\u00f4le) et la d\u00e9finition d&rsquo;un m\u00e9dicament sont r\u00e9glement\u00e9s en Suisse.<\/p>\n\n\n\n<p><\/p>\n\n\n\n<p><\/p>\n\n\n\n<p><\/p>\n","protected":false},"excerpt":{"rendered":"<p>Le mot stup\u00e9fiant \u00e9voque imm\u00e9diatement des drogues illicites. Pourtant, en Suisse, de nombreux stup\u00e9fiants sont des m\u00e9dicaments qui ont \u00e9t\u00e9 d\u00fbment test\u00e9s et autoris\u00e9s. La r\u00e9glementation actuelle doit atteindre un \u00e9quilibre entre deux imp\u00e9ratifs oppos\u00e9s: contr\u00f4ler un trafic ill\u00e9gal et dangereux et s&rsquo;assurer que les substances n\u00e9cessaires soient disponibles aux personnes atteintes dans leur sant\u00e9. [&hellip;]<\/p>\n","protected":false},"author":1002117,"featured_media":241,"parent":266,"menu_order":0,"comment_status":"closed","ping_status":"closed","template":"templates\/template-cover.php","meta":{"_seopress_robots_primary_cat":"","_seopress_titles_title":"","_seopress_titles_desc":"","_seopress_robots_index":"","footnotes":""},"class_list":["post-183","page","type-page","status-publish","has-post-thumbnail"],"_links":{"self":[{"href":"https:\/\/wp.unil.ch\/medicaments-sous-controle\/wp-json\/wp\/v2\/pages\/183","targetHints":{"allow":["GET"]}}],"collection":[{"href":"https:\/\/wp.unil.ch\/medicaments-sous-controle\/wp-json\/wp\/v2\/pages"}],"about":[{"href":"https:\/\/wp.unil.ch\/medicaments-sous-controle\/wp-json\/wp\/v2\/types\/page"}],"author":[{"embeddable":true,"href":"https:\/\/wp.unil.ch\/medicaments-sous-controle\/wp-json\/wp\/v2\/users\/1002117"}],"replies":[{"embeddable":true,"href":"https:\/\/wp.unil.ch\/medicaments-sous-controle\/wp-json\/wp\/v2\/comments?post=183"}],"version-history":[{"count":0,"href":"https:\/\/wp.unil.ch\/medicaments-sous-controle\/wp-json\/wp\/v2\/pages\/183\/revisions"}],"up":[{"embeddable":true,"href":"https:\/\/wp.unil.ch\/medicaments-sous-controle\/wp-json\/wp\/v2\/pages\/266"}],"wp:featuredmedia":[{"embeddable":true,"href":"https:\/\/wp.unil.ch\/medicaments-sous-controle\/wp-json\/wp\/v2\/media\/241"}],"wp:attachment":[{"href":"https:\/\/wp.unil.ch\/medicaments-sous-controle\/wp-json\/wp\/v2\/media?parent=183"}],"curies":[{"name":"wp","href":"https:\/\/api.w.org\/{rel}","templated":true}]}}