{"id":173,"date":"2020-07-11T00:00:06","date_gmt":"2020-07-10T22:00:06","guid":{"rendered":"http:\/\/wp.unil.ch\/medicaments-sous-controle\/?page_id=173"},"modified":"2023-05-15T14:35:44","modified_gmt":"2023-05-15T12:35:44","slug":"lequipe-de-recherche","status":"publish","type":"page","link":"https:\/\/wp.unil.ch\/medicaments-sous-controle\/lequipe-de-recherche\/","title":{"rendered":"L&rsquo;\u00e9quipe de recherche"},"content":{"rendered":"\n<p class=\"has-text-align-left\"><img alt=\"\" loading=\"lazy\" decoding=\"async\" width=\"213\" height=\"282\" class=\"wp-image-867\" style=\"width: 130px\" src=\"https:\/\/wp.unil.ch\/medicaments-sous-controle\/files\/2022\/09\/VJ.jpg\" alt=\"\"> <strong><a rel=\"noreferrer noopener\" href=\"https:\/\/applicationspub.unil.ch\/interpub\/noauth\/php\/Un\/UnPers.php?PerNum=1072112&amp;LanCode=37&amp;menu=coord\" target=\"_blank\">Val\u00e9rie Junod<\/a><\/strong> &#8211; Professeure ordinaire \u00e0 la Facult\u00e9 des hautes \u00e9tudes commerciales (HEC) de l&rsquo;Universit\u00e9 de Lausanne, D\u00e9partement de droit des affaires et fiscalit\u00e9; Professeure titulaire \u00e0 la Facult\u00e9 de droit de l&rsquo;Universit\u00e9 de Gen\u00e8ve, D\u00e9partement de droit commercial<\/p>\n\n\n\n<p><img alt=\"\" loading=\"lazy\" decoding=\"async\" width=\"206\" height=\"234\" class=\"wp-image-880\" style=\"width: 130px\" src=\"https:\/\/wp.unil.ch\/medicaments-sous-controle\/files\/2022\/09\/Barbara-Broers.jpg\" alt=\"\"> <strong><a rel=\"noreferrer noopener\" href=\"https:\/\/www.unige.ch\/medecine\/mecom\/fr\/institut-medecine-premier-recours\/129broers\/#publications\" target=\"_blank\">Barbara Broers<\/a><\/strong> &#8211; Professeure \u00e0 la Facult\u00e9 de m\u00e9decine de l&rsquo;Universit\u00e9 de Gen\u00e8ve, D\u00e9partement de m\u00e9decine communautaire, de premier recours et des urgences; responsable de l&rsquo;Unit\u00e9 des d\u00e9pendances du Service de m\u00e9decine de premiers recours des H\u00f4pitaux universitaires de Gen\u00e8ve (HUG)<\/p>\n\n\n\n<p><img alt=\"\" loading=\"lazy\" decoding=\"async\" width=\"120\" height=\"120\" class=\"wp-image-870\" style=\"width: 130px\" src=\"https:\/\/wp.unil.ch\/medicaments-sous-controle\/files\/2022\/09\/OC-2.jpg\" alt=\"\"> <a rel=\"noreferrer noopener\" href=\"https:\/\/applicationspub.unil.ch\/interpub\/noauth\/php\/Un\/UnPers.php?PerNum=1017872&amp;LanCode=37&amp;menu=coord\" target=\"_blank\"><strong>Olivier Simon<\/strong> <\/a>&#8211; Ma\u00eetre d\u2019enseignement et de recherche, Facult\u00e9 de biologie et m\u00e9decine de l\u2019Universit\u00e9 de Lausanne; m\u00e9decin associ\u00e9 au Service de m\u00e9decine des addictions du D\u00e9partement de psychiatrie du Centre hospitalier universitaire vaudois (CHUV)<\/p>\n\n\n\n<p><img alt=\"\" loading=\"lazy\" decoding=\"async\" width=\"100\" height=\"119\" class=\"wp-image-886\" style=\"width: 130px\" src=\"https:\/\/wp.unil.ch\/medicaments-sous-controle\/files\/2022\/09\/pautex-sophie_0.jpg\" alt=\"\"> <a rel=\"noreferrer noopener\" href=\"https:\/\/www.unige.ch\/medecine\/migrg\/fr\/groupes-de-recherche\/709pautex\/membres\/pautex\/\" target=\"_blank\"><strong>Sophie Pautex<\/strong><\/a> &#8211; Professeure \u00e0 la Facult\u00e9 de m\u00e9decine de l&rsquo;Universit\u00e9 de Gen\u00e8ve, D\u00e9partement de r\u00e9adaptation et de g\u00e9riatrie; cheffe du service de m\u00e9decine palliative des H\u00f4pitaux universitaires de Gen\u00e8ve (HUG)<\/p>\n\n\n\n<p><img alt=\"\" loading=\"lazy\" decoding=\"async\" width=\"426\" height=\"565\" class=\"wp-image-889\" style=\"width: 130px\" src=\"https:\/\/wp.unil.ch\/medicaments-sous-controle\/files\/2022\/09\/1221439.jpg\" alt=\"\" srcset=\"https:\/\/wp.unil.ch\/medicaments-sous-controle\/files\/2022\/09\/1221439.jpg 426w, https:\/\/wp.unil.ch\/medicaments-sous-controle\/files\/2022\/09\/1221439-226x300.jpg 226w\" sizes=\"auto, (max-width: 426px) 100vw, 426px\" \/> <strong><a rel=\"noreferrer noopener\" href=\"https:\/\/applicationspub.unil.ch\/interpub\/noauth\/php\/Un\/UnPers.php?PerNum=1221439&amp;LanCode=37\" target=\"_blank\">Carole-Anne Baud<\/a><\/strong> &#8211; Dr. iur. Chercheuse FNS senior \u00e0 la Facult\u00e9 des HEC de l&rsquo;Universit\u00e9 de Lausanne, D\u00e9partement de droit des affaires et fiscalit\u00e9<\/p>\n\n\n\n<p><img alt=\"\" loading=\"lazy\" decoding=\"async\" width=\"706\" height=\"1102\" class=\"wp-image-883\" style=\"width: 130px\" src=\"https:\/\/wp.unil.ch\/medicaments-sous-controle\/files\/2022\/09\/carolin.jpg\" alt=\"\" srcset=\"https:\/\/wp.unil.ch\/medicaments-sous-controle\/files\/2022\/09\/carolin.jpg 706w, https:\/\/wp.unil.ch\/medicaments-sous-controle\/files\/2022\/09\/carolin-192x300.jpg 192w, https:\/\/wp.unil.ch\/medicaments-sous-controle\/files\/2022\/09\/carolin-656x1024.jpg 656w\" sizes=\"auto, (max-width: 706px) 100vw, 706px\" \/> <a href=\"https:\/\/orcid.org\/0000-0001-5900-4514\"><strong>Caroline Schmitt-Koopmann<\/strong><\/a> \u2013 Doctorante \u00e0 la Facult\u00e9 de biologie et m\u00e9decine de l\u2019Universit\u00e9 de Lausanne, D\u00e9partement de psychiatrie du Centre hospitalier universitaire vaudois (CHUV)<\/p>\n\n\n\n<p><img alt=\"\" loading=\"lazy\" decoding=\"async\" width=\"151\" height=\"141\" class=\"wp-image-1032\" style=\"width: 130px\" src=\"https:\/\/wp.unil.ch\/medicaments-sous-controle\/files\/2023\/01\/thumbnail_image001.png\" alt=\"\"> <a href=\"https:\/\/applicationspub.unil.ch\/interpub\/noauth\/php\/Un\/UnPers.php?PerNum=1249636&amp;LanCode=37\"><strong>St\u00e9phanie Beuriot<\/strong><\/a> \u2013 MLaw Chercheuse FNS junior \u00e0 la Facult\u00e9 des HEC de l\u2019Universit\u00e9 de Lausanne, D\u00e9partement de droit des affaires et fiscalit\u00e9<\/p>\n\n\n\n<p> <img alt=\"\" loading=\"lazy\" decoding=\"async\" width=\"423\" height=\"521\" class=\"wp-image-966\" style=\"width: 130px\" src=\"https:\/\/wp.unil.ch\/medicaments-sous-controle\/files\/2023\/01\/photo-vl-MUC.jpg\" alt=\"\" srcset=\"https:\/\/wp.unil.ch\/medicaments-sous-controle\/files\/2023\/01\/photo-vl-MUC.jpg 423w, https:\/\/wp.unil.ch\/medicaments-sous-controle\/files\/2023\/01\/photo-vl-MUC-244x300.jpg 244w\" sizes=\"auto, (max-width: 423px) 100vw, 423px\" \/> <strong>Victor Leroy <\/strong>\u2013 Doctorant \u00e0 la Facult\u00e9 de biologie et m\u00e9decine de l\u2019Universit\u00e9 de Lausanne; m\u00e9decin chef de clinique adjoint au Service de m\u00e9decine des addictions du D\u00e9partement de psychiatrie du Centre hospitalier universitaire vaudois (CHUV)<\/p>\n\n\n\n<p><img alt=\"\" loading=\"lazy\" decoding=\"async\" width=\"760\" height=\"999\" class=\"wp-image-1059\" style=\"width: 130px\" src=\"https:\/\/wp.unil.ch\/medicaments-sous-controle\/files\/2023\/02\/thumbnail_PXL_20230131_1454056692-1.jpg\" alt=\"\" srcset=\"https:\/\/wp.unil.ch\/medicaments-sous-controle\/files\/2023\/02\/thumbnail_PXL_20230131_1454056692-1.jpg 760w, https:\/\/wp.unil.ch\/medicaments-sous-controle\/files\/2023\/02\/thumbnail_PXL_20230131_1454056692-1-228x300.jpg 228w\" sizes=\"auto, (max-width: 760px) 100vw, 760px\" \/> <strong><a href=\"https:\/\/applicationspub.unil.ch\/interpub\/noauth\/php\/Un\/UnPers.php?PerNum=1254313&amp;LanCode=37\">Elodie Wehrli<\/a> <\/strong> \u2013 MLaw Chercheuse FNS junior \u00e0 la Facult\u00e9 des HEC de l\u2019Universit\u00e9 de Lausanne, D\u00e9partement de droit des affaires et fiscalit\u00e9<\/p>\n\n\n\n<p><img alt=\"\" loading=\"lazy\" decoding=\"async\" width=\"203\" height=\"203\" class=\"wp-image-873\" style=\"width: 130px\" src=\"https:\/\/wp.unil.ch\/medicaments-sous-controle\/files\/2022\/09\/JBA.png\" alt=\"\" srcset=\"https:\/\/wp.unil.ch\/medicaments-sous-controle\/files\/2022\/09\/JBA.png 203w, https:\/\/wp.unil.ch\/medicaments-sous-controle\/files\/2022\/09\/JBA-150x150.png 150w\" sizes=\"auto, (max-width: 203px) 100vw, 203px\" \/> <strong>Jean-Baptiste Armengaud<\/strong> &#8211; M\u00e9decin-hospitalier, Centre hospitalier universitaire vaudois (CHUV), D\u00e9partement femme-m\u00e8re-enfant, p\u00e9diatrie<\/p>\n\n\n\n<p><img alt=\"\" loading=\"lazy\" decoding=\"async\" width=\"320\" height=\"180\" class=\"wp-image-1132\" style=\"width: 130px\" src=\"https:\/\/wp.unil.ch\/medicaments-sous-controle\/files\/2023\/05\/thumbnail_Photos_JHR.jpg\" alt=\"\" srcset=\"https:\/\/wp.unil.ch\/medicaments-sous-controle\/files\/2023\/05\/thumbnail_Photos_JHR.jpg 320w, https:\/\/wp.unil.ch\/medicaments-sous-controle\/files\/2023\/05\/thumbnail_Photos_JHR-300x169.jpg 300w\" sizes=\"auto, (max-width: 320px) 100vw, 320px\" \/><strong> <a href=\"https:\/\/www.unige.ch\/medecine\/isg\/en\/staff\/jennifer-hasselgard-rowe\/\">Jennifer Hasselgard-Rowe<\/a><\/strong><a href=\"https:\/\/www.unige.ch\/medecine\/isg\/en\/staff\/jennifer-hasselgard-rowe\/\"> <\/a>&#8211; PhD Population Health and Law, collaboratrice scientifique II \u00e0 l&rsquo;Universit\u00e9 de Gen\u00e8ve, Facult\u00e9 de M\u00e9decine, Institut de Sant\u00e9 Globale<\/p>\n","protected":false},"excerpt":{"rendered":"<p>Val\u00e9rie Junod &#8211; Professeure ordinaire \u00e0 la Facult\u00e9 des hautes \u00e9tudes commerciales (HEC) de l&rsquo;Universit\u00e9 de Lausanne, D\u00e9partement de droit des affaires et fiscalit\u00e9; Professeure titulaire \u00e0 la Facult\u00e9 de droit de l&rsquo;Universit\u00e9 de Gen\u00e8ve, D\u00e9partement de droit commercial Barbara Broers &#8211; Professeure \u00e0 la Facult\u00e9 de m\u00e9decine de l&rsquo;Universit\u00e9 de Gen\u00e8ve, D\u00e9partement de m\u00e9decine [&hellip;]<\/p>\n","protected":false},"author":1002117,"featured_media":191,"parent":0,"menu_order":0,"comment_status":"closed","ping_status":"closed","template":"templates\/template-cover.php","meta":{"_seopress_robots_primary_cat":"","_seopress_titles_title":"","_seopress_titles_desc":"","_seopress_robots_index":"","footnotes":""},"class_list":["post-173","page","type-page","status-publish","has-post-thumbnail"],"_links":{"self":[{"href":"https:\/\/wp.unil.ch\/medicaments-sous-controle\/wp-json\/wp\/v2\/pages\/173","targetHints":{"allow":["GET"]}}],"collection":[{"href":"https:\/\/wp.unil.ch\/medicaments-sous-controle\/wp-json\/wp\/v2\/pages"}],"about":[{"href":"https:\/\/wp.unil.ch\/medicaments-sous-controle\/wp-json\/wp\/v2\/types\/page"}],"author":[{"embeddable":true,"href":"https:\/\/wp.unil.ch\/medicaments-sous-controle\/wp-json\/wp\/v2\/users\/1002117"}],"replies":[{"embeddable":true,"href":"https:\/\/wp.unil.ch\/medicaments-sous-controle\/wp-json\/wp\/v2\/comments?post=173"}],"version-history":[{"count":0,"href":"https:\/\/wp.unil.ch\/medicaments-sous-controle\/wp-json\/wp\/v2\/pages\/173\/revisions"}],"wp:featuredmedia":[{"embeddable":true,"href":"https:\/\/wp.unil.ch\/medicaments-sous-controle\/wp-json\/wp\/v2\/media\/191"}],"wp:attachment":[{"href":"https:\/\/wp.unil.ch\/medicaments-sous-controle\/wp-json\/wp\/v2\/media?parent=173"}],"curies":[{"name":"wp","href":"https:\/\/api.w.org\/{rel}","templated":true}]}}