{"id":944,"date":"2023-01-24T21:44:42","date_gmt":"2023-01-24T20:44:42","guid":{"rendered":"https:\/\/wp.unil.ch\/medicaments-sous-controle\/?page_id=944"},"modified":"2023-04-06T17:40:21","modified_gmt":"2023-04-06T15:40:21","slug":"cantonal-data","status":"publish","type":"page","link":"https:\/\/wp.unil.ch\/medicaments-sous-controle\/de\/publikationen\/cantonal-data\/","title":{"rendered":"Cantonal Data"},"content":{"rendered":"\n<p>Von 2020 bis 2022 haben wir die Kantons\u00e4rztInnen und KantonsapothekerInnen interviewt. Untenstehend finden Sie Auswahl interaktiver Daten. <\/p>\n\n\n\n<h2 class=\"wp-block-heading\">Bet\u00e4ubungsmittelrezept-Bl\u00f6cke<\/h2>\n\n\n\n<p>Sie finden den Artikel hier: <a rel=\"noreferrer noopener\" href=\"https:\/\/smw.ch\/index.php\/smw\/announcement\/view\/60\" target=\"_blank\">https:\/\/smw.ch\/index.php\/smw\/announcement\/view\/60<\/a><\/p>\n\n\n\n<!-- iframe plugin v.6.0 wordpress.org\/plugins\/iframe\/ -->\n<iframe loading=\"lazy\" src=\"https:\/\/public.tableau.com\/views\/Betm-Rezeptblcke\/Blatt2?:language=fr-FR&#038;:display_count=n&#038;:origin=viz_share_link?:showVizHome=no&#038;:embed=true\" width=\"100%\" height=\"500\" scrolling=\"yes\" class=\"iframe-class\" frameborder=\"0\"><\/iframe>\n\n\n\n\n<p>Opioid Agonisten Therapien Regulierung<\/p>\n\n\n\n<p>Kontrollmassnahmen<\/p>\n\n\n\n<p>Off-label Meldungen<\/p>\n\n\n\n<p><\/p>\n","protected":false},"excerpt":{"rendered":"<p>Von 2020 bis 2022 haben wir die Kantons\u00e4rztInnen und KantonsapothekerInnen interviewt. Untenstehend finden Sie Auswahl interaktiver Daten. Bet\u00e4ubungsmittelrezept-Bl\u00f6cke Sie finden den Artikel hier: https:\/\/smw.ch\/index.php\/smw\/announcement\/view\/60 Opioid Agonisten Therapien Regulierung Kontrollmassnahmen Off-label Meldungen<\/p>\n","protected":false},"author":1002117,"featured_media":955,"parent":377,"menu_order":0,"comment_status":"closed","ping_status":"closed","template":"templates\/template-cover.php","meta":{"_seopress_robots_primary_cat":"","_seopress_titles_title":"","_seopress_titles_desc":"","_seopress_robots_index":"","footnotes":""},"class_list":["post-944","page","type-page","status-publish","has-post-thumbnail"],"_links":{"self":[{"href":"https:\/\/wp.unil.ch\/medicaments-sous-controle\/de\/wp-json\/wp\/v2\/pages\/944","targetHints":{"allow":["GET"]}}],"collection":[{"href":"https:\/\/wp.unil.ch\/medicaments-sous-controle\/de\/wp-json\/wp\/v2\/pages"}],"about":[{"href":"https:\/\/wp.unil.ch\/medicaments-sous-controle\/de\/wp-json\/wp\/v2\/types\/page"}],"author":[{"embeddable":true,"href":"https:\/\/wp.unil.ch\/medicaments-sous-controle\/de\/wp-json\/wp\/v2\/users\/1002117"}],"replies":[{"embeddable":true,"href":"https:\/\/wp.unil.ch\/medicaments-sous-controle\/de\/wp-json\/wp\/v2\/comments?post=944"}],"version-history":[{"count":0,"href":"https:\/\/wp.unil.ch\/medicaments-sous-controle\/de\/wp-json\/wp\/v2\/pages\/944\/revisions"}],"up":[{"embeddable":true,"href":"https:\/\/wp.unil.ch\/medicaments-sous-controle\/de\/wp-json\/wp\/v2\/pages\/377"}],"wp:featuredmedia":[{"embeddable":true,"href":"https:\/\/wp.unil.ch\/medicaments-sous-controle\/de\/wp-json\/wp\/v2\/media\/955"}],"wp:attachment":[{"href":"https:\/\/wp.unil.ch\/medicaments-sous-controle\/de\/wp-json\/wp\/v2\/media?parent=944"}],"curies":[{"name":"wp","href":"https:\/\/api.w.org\/{rel}","templated":true}]}}