{"id":488,"date":"2020-10-22T17:49:33","date_gmt":"2020-10-22T15:49:33","guid":{"rendered":"http:\/\/wp.unil.ch\/medicaments-sous-controle\/?page_id=488"},"modified":"2023-01-24T21:49:08","modified_gmt":"2023-01-24T20:49:08","slug":"documente","status":"publish","type":"page","link":"https:\/\/wp.unil.ch\/medicaments-sous-controle\/de\/publikationen\/documente\/","title":{"rendered":"Glossar und Frageb\u00f6gen"},"content":{"rendered":"\n<h2 class=\"wp-block-heading\">Glossar<\/h2>\n\n\n\n<div data-wp-interactive=\"core\/file\" class=\"wp-block-file\"><object data-wp-bind--hidden=\"!state.hasPdfPreview\" hidden class=\"wp-block-file__embed\" data=\"https:\/\/wp.unil.ch\/medicaments-sous-controle\/files\/2022\/02\/glossaire_DE.pdf\" type=\"application\/pdf\" style=\"width:100%;height:600px\" aria-label=\"Einbettung von glossaire_DE.\"><\/object><a id=\"wp-block-file--media-625d662b-078b-437a-9929-87cc8d0f14b5\" href=\"https:\/\/wp.unil.ch\/medicaments-sous-controle\/files\/2022\/02\/glossaire_DE.pdf\">glossaire_DE<\/a><a href=\"https:\/\/wp.unil.ch\/medicaments-sous-controle\/files\/2022\/02\/glossaire_DE.pdf\" class=\"wp-block-file__button wp-element-button\" download aria-describedby=\"wp-block-file--media-625d662b-078b-437a-9929-87cc8d0f14b5\">herunterladen<\/a><\/div>\n\n\n\n<h2 class=\"wp-block-heading\">Frageb\u00f6gen<\/h2>\n\n\n\n<p>Ein Aspekt des Forschungsprojekts ist die Analyse der kantonalen Gesetzgebung zur kontrollierten Substanzen. In diesem Zusammenhang f\u00fchren wir semi-strukturierte Interviews mit Kantons\u00e4rzten und Kantonsapothekern&nbsp;durch. <\/p>\n\n\n\n<p>Wir planen ebenfalls eine Umfrage bei \u00c4rzten und Apothekern.  <\/p>\n\n\n\n<p>Die Frageb\u00f6gen f\u00fcr die Deutschschweiz werden demn\u00e4chst hochgeladen.<\/p>\n\n\n\n<div class=\"wp-block-group\"><div class=\"wp-block-group__inner-container is-layout-flow wp-block-group-is-layout-flow\">\n<h2 class=\"wp-block-heading\"><\/h2>\n\n\n\n<p><\/p>\n<\/div><\/div>\n\n\n\n<p><\/p>\n","protected":false},"excerpt":{"rendered":"<p>Glossar Frageb\u00f6gen Ein Aspekt des Forschungsprojekts ist die Analyse der kantonalen Gesetzgebung zur kontrollierten Substanzen. In diesem Zusammenhang f\u00fchren wir semi-strukturierte Interviews mit Kantons\u00e4rzten und Kantonsapothekern&nbsp;durch. Wir planen ebenfalls eine Umfrage bei \u00c4rzten und Apothekern. Die Frageb\u00f6gen f\u00fcr die Deutschschweiz werden demn\u00e4chst hochgeladen.<\/p>\n","protected":false},"author":1002117,"featured_media":529,"parent":377,"menu_order":1,"comment_status":"closed","ping_status":"closed","template":"templates\/template-cover.php","meta":{"_seopress_robots_primary_cat":"","_seopress_titles_title":"","_seopress_titles_desc":"","_seopress_robots_index":"","footnotes":""},"class_list":["post-488","page","type-page","status-publish","has-post-thumbnail"],"_links":{"self":[{"href":"https:\/\/wp.unil.ch\/medicaments-sous-controle\/de\/wp-json\/wp\/v2\/pages\/488","targetHints":{"allow":["GET"]}}],"collection":[{"href":"https:\/\/wp.unil.ch\/medicaments-sous-controle\/de\/wp-json\/wp\/v2\/pages"}],"about":[{"href":"https:\/\/wp.unil.ch\/medicaments-sous-controle\/de\/wp-json\/wp\/v2\/types\/page"}],"author":[{"embeddable":true,"href":"https:\/\/wp.unil.ch\/medicaments-sous-controle\/de\/wp-json\/wp\/v2\/users\/1002117"}],"replies":[{"embeddable":true,"href":"https:\/\/wp.unil.ch\/medicaments-sous-controle\/de\/wp-json\/wp\/v2\/comments?post=488"}],"version-history":[{"count":0,"href":"https:\/\/wp.unil.ch\/medicaments-sous-controle\/de\/wp-json\/wp\/v2\/pages\/488\/revisions"}],"up":[{"embeddable":true,"href":"https:\/\/wp.unil.ch\/medicaments-sous-controle\/de\/wp-json\/wp\/v2\/pages\/377"}],"wp:featuredmedia":[{"embeddable":true,"href":"https:\/\/wp.unil.ch\/medicaments-sous-controle\/de\/wp-json\/wp\/v2\/media\/529"}],"wp:attachment":[{"href":"https:\/\/wp.unil.ch\/medicaments-sous-controle\/de\/wp-json\/wp\/v2\/media?parent=488"}],"curies":[{"name":"wp","href":"https:\/\/api.w.org\/{rel}","templated":true}]}}