{"id":482,"date":"2020-10-22T17:46:04","date_gmt":"2020-10-22T15:46:04","guid":{"rendered":"http:\/\/wp.unil.ch\/medicaments-sous-controle\/?page_id=482"},"modified":"2023-05-15T14:43:14","modified_gmt":"2023-05-15T12:43:14","slug":"forschungsgruppe","status":"publish","type":"page","link":"https:\/\/wp.unil.ch\/medicaments-sous-controle\/de\/forschungsgruppe\/","title":{"rendered":"Forschungsgruppe"},"content":{"rendered":"\n<p><strong><a rel=\"noreferrer noopener\" href=\"https:\/\/applicationspub.unil.ch\/interpub\/noauth\/php\/Un\/UnPers.php?PerNum=1072112&amp;LanCode=37&amp;menu=coord\" target=\"_blank\">Val\u00e9rie Junod<\/a><\/strong> &#8211; Au\u00dferordentliche Professorin an der Universit\u00e4t Lausanne, Wirtschaftswissenschaftliche Fakult\u00e4t (HEC), Abteilung f\u00fcr Wirtschaftsrecht und Steuern; Au\u00dferordentliche Professorin an der Universit\u00e4t Genf, Rechtswissenschaftliche Fakult\u00e4t, Abteilung Handelsrecht<\/p>\n\n\n\n<p><strong><a rel=\"noreferrer noopener\" href=\"https:\/\/www.unige.ch\/medecine\/mecom\/fr\/institut-medecine-premier-recours\/129broers\/#publications\" target=\"_blank\">Barbara Broers<\/a><\/strong> &#8211; Professorin an der Medizinischen Fakult\u00e4t der Universit\u00e4t Genf, Abteilung f\u00fcr Gemeinde-, Erste Hilfe- und Notfallmedizin; Leiterin der Abh\u00e4ngigkeitsabteilung des Erste-Hilfe-Medizinischen Dienstes der Universit\u00e4tsspit\u00e4ler Genf (HUG)<\/p>\n\n\n\n<p><a rel=\"noreferrer noopener\" href=\"https:\/\/applicationspub.unil.ch\/interpub\/noauth\/php\/Un\/UnPers.php?PerNum=1017872&amp;LanCode=37&amp;menu=coord\" target=\"_blank\"><strong>Olivier Simon<\/strong><\/a> &#8211; Dozent und leitender Arzt, Fakult\u00e4t f\u00fcr Biologie und Medizin der Universit\u00e4t Lausanne; Arzt an der Abteilung f\u00fcr Suchtmedizin der Psychiatrischen Abteilung des Universit\u00e4tsspitals Waadt (CHUV)<\/p>\n\n\n\n<p><a rel=\"noreferrer noopener\" href=\"https:\/\/www.unige.ch\/medecine\/migrg\/fr\/groupes-de-recherche\/709pautex\/membres\/pautex\/\" target=\"_blank\"><strong>Sophie Pautex<\/strong><\/a> &#8211; Professorin an der Medizinischen Fakult\u00e4t der Universit\u00e4t Genf, Abteilung f\u00fcr Rehabilitation und Geriatrie; Leiterin der Abteilung f\u00fcr Palliativmedizin des Universit\u00e4tsspitals Genf (HUG)<\/p>\n\n\n\n<p>Jean-Baptiste Armengaud, Leitender Arzt, Abteilung f\u00fcr Frauen, M\u00fctter und Kinder, P\u00e4diatrie, Universit\u00e4tsspital Waadt (CHUV)<\/p>\n\n\n\n<p><strong><a rel=\"noreferrer noopener\" href=\"https:\/\/applicationspub.unil.ch\/interpub\/noauth\/php\/Un\/UnPers.php?PerNum=1221439&amp;LanCode=37\" target=\"_blank\">Carole-Anne Baud<\/a><\/strong> &#8211; Dr. iur., Seniorforscherin an der Universit\u00e4t Lausanne, Wirtschaftswissenschaftliche Fakult\u00e4t (HEC), Abteilung f\u00fcr Wirtschaftsrecht und Steuern <\/p>\n\n\n\n<p><strong><a href=\"https:\/\/orcid.org\/0000-0001-5900-4514\">Caroline Schmitt-Koopmann<\/a> <\/strong>&#8211; Doktorandin an der Fakult\u00e4t f\u00fcr Biologie und Medizin der Universit\u00e4t Lausanne, Abteilung f\u00fcr Psychiatrie des Universit\u00e4tsspitals Waadt (CHUV)<\/p>\n\n\n\n<p><a href=\"https:\/\/applicationspub.unil.ch\/interpub\/noauth\/php\/Un\/UnPers.php?PerNum=1249636&amp;LanCode=37\"><strong>St\u00e9phanie Beuriot<\/strong><\/a> \u2013 MLaw Juniorforscherin an der Universit\u00e4t Lausanne, Wirtschaftswissenschaftliche Fakult\u00e4t (HEC), Abteilung f\u00fcr Wirtschaftsrecht und Steuern <\/p>\n\n\n\n<p><strong>Victor Leroy <\/strong>\u2013 Doktorand an der Fakult\u00e4t f\u00fcr Biologie und Medizin der Universit\u00e4t Lausanne<\/p>\n\n\n\n<p><strong><a href=\"https:\/\/applicationspub.unil.ch\/interpub\/noauth\/php\/Un\/UnPers.php?PerNum=1254313&amp;LanCode=37\">Elodie Wehrli<\/a> <\/strong> \u2013 MLaw, Juniorforscherin an der Universit\u00e4t Lausanne, Wirtschaftswissenschaftliche Fakult\u00e4t (HEC), Abteilung f\u00fcr Wirtschaftsrecht und Steuern <\/p>\n\n\n\n<p><strong><a href=\"https:\/\/www.unige.ch\/medecine\/isg\/en\/staff\/jennifer-hasselgard-rowe\/\">Jennifer Hasselgard-Rowe<\/a><\/strong><a href=\"https:\/\/www.unige.ch\/medecine\/isg\/en\/staff\/jennifer-hasselgard-rowe\/\"> <\/a>&#8211; PhD Population Health and Law, wissenschaftliche Mitarbeiterin II an der Universit\u00e4t Genf, Medizinische Fakult\u00e4t, Institut f\u00fcr Globale Gesundheit<\/p>\n","protected":false},"excerpt":{"rendered":"<p>Val\u00e9rie Junod &#8211; Au\u00dferordentliche Professorin an der Universit\u00e4t Lausanne, Wirtschaftswissenschaftliche Fakult\u00e4t (HEC), Abteilung f\u00fcr Wirtschaftsrecht und Steuern; Au\u00dferordentliche Professorin an der Universit\u00e4t Genf, Rechtswissenschaftliche Fakult\u00e4t, Abteilung Handelsrecht Barbara Broers &#8211; Professorin an der Medizinischen Fakult\u00e4t der Universit\u00e4t Genf, Abteilung f\u00fcr Gemeinde-, Erste Hilfe- und Notfallmedizin; Leiterin der Abh\u00e4ngigkeitsabteilung des Erste-Hilfe-Medizinischen Dienstes der Universit\u00e4tsspit\u00e4ler Genf (HUG) [&hellip;]<\/p>\n","protected":false},"author":1002117,"featured_media":387,"parent":0,"menu_order":0,"comment_status":"closed","ping_status":"closed","template":"templates\/template-cover.php","meta":{"_seopress_robots_primary_cat":"","_seopress_titles_title":"","_seopress_titles_desc":"","_seopress_robots_index":"","footnotes":""},"class_list":["post-482","page","type-page","status-publish","has-post-thumbnail"],"_links":{"self":[{"href":"https:\/\/wp.unil.ch\/medicaments-sous-controle\/de\/wp-json\/wp\/v2\/pages\/482","targetHints":{"allow":["GET"]}}],"collection":[{"href":"https:\/\/wp.unil.ch\/medicaments-sous-controle\/de\/wp-json\/wp\/v2\/pages"}],"about":[{"href":"https:\/\/wp.unil.ch\/medicaments-sous-controle\/de\/wp-json\/wp\/v2\/types\/page"}],"author":[{"embeddable":true,"href":"https:\/\/wp.unil.ch\/medicaments-sous-controle\/de\/wp-json\/wp\/v2\/users\/1002117"}],"replies":[{"embeddable":true,"href":"https:\/\/wp.unil.ch\/medicaments-sous-controle\/de\/wp-json\/wp\/v2\/comments?post=482"}],"version-history":[{"count":0,"href":"https:\/\/wp.unil.ch\/medicaments-sous-controle\/de\/wp-json\/wp\/v2\/pages\/482\/revisions"}],"wp:featuredmedia":[{"embeddable":true,"href":"https:\/\/wp.unil.ch\/medicaments-sous-controle\/de\/wp-json\/wp\/v2\/media\/387"}],"wp:attachment":[{"href":"https:\/\/wp.unil.ch\/medicaments-sous-controle\/de\/wp-json\/wp\/v2\/media?parent=482"}],"curies":[{"name":"wp","href":"https:\/\/api.w.org\/{rel}","templated":true}]}}