{"id":472,"date":"2020-10-22T17:43:11","date_gmt":"2020-10-22T15:43:11","guid":{"rendered":"http:\/\/wp.unil.ch\/medicaments-sous-controle\/?page_id=472"},"modified":"2025-05-01T15:50:17","modified_gmt":"2025-05-01T13:50:17","slug":"publikationen-2","status":"publish","type":"page","link":"https:\/\/wp.unil.ch\/medicaments-sous-controle\/de\/publikationen\/publikationen-2\/","title":{"rendered":"Publikationen"},"content":{"rendered":"\n<ul class=\"wp-block-list\">\n<li>SNSF Research Group \u201cMedicines under control\u201d, C<a href=\"https:\/\/smw.ch\/index.php\/smw\/article\/view\/4094\/6214\">ould the North American opioid crisis hit Switzerand<\/a>, Swiss Medical Weekly, 2025\/155, p. 4094<\/li>\n\n\n\n<li>JUNOD Val\u00e9rie\/BAUD Carole-Anne\/SIMON Olivier, Quand un soignant peut-il ou doit-il signaler ? Papillonnons ensemble \u00e0 travers le CC, la LStup et le CP, in Rashid Bahar\/Yvan Jeanneret (\u00e9d.), <a href=\"https:\/\/www.schulthess.com\/buchshop\/detail\/ISBN-9783725589968\/Bahar-Rashid-Hrsg.-Jeanneret-Yvan-Hrsg.\/Leffet-papillon?srsltid=AfmBOoqIwuy7qSqfeG_eImaWxMzAuVbuqf-HGku2LP_NVWyyYY5kKTy7\">L&#8217;effet papillon &#8211; M\u00e9langes en l&#8217;honneur de Nicolas Jeandin<\/a>, Gen\u00e8ve\/Zurich 2025<\/li>\n\n\n\n<li>BAUD Carole-Anne\/JUNOD Val\u00e9rie\/ROUGEMONT-BUCKING Ansgar\/DUFFOUR Catherine, <a href=\"https:\/\/lsr.recht.ch\/de\/artikel\/01lsr0125auf\/un-medecin-peut-il-sauto-prescrire\">Un m\u00e9decin peut-il s&#8217;autoprescrire<\/a>, Life Science Recht 1\/2025<\/li>\n\n\n\n<li>JUNOD Val\u00e9rie\/BEURIOT St\u00e9phanie\/BAUD Carole-Anne\/S CHMITT-KOOPMANN Caroline\/ANDRADE Sara\/SIMON Olivier, Contrats th\u00e9rapeutiques &#8211; Une pratique probl\u00e9matique, in Thomas G\u00e4chter\/Gunhild Godenzi\/Julian Mausbach\/Margot Michel\/Sina Staudinger-F\u00fcrer (\u00e9d.), Entwicklungen im Medizinrecht \u2013 Vom klassischen Arztrecht<br>zu One Health- Festschrift f\u00fcr Brigitte Tag, Berne 2024, p. 243-266<\/li>\n\n\n\n<li>WEHRLI Elodie\/JUNOD Val\u00e9rie\/BAUD Carole-Anne, Le Drug checking en Suisse : L\u2019autorisation administrative &amp; l\u2019illic\u00e9it\u00e9 p\u00e9nale, Jusletter 1. Juli 2024 <a href=\"https:\/\/jusletter.weblaw.ch\/fr\/juslissues\/2024\/1203\/le-drug-checking-en-_8c56fa1d7b.html\">https:\/\/jusletter.weblaw.ch\/fr\/juslissues\/2024\/1203\/le-drug-checking-en-_8c56fa1d7b.html<\/a><\/li>\n<\/ul>\n\n\n\n<ul class=\"wp-block-list\">\n<li>WEHRLI Elodie\/BAUD Carole-Anne\/JUNOD Val\u00e9rie, Le Drug checking en Suisse : Aper\u00e7u des pratiques cantonales, Jusletter 1. Juli 2024 <a href=\"https:\/\/jusletter.weblaw.ch\/fr\/juslissues\/2024\/1203\/le-drug-checking-en-_285e9b8c99.html\">https:\/\/jusletter.weblaw.ch\/fr\/juslissues\/2024\/1203\/le-drug-checking-en-_285e9b8c99.html<\/a><\/li>\n<\/ul>\n\n\n\n<ul class=\"wp-block-list\">\n<li>BEURIOT St\u00e9phanie\/JUNOD Val\u00e9rie\/BAUD Carole-Anne, Suicide assist\u00e9 : Le Code p\u00e9nal suffit-il ?, Jusletter 27 mai 2024 <a href=\"https:\/\/jusletter.weblaw.ch\/fr\/juslissues\/2024\/1198\/suicide-assiste---le_1128bec964.html__ONCE&amp;login=false\">https:\/\/jusletter.weblaw.ch\/fr\/juslissues\/2024\/1198\/suicide-assiste&#8212;le_1128bec964.html__ONCE&amp;login=false<\/a><\/li>\n<\/ul>\n\n\n\n<ul class=\"wp-block-list\">\n<li>SCHMITT-KOOPMANN Caroline, BAUD Carole-Anne, BEURIOT St\u00e9phanie, JUNOD Val\u00e9rie, BROERS Barbara, SIMON Olivier, Cantonal opioid agonist treatment authorisation systems \u2013 a mixed-method qualitative investigation, Swiss Medical Weekly, 154(6), 3629 <a href=\"https:\/\/smw.ch\/index.php\/smw\/article\/view\/3629\">https:\/\/smw.ch\/index.php\/smw\/article\/view\/3629<\/a><\/li>\n<\/ul>\n\n\n\n<ul class=\"wp-block-list\">\n<li>BAUD Carole-Anne\/JUNOD Val\u00e9rie\/BROERS Barbara\/ARMENGAUD Jean-Baptiste\/KAYSER Bengt, Mesures anti-dopage: inadapt\u00e9es pour les sportifs mineurs?, Causa Sport 3\/2023, p. 9-39<\/li>\n<\/ul>\n\n\n\n<ul class=\"wp-block-list\">\n<li>SCHMITT-KOOPMANN Caroline\/BAUD Carole-Anne\/JUNOD Val\u00e9rie\/SIMON Olivier, Loi sur les stup\u00e9fiants &#8211; grande diversit\u00e9 cantonale dans la mise en oeuvre, PharmaJournal 5\/2023<\/li>\n<\/ul>\n\n\n\n<div data-wp-interactive=\"core\/file\" class=\"wp-block-file\"><object data-wp-bind--hidden=\"!state.hasPdfPreview\" hidden class=\"wp-block-file__embed\" data=\"https:\/\/wp.unil.ch\/medicaments-sous-controle\/files\/2023\/06\/pJ_5-2023_d_BetmG_Kantonale-Vielfalt-in-der-Umsetzung.pdf\" type=\"application\/pdf\" style=\"width:100%;height:600px\" aria-label=\"Einbettung von pJ_5-2023_d_BetmG_Kantonale-Vielfalt-in-der-Umsetzung.\"><\/object><a id=\"wp-block-file--media-6a6b49d6-04de-4986-9deb-9a4ab6232f71\" href=\"https:\/\/wp.unil.ch\/medicaments-sous-controle\/files\/2023\/06\/pJ_5-2023_d_BetmG_Kantonale-Vielfalt-in-der-Umsetzung.pdf\">pJ_5-2023_d_BetmG_Kantonale-Vielfalt-in-der-Umsetzung<\/a><a href=\"https:\/\/wp.unil.ch\/medicaments-sous-controle\/files\/2023\/06\/pJ_5-2023_d_BetmG_Kantonale-Vielfalt-in-der-Umsetzung.pdf\" class=\"wp-block-file__button wp-element-button\" download aria-describedby=\"wp-block-file--media-6a6b49d6-04de-4986-9deb-9a4ab6232f71\">T\u00e9l\u00e9charger<\/a><\/div>\n\n\n\n<ul class=\"wp-block-list\">\n<li>ARMENGAUD Jean-Baptiste\/BAUD Carole-Anne\/BROERS Barbara\/Guillod Line\/HASSELGARD-ROWE Jennifer\/JUNOD Val\u00e9rie\/PERRIN David\/SIMON Olivier, Drogues : mineur-e-s et r\u00e9duction des risques ?, <em>Revue M\u00e9dicale Suisse<\/em> 2023, 9, no. 830, 1127\u20131131. <a href=\"https:\/\/doi.org\/10.53738\/REVMED.2023.19.830.1127\">https:\/\/doi.org\/10.53738\/REVMED.2023.19.830.1127<\/a><\/li>\n<\/ul>\n\n\n\n<ul class=\"wp-block-list\">\n<li>BAUD Carole-Anne\/BROERS Barbara\/JUNOD Val\u00e9rie\/MICHAUD Laurent\/PAUTEX Sophie\/SIMON Olivier, Suicide assist\u00e9 : un besoin de clarification, <em>Revue M\u00e9dicale Suisse<\/em> 2023, 9, no. 830, 1141\u20131145. <a href=\"https:\/\/doi.org\/10.53738\/REVMED.2023.19.830.1141\">https:\/\/doi.org\/10.53738\/REVMED.2023.19.830.1141<\/a><\/li>\n<\/ul>\n\n\n\n<ul class=\"wp-block-list\">\n<li>JUNOD Val\u00e9rie, Assistance au suicide et prescription de pentobarbital : 2e round, <em>Revue M\u00e9dicale Suisse<\/em> 2023, 9, no. 830, 1146\u20131147. <a href=\"https:\/\/doi.org\/10.53738\/REVMED.2023.19.830.1146\">https:\/\/doi.org\/10.53738\/REVMED.2023.19.830.1146<\/a><\/li>\n<\/ul>\n\n\n\n<ul class=\"wp-block-list\">\n<li>BAUD Carole-Anne\/JUNOD Val\u00e9rie\/BEURIOT St\u00e9phanie\/SCHMITT-KOOPMANN Caroline\/ANDRADE Sara\/SIMON Olivier, Contrats th\u00e9rapeutiques et traitements agonistes opio\u00efdes : juridiquement et \u00e9thiquement discutables, <em>Rev Med Suisse<\/em> 2023, 9, no. 830, 1132\u20131135. <a href=\"https:\/\/doi.org\/10.53738\/REVMED.2023.19.830.1132\">https:\/\/doi.org\/10.53738\/REVMED.2023.19.830.1132<\/a><\/li>\n<\/ul>\n\n\n\n<ul class=\"wp-block-list\">\n<li>ARN Aline\/SCHMITT-KOOPMANN Caroline\/ANEX Adrien\/SIMON Olivier, Benzodiaz\u00e9pines et \u00e2ge avanc\u00e9 : d\u00e9fis de la prescription et de la d\u00e9prescription, <em>Revue M\u00e9dicale Suisse<\/em> 2023, 9, no. 830, 1136\u20131140. <a href=\"https:\/\/doi.org\/10.53738\/REVMED.2023.19.830.1136\">https:\/\/doi.org\/10.53738\/REVMED.2023.19.830.1136<\/a><\/li>\n<\/ul>\n\n\n\n<ul class=\"wp-block-list\">\n<li>JUNOD Val\u00e9rie\/BAUD Carole-Anne Baud\/SCHMITT-KOOPMANN Caroline\/DEVAUD Jean-Christophe\/BONNARD Margaux\/PAUTEX Sophie\/BROERS Barbara\/SIMON Olivier, <a rel=\"noreferrer noopener\" href=\"https:\/\/smw.ch\/index.php\/smw\/announcement\/view\/60\" target=\"_blank\">Why are we still using counterfoil prescription pads?<\/a>, Swiss Medical Weekly 11.03.2023<\/li>\n<\/ul>\n\n\n\n<ul class=\"wp-block-list\">\n<li>BAUD Carole-Anne\/JUNOD Val\u00e9rie\/SCHMITT-KOOPMANN Caroline\/SIMON Olivier, <a rel=\"noreferrer noopener\" href=\"https:\/\/jusletter.weblaw.ch\/fr\/juslissues\/2023\/1140\/role-des-cantons-en-_6d593f126e.html#toc\" target=\"_blank\">R\u00f4le des cantons en mati\u00e8re de traitements de la d\u00e9pendance,<\/a> in: Jusletter 30 janvier 2023<\/li>\n<\/ul>\n\n\n\n<ul class=\"wp-block-list\">\n<li>JUNOD Val\u00e9rie\/BAUD Carole-Anne\/BROERS Barbara\/SCHMITT-KOOPMANN Caroline\/BAMERT Laura\/SIMON Olivier, <a href=\"https:\/\/www.revmed.ch\/revue-medicale-suisse\/2022\/revue-medicale-suisse-787\/conduite-sous-l-emprise-de\">Conduite sous l\u2019emprise de\u2026<\/a><em>in<\/em> Revue M\u00e9dicale Suisse, 787, 22 juin 2022, p. 1244-1247.<\/li>\n<\/ul>\n\n\n\n<ul class=\"wp-block-list\">\n<li>BAUD Carole-Anne\/JUNOD Val\u00e9rie\/BROERS Barbara\/SCHMITT-KOOPMANN Caroline\/SIMON Olivier, <a rel=\"noreferrer noopener\" href=\"https:\/\/lsr.recht.ch\/fr\/artikel\/01lsr0222auf\/deux-arrets-du-tribunal-federal-sur-la-prescription-label-de-stupefiants-et\" target=\"_blank\">Deux arr\u00eats du Tribunal f\u00e9d\u00e9ral sur la prescription \u00ab off-label \u00bb de stup\u00e9fiants et psychotropes,<\/a> <em>in<\/em> Life Science Recht 2022\/2, p. 69<\/li>\n<\/ul>\n\n\n\n<ul class=\"wp-block-list\">\n<li>SCHMITT-KOOPMANN Caroline\/BAUD Carole-Anne\/JUNOD Val\u00e9rie\/SIMON Olivier, <a rel=\"noreferrer noopener\" href=\"https:\/\/www.frontiersin.org\/article\/10.3389\/fpsyt.2022.882299\" target=\"_blank\">Switzerland\u2019s Dependence on a Diamorphine Monopoly<\/a>, <em>in<\/em> Frontiers in Psychiatry 2022, 13, 882299 https:\/\/doi.org\/10.3389\/fpsyt.2022.882299<\/li>\n<\/ul>\n\n\n\n<ul class=\"wp-block-list\">\n<li>JUNOD Val\u00e9rie\/BAUD Carole-Anne\/SIMON Olivier\/ARMENGAUD Jean-Baptiste, <a rel=\"noreferrer noopener\" href=\"https:\/\/www.paediatrieschweiz.ch\/fr\/mon-enfant-fume-t-il-du-cannabis\/\" target=\"_blank\">Mon enfant fume-t-il du cannabis&nbsp;? Du m\u00e9susage des tests urinaires,<\/a> Paediatrica 10.03.2022<\/li>\n<\/ul>\n\n\n\n<ul class=\"wp-block-list\">\n<li>JUNOD Val\u00e9rie\/BAUD Carole-Anne\/BROERS Barbara\/SCHMITT-KOOPMANN Caroline\/SIMON Olivier, <a rel=\"noreferrer noopener\" href=\"https:\/\/bullmed.ch\/article\/doi\/bms.2022.20422\" target=\"_blank\">Traitement de la d\u00e9pendance aux opio\u00efdes: tests urinaires l\u00e9gitimes? Prise de position destin\u00e9e aux professionnels de la sant\u00e9,<\/a> <em>in<\/em> Bulletin des m\u00e9decins suisses 2022, 103(10), p. 324-327.<\/li>\n<\/ul>\n\n\n\n<ul class=\"wp-block-list\">\n<li>SCHMITT-KOOPMANN Caroline\/BAUD Carole-Anne\/JUNOD Val\u00e9rie\/SIMON Olivier,<a href=\"https:\/\/www.mdpi.com\/1660-4601\/18\/24\/13164\"> Switzerland\u2019s Narcotics Regulation Jungle: Off-Label Use, Counterfoil Prescriptions, and Opioid Agonist Therapy in the French-Speaking Cantons, <\/a><em>in<\/em> International Journal of Environmental Research and Public Health 2021, 18, 13164. https:\/\/doi.org\/10.3390\/ijerph182413164 <\/li>\n<\/ul>\n\n\n\n<ul class=\"wp-block-list\">\n<li>JUNOD Val\u00e9rie\/ BAUD Carole-Anne\/BROERS Barbara\/SCHMITT-KOOPMANN Caroline\/SIMON Olivier, <a href=\"https:\/\/sui-generis.ch\/article\/view\/sg.197\">Tests urinaires dans le traitement m\u00e9dical de la d\u00e9pendance aux opio\u00efdes : Fin d\u2019une pratique anachronique ?<\/a>, <em>in<\/em> sui generis 2021<\/li>\n<\/ul>\n\n\n\n<ul class=\"wp-block-list\">\n<li>JUNOD Val\u00e9rie\/ BAUD Carole-Anne\/BROERS Barbara\/PAUTEX Sophie\/SCHMITT-KOOPMANN Caroline\/ DEVAUD Jean-Christophe\/SIMON Olivier, <a rel=\"noreferrer noopener\" href=\"https:\/\/lsr.recht.ch\/fr\/artikel\/04lsr0421auf\/ruptures-dapprovisionnement-de-medicaments-sous-controle\" target=\"_blank\">Ruptures d\u2019Approvisionnement de M\u00e9dicaments sous Contr\u00f4le \u2013 Peut mieux faire?<\/a>, <em>in<\/em> Life Science Recht 4\/2021, p. 225\u2013243<\/li>\n<\/ul>\n\n\n\n<ul class=\"wp-block-list\">\n<li>JUNOD Val\u00e9rie\/BAUD Carole-Anne\/SIMON Olivier\/BROERS Barbara\/VANDENBERGHE Frederik\/SIMON Olivier, <a rel=\"noreferrer noopener\" href=\"https:\/\/www.revmed.ch\/revue-medicale-suisse\/2021\/revue-medicale-suisse-742\/benzodiazepines-addiction-et-autorisation-cantonale-cadre-juridique-et-implications-cliniques\" target=\"_blank\">Benzodiaz\u00e9pines, addiction et autorisation cantonale : cadre juridique et implications cliniques<\/a>, <em>in<\/em> Revue M\u00e9dicale Suisse 742, 9 juin 2021<\/li>\n<\/ul>\n\n\n\n<ul class=\"wp-block-list\">\n<li>JUNOD Val\u00e9rie\/SIMON Olivier\/BROERS Barbara\/SCHOLTEN Willem\/BAUD Carole-Anne, <a rel=\"noreferrer noopener\" href=\"https:\/\/jusletter.weblaw.ch\/fr\/juslissues\/2021\/1053\/stupefiants--definit_892a431db8.html\" data-type=\"URL\" data-id=\"https:\/\/jusletter.weblaw.ch\/fr\/juslissues\/2021\/1053\/stupefiants--definit_892a431db8.html\" target=\"_blank\">Stup\u00e9fiants : D\u00e9finition et Classification<\/a>&#8211; Le Labyrinthe de la LStup a-t-il une issue?, <em>in<\/em> Jusletter 1er f\u00e9vrier 2021 <\/li>\n<\/ul>\n\n\n\n<div class=\"wp-block-file\"><a id=\"wp-block-file--media-23f17820-2d86-47ea-aa50-3dfb38aa59ac\" href=\"https:\/\/wp.unil.ch\/medicaments-sous-controle\/files\/2021\/03\/Jusletter_stupefiants-definit_892a431db8_de.pdf\">Stup\u00e9fiants: D\u00e9finition et Classification<\/a><a href=\"https:\/\/wp.unil.ch\/medicaments-sous-controle\/files\/2021\/03\/Jusletter_stupefiants-definit_892a431db8_de.pdf\" class=\"wp-block-file__button wp-element-button\" download aria-describedby=\"wp-block-file--media-23f17820-2d86-47ea-aa50-3dfb38aa59ac\">T\u00e9l\u00e9charger<\/a><\/div>\n\n\n\n<ul class=\"wp-block-list\">\n<li>JUNOD Val\u00e9rie\/SIMON Olivier, <a href=\"https:\/\/archive-ouverte.unige.ch\/unige:131253\">Abdyusheva and Others v. Russia: a Sadly Missed Opportunity<\/a>, <em>in <\/em>Strasbourg Observers 8 janvier\/2020.<\/li>\n<\/ul>\n\n\n\n<ul class=\"wp-block-list\">\n<li>JUNOD Val\u00e9rie, <a href=\"https:\/\/archive-ouverte.unige.ch\/unige:131251\">Cannabis utilis\u00e9 \u00e0 des fins non-m\u00e9dicales: Feu vert pour des essais pilotes cibl\u00e9s?<\/a>, <em>in <\/em>sui generis 2018.<\/li>\n<\/ul>\n\n\n\n<ul class=\"wp-block-list\">\n<li>JUNOD Val\u00e9rie\/WOLFF Hans\/SCHOLTEN Willem\/NOVET Baptiste\/GREIFINGER Robert\/DICKSON Cheryl\/SIMON Olivier, <a href=\"https:\/\/archive-ouverte.unige.ch\/unige:134031\">Methadone versus torture: The perspective of the European Court of Human Rights<\/a>, <em>in <\/em>Heroin Addiction and Related Clinical Problems 1\/2018, p. 31-36.<\/li>\n<\/ul>\n\n\n\n<ul class=\"wp-block-list\">\n<li>JUNOD Val\u00e9rie, <a href=\"https:\/\/archive-ouverte.unige.ch\/unige:131251\">Cannabis utilis\u00e9 \u00e0 des fins non-m\u00e9dicales: Feu vert pour des essais pilotes cibl\u00e9s?<\/a>, <em>in <\/em>sui generis 2018.<\/li>\n<\/ul>\n\n\n\n<ul class=\"wp-block-list\">\n<li>JUNOD Val\u00e9rie\/WOLFF Hans\/SCHOLTEN Willem\/NOVET Baptiste\/GREIFINGER Robert\/DICKSON Cheryl\/SIMON Olivier, <a href=\"https:\/\/archive-ouverte.unige.ch\/unige:134031\">Methadone versus torture: The perspective of the European Court of Human Rights<\/a>, <em>in <\/em>Heroin Addiction and Related Clinical Problems 1\/2018, p. 31-36.<\/li>\n<\/ul>\n\n\n\n<ul class=\"wp-block-list\">\n<li>SIMON Olivier\/STAMM Ren\u00e9\/H\u00c4MMIG Robert\/SCHOLTEN Willem\/AEBERHARD Rodolphe\/DICKSON Cheryl\/JUNOD Val\u00e9rie, <a href=\"https:\/\/archive-ouverte.unige.ch\/unige:131250\">Moderniser les conditions-cadres des traitements m\u00e9dicamenteux du syndrome de d\u00e9pendance aux opio\u00efdes<\/a>, <em>in <\/em>Revue m\u00e9dicale suisse 610\/2018, p. 1169-1175.<\/li>\n<\/ul>\n\n\n\n<h2 class=\"wp-block-heading\"><\/h2>\n","protected":false},"excerpt":{"rendered":"","protected":false},"author":1002117,"featured_media":386,"parent":377,"menu_order":0,"comment_status":"closed","ping_status":"closed","template":"templates\/template-cover.php","meta":{"_seopress_robots_primary_cat":"","_seopress_titles_title":"","_seopress_titles_desc":"","_seopress_robots_index":"","footnotes":""},"class_list":["post-472","page","type-page","status-publish","has-post-thumbnail"],"_links":{"self":[{"href":"https:\/\/wp.unil.ch\/medicaments-sous-controle\/de\/wp-json\/wp\/v2\/pages\/472","targetHints":{"allow":["GET"]}}],"collection":[{"href":"https:\/\/wp.unil.ch\/medicaments-sous-controle\/de\/wp-json\/wp\/v2\/pages"}],"about":[{"href":"https:\/\/wp.unil.ch\/medicaments-sous-controle\/de\/wp-json\/wp\/v2\/types\/page"}],"author":[{"embeddable":true,"href":"https:\/\/wp.unil.ch\/medicaments-sous-controle\/de\/wp-json\/wp\/v2\/users\/1002117"}],"replies":[{"embeddable":true,"href":"https:\/\/wp.unil.ch\/medicaments-sous-controle\/de\/wp-json\/wp\/v2\/comments?post=472"}],"version-history":[{"count":5,"href":"https:\/\/wp.unil.ch\/medicaments-sous-controle\/de\/wp-json\/wp\/v2\/pages\/472\/revisions"}],"predecessor-version":[{"id":1251,"href":"https:\/\/wp.unil.ch\/medicaments-sous-controle\/de\/wp-json\/wp\/v2\/pages\/472\/revisions\/1251"}],"up":[{"embeddable":true,"href":"https:\/\/wp.unil.ch\/medicaments-sous-controle\/de\/wp-json\/wp\/v2\/pages\/377"}],"wp:featuredmedia":[{"embeddable":true,"href":"https:\/\/wp.unil.ch\/medicaments-sous-controle\/de\/wp-json\/wp\/v2\/media\/386"}],"wp:attachment":[{"href":"https:\/\/wp.unil.ch\/medicaments-sous-controle\/de\/wp-json\/wp\/v2\/media?parent=472"}],"curies":[{"name":"wp","href":"https:\/\/api.w.org\/{rel}","templated":true}]}}