{"id":371,"date":"2020-10-16T17:51:57","date_gmt":"2020-10-16T15:51:57","guid":{"rendered":"http:\/\/wp.unil.ch\/medicaments-sous-controle\/?page_id=371"},"modified":"2020-10-28T16:00:52","modified_gmt":"2020-10-28T15:00:52","slug":"projektbeschreibung","status":"publish","type":"page","link":"https:\/\/wp.unil.ch\/medicaments-sous-controle\/de\/publikationen\/projektbeschreibung\/","title":{"rendered":"Projektbeschreibung"},"content":{"rendered":"\n<p>Das Wort Bet\u00e4ubungsmittel wird sofort mit illegalen Drogen assoziiert. In der Schweiz handelt es sich jedoch bei vielen Bet\u00e4ubungsmitteln um Arzneimittel, die ordnungsgem\u00e4ss getestet und zugelassen wurden.<\/p>\n\n\n\n<p>Die geltenden Vorschriften m\u00fcssen ein Gleichgewicht zwischen zwei gegens\u00e4tzlichen Anforderungen herstellen: den illegalen und gef\u00e4hrlichen Handel zu kontrollieren sowie sicherzustellen, dass die notwendigen Substanzen f\u00fcr Menschen mit Gesundheitsproblemen, verf\u00fcgbar sind. Die &#8222;richtige Balance&#8220; zwischen diesen beiden Zielen zu finden, ist Gegenstand lebhafter Diskussionen und das Ziel unseres Projekts.<\/p>\n\n\n\n<p>Konkret wird dieses Projekt analysieren, wie Produkte, welche sowohl der Definition eines Bet\u00e4ubungsmittels (kontrollierte Substanz) als auch der Definition eines Arzneimittels entsprechen, in der Schweiz reguliert werden.<\/p>\n","protected":false},"excerpt":{"rendered":"<p>Das Wort Bet\u00e4ubungsmittel wird sofort mit illegalen Drogen assoziiert. In der Schweiz handelt es sich jedoch bei vielen Bet\u00e4ubungsmitteln um Arzneimittel, die ordnungsgem\u00e4ss getestet und zugelassen wurden. Die geltenden Vorschriften m\u00fcssen ein Gleichgewicht zwischen zwei gegens\u00e4tzlichen Anforderungen herstellen: den illegalen und gef\u00e4hrlichen Handel zu kontrollieren sowie sicherzustellen, dass die notwendigen Substanzen f\u00fcr Menschen mit Gesundheitsproblemen, [&hellip;]<\/p>\n","protected":false},"author":1002117,"featured_media":385,"parent":377,"menu_order":0,"comment_status":"closed","ping_status":"closed","template":"templates\/template-cover.php","meta":{"_seopress_robots_primary_cat":"","_seopress_titles_title":"","_seopress_titles_desc":"","_seopress_robots_index":"","footnotes":""},"class_list":["post-371","page","type-page","status-publish","has-post-thumbnail"],"_links":{"self":[{"href":"https:\/\/wp.unil.ch\/medicaments-sous-controle\/de\/wp-json\/wp\/v2\/pages\/371","targetHints":{"allow":["GET"]}}],"collection":[{"href":"https:\/\/wp.unil.ch\/medicaments-sous-controle\/de\/wp-json\/wp\/v2\/pages"}],"about":[{"href":"https:\/\/wp.unil.ch\/medicaments-sous-controle\/de\/wp-json\/wp\/v2\/types\/page"}],"author":[{"embeddable":true,"href":"https:\/\/wp.unil.ch\/medicaments-sous-controle\/de\/wp-json\/wp\/v2\/users\/1002117"}],"replies":[{"embeddable":true,"href":"https:\/\/wp.unil.ch\/medicaments-sous-controle\/de\/wp-json\/wp\/v2\/comments?post=371"}],"version-history":[{"count":0,"href":"https:\/\/wp.unil.ch\/medicaments-sous-controle\/de\/wp-json\/wp\/v2\/pages\/371\/revisions"}],"up":[{"embeddable":true,"href":"https:\/\/wp.unil.ch\/medicaments-sous-controle\/de\/wp-json\/wp\/v2\/pages\/377"}],"wp:featuredmedia":[{"embeddable":true,"href":"https:\/\/wp.unil.ch\/medicaments-sous-controle\/de\/wp-json\/wp\/v2\/media\/385"}],"wp:attachment":[{"href":"https:\/\/wp.unil.ch\/medicaments-sous-controle\/de\/wp-json\/wp\/v2\/media?parent=371"}],"curies":[{"name":"wp","href":"https:\/\/api.w.org\/{rel}","templated":true}]}}