{"id":842,"date":"2023-01-24T10:59:04","date_gmt":"2023-01-24T09:59:04","guid":{"rendered":"https:\/\/wp.unil.ch\/medecineancienne\/?page_id=842"},"modified":"2025-03-14T08:40:24","modified_gmt":"2025-03-14T07:40:24","slug":"cycle-de-conferences","status":"publish","type":"page","link":"https:\/\/wp.unil.ch\/medecineancienne\/cycle-de-conferences\/","title":{"rendered":"Cycle de conf\u00e9rences sur l&rsquo;histoire de la m\u00e9decine ancienne"},"content":{"rendered":"\n<p>Ce cycle de conf\u00e9rences vise \u00e0 mieux faire conna\u00eetre la pens\u00e9e et les pratiques m\u00e9dicales des Anciens ainsi que leur r\u00f4le dans la constitution de la science m\u00e9dicale.<\/p>\n\n\n\n<h4 class=\"wp-block-heading\">Organisation<\/h4>\n\n\n\n<ul class=\"wp-block-list\">\n<li>Brigitte Maire (Universit\u00e9 de Lausanne)<\/li>\n\n\n\n<li>Guillaume Poisson (Universit\u00e9 de Lausanne)<\/li>\n\n\n\n<li>Nathalie Rousseau (Sorbonne Universit\u00e9, UMR 8167&nbsp;Orient et M\u00e9diterran\u00e9e \u2013 \u00c9quipe \u00ab M\u00e9decine grecque&nbsp;et litt\u00e9rature technique \u00bb, Institut universitaire de France)<\/li>\n<\/ul>\n\n\n\n<figure class=\"wp-block-table\"><table><tbody><tr><td>17 mars 2025<\/td><td>Fr\u00e9d\u00e9rique Biville<br>(Lyon 2)<\/td><td><a href=\"https:\/\/wp.unil.ch\/medecineancienne\/files\/2025\/03\/conf.-cercle-2025_f.-biville_affiche2.pdf\"><em>Instrumentum medicum<\/em> : le mat\u00e9riel m\u00e9dical des Romains<\/a><\/td><\/tr><tr><td>18 avril 2024<\/td><td>Antoine Pietrobelli (Franche-Comt\u00e9)<\/td><td><a href=\"https:\/\/wp.unil.ch\/medecineancienne\/files\/2024\/02\/24-Conf-Pietrobelli.pdf\">Oribase de Pergame, simple compilateur ou autorit\u00e9 m\u00e9dicale ?<\/a><\/td><\/tr><tr><td>27 avril 2023<\/td><td>Val\u00e9rie Gitton-Ripoll (Toulouse 2)<\/td><td><a href=\"https:\/\/wp.unil.ch\/medecineancienne\/files\/2023\/02\/Conf.-Gitton-Ripoll-Cercle2-.pdf\" data-type=\"attachment\" data-id=\"869\">Soigner les chevaux \u00e0 l&rsquo;\u00e9poque romaine. La gen\u00e8se des \u00e9pizooties dans la pens\u00e9e v\u00e9t\u00e9rinaire antique<\/a><\/td><\/tr><tr><td>3 sept. 2019<\/td><td>V\u00e9ronique Boudon-Millot (Paris)<\/td><td><a href=\"https:\/\/wp.unil.ch\/medecineancienne\/files\/2019\/08\/FlyerConf19.pdf\" target=\"_blank\" rel=\"noreferrer noopener\">M\u00e9decine antique et m\u00e9decine moderne : si \u00e9loign\u00e9es et pourtant si proches<\/a><\/td><\/tr><\/tbody><\/table><\/figure>\n\n\n\n<h4 class=\"wp-block-heading\">Les conf\u00e9rences&nbsp;&nbsp;&nbsp;&nbsp;&nbsp;&nbsp;&nbsp;&nbsp;&nbsp;&nbsp;&nbsp;&nbsp; <\/h4>\n\n\n\n<p><\/p>\n","protected":false},"excerpt":{"rendered":"<p>Ce cycle de conf\u00e9rences vise \u00e0 mieux faire conna\u00eetre la pens\u00e9e et les pratiques m\u00e9dicales des Anciens ainsi que leur r\u00f4le dans la constitution de la science m\u00e9dicale. Organisation 17 mars 2025 Fr\u00e9d\u00e9rique Biville(Lyon 2) Instrumentum medicum : le mat\u00e9riel<\/p>\n","protected":false},"author":108,"featured_media":868,"parent":0,"menu_order":4,"comment_status":"closed","ping_status":"closed","template":"","meta":{"_seopress_robots_primary_cat":"","_seopress_titles_title":"","_seopress_titles_desc":"","_seopress_robots_index":"","footnotes":""},"class_list":["post-842","page","type-page","status-publish","has-post-thumbnail"],"_links":{"self":[{"href":"https:\/\/wp.unil.ch\/medecineancienne\/wp-json\/wp\/v2\/pages\/842","targetHints":{"allow":["GET"]}}],"collection":[{"href":"https:\/\/wp.unil.ch\/medecineancienne\/wp-json\/wp\/v2\/pages"}],"about":[{"href":"https:\/\/wp.unil.ch\/medecineancienne\/wp-json\/wp\/v2\/types\/page"}],"author":[{"embeddable":true,"href":"https:\/\/wp.unil.ch\/medecineancienne\/wp-json\/wp\/v2\/users\/108"}],"replies":[{"embeddable":true,"href":"https:\/\/wp.unil.ch\/medecineancienne\/wp-json\/wp\/v2\/comments?post=842"}],"version-history":[{"count":4,"href":"https:\/\/wp.unil.ch\/medecineancienne\/wp-json\/wp\/v2\/pages\/842\/revisions"}],"predecessor-version":[{"id":930,"href":"https:\/\/wp.unil.ch\/medecineancienne\/wp-json\/wp\/v2\/pages\/842\/revisions\/930"}],"wp:featuredmedia":[{"embeddable":true,"href":"https:\/\/wp.unil.ch\/medecineancienne\/wp-json\/wp\/v2\/media\/868"}],"wp:attachment":[{"href":"https:\/\/wp.unil.ch\/medecineancienne\/wp-json\/wp\/v2\/media?parent=842"}],"curies":[{"name":"wp","href":"https:\/\/api.w.org\/{rel}","templated":true}]}}