{"id":176,"date":"2018-03-10T16:08:23","date_gmt":"2018-03-10T15:08:23","guid":{"rendered":"http:\/\/wp.unil.ch\/medecineancienne\/?page_id=176"},"modified":"2023-01-25T16:37:19","modified_gmt":"2023-01-25T15:37:19","slug":"colloques-precedents","status":"publish","type":"page","link":"https:\/\/wp.unil.ch\/medecineancienne\/colloques-precedents\/","title":{"rendered":"Colloques pr\u00e9c\u00e9dents"},"content":{"rendered":"\n<div style=\"height:20px\" aria-hidden=\"true\" class=\"wp-block-spacer\"><\/div>\n\n\n\n<p class=\"fauxspoiler\" style=\"font-size:22px\"><a href=\"https:\/\/wp.unil.ch\/medecineancienne\/2019-ecriture-reecriture-ou-citation\">2019 &#8211; \u00c9criture, r\u00e9\u00e9criture ou citation : les proc\u00e9d\u00e9s de composition des textes m\u00e9dicaux antiques<\/a><\/p>\n\n\n\n<div style=\"height:37px\" aria-hidden=\"true\" class=\"wp-block-spacer\"><\/div>\n\n\n\n<p class=\"fauxspoiler\" style=\"font-size:22px\"><a href=\"https:\/\/wp.unil.ch\/medecineancienne\/2018-la-sante-du-prince\/\">2018 &#8211; La sant\u00e9 du Prince<\/a><\/p>\n\n\n\n<div style=\"height:30px\" aria-hidden=\"true\" class=\"wp-block-spacer\"><\/div>\n\n\n<div class=\"su-accordion su-u-trim\">\n<div class=\"su-spoiler su-spoiler-style-default su-spoiler-icon-plus su-spoiler-closed\" data-scroll-offset=\"0\" data-anchor-in-url=\"no\"><div class=\"su-spoiler-title\" tabindex=\"0\" role=\"button\"><span class=\"su-spoiler-icon\"><\/span>2011 \u2014&nbsp;Ecdotika<\/div><div class=\"su-spoiler-content su-u-clearfix su-u-trim\"><img alt=\"\" loading=\"lazy\" decoding=\"async\" class=\"alignleft size-full wp-image-182\" src=\"https:\/\/wp.unil.ch\/medecineancienne\/files\/2018\/03\/ecdotika-2011.jpg\" alt=\"\" width=\"593\" height=\"830\" srcset=\"https:\/\/wp.unil.ch\/medecineancienne\/files\/2018\/03\/ecdotika-2011.jpg 593w, https:\/\/wp.unil.ch\/medecineancienne\/files\/2018\/03\/ecdotika-2011-214x300.jpg 214w\" sizes=\"auto, (max-width: 593px) 100vw, 593px\" \/><\/div><\/div><br><div class=\"su-spoiler su-spoiler-style-default su-spoiler-icon-plus su-spoiler-closed\" data-scroll-offset=\"0\" data-anchor-in-url=\"no\"><div class=\"su-spoiler-title\" tabindex=\"0\" role=\"button\"><span class=\"su-spoiler-icon\"><\/span>2010 \u2014&nbsp;10e Colloque international sur les textes m\u00e9dicaux latins<\/div><div class=\"su-spoiler-content su-u-clearfix su-u-trim\">\n<h5>\u00c0 la crois\u00e9e des m\u00e9decines grecque et romaine. Contributions \u00e0 l&rsquo;histoire d&rsquo;une greffe scientifique et culturelle<\/h5>\n<p><em>Universit\u00e9 de Lausanne &#8211; 3-6 novembre 2010<\/em><\/p>\n<p>Les textes m\u00e9dicaux latins transmettent des pratiques et des conceptions de l\u2019art m\u00e9dical provenant de Gr\u00e8ce et d\u2019ailleurs. Cette int\u00e9gration proc\u00e8de par juxtaposition de savoirs, mais aussi par assimilation pour penser et repr\u00e9senter le corps et la maladie. C\u2019est \u00e0 d\u00e9m\u00ealer cet \u00e9cheveau que les participants \u00e0 ce colloque sont invit\u00e9s afin de contribuer, dans la tradition de cette s\u00e9rie de rencontres internationales centr\u00e9es sur la litt\u00e9rature m\u00e9dicale d\u2019expression latine, \u00e0 une meilleure connaissance des soci\u00e9t\u00e9s et des cultures de l\u2019Antiquit\u00e9 ainsi que de l\u2019imaginaire antique dont l\u2019art m\u00e9dical r\u00e9v\u00e8le diverses facettes et modes de fonctionnement.<\/p>\n<ul>\n<li><a href=\"https:\/\/www.unil.ch\/iasa\/tml10\">Plus d&rsquo;informations sur le site de la Section d&rsquo;arch\u00e9ologie et des sciences de l&rsquo;Antiquit\u00e9<\/a><\/li>\n<\/ul>\n<\/div><\/div><br><\/div>","protected":false},"excerpt":{"rendered":"<p>2019 &#8211; \u00c9criture, r\u00e9\u00e9criture ou citation : les proc\u00e9d\u00e9s de composition des textes m\u00e9dicaux antiques 2018 &#8211; La sant\u00e9 du Prince<\/p>\n","protected":false},"author":108,"featured_media":0,"parent":0,"menu_order":3,"comment_status":"closed","ping_status":"closed","template":"","meta":{"_seopress_robots_primary_cat":"","_seopress_titles_title":"","_seopress_titles_desc":"","_seopress_robots_index":"","footnotes":""},"class_list":["post-176","page","type-page","status-publish"],"_links":{"self":[{"href":"https:\/\/wp.unil.ch\/medecineancienne\/wp-json\/wp\/v2\/pages\/176","targetHints":{"allow":["GET"]}}],"collection":[{"href":"https:\/\/wp.unil.ch\/medecineancienne\/wp-json\/wp\/v2\/pages"}],"about":[{"href":"https:\/\/wp.unil.ch\/medecineancienne\/wp-json\/wp\/v2\/types\/page"}],"author":[{"embeddable":true,"href":"https:\/\/wp.unil.ch\/medecineancienne\/wp-json\/wp\/v2\/users\/108"}],"replies":[{"embeddable":true,"href":"https:\/\/wp.unil.ch\/medecineancienne\/wp-json\/wp\/v2\/comments?post=176"}],"version-history":[{"count":0,"href":"https:\/\/wp.unil.ch\/medecineancienne\/wp-json\/wp\/v2\/pages\/176\/revisions"}],"wp:attachment":[{"href":"https:\/\/wp.unil.ch\/medecineancienne\/wp-json\/wp\/v2\/media?parent=176"}],"curies":[{"name":"wp","href":"https:\/\/api.w.org\/{rel}","templated":true}]}}