{"id":11,"date":"2017-10-11T10:33:17","date_gmt":"2017-10-11T08:33:17","guid":{"rendered":"http:\/\/wp.unil.ch\/medecineancienne\/?page_id=11"},"modified":"2023-01-24T11:07:14","modified_gmt":"2023-01-24T10:07:14","slug":"contact","status":"publish","type":"page","link":"https:\/\/wp.unil.ch\/medecineancienne\/contact\/","title":{"rendered":"Contact"},"content":{"rendered":"<p><a href=\"mailto:Brigitte.Maire@unil.ch\">Brigitte Maire<\/a><br \/>\nMa\u00eetre d&rsquo;enseignement et de recherche<\/p>\n<p><a href=\"https:\/\/www.unil.ch\/iasa\">Section d&rsquo;arch\u00e9ologie et des sciences de l&rsquo;Antiquit\u00e9<\/a><br \/>\nQuartier UNIL-Chamberonne<br \/>\nB\u00e2timent Anthropole ANT-4022<br \/>\nCH-1015 Lausanne<\/p>\n<p>T\u00e9l\u00e9phone +41 21 692 30 50<br \/>\nFax +41 21 692 30 45<\/p>\n","protected":false},"excerpt":{"rendered":"<p>Brigitte Maire Ma\u00eetre d&rsquo;enseignement et de recherche Section d&rsquo;arch\u00e9ologie et des sciences de l&rsquo;Antiquit\u00e9 Quartier UNIL-Chamberonne B\u00e2timent Anthropole ANT-4022 CH-1015 Lausanne T\u00e9l\u00e9phone +41 21 692 30 50 Fax +41 21 692 30 45<\/p>\n","protected":false},"author":108,"featured_media":198,"parent":0,"menu_order":5,"comment_status":"closed","ping_status":"closed","template":"","meta":{"_seopress_robots_primary_cat":"","_seopress_titles_title":"","_seopress_titles_desc":"","_seopress_robots_index":"","footnotes":""},"class_list":["post-11","page","type-page","status-publish","has-post-thumbnail"],"_links":{"self":[{"href":"https:\/\/wp.unil.ch\/medecineancienne\/wp-json\/wp\/v2\/pages\/11","targetHints":{"allow":["GET"]}}],"collection":[{"href":"https:\/\/wp.unil.ch\/medecineancienne\/wp-json\/wp\/v2\/pages"}],"about":[{"href":"https:\/\/wp.unil.ch\/medecineancienne\/wp-json\/wp\/v2\/types\/page"}],"author":[{"embeddable":true,"href":"https:\/\/wp.unil.ch\/medecineancienne\/wp-json\/wp\/v2\/users\/108"}],"replies":[{"embeddable":true,"href":"https:\/\/wp.unil.ch\/medecineancienne\/wp-json\/wp\/v2\/comments?post=11"}],"version-history":[{"count":0,"href":"https:\/\/wp.unil.ch\/medecineancienne\/wp-json\/wp\/v2\/pages\/11\/revisions"}],"wp:featuredmedia":[{"embeddable":true,"href":"https:\/\/wp.unil.ch\/medecineancienne\/wp-json\/wp\/v2\/media\/198"}],"wp:attachment":[{"href":"https:\/\/wp.unil.ch\/medecineancienne\/wp-json\/wp\/v2\/media?parent=11"}],"curies":[{"name":"wp","href":"https:\/\/api.w.org\/{rel}","templated":true}]}}