{"id":300,"date":"2024-06-06T01:16:05","date_gmt":"2024-06-05T23:16:05","guid":{"rendered":"https:\/\/wp.unil.ch\/marinlab\/?page_id=300"},"modified":"2025-04-09T14:37:47","modified_gmt":"2025-04-09T12:37:47","slug":"publications","status":"publish","type":"page","link":"https:\/\/wp.unil.ch\/marinlab\/publications\/","title":{"rendered":"Publications"},"content":{"rendered":"\n<h2 class=\"wp-block-heading has-text-align-center\">2025<\/h2>\n\n\n\n<p>Shen D, Micic N, Venado RE, Bjarnholt N, Crocoll C, Persson DP, Samwald S, Kopriva S, Westhoff P, Metzger S, Neumann U, Nakano RT,\u00a0<strong>Mar\u00edn Arancibia M<\/strong>, Andersen TG. Apoplastic barriers are essential for nodule formation and nitrogen fixation in\u00a0<em>Lotus japonicus<\/em>. <em>Science<\/em>. <strong>2025<\/strong>. 387(6740):1281-1286. doi: 10.1126\/science.ado8680.<\/p>\n\n\n\n<p>Yu YH, Kurtenbach J, Crosbie D, Brachmann A,\u00a0<strong>Mar\u00edn Arancibia M. <\/strong><em>Pseudomonas<\/em> species isolated from Lotus nodules are genetically diverse and promote plant growth. <em>Environ Microbiol<\/em>. <strong>2025<\/strong>. 27(3):e70066. doi: 10.1111\/1462-2920.70066.<\/p>\n\n\n\n<p>Yu YH , Crosbie DB , <strong>Mar\u00edn Arancibia M.<\/strong> <em>Pseudomonas<\/em>\u00a0in the spotlight: emerging roles in the nodule microbiome. <em>Trends Plant Sci.<\/em> <strong>2025<\/strong>. 8:S1360-1385. <a href=\"https:\/\/doi.org\/10.1016\/j.tplants.2024.12.002\">https:\/\/doi.org\/10.1016\/j.tplants.2024.12.002<\/a><\/p>\n\n\n\n<h2 class=\"wp-block-heading has-text-align-center\">2024<\/h2>\n\n\n\n<p>de Carvahlo- Niebel F, Fournier J, Becker A, <strong>Mar\u00edn Arancibia M. <\/strong>Cellular insights into legume root infection by rhizobia. <em>Curr Opin Plant Biol.<\/em> <strong>2024<\/strong>. 81: 102597. doi.org\/10.1016\/j.pbi.2024.102597.<\/p>\n\n\n\n<h2 class=\"wp-block-heading has-text-align-center\">Before 2024<\/h2>\n\n\n\n<p>Shen D., Venado R.E., Neumann U.,&nbsp;Dyballa-Rukes N., Mahiwal S.,&nbsp;Metzger S.,&nbsp;Nakano R.T.,&nbsp;<strong>Mar\u00edn M.<\/strong>,&nbsp;Andersen T.G. Apoplastic barrier establishment in roots and nodules of Lotus japonicus is essential for root-shoot signaling and N-fixation.&nbsp;<strong>2023<\/strong>. bioRxiv&nbsp;2023.12.06.570432;&nbsp;doi:&nbsp;https:\/\/doi.org\/10.1101\/2023.12.06.570432<\/p>\n\n\n\n<p>Venado R.E., Wange L.E., Shen D., Pinnau F., Andersen T.G., Enard W.,&nbsp;<strong>Mar\u00edn M.<\/strong>. Tissue-specific regulation of lipid polyester synthesis genes controlling oxygen permeation into&nbsp;<em>Lotus japonicus&nbsp;<\/em>nodules.&nbsp;<em>Proc. Natl. Acad. Sci. U S A&nbsp;<\/em><strong>2022<\/strong>. 119(47):e2206291119. doi: 10.1073\/pnas.2206291119.&nbsp;<\/p>\n\n\n\n<p>Zarrabian M., Montiel J., Sandal N., Jin H., LinY.Y., Klingl V.,&nbsp;<strong>Mar\u00edn M.<\/strong>, James E., Parniske M., Stougaard J., Andersen S.U. A promiscuity locus confers&nbsp;<em>Lotus burttii&nbsp;<\/em>nodulation with rhizobia from five different genera.&nbsp;<em>MPMI.&nbsp;<\/em><strong>2022<\/strong>. doi:10.1094\/MPMI-06-22-0124-R.&nbsp;<strong>As preprint:<\/strong>&nbsp;<em>bioRxiv<\/em>:&nbsp;2021.08.26.457880;&nbsp;doi:https:\/\/doi.org\/10.1101\/2021.08.26.457880<\/p>\n\n\n\n<p>Crosbie D.B., Mahmmoudi M., Radl V., Brachmann A., Schloter M., Kemen E.,&nbsp;<strong>Mar\u00edn M.<\/strong>&nbsp;&nbsp;Microbiome profiling reveals that Pseudomonas antagonises parasitic nodule colonisation of cheater rhizobia in Lotus.&nbsp;<em>New Phytol.&nbsp;<\/em><strong>2022<\/strong>.&nbsp;<em>doi: 10.1111\/nph.17988.&nbsp;<\/em><strong>As preprint:<\/strong>&nbsp;https:\/\/www.biorxiv.org\/content\/10.1101\/2021.05.19.441130v1.<\/p>\n\n\n\n<p>Abel N.B., Buschle C.A., Hernandez-Ryes C., Burkart S.S., Deroubaix A.F., Mergner J., Gronnier J., Jarsch I.K., Folgmann J., Braun K.H., Bayer E., Germain V., Derbyshire P., Menke F.L.H., Kemmerling B., Zipfel C., K\u00fcster B., Mongrand S,&nbsp;<strong>Mar\u00edn M.<\/strong>, Ott T.&nbsp;A hetero-oligomeric remorin-receptor complex regulates plant development.&nbsp;<strong>2021<\/strong>.&nbsp;<em>bioRxiv<\/em>: 2021.01.28.428596;&nbsp;doi:&nbsp;https:\/\/doi.org\/10.1101\/2021.01.28.428596<\/p>\n\n\n\n<p>Rejili M., Off, K., Brachmann, A.,&nbsp;<strong>Mar<\/strong><strong>\u00ed<\/strong><strong>n M.&nbsp;<\/strong><strong>&nbsp;<\/strong><em>Bradyrhizobium hipponense&nbsp;<\/em>sp. nov. isolated from&nbsp;<em>Lupinus angustifolius<\/em>&nbsp;growing in the northern regions of Tunisia.&nbsp;<em>Int J Syst Evol Microbiol.<\/em>&nbsp;<strong>2020<\/strong>. 70(10). ePub.<\/p>\n\n\n\n<p>Venado R. E., Liang J.,&nbsp;<strong>Mar<\/strong><strong>\u00ed<\/strong><strong>n M.&nbsp;<\/strong><strong>&nbsp;<\/strong>Rhizobia infection, a journey to the inside of plant cells.&nbsp;In:<strong>&nbsp;<\/strong>The nitrogen fixing legume-rhizobium symbiosis. Chapter four, in Frendo P, Frugier F, Masson-Boivin C (ed.)&nbsp;<em>ABR:Regulation of Nitrogen-Fixing Symbioses in Legumes<\/em>.&nbsp;<strong>2020<\/strong>. 94, 97-118, Academic Press.&nbsp;(Invited Book chapter)<\/p>\n\n\n\n<p>Kabdullayeva T., Crosbie D. B.,&nbsp;<strong>Mar<\/strong><strong>\u00ed<\/strong><strong>n M.&nbsp;<\/strong><strong>&nbsp;<\/strong><em>Mesorhizobium<\/em>&nbsp;<em>norvegicum&nbsp;<\/em>sp. nov., a novel rhizobium species isolated from a&nbsp;<em>Lotus corniculatus<\/em>&nbsp;nodule.&nbsp;<em>Int J Syst Evol Microbiol.<\/em>&nbsp;<strong>2020<\/strong>.&nbsp;70(1): 388-396.<\/p>\n\n\n\n<p>Waller Z., Rejili M., Mars M., Brachmann A., Mars M.,&nbsp;<strong>Mar<\/strong><strong>\u00ed<\/strong><strong>n&nbsp;M.<\/strong><strong>&nbsp;<\/strong><strong>&nbsp;<\/strong>Draft genome sequence of&nbsp;<em>Phyllobacterium<\/em><em>endophythicum<\/em>&nbsp;mTS5 Isolated from&nbsp;<em>Lupinus micranthus<\/em>&nbsp;in Tunisia<em>.&nbsp;<\/em><em>Microbiol Resour Announc.<\/em>&nbsp;<strong>2019<\/strong>.&nbsp;8(45); e00968-19.<\/p>\n\n\n\n<p>Rejili M., Msaddak A., Filali I., Benabderrahim M. A., Mars M.,&nbsp;<strong>Mar<\/strong><strong>\u00ed<\/strong><strong>n M.<\/strong>&nbsp;New chromosomal lineages within&nbsp;<em>Microvirga<\/em>&nbsp;and&nbsp;<em>Bradyrhizobium<\/em>&nbsp;genera nodulate&nbsp;<em>Lupinus angustifolius<\/em>&nbsp;growing on different Tunisian soils.<strong>&nbsp;<\/strong><em>FEMS Microbiol Ecol.<\/em><strong>&nbsp;2019.<\/strong>&nbsp;95(9); fiz118.<\/p>\n\n\n\n<p>Liang J., Klingl A., Lin Y. Y., Boul E., Thomas-Oates J.,&nbsp;<strong>Mar<\/strong><strong>\u00ed<\/strong><strong>n M.&nbsp;<\/strong>&nbsp;A sub-compatible rhizobium strain reveals infection duality in&nbsp;<em>Lotus<\/em>.&nbsp;<em>J Exp Bot.&nbsp;<\/em><strong>2019.<\/strong>&nbsp;70(6): 1903-1913.<\/p>\n\n\n\n<p>Liang J., Hoffrichter A., Brachmann A.,&nbsp;<strong>Mar<\/strong><strong>\u00ed<\/strong><strong>n M.&nbsp;<\/strong><strong>&nbsp;<\/strong>Complete genome of&nbsp;<em>Rhizobium leguminosarum<\/em>&nbsp;Norway, an ineffective&nbsp;<em>Lotus<\/em>&nbsp;micro-symbiont.&nbsp;<em>SIGS<\/em>.<strong>&nbsp;2018<\/strong>. 13:36.<\/p>\n\n\n\n<h2 class=\"wp-block-heading has-text-align-center\">Before 2015<\/h2>\n\n\n\n<p>Liang P., Stratil T. F., Popp C.,&nbsp;<strong>Mar<\/strong><strong>\u00ed<\/strong><strong>n M.<\/strong>, Folgmann J., Mysore K. S., Wen J., Ott T.&nbsp;Symbiotic root infections in&nbsp;<em>Medicago truncatula<\/em>&nbsp;require remorin-mediated receptor stabilization in membrane nanodomains.<strong>&nbsp;<\/strong><em>PNAS<\/em>.<strong>&nbsp;2018<\/strong>.&nbsp;115(20): 5289-94.<\/p>\n\n\n\n<p>Konrad S. S., Popp C., Stratil T. F., Jarsch I. K., Thallmair V., Folgmann J.,&nbsp;<strong>Mar<\/strong><strong>\u00ed<\/strong><strong>n M.<\/strong>, Ott T. \u201cS-acylation anchors remorin proteins to the plasma membrane but does not primarily determine their localization in membrane microdomains\u201d.&nbsp;<em>New Phytol<\/em>.<strong>&nbsp;2014<\/strong>.<strong>&nbsp;<\/strong>203(3): 758-69.<\/p>\n\n\n\n<p><strong>Mar<\/strong><strong>\u00ed<\/strong><strong>n M.&nbsp;<\/strong>, Ott T. \u201cIntrinsic disorder in plant proteins and phytopathogenic bacterial effectors\u201d.<strong>&nbsp;<\/strong><em>Chem Rev<\/em>.<strong>2014<\/strong>.<strong>&nbsp;<\/strong>114(13): 6912-32.<\/p>\n\n\n\n<p><strong>Mar<\/strong><strong>\u00ed<\/strong><strong>n M.<\/strong><strong>&nbsp;<\/strong>, Uversky V. N., Ott T. \u201cIntrinsic disorder in pathogen effectors: Protein flexibility as an evolutionary hallmark in a molecular arms race\u201d.&nbsp;<em>Plant Cell<\/em>.<strong>&nbsp;2013<\/strong>.<strong>&nbsp;<\/strong>25(9): 3153-7.<\/p>\n\n\n\n<p>Marcoleta A.,<strong>&nbsp;Mar<\/strong><strong>\u00ed<\/strong><strong>n M.,&nbsp;<\/strong>Mercado G., Valpuesta J. M., Monasterio O., Lagos R. \u201cMicrocin E492 amyloid formation is retarded by posttranslational modification\u201d.&nbsp;<em>J Bacteriol<\/em>.<strong>&nbsp;2013<\/strong>.<strong>&nbsp;<\/strong>195 (17): 3995-4004.<\/p>\n\n\n\n<p><strong>Mar<\/strong><strong>\u00ed<\/strong><strong>n M.<\/strong><strong>&nbsp;<\/strong>, Thallmair, V., Ott, T. \u201cThe intrinsically disordered N-terminal region of AtREM1.3 remorin protein mediates protein-protein interactions\u201d.&nbsp;<em>J Biol Chem<\/em>.<strong>&nbsp;2012<\/strong>. 287(47): 39982-91. (<strong>Highlighted in Faculty1000<\/strong>)<\/p>\n\n\n\n<p><strong>Mar<\/strong><strong>\u00ed<\/strong><strong>n M<\/strong>., Ott T. \u201cPhosphorylation of intrinsically disordered regions in remorin proteins\u201d.&nbsp;<em>Front Plant Sci<\/em>.<strong>&nbsp;2012<\/strong>.3:86.<\/p>\n\n\n\n<p><strong>Mar<\/strong><strong>\u00ed<\/strong><strong>n M.<\/strong>, Plumeier I., Pieper D. H.&nbsp;<strong>\u201c<\/strong>Degradation of 2,3-dihydroxybenzoate by a novel meta-cleavage pathway\u201d.&nbsp;<em>J Bacteriol<\/em>.<strong>&nbsp;2012<\/strong>.<strong>&nbsp;<\/strong>194(15): 3851-60.<\/p>\n\n\n\n<p><span>Mar\u00edn M., P\u00e9rez-Pantoja D., Donoso R., Wray V., Gonz\u00e1lez B., Pieper D. H. \u201cModified 3-oxoadipate pathway for the biodegradation of methylaromatics in&nbsp;<\/span><em>Pseudomonas reinekei<\/em><span>&nbsp;MT1\u201d.&nbsp;<\/span><em>J Bacteriol<\/em><span>.&nbsp;2010. 192(6): 1543-52.<\/span><\/p>\n\n\n\n<p><strong>Mar<\/strong><strong>\u00ed<\/strong><strong>n M.<\/strong><span>, Pieper D. H. \u201cNovel metal-binding site of&nbsp;<\/span><em>Pseudomonas reinekei<\/em><span>&nbsp;MT1&nbsp;<\/span><em>trans<\/em><span>-dienlactone hydrolase\u201d.&nbsp;<\/span><em>Biochem Biophys Res Commun<\/em><span>.<\/span><strong>&nbsp;2009<\/strong><span>.<\/span><strong>&nbsp;<\/strong><span>390(4): 1345-8.<\/span><\/p>\n\n\n\n<p><strong>Mar<\/strong><strong>\u00ed<\/strong><strong>n M.<\/strong><span>, Heinz D. W., Pieper D. H., Klink B. U. \u201cCrystal structure and catalytic mechanism of 4-methylmuconolactone methylisomerase\u201d.<\/span><strong>&nbsp;<\/strong><em>J Biol Chem<\/em><span>.<\/span><strong>&nbsp;2009<\/strong><span>.<\/span><strong>&nbsp;<\/strong><span>284(47): 32709-16.<\/span><\/p>\n\n\n\n<p><span>C\u00e1mara B.,&nbsp;<\/span><strong>Mar<\/strong><strong>\u00ed<\/strong><strong>n M.<\/strong><span>, Schl\u00f6mann M., Hecht H. J., Junca H., Pieper D. H.&nbsp;<\/span><em>trans<\/em><span>-Dienelactone hydrolase from&nbsp;<\/span><em>Pseudomonas reinekei<\/em><span>&nbsp;MT1, a novel zinc-dependent hydrolase.&nbsp;<\/span><em>Biochem Biophys Res Communs<\/em><span>.&nbsp;<\/span><strong>2008<\/strong><span>. 376(2): 423-8.<\/span><\/p>\n\n\n\n<p><span>Mercado G., Tello M.,&nbsp;<\/span><strong>Mar<\/strong><strong>\u00ed<\/strong><strong>n M.<\/strong><span>, Monasterio O., Lagos R.&nbsp;The production&nbsp;<\/span><em>in vivo<\/em><span>&nbsp;of microcin E492 with bactericidal activity depends on salmochelin and EntF.&nbsp;<\/span><em>J Bacteriol<\/em><span>.&nbsp;<\/span><strong>2008<\/strong><span>. 190(15): 5464-71.<\/span><\/p>\n","protected":false},"excerpt":{"rendered":"<p>2025 Shen D, Micic N, Venado RE, Bjarnholt N, Crocoll C, Persson DP, Samwald S, Kopriva S, Westhoff P, Metzger S, Neumann U, Nakano RT,\u00a0Mar\u00edn Arancibia M, Andersen&hellip;<\/p>\n","protected":false},"author":1002739,"featured_media":0,"parent":0,"menu_order":0,"comment_status":"closed","ping_status":"closed","template":"template-full-width.php","meta":{"_seopress_robots_primary_cat":"","_seopress_titles_title":"","_seopress_titles_desc":"","_seopress_robots_index":"","footnotes":""},"class_list":["post-300","page","type-page","status-publish","has-post-thumbnail"],"_links":{"self":[{"href":"https:\/\/wp.unil.ch\/marinlab\/wp-json\/wp\/v2\/pages\/300","targetHints":{"allow":["GET"]}}],"collection":[{"href":"https:\/\/wp.unil.ch\/marinlab\/wp-json\/wp\/v2\/pages"}],"about":[{"href":"https:\/\/wp.unil.ch\/marinlab\/wp-json\/wp\/v2\/types\/page"}],"author":[{"embeddable":true,"href":"https:\/\/wp.unil.ch\/marinlab\/wp-json\/wp\/v2\/users\/1002739"}],"replies":[{"embeddable":true,"href":"https:\/\/wp.unil.ch\/marinlab\/wp-json\/wp\/v2\/comments?post=300"}],"version-history":[{"count":5,"href":"https:\/\/wp.unil.ch\/marinlab\/wp-json\/wp\/v2\/pages\/300\/revisions"}],"predecessor-version":[{"id":561,"href":"https:\/\/wp.unil.ch\/marinlab\/wp-json\/wp\/v2\/pages\/300\/revisions\/561"}],"wp:attachment":[{"href":"https:\/\/wp.unil.ch\/marinlab\/wp-json\/wp\/v2\/media?parent=300"}],"curies":[{"name":"wp","href":"https:\/\/api.w.org\/{rel}","templated":true}]}}