{"id":161,"date":"2019-11-28T12:11:56","date_gmt":"2019-11-28T11:11:56","guid":{"rendered":"http:\/\/wp.unil.ch\/m3-lausanne\/?page_id=161"},"modified":"2025-03-02T13:19:15","modified_gmt":"2025-03-02T12:19:15","slug":"past-projects","status":"publish","type":"page","link":"https:\/\/wp.unil.ch\/m3-lausanne\/what-we-work-on\/past-projects\/","title":{"rendered":"Past Projects"},"content":{"rendered":"\n<p><\/p>\n\n\n\n<h3 class=\"wp-block-heading has-text-align-left\"><img alt=\"\" loading=\"lazy\" decoding=\"async\" width=\"369\" height=\"487\" class=\"wp-image-410\" style=\"width: 250px\" src=\"https:\/\/wp.unil.ch\/m3-lausanne\/files\/2020\/12\/Cultural-flagships.png\" alt=\"\" srcset=\"https:\/\/wp.unil.ch\/m3-lausanne\/files\/2020\/12\/Cultural-flagships.png 369w, https:\/\/wp.unil.ch\/m3-lausanne\/files\/2020\/12\/Cultural-flagships-227x300.png 227w\" sizes=\"auto, (max-width: 369px) 100vw, 369px\" \/><\/h3>\n\n\n\n<h5 class=\"wp-block-heading\">Cultural Flagships: Pathways, Practices and Politics of a Global Urban Type<i><br><\/i><strong>October 2020 \u2013 September 2024<\/strong><br><\/h5>\n\n\n\n<p><strong>Researchers: Martin M\u00fcller (PI), David Gogishvili and Laura Neville (postdoctoral researchers), Clotilde Trivin (doctoral student)<\/strong><br><strong>Funding: Swiss National Science Foundation<\/strong><\/p>\n\n\n\n<p>This project seeks to achieve two goals: first, to think and characterise cultural flagships as a <em>global urban type<\/em> and, second, to trace the individual articulations of four cultural flagship exemplars as what it calls <em>global buildings<\/em>. A database of cultural flagships worldwide will allow drawing more general conclusions on the prevalence, genealogy, context, rationales and outcomes of cultural flagships and tracing the pathways, practices and politics of the cultural flagship as a <em>global urban type<\/em>. The four case studies are all drawn from cities outside the West, which represent the global frontier of the cultural flagship as an urban type: the Louvre in Abu Dhabi, the M+ Museum in Hongkong, the Museum of Tomorrow in Rio de Janeiro, the Second World War Museum and the European Solidarity Center in Gda\u0144sk. This choice allows not just examining their (potentially different) positioning vis-\u00e0-vis the particular urban type that is the cultural flagship, but also vis-\u00e0-vis the global cultural hegemony of the West<\/p>\n\n\n\n<p><a href=\"https:\/\/igd.unil.ch\/projrech\/index.php?idPage=69&amp;page=viewDetails&amp;lang=fr&amp;id_projet=324\" data-type=\"URL\" data-id=\"https:\/\/igd.unil.ch\/projrech\/index.php?idPage=69&amp;page=viewDetails&amp;lang=fr&amp;id_projet=324\">More info<\/a><\/p>\n\n\n\n<p><\/p>\n\n\n\n<figure class=\"wp-block-image size-full is-resized\"><img alt=\"\" loading=\"lazy\" decoding=\"async\" width=\"369\" height=\"487\" src=\"https:\/\/wp.unil.ch\/m3-lausanne\/files\/2025\/01\/Cultural-flagships.png\" alt=\"\" class=\"wp-image-570\" style=\"width:260px;height:auto\" srcset=\"https:\/\/wp.unil.ch\/m3-lausanne\/files\/2025\/01\/Cultural-flagships.png 369w, https:\/\/wp.unil.ch\/m3-lausanne\/files\/2025\/01\/Cultural-flagships-227x300.png 227w\" sizes=\"auto, (max-width: 369px) 100vw, 369px\" \/><\/figure>\n\n\n\n<h5 class=\"wp-block-heading\">Culture for the Planet: Turning cultural institutions into leaders of the sustainability transition<\/h5>\n\n\n\n<p><strong>Researchers: Martin M\u00fcller (PI) and Julie Grieshaber (Junior researcher). Funding: Swiss National Science Foundation<\/strong><\/p>\n\n\n\n<p>This transformational research project aims to develop frameworks and tools to accompany the cultural sector towards more ambitious and more systematic actions for sustainability. Museums, theatres, opera houses and other cultural institutions enjoy high levels of trust and public visibility, attracting millions of visitors across the globe each day. As such, they are predestined to shape the sustainability transition and become thought leaders and role models to inspire action for sustainability beyond their sector. The cultural sector, however, is lacking a framework and indicators for understanding and managing sustainability, as well as a benchmark to calibrate and structure ongoing sustainability efforts.<\/p>\n\n\n\n<p><a href=\"https:\/\/wp.unil.ch\/culturefortheplanet\/\">More info.<\/a><\/p>\n\n\n\n<p><\/p>\n\n\n\n<h3 class=\"wp-block-heading has-text-align-center\"><img alt=\"\" loading=\"lazy\" decoding=\"async\" width=\"269\" height=\"495\" class=\"wp-image-411\" style=\"width: 200px\" src=\"https:\/\/wp.unil.ch\/m3-lausanne\/files\/2020\/12\/LA.png\" alt=\"\" srcset=\"https:\/\/wp.unil.ch\/m3-lausanne\/files\/2020\/12\/LA.png 269w, https:\/\/wp.unil.ch\/m3-lausanne\/files\/2020\/12\/LA-163x300.png 163w\" sizes=\"auto, (max-width: 269px) 100vw, 269px\" \/><\/h3>\n\n\n\n<h5 class=\"wp-block-heading\">Paris 2024, Los Angeles 2028: A turnaround for the Olympics after the crisis?<br><strong>October 2019 \u2013 July 2022<\/strong><br><strong>Researchers: Martin M\u00fcller (PI), Sven Daniel Wolfe (Postdoctoral researcher)<br>Funding: University of Lausanne<\/strong><\/h5>\n\n\n\n<p>In this project we propose to investigate whether the preparations for the Olympic Games in Paris 2024 and Los Angeles 2028 represent a new departure in terms of planning practices for large events, so-called mega-events. Based on our previous research on mega-events in eleven countries and twenty cities, we ground this project in reference to the most common potential pitfalls of mega-event planning and governance.<\/p>\n\n\n\n<p><a href=\"https:\/\/igd.unil.ch\/projrech\/index.php?idPage=69&amp;page=viewDetails&amp;lang=en&amp;id_projet=281\">More info<\/a><\/p>\n\n\n\n<p><\/p>\n\n\n<h5><img alt=\"\" loading=\"lazy\" decoding=\"async\" class=\"alignnone size-medium wp-image-421\" src=\"https:\/\/wp.unil.ch\/m3-lausanne\/files\/2021\/01\/Planning-olympics-300x285.png\" alt=\"\" width=\"300\" height=\"285\" srcset=\"https:\/\/wp.unil.ch\/m3-lausanne\/files\/2021\/01\/Planning-olympics-300x285.png 300w, https:\/\/wp.unil.ch\/m3-lausanne\/files\/2021\/01\/Planning-olympics.png 561w\" sizes=\"auto, (max-width: 300px) 100vw, 300px\" \/><\/h5>\n<h5><em>Hazardous planning: Improvising the Olympics<\/em><br \/><strong>August 2016 &#8211; June 2020<\/strong><br \/><strong>Researchers: Martin M\u00fcller<\/strong><\/h5>\n<p>This project is about planning the unplannable: mega-projects that stretch over several years, sometimes decades, and run to several billions of euros. Among those, it focuses on the largest events in the world \u2013 the Olympic Games and the Men&#8217;s Football World Cup. The project is situated between the disciplines of geography, sociology, organisation studies and sports and leisure studies, drawing on each to better understand how organisers try to rise to the challenge of preparing for mega-events with scrupulous advance planning. But the more people plan, the more effectively chance strikes: that is what I call the planning paradox.<\/p>\n<p><a href=\"https:\/\/igd.unil.ch\/projrech\/index.php?idPage=69&amp;page=viewDetails&amp;lang=en&amp;id_projet=257\">More info<\/a><\/p>\n<h5>&nbsp;<\/h5>\n<h5><em><img alt=\"\" loading=\"lazy\" decoding=\"async\" class=\"alignnone  wp-image-423\" src=\"https:\/\/wp.unil.ch\/m3-lausanne\/files\/2021\/01\/geopo-of-knowledge-279x300.png\" alt=\"\" width=\"315\" height=\"333\"><\/em><\/h5>\n<h5><em>The Geopolitics of Geographical Knowledge<\/em><br \/><strong>September 2017 &#8211; December 2019<\/strong><br \/><strong>Researchers: Martin M\u00fcller (PI), Carolin Schurr (collaborator), Elena Trubina (collaborator), David Gogishvili (Post-doctoral researcher), Nadja Imhof (Research Assistant)<\/strong><\/h5>\n<p>English has quickly become the world\u2019s de facto <em>lingua franca<\/em> for academic exchange.&nbsp;English-language journals therefore have the opportunity, and the responsibility, to shape academic discourse and knowledge production on a global scale. Many of geography\u2019s leading journals bill themselves in their mission statements as \u2018international journals\u2019, \u2018striving for international authorship and readership\u2019 (<em>Social &amp; Cultural Geography<\/em>: website). But how international are geography journals really? And to what extent do they reach beyond the Anglosphere?<\/p>\n<p>More info<\/p>\n<h5>&nbsp;<\/h5>\n<h5>&nbsp;<\/h5>\n<h5><em><img alt=\"\" loading=\"lazy\" decoding=\"async\" class=\"alignnone  wp-image-426\" src=\"https:\/\/wp.unil.ch\/m3-lausanne\/files\/2021\/01\/olympics-growth-300x195.png\" alt=\"\" width=\"397\" height=\"258\" srcset=\"https:\/\/wp.unil.ch\/m3-lausanne\/files\/2021\/01\/olympics-growth-300x195.png 300w, https:\/\/wp.unil.ch\/m3-lausanne\/files\/2021\/01\/olympics-growth.png 577w\" sizes=\"auto, (max-width: 397px) 100vw, 397px\" \/><\/em><\/h5>\n<h5><em>Mega-events as urban interventions: growth and impacts<\/em><br \/><strong>August 2017 \u2013 July 2019<\/strong><br \/><strong>Researchers: Martin M\u00fcller (PI), Annick Leick (post-doctoral researcher), Sven Daniel Wolfe (doctoral researcher)<\/strong><br \/><strong>Funded by the Swiss National Science Foundation<\/strong><\/h5>\n<p>The costs and infrastructural requirements of mega-events such as the Olympic Games and the Football World Cup put them among the single most transformative ventures for cities today. At the same time, their complexity and tendency to exceed budgets make them highly risky undertakings. Despite this, little is known about the impacts of different mega-events across time and the driving factors behind these impacts. This project \u2013 Phase 2 of the Swiss National Science Foundation Professorship \u2013 established the size, costs and impacts of a longitudinal sample of 66 mega-events since 1960 and the driving factors behind these impacts. It considered three types of mega-events: (1) the Olympic Summer and Winter Games as a uni-local sports event (2) the Football World Cup as a multi-local sports event (3) the World\u2019s Fairs (Expos) as a uni-local non-sports event.<\/p>\n<p><a href=\"https:\/\/igd.unil.ch\/projrech\/index.php?idPage=69&amp;page=viewDetails&amp;lang=en&amp;id_projet=255\">More info<\/a><\/p>\n<h5><img alt=\"\" loading=\"lazy\" decoding=\"async\" class=\"alignnone size-medium wp-image-419\" src=\"https:\/\/wp.unil.ch\/m3-lausanne\/files\/2021\/01\/Fifa-2-273x300.png\" alt=\"\" width=\"273\" height=\"300\" srcset=\"https:\/\/wp.unil.ch\/m3-lausanne\/files\/2021\/01\/Fifa-2-273x300.png 273w, https:\/\/wp.unil.ch\/m3-lausanne\/files\/2021\/01\/Fifa-2.png 473w\" sizes=\"auto, (max-width: 273px) 100vw, 273px\" \/><\/h5>\n<h5><em>&#8220;Fanatic Energy in the Wrong Places&#8221;: Potemkin Neoliberalism and Domestic Soft Power in the 2018 Men\u2019s Football World Cup in Russia<\/em><br \/><strong>June 2016 \u2013 July 2019<\/strong><br \/><strong>Researchers: <\/strong><strong>Sven Daniel Wolfe (doctoral researcher), <\/strong><strong>Martin M\u00fcller (thesis supervisor)&nbsp;<\/strong><\/h5>\n<p>This doctoral project focused on the multiple realities enacted simultaneously in mega-event host cities. It proposed that we should not look at mega-event hosting from an either-or viewpoint, and instead suggested that we replace this binary with multiplicities. This move brought to light heretofore under-examined aspects of the 2018 World Cup urban development process in Russia, focusing specifically on the preparations in the host cities of Volgograd and Ekaterinburg. In so doing, this project demonstrated the ambiguities inherent in hosting mega-events, expanded policy mobilities beyond a linear conceptualisation of mobilisation\/mutation, and grounded multiplicities thinking in the socio-material landscape of the city. This project was part of the Swiss National Science Foundation project &#8220;Mega-events as urban interventions&#8221;, under the supervision of Prof. Dr. Martin M\u00fcller.<\/p>\n<p><a href=\"https:\/\/igd.unil.ch\/projrech\/index.php?idPage=69&amp;page=viewDetails&amp;lang=en&amp;id_projet=258\">More info<\/a><\/p>","protected":false},"excerpt":{"rendered":"<p>Cultural Flagships: Pathways, Practices and Politics of a Global Urban TypeOctober 2020 \u2013 September 2024 Researchers: Martin M\u00fcller (PI), David Gogishvili and Laura Neville (postdoctoral researchers), Clotilde Trivin (doctoral student)Funding: Swiss National Science Foundation This project seeks to achieve two goals: first, to think and characterise cultural flagships as a global urban type and, second, [&hellip;]<\/p>\n","protected":false},"author":1001925,"featured_media":0,"parent":147,"menu_order":0,"comment_status":"closed","ping_status":"closed","template":"","meta":{"_seopress_robots_primary_cat":"","_seopress_titles_title":"","_seopress_titles_desc":"","_seopress_robots_index":"","footnotes":""},"class_list":["post-161","page","type-page","status-publish"],"_links":{"self":[{"href":"https:\/\/wp.unil.ch\/m3-lausanne\/wp-json\/wp\/v2\/pages\/161","targetHints":{"allow":["GET"]}}],"collection":[{"href":"https:\/\/wp.unil.ch\/m3-lausanne\/wp-json\/wp\/v2\/pages"}],"about":[{"href":"https:\/\/wp.unil.ch\/m3-lausanne\/wp-json\/wp\/v2\/types\/page"}],"author":[{"embeddable":true,"href":"https:\/\/wp.unil.ch\/m3-lausanne\/wp-json\/wp\/v2\/users\/1001925"}],"replies":[{"embeddable":true,"href":"https:\/\/wp.unil.ch\/m3-lausanne\/wp-json\/wp\/v2\/comments?post=161"}],"version-history":[{"count":3,"href":"https:\/\/wp.unil.ch\/m3-lausanne\/wp-json\/wp\/v2\/pages\/161\/revisions"}],"predecessor-version":[{"id":619,"href":"https:\/\/wp.unil.ch\/m3-lausanne\/wp-json\/wp\/v2\/pages\/161\/revisions\/619"}],"up":[{"embeddable":true,"href":"https:\/\/wp.unil.ch\/m3-lausanne\/wp-json\/wp\/v2\/pages\/147"}],"wp:attachment":[{"href":"https:\/\/wp.unil.ch\/m3-lausanne\/wp-json\/wp\/v2\/media?parent=161"}],"curies":[{"name":"wp","href":"https:\/\/api.w.org\/{rel}","templated":true}]}}