{"id":255,"date":"2018-10-25T16:14:20","date_gmt":"2018-10-25T14:14:20","guid":{"rendered":"http:\/\/wp.unil.ch\/lugano\/?page_id=255"},"modified":"2019-03-23T08:46:02","modified_gmt":"2019-03-23T07:46:02","slug":"sondaggio","status":"publish","type":"page","link":"https:\/\/wp.unil.ch\/lugano\/sondaggio\/","title":{"rendered":"Sondaggio"},"content":{"rendered":"<p><img alt=\"\" loading=\"lazy\" decoding=\"async\" class=\"alignnone wp-image-398 size-full\" src=\"https:\/\/wp.unil.ch\/lugano\/files\/2018\/12\/Partecipa-1.png\" alt=\"\" width=\"1534\" height=\"1200\" srcset=\"https:\/\/wp.unil.ch\/lugano\/files\/2018\/12\/Partecipa-1.png 1534w, https:\/\/wp.unil.ch\/lugano\/files\/2018\/12\/Partecipa-1-300x235.png 300w, https:\/\/wp.unil.ch\/lugano\/files\/2018\/12\/Partecipa-1-768x601.png 768w, https:\/\/wp.unil.ch\/lugano\/files\/2018\/12\/Partecipa-1-1024x801.png 1024w, https:\/\/wp.unil.ch\/lugano\/files\/2018\/12\/Partecipa-1-1200x939.png 1200w\" sizes=\"auto, (max-width: 709px) 85vw, (max-width: 909px) 67vw, (max-width: 1362px) 62vw, 840px\" \/><\/p>\n<p><span style=\"color: #000000\">Il sondaggio \u00e8 stato preparato d\u2019intesa con la Polizia e con il supporto del Servizio statistica urbana, della Divisione informatica e della Divisione comunicazione e relazioni istituzionali della Citt\u00e0 di Lugano.<\/span><\/p>\n<p><span style=\"color: #000000\">\u00c8 stato inviato a un campione di 15.000 residenti a Lugano dai 16 anni in su.<\/span><\/p>\n<p><span style=\"color: #000000\">La raccolta dei questionari \u00e8 iniziata il 15 gennaio 2019 e si \u00e8 conclusa il 15 marzo 2019.<\/span><\/p>\n","protected":false},"excerpt":{"rendered":"<p>Il sondaggio \u00e8 stato preparato d\u2019intesa con la Polizia e con il supporto del Servizio statistica urbana, della Divisione informatica e della Divisione comunicazione e relazioni istituzionali della Citt\u00e0 di Lugano. \u00c8 stato inviato a un campione di 15.000 residenti a Lugano dai 16 anni in su. La raccolta dei questionari \u00e8 iniziata il 15 &hellip; <a href=\"https:\/\/wp.unil.ch\/lugano\/sondaggio\/\" class=\"more-link\">Continuer la lecture<span class=\"screen-reader-text\"> de &laquo;&nbsp;Sondaggio&nbsp;&raquo;<\/span><\/a><\/p>\n","protected":false},"author":1001841,"featured_media":0,"parent":0,"menu_order":0,"comment_status":"closed","ping_status":"closed","template":"","meta":{"_seopress_robots_primary_cat":"","_seopress_titles_title":"","_seopress_titles_desc":"","_seopress_robots_index":"","footnotes":""},"class_list":["post-255","page","type-page","status-publish"],"_links":{"self":[{"href":"https:\/\/wp.unil.ch\/lugano\/wp-json\/wp\/v2\/pages\/255","targetHints":{"allow":["GET"]}}],"collection":[{"href":"https:\/\/wp.unil.ch\/lugano\/wp-json\/wp\/v2\/pages"}],"about":[{"href":"https:\/\/wp.unil.ch\/lugano\/wp-json\/wp\/v2\/types\/page"}],"author":[{"embeddable":true,"href":"https:\/\/wp.unil.ch\/lugano\/wp-json\/wp\/v2\/users\/1001841"}],"replies":[{"embeddable":true,"href":"https:\/\/wp.unil.ch\/lugano\/wp-json\/wp\/v2\/comments?post=255"}],"version-history":[{"count":0,"href":"https:\/\/wp.unil.ch\/lugano\/wp-json\/wp\/v2\/pages\/255\/revisions"}],"wp:attachment":[{"href":"https:\/\/wp.unil.ch\/lugano\/wp-json\/wp\/v2\/media?parent=255"}],"curies":[{"name":"wp","href":"https:\/\/api.w.org\/{rel}","templated":true}]}}