{"id":13,"date":"2017-10-11T10:33:46","date_gmt":"2017-10-11T08:33:46","guid":{"rendered":"http:\/\/wp.unil.ch\/lugano\/?page_id=13"},"modified":"2018-12-01T02:52:03","modified_gmt":"2018-12-01T01:52:03","slug":"about","status":"publish","type":"page","link":"https:\/\/wp.unil.ch\/lugano\/about\/","title":{"rendered":"Chi siamo"},"content":{"rendered":"<p><img alt=\"\" loading=\"lazy\" decoding=\"async\" class=\"alignnone wp-image-392 size-full\" src=\"https:\/\/wp.unil.ch\/lugano\/files\/2018\/12\/chisiamo.png\" alt=\"\" width=\"1540\" height=\"1200\" srcset=\"https:\/\/wp.unil.ch\/lugano\/files\/2018\/12\/chisiamo.png 1540w, https:\/\/wp.unil.ch\/lugano\/files\/2018\/12\/chisiamo-300x234.png 300w, https:\/\/wp.unil.ch\/lugano\/files\/2018\/12\/chisiamo-768x598.png 768w, https:\/\/wp.unil.ch\/lugano\/files\/2018\/12\/chisiamo-1024x798.png 1024w, https:\/\/wp.unil.ch\/lugano\/files\/2018\/12\/chisiamo-1200x935.png 1200w\" sizes=\"auto, (max-width: 709px) 85vw, (max-width: 909px) 67vw, (max-width: 1362px) 62vw, 840px\" \/><\/p>\n<p><span style=\"color: #000000\">La<strong> Scuola di Scienze criminali<\/strong> (Facolt\u00e0 di Giurisprudenza, scienze criminali e pubblica amministrazione dell&rsquo;Universit\u00e0 di Losanna) \u00e8 stata fondata nel 1909 da Rudolph Archibald Reiss.<br \/>\n<\/span><\/p>\n<p><span style=\"color: #000000\">La criminologia \u00e8 insegnata dagli anni &rsquo;50 del secolo scorso. Sin dagli anni \u201980 ha sviluppato una competenza specifica nel campo delle statistiche della criminalit\u00e0 e delle indagini di vittimizzazione e autoriportate (ISRD-1; ISRD-2) .<\/span><\/p>\n<p><span style=\"color: #000000\">I responsabili scientifici del sondaggio LOSAI sono Stefano Caneppele e Marcelo F. Aebi.<\/span><\/p>\n<p><span style=\"color: #000000\"><strong>Stefano Caneppele<\/strong> \u00e8 professore di criminologia all\u2019Universit\u00e0 di Losanna. Gi\u00e0 professore all\u2019Universit\u00e0 Cattolica del Sacro Cuore di Milano, ha collaborato per molti anni con il Centro interuniversitario Transcrime dove ha partecipato, in qualit\u00e0 di ricercatore e di coordinatore, a numerosi progetti internazionali, nazionali e locali. \u00c8\u00a0 attualmente direttore associato della rivista internazionale <em>European Journal on Criminal Policy and Research<\/em>. I suoi interessi di ricerca si concentrano sull\u2019analisi e la prevenzione della criminalit\u00e0 comune, economica e organizzata.<\/span><\/p>\n<p><span style=\"color: #000000\"><strong>Marcelo F. Aebi<\/strong> \u00e8 professore di criminologia all\u2019Universit\u00e0 di Losanna e vicedirettore della Scuola di scienze criminali. \u00c8 responsabile delle statistiche penali annuali del Consiglio d&rsquo;Europa (SPACE), membro del gruppo di esperti <em>European Sourcebook of Crime and Criminal Justice Statistics<\/em> e segretario esecutivo della Societ\u00e0 europea di criminologia. Tra i suoi argomenti di ricerca vi sono la criminologia comparata, la metodologia di ricerca, la delinquenza giovanile e la vittimizzazione. Presiede il comitato scientifico consultivo dell&rsquo;Istituto olandese per lo studio del crimine e l&rsquo;applicazione della legge (NSCR) ed \u00e8 membro dei consigli scientifici consultivi del Centro internazionale per la prevenzione della criminalit\u00e0 (ICPC) e dell&rsquo;Istituto europeo per la prevenzione e il controllo della criminalit\u00e0 (HEUNI). \u00c8 inoltre membro del comitato consultivo o di redazione di numerose riviste scientifiche internazionali.<\/span><\/p>\n","protected":false},"excerpt":{"rendered":"<p>La Scuola di Scienze criminali (Facolt\u00e0 di Giurisprudenza, scienze criminali e pubblica amministrazione dell&rsquo;Universit\u00e0 di Losanna) \u00e8 stata fondata nel 1909 da Rudolph Archibald Reiss. La criminologia \u00e8 insegnata dagli anni &rsquo;50 del secolo scorso. Sin dagli anni \u201980 ha sviluppato una competenza specifica nel campo delle statistiche della criminalit\u00e0 e delle indagini di vittimizzazione &hellip; <a href=\"https:\/\/wp.unil.ch\/lugano\/about\/\" class=\"more-link\">Continuer la lecture<span class=\"screen-reader-text\"> de &laquo;&nbsp;Chi siamo&nbsp;&raquo;<\/span><\/a><\/p>\n","protected":false},"author":1001841,"featured_media":0,"parent":0,"menu_order":0,"comment_status":"closed","ping_status":"closed","template":"","meta":{"_seopress_robots_primary_cat":"","_seopress_titles_title":"","_seopress_titles_desc":"","_seopress_robots_index":"","footnotes":""},"class_list":["post-13","page","type-page","status-publish"],"_links":{"self":[{"href":"https:\/\/wp.unil.ch\/lugano\/wp-json\/wp\/v2\/pages\/13","targetHints":{"allow":["GET"]}}],"collection":[{"href":"https:\/\/wp.unil.ch\/lugano\/wp-json\/wp\/v2\/pages"}],"about":[{"href":"https:\/\/wp.unil.ch\/lugano\/wp-json\/wp\/v2\/types\/page"}],"author":[{"embeddable":true,"href":"https:\/\/wp.unil.ch\/lugano\/wp-json\/wp\/v2\/users\/1001841"}],"replies":[{"embeddable":true,"href":"https:\/\/wp.unil.ch\/lugano\/wp-json\/wp\/v2\/comments?post=13"}],"version-history":[{"count":0,"href":"https:\/\/wp.unil.ch\/lugano\/wp-json\/wp\/v2\/pages\/13\/revisions"}],"wp:attachment":[{"href":"https:\/\/wp.unil.ch\/lugano\/wp-json\/wp\/v2\/media?parent=13"}],"curies":[{"name":"wp","href":"https:\/\/api.w.org\/{rel}","templated":true}]}}