{"id":6,"date":"2019-11-28T16:00:19","date_gmt":"2019-11-28T15:00:19","guid":{"rendered":"http:\/\/wp.unil.ch\/modele\/?page_id=6"},"modified":"2026-03-18T11:17:07","modified_gmt":"2026-03-18T10:17:07","slug":"home","status":"publish","type":"page","link":"https:\/\/wp.unil.ch\/lsdroit\/","title":{"rendered":"Lab&rsquo; Sant\u00e9 et Droit"},"content":{"rendered":"\n<p>Le Lab&rsquo; Sant\u00e9 et Droit est un groupe de recherche et d\u2019enseignement d\u00e9di\u00e9 \u00e0 l\u2019\u00e9tude du droit de la sant\u00e9 et du vivant, ancr\u00e9 au c\u0153ur de Lausanne. N\u00e9 de la collaboration entre les professeurs Audrey Lebret et Fr\u00e9d\u00e9ric Erard, il r\u00e9unit des expertises compl\u00e9mentaires en droit suisse, international et compar\u00e9, avec une attention particuli\u00e8re aux transformations du vivant et \u00e0 l&rsquo;impact des nouvelles technologies telles que l&rsquo;intelligence artificielle sur les pratiques m\u00e9dicales et les droits fondamentaux.&nbsp;<\/p>\n\n\n\n<p>Ce laboratoire se distingue par son ancrage unique \u00e0 l\u2019interface du monde m\u00e9dical et des sciences humaines, gr\u00e2ce \u00e0 ses multiples rattachements, notamment:<\/p>\n\n\n\n<ul class=\"wp-block-list\">\n<li>\u00e0 la <a href=\"https:\/\/www.unil.ch\/fdca\/fr\/home.html\">Facult\u00e9 de droit, des sciences criminelles et d\u2019administration publique (FDCA)<\/a> de l&rsquo;Universit\u00e9 de Lausanne, et plus pr\u00e9cis\u00e9ment l&rsquo;<a href=\"https:\/\/www.unil.ch\/ecolededroit\/fr\/home.html\">Ecole de droit<\/a>;<\/li>\n<\/ul>\n\n\n\n<ul class=\"wp-block-list\">\n<li>\u00e0 l\u2019<a href=\"https:\/\/www.chuv.ch\/fr\/ihm\/ihm-home\">Institut des humanit\u00e9s en m\u00e9decine (IHM)<\/a> de la <a href=\"https:\/\/www.unil.ch\/fbm\/fr\/home\/menuinst\/faculte.html\">Facult\u00e9 de biologie et de m\u00e9decine (FBM)<\/a>;<\/li>\n<\/ul>\n\n\n\n<ul class=\"wp-block-list\">\n<li>au <a href=\"https:\/\/www.chuv.ch\/fr\/\">CHUV<\/a>. <\/li>\n<\/ul>\n\n\n\n<p>Cette position lui permet de d\u00e9velopper une approche v\u00e9ritablement interdisciplinaire, en lien direct avec les pratiques cliniques et les enjeux \u00e9thiques contemporains.&nbsp;<\/p>\n\n\n\n<p>Le Lab&rsquo; Sant\u00e9 et Droit offre une formation transversale destin\u00e9e \u00e0 un public vari\u00e9 : \u00e9tudiant\u00b7e\u00b7s en droit, m\u00e9decine, biologie, ing\u00e9nierie, ainsi que professionnel\u00b7e\u00b7s de la sant\u00e9 dans le cadre de programmes de formation continue (CAS). Il s\u2019inscrit dans une dynamique de recherche ouverte, en dialogue constant avec les institutions acad\u00e9miques, hospitali\u00e8res et les r\u00e9seaux internationaux.&nbsp;<\/p>\n\n\n\n<p><\/p>\n\n\n\n<p><\/p>\n\n\n\n<h2 class=\"wp-block-heading\">Actualit\u00e9s du Lab&rsquo;<br><\/h2>\n\n\n\n<blockquote class=\"wp-block-quote is-layout-flow wp-block-quote-is-layout-flow\">\n<p>1.3.2026 <strong>Avis de droit de Fr\u00e9d\u00e9ric Erard sur mandat de l&rsquo;OFSP et l&rsquo;initiative f\u00e9d\u00e9rale DigiSant\u00e9<\/strong>, \u00ab\u00a0Avis sur la constitutionnalit\u00e9 d\u2019une loi f\u00e9d\u00e9rale relatif \u00e0 un espace num\u00e9rique de donn\u00e9es de sant\u00e9 en Suisse, en particulier l\u2019utilisation secondaire des donn\u00e9es sant\u00e9\u00a0\u00bb. <a href=\"https:\/\/iris.unil.ch\/entities\/publication\/aaf48801-49cd-4e4a-b804-47d6d9c07bcf\">Accessible ici<\/a>.<\/p>\n<\/blockquote>\n\n\n\n<blockquote class=\"wp-block-quote is-layout-flow wp-block-quote-is-layout-flow\">\n<p>24.2.2026 <strong>Intervention de Fr\u00e9d\u00e9ric Erard sur la protection des donn\u00e9es m\u00e9dicales en ligne<\/strong> dans l&rsquo;\u00e9mission de radio \u00ab\u00a0On en parle\u00a0\u00bb (RTS). <a href=\"https:\/\/www.rts.ch\/audio-podcast\/2026\/audio\/on-en-parle-protection-des-donnees-medicales-testament-et-entretien-des-habits-29161853.html\" data-type=\"link\" data-id=\"https:\/\/www.rts.ch\/audio-podcast\/2026\/audio\/on-en-parle-protection-des-donnees-medicales-testament-et-entretien-des-habits-29161853.html\">Interview accessible ici<\/a>.<\/p>\n<\/blockquote>\n\n\n\n<blockquote class=\"wp-block-quote is-layout-flow wp-block-quote-is-layout-flow\">\n<p>14.1.2026 <strong>Intervention d&rsquo;Audrey Lebret <\/strong>: \u201cBeyond Individual Autonomy: Colonial Legacies and the Challenge of Effective Reproductive Rights Protection at the European Court of Human Rights \u201c Decolonising the Body, SLSA, University of Liverpool<\/p>\n<\/blockquote>\n\n\n\n<blockquote class=\"wp-block-quote is-layout-flow wp-block-quote-is-layout-flow\">\n<p>17.12.2025 <strong>Nouvelle publication de Karim Lang et Fr\u00e9d\u00e9ric Erard<\/strong> \u00ab\u00a0Publicit\u00e9 des directives anticip\u00e9es: loin des yeux, loin des soins\u00a0\u00bb in RMA 2025\/6. <a href=\"https:\/\/iris.unil.ch\/entities\/publication\/a893d125-97dc-4d84-b108-264d3ae057fe\">Plus d&rsquo;informations ici<\/a>.<\/p>\n<\/blockquote>\n\n\n\n<blockquote class=\"wp-block-quote is-layout-flow wp-block-quote-is-layout-flow\">\n<p>29.11.2025 <strong>Intervention d&rsquo;Audrey Lebret <\/strong>sur les aspects juridiques de la m\u00e9decine personnalis\u00e9e, Forum Horizon sant\u00e9 2025 (EPFL, UNIL, CHUV).<\/p>\n<\/blockquote>\n","protected":false},"excerpt":{"rendered":"<p>Le Lab&rsquo; Sant\u00e9 et Droit est un groupe de recherche et d\u2019enseignement d\u00e9di\u00e9 \u00e0 l\u2019\u00e9tude du droit de la sant\u00e9 et du vivant, ancr\u00e9 au c\u0153ur de Lausanne.&hellip;<\/p>\n","protected":false},"author":108,"featured_media":404,"parent":0,"menu_order":0,"comment_status":"closed","ping_status":"closed","template":"template-full-width-cover.php","meta":{"_seopress_robots_primary_cat":"","_seopress_titles_title":"Lab' Sant\u00e9 et Droit - UNIL","_seopress_titles_desc":"Le Lab\u2019 Sant\u00e9 et Droit de l'Universit\u00e9 de Lausanne est un groupe de recherche et d\u2019enseignement d\u00e9di\u00e9 au droit de la sant\u00e9 et du vivant.","_seopress_robots_index":"","footnotes":""},"class_list":["post-6","page","type-page","status-publish","has-post-thumbnail"],"_links":{"self":[{"href":"https:\/\/wp.unil.ch\/lsdroit\/wp-json\/wp\/v2\/pages\/6","targetHints":{"allow":["GET"]}}],"collection":[{"href":"https:\/\/wp.unil.ch\/lsdroit\/wp-json\/wp\/v2\/pages"}],"about":[{"href":"https:\/\/wp.unil.ch\/lsdroit\/wp-json\/wp\/v2\/types\/page"}],"author":[{"embeddable":true,"href":"https:\/\/wp.unil.ch\/lsdroit\/wp-json\/wp\/v2\/users\/108"}],"replies":[{"embeddable":true,"href":"https:\/\/wp.unil.ch\/lsdroit\/wp-json\/wp\/v2\/comments?post=6"}],"version-history":[{"count":5,"href":"https:\/\/wp.unil.ch\/lsdroit\/wp-json\/wp\/v2\/pages\/6\/revisions"}],"predecessor-version":[{"id":541,"href":"https:\/\/wp.unil.ch\/lsdroit\/wp-json\/wp\/v2\/pages\/6\/revisions\/541"}],"wp:featuredmedia":[{"embeddable":true,"href":"https:\/\/wp.unil.ch\/lsdroit\/wp-json\/wp\/v2\/media\/404"}],"wp:attachment":[{"href":"https:\/\/wp.unil.ch\/lsdroit\/wp-json\/wp\/v2\/media?parent=6"}],"curies":[{"name":"wp","href":"https:\/\/api.w.org\/{rel}","templated":true}]}}