{"id":202,"date":"2025-05-22T09:53:13","date_gmt":"2025-05-22T07:53:13","guid":{"rendered":"https:\/\/wp.unil.ch\/lsdroit\/?page_id=202"},"modified":"2025-09-30T12:57:00","modified_gmt":"2025-09-30T10:57:00","slug":"recherche","status":"publish","type":"page","link":"https:\/\/wp.unil.ch\/lsdroit\/recherche\/","title":{"rendered":"Recherche"},"content":{"rendered":"\n<p>Le Lab&rsquo; Sant\u00e9 et Droit rassemble des chercheuses et chercheurs engag\u00e9s dans l\u2019\u00e9tude du droit de la sant\u00e9, abord\u00e9 dans toute sa diversit\u00e9. Leurs travaux et leurs champs d&rsquo;expertise s\u2019inscrivent dans une dynamique interdisciplinaire, en dialogue \u00e9troit avec le monde biom\u00e9dical, les humanit\u00e9s en m\u00e9decine et d\u2019autres disciplines. Leurs recherches donnent r\u00e9guli\u00e8rement lieu \u00e0 des conf\u00e9rences et des publications scientifiques, contribuant au d\u00e9veloppement du droit de la sant\u00e9 au sens large.<\/p>\n\n\n\n<h2 class=\"wp-block-heading\">Projets de recherche en cours<\/h2>\n\n\n\n<div class=\"wp-block-media-text has-media-on-the-right is-stacked-on-mobile\" style=\"grid-template-columns:auto 40%\"><div class=\"wp-block-media-text__content\">\n<p><a href=\"https:\/\/wun.ac.uk\/wun\/research\/view\/a-global-comparative-legal-analysis-of-international-human-rights-and-use-of-human-biospecimens-in-research\/\">A Comparative Legal Analysis of International Human Rights and Use of Human Biospecimens in Research<\/a> (Partner in WUN Research project, lead: Dr. Timothy Dye).<\/p>\n<\/div><figure class=\"wp-block-media-text__media\"><img loading=\"lazy\" decoding=\"async\" width=\"382\" height=\"188\" src=\"https:\/\/wp.unil.ch\/lsdroit\/files\/2025\/06\/capture-decran-2025-06-13-a-11.57.22-3.png\" alt=\"capture d\u2019e\u0301cran 2025 06 13 a\u0300 11.57.22\" class=\"wp-image-309 size-full\" srcset=\"https:\/\/wp.unil.ch\/lsdroit\/files\/2025\/06\/capture-decran-2025-06-13-a-11.57.22-3.png 382w, https:\/\/wp.unil.ch\/lsdroit\/files\/2025\/06\/capture-decran-2025-06-13-a-11.57.22-3-300x148.png 300w\" sizes=\"auto, (max-width: 382px) 100vw, 382px\" \/><\/figure><\/div>\n\n\n\n<div class=\"wp-block-media-text has-media-on-the-right is-stacked-on-mobile\" style=\"grid-template-columns:auto 41%\"><div class=\"wp-block-media-text__content\">\n<p><a href=\"https:\/\/gdo.global\/en\/gdo\/home\">Genetic Discrimination Observatory<\/a> (Lebret, International Collaborator, lead: Pr. Y. Joly, McGill University).<\/p>\n<\/div><figure class=\"wp-block-media-text__media\"><img loading=\"lazy\" decoding=\"async\" width=\"1024\" height=\"296\" src=\"https:\/\/wp.unil.ch\/lsdroit\/files\/2025\/06\/capture-decran-2025-06-13-a-12.23.10-1-1024x296.png\" alt=\"capture d\u2019e\u0301cran 2025 06 13 a\u0300 12.23.10\" class=\"wp-image-297 size-full\" srcset=\"https:\/\/wp.unil.ch\/lsdroit\/files\/2025\/06\/capture-decran-2025-06-13-a-12.23.10-1-1024x296.png 1024w, https:\/\/wp.unil.ch\/lsdroit\/files\/2025\/06\/capture-decran-2025-06-13-a-12.23.10-1-300x87.png 300w, https:\/\/wp.unil.ch\/lsdroit\/files\/2025\/06\/capture-decran-2025-06-13-a-12.23.10-1-768x222.png 768w, https:\/\/wp.unil.ch\/lsdroit\/files\/2025\/06\/capture-decran-2025-06-13-a-12.23.10-1-540x156.png 540w, https:\/\/wp.unil.ch\/lsdroit\/files\/2025\/06\/capture-decran-2025-06-13-a-12.23.10-1.png 1050w\" sizes=\"auto, (max-width: 1024px) 100vw, 1024px\" \/><\/figure><\/div>\n\n\n\n<div class=\"wp-block-media-text has-media-on-the-right is-stacked-on-mobile\" style=\"grid-template-columns:auto 41%\"><div class=\"wp-block-media-text__content\">\n<p><strong>Th\u00e8se de doctorat &#8211; Les perturbateurs endocriniens, Micka\u00ebl Repellin<\/strong>. La recherche doctorale examine le paradoxe entre la reconnaissance des enjeux sanitaires majeurs des perturbateurs endocriniens et l&rsquo;absence d&rsquo;approche sp\u00e9cifiquement fond\u00e9e sur le droit international de la sant\u00e9 dans leur r\u00e9gulation. L&rsquo;analyse interroge l&rsquo;ad\u00e9quation des cadres normatifs internationaux existants, notamment dans le contexte de l&rsquo;institutionnalisation du Panel intergouvernemental sur les produits chimiques en 2025.<\/p>\n<\/div><figure class=\"wp-block-media-text__media\"><img loading=\"lazy\" decoding=\"async\" width=\"1024\" height=\"682\" src=\"https:\/\/wp.unil.ch\/lsdroit\/files\/2025\/08\/industry-1761801_1280-1024x682.jpg\" alt=\"industry 1761801 1280\" class=\"wp-image-430 size-full\" srcset=\"https:\/\/wp.unil.ch\/lsdroit\/files\/2025\/08\/industry-1761801_1280-1024x682.jpg 1024w, https:\/\/wp.unil.ch\/lsdroit\/files\/2025\/08\/industry-1761801_1280-300x200.jpg 300w, https:\/\/wp.unil.ch\/lsdroit\/files\/2025\/08\/industry-1761801_1280-768x512.jpg 768w, https:\/\/wp.unil.ch\/lsdroit\/files\/2025\/08\/industry-1761801_1280-540x360.jpg 540w, https:\/\/wp.unil.ch\/lsdroit\/files\/2025\/08\/industry-1761801_1280-1080x720.jpg 1080w, https:\/\/wp.unil.ch\/lsdroit\/files\/2025\/08\/industry-1761801_1280.jpg 1280w\" sizes=\"auto, (max-width: 1024px) 100vw, 1024px\" \/><\/figure><\/div>\n\n\n\n<div class=\"wp-block-media-text has-media-on-the-right is-stacked-on-mobile\" style=\"grid-template-columns:auto 41%\"><div class=\"wp-block-media-text__content\">\n<p><strong>Th\u00e8se de doctorat &#8211; Le droit \u00e0 la fin de vie des patients mineurs, Ella Volz.&nbsp;<\/strong>Cette th\u00e8se analyse les conditions d\u2019acc\u00e8s, ainsi que les obstacles, aux d\u00e9cisions relatives \u00e0 la fin de vie des patients mineurs. Elle s\u2019interroge sur l\u2019existence d\u2019un v\u00e9ritable droit \u00e0 la mort pour ces derniers, tout en d\u00e9finissant le cadre juridique suisse applicable aux actes de fin de vie. Elle met en lumi\u00e8re les tensions et les difficult\u00e9s li\u00e9es \u00e0 la pluralit\u00e9 des volont\u00e9s en pr\u00e9sence \u2014 celles du corps m\u00e9dical, des parents et des enfants eux-m\u00eames \u2014 pour finalement proposer une th\u00e9orisation d\u2019un droit \u00e0 la fin de vie, d\u00e9clin\u00e9 en plusieurs composantes, susceptible d\u2019\u00eatre invoqu\u00e9 par les patients mineurs concern\u00e9s.&nbsp;<\/p>\n\n\n\n<p><\/p>\n<\/div><figure class=\"wp-block-media-text__media\"><img loading=\"lazy\" decoding=\"async\" width=\"640\" height=\"427\" src=\"https:\/\/wp.unil.ch\/lsdroit\/files\/2025\/08\/hospital.jpeg\" alt=\"hospital\" class=\"wp-image-441 size-full\" srcset=\"https:\/\/wp.unil.ch\/lsdroit\/files\/2025\/08\/hospital.jpeg 640w, https:\/\/wp.unil.ch\/lsdroit\/files\/2025\/08\/hospital-300x200.jpeg 300w, https:\/\/wp.unil.ch\/lsdroit\/files\/2025\/08\/hospital-540x360.jpeg 540w\" sizes=\"auto, (max-width: 640px) 100vw, 640px\" \/><\/figure><\/div>\n\n\n\n<div class=\"wp-block-media-text has-media-on-the-right is-stacked-on-mobile\" style=\"grid-template-columns:auto 41%\"><div class=\"wp-block-media-text__content\">\n<p><strong>Th\u00e8se de doctorat &#8211; Le suivi th\u00e9rapeutique apr\u00e8s le placement \u00e0 des fins d&rsquo;assistance, Karim Lang.&nbsp;<\/strong>Alors que le placement \u00e0 des fins d\u2019assistance&nbsp;fait l\u2019objet de nombreuses dispositions dans le droit suisse, la sortie du placement et le suivi th\u00e9rapeutique qui s\u2019ensuit, qui sont pourtant des \u00e9l\u00e9ments importants de la psychiatrie actuelles, sont r\u00e9gl\u00e9s de mani\u00e8re lacunaire. Cette \u00e9tude se concentre sur le cadre juridique qui les encadrent, tant au niveau f\u00e9d\u00e9ral que cantonal.&nbsp;Elle vise \u00e0 proposer un nouveau cadre int\u00e9grant \u00e9galement le traitement dans la communaut\u00e9, afin de promouvoir une approche ax\u00e9e sur le r\u00e9tablissement et l\u2019autod\u00e9termination&nbsp;<\/p>\n\n\n\n<p><\/p>\n<\/div><figure class=\"wp-block-media-text__media\"><img loading=\"lazy\" decoding=\"async\" width=\"640\" height=\"427\" src=\"https:\/\/wp.unil.ch\/lsdroit\/files\/2025\/09\/mental-health-2019924_640.jpg\" alt=\"mental health 2019924 640\" class=\"wp-image-459 size-full\" srcset=\"https:\/\/wp.unil.ch\/lsdroit\/files\/2025\/09\/mental-health-2019924_640.jpg 640w, https:\/\/wp.unil.ch\/lsdroit\/files\/2025\/09\/mental-health-2019924_640-300x200.jpg 300w, https:\/\/wp.unil.ch\/lsdroit\/files\/2025\/09\/mental-health-2019924_640-540x360.jpg 540w\" sizes=\"auto, (max-width: 640px) 100vw, 640px\" \/><\/figure><\/div>\n\n\n\n<h2 class=\"wp-block-heading\">Publications r\u00e9centes<\/h2>\n\n\n\n<blockquote class=\"wp-block-quote is-layout-flow wp-block-quote-is-layout-flow\">\n<p>Fr\u00e9d\u00e9ric Erard, <a href=\"https:\/\/iris.unil.ch\/entities\/publication\/391c21f6-9a82-43c3-912e-0ac46d50fe19\">Le sort des donn\u00e9es de sant\u00e9 en cas de cessation d\u2019activit\u00e9<\/a>, Jusletter 29 septembre 2025.<\/p>\n<\/blockquote>\n\n\n\n<blockquote class=\"wp-block-quote is-layout-flow wp-block-quote-is-layout-flow\">\n<p>Fr\u00e9d\u00e9ric Erard et Audrey Lebret, Intelligence artificielle et m\u00e9decine: enjeux juridiques au c\u0153ur de la relation th\u00e9rapeutique, in Revue de droit suisse 2025\/4, p. 375.<\/p>\n\n\n\n<p>Audrey Lebret,&nbsp;<a href=\"https:\/\/confluencedesdroits-larevue.com\/?p=4176\">Unravelling Challenges of European Legal Approaches and Definitions of SoHO in Shaping Biomedical Innovation<\/a>, D\u00e9finitions et concepts du biodroit [Dossier] in Revue Confluence des Droits (2025).<\/p>\n<\/blockquote>\n\n\n\n<blockquote class=\"wp-block-quote is-layout-flow wp-block-quote-is-layout-flow\">\n<p>Fr\u00e9d\u00e9ric Erard,<a href=\"https:\/\/serval.unil.ch\/fr\/notice\/serval:BIB_952BD4AA54EB\"> Acc\u00e8s au dossier m\u00e9dical d\u2019un tiers \u2013 quand avocats et m\u00e9decins jouent les interm\u00e9diaires<\/a>, in Grodecki S.\/Oural M.\/Chappuis G. (\u00e9dit.), La profession d\u2019avocat en 2025: quo vadis? R\u00e9flexions en l\u2019honneur de Beno\u00eet Chappuis, B\u00e2le 2025, p. 125.<\/p>\n<\/blockquote>\n\n\n\n<blockquote class=\"wp-block-quote is-layout-flow wp-block-quote-is-layout-flow\">\n<p>Audrey Lebret, <a href=\"https:\/\/www.elgaronline.com\/view\/journals\/jghl\/2\/1\/article-p93.xml\">The Council of Europe Convention on Artificial Intelligence and Human Rights: a primarily procedural step towards safeguarding health rights in the digital age<\/a>, Journal of Global Health Law, vol. 2(1), pp. 93-113.<\/p>\n<\/blockquote>\n\n\n\n<p><\/p>\n","protected":false},"excerpt":{"rendered":"<p>Le Lab&rsquo; Sant\u00e9 et Droit rassemble des chercheuses et chercheurs engag\u00e9s dans l\u2019\u00e9tude du droit de la sant\u00e9, abord\u00e9 dans toute sa diversit\u00e9. Leurs travaux et leurs champs&hellip;<\/p>\n","protected":false},"author":1002336,"featured_media":0,"parent":0,"menu_order":0,"comment_status":"closed","ping_status":"closed","template":"template-full-width.php","meta":{"_seopress_robots_primary_cat":"","_seopress_titles_title":"","_seopress_titles_desc":"","_seopress_robots_index":"","footnotes":""},"class_list":["post-202","page","type-page","status-publish","has-post-thumbnail"],"_links":{"self":[{"href":"https:\/\/wp.unil.ch\/lsdroit\/wp-json\/wp\/v2\/pages\/202","targetHints":{"allow":["GET"]}}],"collection":[{"href":"https:\/\/wp.unil.ch\/lsdroit\/wp-json\/wp\/v2\/pages"}],"about":[{"href":"https:\/\/wp.unil.ch\/lsdroit\/wp-json\/wp\/v2\/types\/page"}],"author":[{"embeddable":true,"href":"https:\/\/wp.unil.ch\/lsdroit\/wp-json\/wp\/v2\/users\/1002336"}],"replies":[{"embeddable":true,"href":"https:\/\/wp.unil.ch\/lsdroit\/wp-json\/wp\/v2\/comments?post=202"}],"version-history":[{"count":5,"href":"https:\/\/wp.unil.ch\/lsdroit\/wp-json\/wp\/v2\/pages\/202\/revisions"}],"predecessor-version":[{"id":495,"href":"https:\/\/wp.unil.ch\/lsdroit\/wp-json\/wp\/v2\/pages\/202\/revisions\/495"}],"wp:attachment":[{"href":"https:\/\/wp.unil.ch\/lsdroit\/wp-json\/wp\/v2\/media?parent=202"}],"curies":[{"name":"wp","href":"https:\/\/api.w.org\/{rel}","templated":true}]}}