{"id":199,"date":"2025-05-22T09:52:34","date_gmt":"2025-05-22T07:52:34","guid":{"rendered":"https:\/\/wp.unil.ch\/lsdroit\/?page_id=199"},"modified":"2026-04-02T08:56:55","modified_gmt":"2026-04-02T06:56:55","slug":"equipe","status":"publish","type":"page","link":"https:\/\/wp.unil.ch\/lsdroit\/equipe\/","title":{"rendered":"Equipe"},"content":{"rendered":"\n<h2 class=\"wp-block-heading\">Direction<\/h2>\n\n\n\n<div class=\"wp-block-columns is-layout-flex wp-container-core-columns-is-layout-9d6595d7 wp-block-columns-is-layout-flex\">\n<div class=\"wp-block-column is-vertically-aligned-top is-layout-flow wp-block-column-is-layout-flow\" style=\"flex-basis:33.33%\">\n<figure class=\"wp-block-image size-full\"><img loading=\"lazy\" decoding=\"async\" width=\"600\" height=\"600\" src=\"https:\/\/wp.unil.ch\/lsdroit\/files\/2025\/06\/al-edited-1.jpeg\" alt=\"al\" class=\"wp-image-397\" srcset=\"https:\/\/wp.unil.ch\/lsdroit\/files\/2025\/06\/al-edited-1.jpeg 600w, https:\/\/wp.unil.ch\/lsdroit\/files\/2025\/06\/al-edited-1-300x300.jpeg 300w, https:\/\/wp.unil.ch\/lsdroit\/files\/2025\/06\/al-edited-1-150x150.jpeg 150w, https:\/\/wp.unil.ch\/lsdroit\/files\/2025\/06\/al-edited-1-540x540.jpeg 540w\" sizes=\"auto, (max-width: 600px) 100vw, 600px\" \/><\/figure>\n<\/div>\n\n\n\n<div class=\"wp-block-column is-layout-flow wp-block-column-is-layout-flow\" style=\"flex-basis:66.66%\">\n<p><strong>Prof. Audrey Lebret<\/strong><\/p>\n\n\n\n<p>Audrey Lebret est professeure associ\u00e9e \u00e0 l\u2019Universit\u00e9 de Lausanne depuis 2024, titulaire de la Chaire en droit du vivant et sant\u00e9 num\u00e9rique. Elle est rattach\u00e9e au Centre de droit compar\u00e9, europ\u00e9en et international (CDCEI) de la Facult\u00e9 de droit, des sciences criminelles et d\u2019administration publique (FDCA), ainsi qu\u2019\u00e0 la Facult\u00e9 de biologie et m\u00e9decine (FBM \/ Institut des humanit\u00e9s en m\u00e9decine). Ses recherches portent sur la r\u00e9gulation juridique du corps humain et de ses usages (recherche sur l&rsquo;\u00eatre humain, procr\u00e9ation, don d\u2019organes et de tissus, fin de vie, march\u00e9 des substances d&rsquo;origine humaine) ainsi que l&rsquo;analyse des interactions entre la num\u00e9risation de la sant\u00e9 et les droits fondamentaux. Elle est notamment membre affili\u00e9e du <a href=\"https:\/\/jura.ku.dk\/cebil\/research\/inter-cebil\/\">programme InterCeBIL<\/a> de l&rsquo;Universit\u00e9 de Copenhague, membre de l&rsquo;Observatoire lnternational sur les impacts soci\u00e9taux de l\u2019IA et du num\u00e9rique (<a href=\"https:\/\/www.obvia.ca\/communaute\/audrey-lebret\">OBVIA<\/a>).&nbsp;<a href=\"https:\/\/applicationspub.unil.ch\/interpub\/noauth\/php\/Un\/UnPers.php?PerNum=1267633&amp;LanCode=8\">Profil Unisciences<\/a> (avec publications).<\/p>\n<\/div>\n<\/div>\n\n\n\n<div class=\"wp-block-columns is-layout-flex wp-container-core-columns-is-layout-9d6595d7 wp-block-columns-is-layout-flex\">\n<div class=\"wp-block-column is-vertically-aligned-top is-layout-flow wp-block-column-is-layout-flow\" style=\"flex-basis:33.33%\">\n<figure class=\"wp-block-image size-full\"><img loading=\"lazy\" decoding=\"async\" width=\"600\" height=\"600\" src=\"https:\/\/wp.unil.ch\/lsdroit\/files\/2025\/06\/fe-edited-1.jpg\" alt=\"fe\" class=\"wp-image-396\" srcset=\"https:\/\/wp.unil.ch\/lsdroit\/files\/2025\/06\/fe-edited-1.jpg 600w, https:\/\/wp.unil.ch\/lsdroit\/files\/2025\/06\/fe-edited-1-300x300.jpg 300w, https:\/\/wp.unil.ch\/lsdroit\/files\/2025\/06\/fe-edited-1-150x150.jpg 150w, https:\/\/wp.unil.ch\/lsdroit\/files\/2025\/06\/fe-edited-1-540x540.jpg 540w\" sizes=\"auto, (max-width: 600px) 100vw, 600px\" \/><\/figure>\n<\/div>\n\n\n\n<div class=\"wp-block-column is-layout-flow wp-block-column-is-layout-flow\" style=\"flex-basis:66.66%\">\n<p><strong>Prof. Fr\u00e9d\u00e9ric Erard<\/strong><\/p>\n\n\n\n<p>Fr\u00e9d\u00e9ric Erard est professeur associ\u00e9 \u00e0 la Facult\u00e9 de droit, des sciences criminelles et d\u2019administration publique (FDCA) ainsi qu\u2019\u00e0 la Facult\u00e9 de biologie et m\u00e9decine (FBM \/ Institut des humanit\u00e9s en m\u00e9decine) depuis 2024. Il est titulaire du brevet d\u2019avocat et docteur en droit. Ses domaines de sp\u00e9cialisation sont le droit m\u00e9dical, la protection des donn\u00e9es de sant\u00e9, le droit civil et la recherche sur l\u2019\u00eatre humain. Il occupe actuellement le r\u00f4le de vice-directeur de l\u2019Ecole de droit. <a href=\"https:\/\/applicationspub.unil.ch\/interpub\/noauth\/php\/Un\/UnPers.php?PerNum=1231923&amp;LanCode=37\">Profil Unisciences<\/a><a href=\"https:\/\/www.fredericerard.ch\"> (avec publications)<\/a><a href=\"https:\/\/www.fredericerard.ch\">; page personnelle<\/a><a href=\"https:\/\/www.fredericerard.ch\/\" target=\"_blank\" rel=\"noreferrer noopener\"> du Professeur Erard.<\/a><\/p>\n<\/div>\n<\/div>\n\n\n\n<h2 class=\"wp-block-heading\">Membres du Lab&rsquo;<\/h2>\n\n\n\n<p>&nbsp;<\/p>\n\n\n\n<div class=\"wp-block-columns is-layout-flex wp-container-core-columns-is-layout-9d6595d7 wp-block-columns-is-layout-flex\">\n<div class=\"wp-block-column is-vertically-aligned-top is-layout-flow wp-block-column-is-layout-flow\" style=\"flex-basis:33.33%\">\n<figure class=\"wp-block-image size-full\"><img loading=\"lazy\" decoding=\"async\" width=\"1200\" height=\"1200\" src=\"https:\/\/wp.unil.ch\/lsdroit\/files\/2025\/11\/photo-karim-lang-2.jpg\" alt=\"photo karim lang 2\" class=\"wp-image-509\" srcset=\"https:\/\/wp.unil.ch\/lsdroit\/files\/2025\/11\/photo-karim-lang-2.jpg 1200w, https:\/\/wp.unil.ch\/lsdroit\/files\/2025\/11\/photo-karim-lang-2-300x300.jpg 300w, https:\/\/wp.unil.ch\/lsdroit\/files\/2025\/11\/photo-karim-lang-2-1024x1024.jpg 1024w, https:\/\/wp.unil.ch\/lsdroit\/files\/2025\/11\/photo-karim-lang-2-150x150.jpg 150w, https:\/\/wp.unil.ch\/lsdroit\/files\/2025\/11\/photo-karim-lang-2-768x768.jpg 768w, https:\/\/wp.unil.ch\/lsdroit\/files\/2025\/11\/photo-karim-lang-2-540x540.jpg 540w, https:\/\/wp.unil.ch\/lsdroit\/files\/2025\/11\/photo-karim-lang-2-1080x1080.jpg 1080w\" sizes=\"auto, (max-width: 1200px) 100vw, 1200px\" \/><\/figure>\n<\/div>\n\n\n\n<div class=\"wp-block-column is-layout-flow wp-block-column-is-layout-flow\" style=\"flex-basis:66.66%\">\n<p><strong>Karim Lang<\/strong>, doctorant<\/p>\n\n\n\n<p>Apr\u00e8s un Bachelor en sciences criminelles, Karim Lang, s\u2019est r\u00e9orient\u00e9 vers le droit, en effectuant d\u2019abord un Master en professions judiciaires puis un Bachelor en droit. Il est actuellement assistant dipl\u00f4m\u00e9 \u00e0 la facult\u00e9 de droit de l\u2019UNIL aupr\u00e8s du Professeur Erard pour les cours de droit m\u00e9dical et de droit civil. Ayant \u00e9t\u00e9 toujours int\u00e9ress\u00e9 par les interactions entre la psychiatrie et le droit, sa th\u00e8se de doctorat porte sur les moyens juridiques permettant d\u2019assurer un suivi th\u00e9rapeutique apr\u00e8s un placement \u00e0 des fin d\u2019assistance.&nbsp;<\/p>\n<\/div>\n<\/div>\n\n\n\n<div class=\"wp-block-columns is-layout-flex wp-container-core-columns-is-layout-9d6595d7 wp-block-columns-is-layout-flex\">\n<div class=\"wp-block-column is-vertically-aligned-top is-layout-flow wp-block-column-is-layout-flow\" style=\"flex-basis:33.33%\">\n<figure class=\"wp-block-image size-full\"><img loading=\"lazy\" decoding=\"async\" width=\"360\" height=\"360\" src=\"https:\/\/wp.unil.ch\/lsdroit\/files\/2025\/06\/photo.jpg\" alt=\"photo\" class=\"wp-image-390\" srcset=\"https:\/\/wp.unil.ch\/lsdroit\/files\/2025\/06\/photo.jpg 360w, https:\/\/wp.unil.ch\/lsdroit\/files\/2025\/06\/photo-300x300.jpg 300w, https:\/\/wp.unil.ch\/lsdroit\/files\/2025\/06\/photo-150x150.jpg 150w\" sizes=\"auto, (max-width: 360px) 100vw, 360px\" \/><\/figure>\n<\/div>\n\n\n\n<div class=\"wp-block-column is-layout-flow wp-block-column-is-layout-flow\" style=\"flex-basis:66.66%\">\n<p><strong>Micka\u00ebl Repellin<\/strong>, doctorant<\/p>\n\n\n\n<p>Titulaire du brevet d&rsquo;avocat fran\u00e7ais et d&rsquo;un Master en droit de l&rsquo;environnement (Paris I et II \u2013 Sorbonne-Assas), Micka\u00ebl cumule dix ans d&rsquo;exp\u00e9rience en ONG internationales en droits de l\u2019homme et environnement \u00e0 Gen\u00e8ve. Il a notamment exerc\u00e9 comme responsable plaidoyer ONU et de formation de la soci\u00e9t\u00e9 civile. Actuellement doctorant \u00e0 l&rsquo;UNIL sous la direction de la Professeure Lebret, il \u00e9tudie les perturbateurs endocriniens en droit international de la sant\u00e9. Il assiste \u00e9galement en biodroit et droit de la sant\u00e9 num\u00e9rique \u00e0 l&rsquo;UNIL\/EPFL tout en s&rsquo;engageant dans la recherche interdisciplinaire en sant\u00e9 environnement.<\/p>\n<\/div>\n<\/div>\n\n\n\n<div class=\"wp-block-columns is-layout-flex wp-container-core-columns-is-layout-9d6595d7 wp-block-columns-is-layout-flex\">\n<div class=\"wp-block-column is-vertically-aligned-top is-layout-flow wp-block-column-is-layout-flow\" style=\"flex-basis:33.33%\">\n<figure class=\"wp-block-image size-full\"><img loading=\"lazy\" decoding=\"async\" width=\"1071\" height=\"1200\" src=\"https:\/\/wp.unil.ch\/lsdroit\/files\/2025\/10\/phozo-2-couleur-grande.jpeg\" alt=\"phozo 2 couleur grande\" class=\"wp-image-505\" srcset=\"https:\/\/wp.unil.ch\/lsdroit\/files\/2025\/10\/phozo-2-couleur-grande.jpeg 1071w, https:\/\/wp.unil.ch\/lsdroit\/files\/2025\/10\/phozo-2-couleur-grande-268x300.jpeg 268w, https:\/\/wp.unil.ch\/lsdroit\/files\/2025\/10\/phozo-2-couleur-grande-914x1024.jpeg 914w, https:\/\/wp.unil.ch\/lsdroit\/files\/2025\/10\/phozo-2-couleur-grande-768x861.jpeg 768w, https:\/\/wp.unil.ch\/lsdroit\/files\/2025\/10\/phozo-2-couleur-grande-540x605.jpeg 540w\" sizes=\"auto, (max-width: 1071px) 100vw, 1071px\" \/><\/figure>\n<\/div>\n\n\n\n<div class=\"wp-block-column is-layout-flow wp-block-column-is-layout-flow\" style=\"flex-basis:66.66%\">\n<p><strong>Ella Volz<\/strong>, doctorante<\/p>\n\n\n\n<p>Ella Volz est juriste, titulaire d\u2019un Bachelor en droit (2018\u20132021) et d\u2019un Master en en droit en professions judiciaires (2021\u20132023) d\u00e9livr\u00e9s par l\u2019Universit\u00e9 de Lausanne. Durant ses \u00e9tudes, elle a occup\u00e9 divers postes de greffi\u00e8re <em>ad hoc<\/em> aux seins de juridictions vaudoises. Elle a ensuite exerc\u00e9 en tant que greffi\u00e8re au sein de la cour civile d\u2019un tribunal d\u2019arrondissement. Actuellement, Ella est assistante doctorante affili\u00e9e \u00e0 l\u2019Institut des humanit\u00e9s en m\u00e9decine (IHM \u2013 CHUV) pour les professeurs Fr\u00e9d\u00e9ric Erard et Audrey Lebret. Sa th\u00e8se de doctorat en droit porte sur le droit \u00e0 la fin de vie des patients mineurs sous l\u2019angle du droit suisse.&nbsp;<\/p>\n<\/div>\n<\/div>\n\n\n\n<div class=\"wp-block-columns is-layout-flex wp-container-core-columns-is-layout-9d6595d7 wp-block-columns-is-layout-flex\">\n<div class=\"wp-block-column is-vertically-aligned-top is-layout-flow wp-block-column-is-layout-flow\" style=\"flex-basis:33.33%\">\n<figure class=\"wp-block-gallery has-nested-images columns-default is-cropped wp-block-gallery-1 is-layout-flex wp-block-gallery-is-layout-flex\">\n<figure class=\"wp-block-image size-full\"><img loading=\"lazy\" decoding=\"async\" width=\"1024\" height=\"1024\" data-id=\"514\" src=\"https:\/\/wp.unil.ch\/lsdroit\/files\/2025\/11\/dgo_portrait_cbe.jpg\" alt=\"dgo portrait cbe\" class=\"wp-image-514\" srcset=\"https:\/\/wp.unil.ch\/lsdroit\/files\/2025\/11\/dgo_portrait_cbe.jpg 1024w, https:\/\/wp.unil.ch\/lsdroit\/files\/2025\/11\/dgo_portrait_cbe-300x300.jpg 300w, https:\/\/wp.unil.ch\/lsdroit\/files\/2025\/11\/dgo_portrait_cbe-150x150.jpg 150w, https:\/\/wp.unil.ch\/lsdroit\/files\/2025\/11\/dgo_portrait_cbe-768x768.jpg 768w, https:\/\/wp.unil.ch\/lsdroit\/files\/2025\/11\/dgo_portrait_cbe-540x540.jpg 540w\" sizes=\"auto, (max-width: 1024px) 100vw, 1024px\" \/><\/figure>\n<\/figure>\n<\/div>\n\n\n\n<div class=\"wp-block-column is-layout-flow wp-block-column-is-layout-flow\" style=\"flex-basis:66.66%\">\n<p><strong>Charlotte Beck<\/strong>, charg\u00e9e de recherche<\/p>\n\n\n\n<p>Charlotte Beck est titulaire d&rsquo;un Bachelor en droit ainsi que d&rsquo;un Master en droit conjoint des Universit\u00e9s de Lausanne et Z\u00fcrich. Apr\u00e8s avoir \u00e9volu\u00e9 5 ans comme juriste dans une soci\u00e9t\u00e9 pharmaceutique, elle est actuellement consultante dans un soci\u00e9t\u00e9 de conseil en protection des donn\u00e9es. Pr\u00e9sidente de&nbsp;swissprivacy.law&nbsp;depuis juillet 2025, elle charg\u00e9e de recherche aupr\u00e8s de l&rsquo;Universit\u00e9 de Lausanne, travaillant avec le Professeur Erard.<\/p>\n<\/div>\n<\/div>\n\n\n\n<h2 class=\"wp-block-heading\">Chercheurs et chercheuses affili\u00e9\u00b7e\u00b7s au Lab&rsquo;<\/h2>\n\n\n\n<div class=\"wp-block-columns is-layout-flex wp-container-core-columns-is-layout-9d6595d7 wp-block-columns-is-layout-flex\">\n<div class=\"wp-block-column is-vertically-aligned-top is-layout-flow wp-block-column-is-layout-flow\" style=\"flex-basis:33.33%\">\n<figure class=\"wp-block-gallery has-nested-images columns-default is-cropped wp-block-gallery-2 is-layout-flex wp-block-gallery-is-layout-flex\">\n<figure class=\"wp-block-image size-large\"><img loading=\"lazy\" decoding=\"async\" width=\"1024\" height=\"1024\" data-id=\"455\" src=\"https:\/\/wp.unil.ch\/lsdroit\/files\/2025\/09\/junod_valerie-1-1024x1024.jpg\" alt=\"junod valerie 1\" class=\"wp-image-455\" srcset=\"https:\/\/wp.unil.ch\/lsdroit\/files\/2025\/09\/junod_valerie-1-1024x1024.jpg 1024w, https:\/\/wp.unil.ch\/lsdroit\/files\/2025\/09\/junod_valerie-1-300x300.jpg 300w, https:\/\/wp.unil.ch\/lsdroit\/files\/2025\/09\/junod_valerie-1-150x150.jpg 150w, https:\/\/wp.unil.ch\/lsdroit\/files\/2025\/09\/junod_valerie-1-768x768.jpg 768w, https:\/\/wp.unil.ch\/lsdroit\/files\/2025\/09\/junod_valerie-1-540x540.jpg 540w, https:\/\/wp.unil.ch\/lsdroit\/files\/2025\/09\/junod_valerie-1-1080x1080.jpg 1080w, https:\/\/wp.unil.ch\/lsdroit\/files\/2025\/09\/junod_valerie-1.jpg 1200w\" sizes=\"auto, (max-width: 1024px) 100vw, 1024px\" \/><\/figure>\n<\/figure>\n<\/div>\n\n\n\n<div class=\"wp-block-column is-layout-flow wp-block-column-is-layout-flow\" style=\"flex-basis:66.66%\">\n<p><strong>Prof. Val\u00e9rie Junod<\/strong><\/p>\n\n\n\n<p>Val\u00e9rie Junod est Professeure titulaire \u00e0 la Facult\u00e9 de droit de l\u2019Universit\u00e9 de Gen\u00e8ve o\u00f9 elle enseigne le droit pharmaceutique au niveau master et \u00e9galement Professeure ordinaire \u00e0 Facult\u00e9 des HEC de l\u2019Universit\u00e9 de Lausanne o\u00f9 elle enseigne le droit des affaires, le droit des obligations et le droit de l\u2019innovation. Elle est l\u2019auteure de tr\u00e8s nombreuses publications dans ses domaines d&rsquo;activit\u00e9.<\/p>\n<\/div>\n<\/div>\n\n\n\n<div class=\"wp-block-columns is-layout-flex wp-container-core-columns-is-layout-9d6595d7 wp-block-columns-is-layout-flex\"><\/div>\n\n\n\n<p><\/p>\n","protected":false},"excerpt":{"rendered":"<p>Direction Prof. Audrey Lebret Audrey Lebret est professeure associ\u00e9e \u00e0 l\u2019Universit\u00e9 de Lausanne depuis 2024, titulaire de la Chaire en droit du vivant et sant\u00e9 num\u00e9rique. Elle est&hellip;<\/p>\n","protected":false},"author":1002336,"featured_media":0,"parent":0,"menu_order":0,"comment_status":"closed","ping_status":"closed","template":"template-full-width.php","meta":{"_seopress_robots_primary_cat":"","_seopress_titles_title":"","_seopress_titles_desc":"","_seopress_robots_index":"","footnotes":""},"class_list":["post-199","page","type-page","status-publish","has-post-thumbnail"],"_links":{"self":[{"href":"https:\/\/wp.unil.ch\/lsdroit\/wp-json\/wp\/v2\/pages\/199","targetHints":{"allow":["GET"]}}],"collection":[{"href":"https:\/\/wp.unil.ch\/lsdroit\/wp-json\/wp\/v2\/pages"}],"about":[{"href":"https:\/\/wp.unil.ch\/lsdroit\/wp-json\/wp\/v2\/types\/page"}],"author":[{"embeddable":true,"href":"https:\/\/wp.unil.ch\/lsdroit\/wp-json\/wp\/v2\/users\/1002336"}],"replies":[{"embeddable":true,"href":"https:\/\/wp.unil.ch\/lsdroit\/wp-json\/wp\/v2\/comments?post=199"}],"version-history":[{"count":5,"href":"https:\/\/wp.unil.ch\/lsdroit\/wp-json\/wp\/v2\/pages\/199\/revisions"}],"predecessor-version":[{"id":544,"href":"https:\/\/wp.unil.ch\/lsdroit\/wp-json\/wp\/v2\/pages\/199\/revisions\/544"}],"wp:attachment":[{"href":"https:\/\/wp.unil.ch\/lsdroit\/wp-json\/wp\/v2\/media?parent=199"}],"curies":[{"name":"wp","href":"https:\/\/api.w.org\/{rel}","templated":true}]}}