{"id":754,"date":"2014-02-03T17:41:03","date_gmt":"2014-02-03T16:41:03","guid":{"rendered":"http:\/\/wp.unil.ch\/lsc\/?page_id=754"},"modified":"2023-08-28T21:41:30","modified_gmt":"2023-08-28T19:41:30","slug":"laurence-schneider","status":"publish","type":"page","link":"https:\/\/wp.unil.ch\/lsc\/people\/laurence-schneider\/","title":{"rendered":"Schneider Laurence"},"content":{"rendered":"<p><a href=\"https:\/\/wp.unil.ch\/lsc\/files\/2014\/02\/dnc-schneider-laurence.jpg\"><img loading=\"lazy\" decoding=\"async\" class=\"alignnone  wp-image-1106\" src=\"https:\/\/wp.unil.ch\/lsc\/files\/2014\/02\/dnc-schneider-laurence.jpg\" alt=\"dnc-schneider-laurence\" width=\"121\" height=\"167\" \/><\/a><\/p>\n<p><a href=\"https:\/\/www.chuv.ch\/neurosciences\/dnc_home\/dnc-le-departement-en-bref\/dnc-bref-collaborateurs-liste.htm\" target=\"_blank\" rel=\"noopener\"><strong>Laurence Schneider<\/strong><\/a><br \/>\nPsychologue associ\u00e9e, Logop\u00e9diste<br \/>\nService de neuropsychologie et neuror\u00e9habilitation<\/p>\n","protected":false},"excerpt":{"rendered":"<p>Laurence Schneider Psychologue associ\u00e9e, Logop\u00e9diste Service de neuropsychologie et neuror\u00e9habilitation<\/p>\n","protected":false},"author":1410,"featured_media":0,"parent":23,"menu_order":0,"comment_status":"closed","ping_status":"closed","template":"","meta":{"_seopress_robots_primary_cat":"","_seopress_titles_title":"","_seopress_titles_desc":"","_seopress_robots_index":"","footnotes":""},"class_list":["post-754","page","type-page","status-publish","has-post-thumbnail"],"_links":{"self":[{"href":"https:\/\/wp.unil.ch\/lsc\/wp-json\/wp\/v2\/pages\/754","targetHints":{"allow":["GET"]}}],"collection":[{"href":"https:\/\/wp.unil.ch\/lsc\/wp-json\/wp\/v2\/pages"}],"about":[{"href":"https:\/\/wp.unil.ch\/lsc\/wp-json\/wp\/v2\/types\/page"}],"author":[{"embeddable":true,"href":"https:\/\/wp.unil.ch\/lsc\/wp-json\/wp\/v2\/users\/1410"}],"replies":[{"embeddable":true,"href":"https:\/\/wp.unil.ch\/lsc\/wp-json\/wp\/v2\/comments?post=754"}],"version-history":[{"count":0,"href":"https:\/\/wp.unil.ch\/lsc\/wp-json\/wp\/v2\/pages\/754\/revisions"}],"up":[{"embeddable":true,"href":"https:\/\/wp.unil.ch\/lsc\/wp-json\/wp\/v2\/pages\/23"}],"wp:attachment":[{"href":"https:\/\/wp.unil.ch\/lsc\/wp-json\/wp\/v2\/media?parent=754"}],"curies":[{"name":"wp","href":"https:\/\/api.w.org\/{rel}","templated":true}]}}