{"id":1619,"date":"2023-08-21T16:17:29","date_gmt":"2023-08-21T14:17:29","guid":{"rendered":"https:\/\/wp.unil.ch\/lsc\/?page_id=1619"},"modified":"2023-10-10T15:40:52","modified_gmt":"2023-10-10T13:40:52","slug":"society-neuroscience","status":"publish","type":"page","link":"https:\/\/wp.unil.ch\/lsc\/society-neuroscience\/","title":{"rendered":"Society &amp; neuroscience"},"content":{"rendered":"\n<h2 class=\"wp-block-heading\"><strong>Brain, Mind and Human Identity<\/strong><\/h2>\n\n\n\n<p>Brain function is intimately linked to human identity. Highly evolved cognitive functions differentiate us from non-human species. They rely on complex neural networks, which are fine-tuned throughout life by exposure to specific stimuli, focused training and other interventions. Human identity is constituted by the interplay of cognitive fonctions and culture. Neuroscience contributes to our understanding who we are and is thus of high interest to the general public. Over the last 20 years we have participated in this debate, including with the following interventions:<\/p>\n\n\n\n<p><em>Stephanie Clarke: Is it all in the brain? <a href=\"https:\/\/www.faraday.cam.ac.uk\/resources\/multimedia\/is-it-all-in-the-brain\/\">Is it all in the brain? | Faraday (cam.ac.uk)<\/a> Lecture given at the summer course 2019 at The Faraday Institute for Science and Religion, Cambridge, UK<\/em><\/p>\n\n\n\n<p><em>Stephanie Clarke: Is the human brain hard-wired for faith? <a href=\"https:\/\/www.faraday.cam.ac.uk\/resources\/multimedia\/is-the-human-brain-hard-wired-for-faith\/\">Is the Human Brain Hard-Wired for Faith? | Faraday (cam.ac.uk)<\/a> Lecture given at the summer course 2018 at The Faraday Institute for Science and Religion, Cambridge, UK<\/em><\/p>\n\n\n\n<p><em>Stephanie Clarke: L\u2019\u00e2me face aux neurosciences <a href=\"https:\/\/www.youtube.com\/watch?v=hoqhdpO8v4A\">L\u2019\u00e2me face aux neurosciences par Stephanie Clarke &#8211; YouTube<\/a>. Conf\u00e9rence donn\u00e9e en 2022 lors du congr\u00e8s \u00ab&nbsp;Penser l\u2019\u00e2me au temps de son \u00e9clipse. Les ressources de l\u2019anthropologie chr\u00e9tienne&nbsp;\u00bb, Universit\u00e9 Catholique de Lyon, France<\/em><\/p>\n\n\n\n<h2 class=\"wp-block-heading\"><strong>Radio &amp; TV broadcasts<\/strong><\/h2>\n\n\n\n<h3 class=\"wp-block-heading\" id=\"radiosonia\"><a href=\"https:\/\/wp.unil.ch\/lsc\/people\/dr-sonia-crottaz-herbette\/\" data-type=\"page\" data-id=\"48\">Sonia Crottaz-Herbette<\/a><\/h3>\n\n\n\n<p>Rencontre avec Sonia-Crottaz-Herbette, \u00e9mission CQFD 2020 <a href=\"https:\/\/www.rts.ch\/audio-podcast\/2020\/audio\/rencontre-avec-sonia-crottaz-herbette-une-specialiste-du-cerveau-stanford-l-histoire-d-une-experience-biaisee-25136011.html\">Rencontre avec Sonia Crottaz-Herbette, une sp\u00e9cialiste du cerveau-Stanford, l&rsquo;histoire d&rsquo;une exp\u00e9rience biais\u00e9e &#8211; rts.ch &#8211; Portail Audio<\/a><\/p>\n\n\n\n<h3 class=\"wp-block-heading\" id=\"radiostephanie\"><a href=\"https:\/\/wp.unil.ch\/lsc\/people\/prof-stephanie-clarke\/\" data-type=\"page\" data-id=\"756\">Stephanie Clarke<\/a><\/h3>\n\n\n\n<p>Le point sur 10 ans de neuror\u00e9habilitation, \u00e9mission CQFD (2023) <a href=\"https:\/\/pages.rts.ch\/la-1ere\/programmes\/cqfd\/13769601-le-point-sur-10-ans-de-neurorehabilitation-23-02-2023.html?mediaShare=1\">Le point sur 10 ans de neuror\u00e9habilitation &#8211; RTS.ch<\/a><\/p>\n\n\n\n<p>T\u00eates au foot et l\u00e9sions c\u00e9r\u00e9brales, \u00e9mission 36.9 (2022) <a href=\"https:\/\/avisdexperts.ch\/videos\/view\/15422\">Avis dexperts<\/a><\/p>\n\n\n\n<p>Zoom sur la neuror\u00e9habilitation post-COVID-19, \u00e9mission CQFD (2020) <a href=\"https:\/\/avisdexperts.ch\/videos\/view\/11417\">Avis dexperts<\/a><\/p>\n\n\n\n<p>Bruit, le silence est pire, \u00e9mission 19h30 (1019) <a href=\"https:\/\/avisdexperts.ch\/videos\/view\/9804\">Avis dexperts<\/a><\/p>\n\n\n\n<p>Quand les sympt\u00f4mes de la commotion c\u00e9r\u00e9brale persistent, \u00e9mission CQFD 2018 <a href=\"https:\/\/avisdexperts.ch\/videos\/view\/8323\">Avis dexperts<\/a><\/p>\n\n\n\n<p>Musique et cerveau&nbsp;: les c\u00e2blage neurologiques, \u00e9mission CQFD (2016) <a href=\"https:\/\/avisdexperts.ch\/videos\/view\/5074\">Avis dexperts<\/a><\/p>\n\n\n\n<p>Rencontre avec Stephanie Clarke, \u00e9mission CQFD (2014) <a href=\"https:\/\/avisdexperts.ch\/videos\/view\/3126\">Avis dexperts<\/a><\/p>\n","protected":false},"excerpt":{"rendered":"<p>Brain, Mind and Human Identity Brain function is intimately linked to human identity. Highly evolved cognitive functions differentiate us from non-human species. They rely on complex neural networks,&hellip;<\/p>\n","protected":false},"author":1002661,"featured_media":0,"parent":0,"menu_order":0,"comment_status":"closed","ping_status":"closed","template":"","meta":{"_seopress_robots_primary_cat":"","_seopress_titles_title":"","_seopress_titles_desc":"","_seopress_robots_index":"","footnotes":""},"class_list":["post-1619","page","type-page","status-publish","has-post-thumbnail"],"_links":{"self":[{"href":"https:\/\/wp.unil.ch\/lsc\/wp-json\/wp\/v2\/pages\/1619","targetHints":{"allow":["GET"]}}],"collection":[{"href":"https:\/\/wp.unil.ch\/lsc\/wp-json\/wp\/v2\/pages"}],"about":[{"href":"https:\/\/wp.unil.ch\/lsc\/wp-json\/wp\/v2\/types\/page"}],"author":[{"embeddable":true,"href":"https:\/\/wp.unil.ch\/lsc\/wp-json\/wp\/v2\/users\/1002661"}],"replies":[{"embeddable":true,"href":"https:\/\/wp.unil.ch\/lsc\/wp-json\/wp\/v2\/comments?post=1619"}],"version-history":[{"count":0,"href":"https:\/\/wp.unil.ch\/lsc\/wp-json\/wp\/v2\/pages\/1619\/revisions"}],"wp:attachment":[{"href":"https:\/\/wp.unil.ch\/lsc\/wp-json\/wp\/v2\/media?parent=1619"}],"curies":[{"name":"wp","href":"https:\/\/api.w.org\/{rel}","templated":true}]}}