{"id":353,"date":"2013-10-07T18:27:34","date_gmt":"2013-10-07T16:27:34","guid":{"rendered":"http:\/\/wp.unil.ch\/lsc\/?page_id=353"},"modified":"2016-07-03T09:14:28","modified_gmt":"2016-07-03T07:14:28","slug":"dr-sonia-crottaz-herbette","status":"publish","type":"page","link":"https:\/\/wp.unil.ch\/lsc\/en\/350-2\/dr-sonia-crottaz-herbette\/","title":{"rendered":"Crottaz-Herbette Sonia, PhD."},"content":{"rendered":"<p><img alt=\"\" loading=\"lazy\" decoding=\"async\" class=\"size-full wp-image-312 alignleft\" src=\"https:\/\/wp.unil.ch\/lsc\/files\/2013\/10\/sonia3.png\" alt=\"\" width=\"208\" height=\"259\" \/><span style=\"color: #0000ff\"><strong>Clinical Research Scientist<\/strong><\/span><\/p>\n<p style=\"text-align: justify;padding-left: 240px\">Sonia\u00a0<i>dot\u00a0<\/i>Crottaz-Herbette <i>at<\/i> chuv <i>dot<\/i> ch<\/p>\n<p style=\"text-align: justify;padding-left: 240px\"><em><strong><span style=\"color: #3366ff\">\u00a0<span style=\"color: #0000ff\">Background<\/span><\/span><\/strong><\/em><\/p>\n<p><span style=\"color: #000000\">Post-doc at the <a href=\"https:\/\/scsnl.stanford.edu\/\"><span style=\"color: #000000\">Stanford University, Medical School Cognitive &amp; Systems Neuroscience Lab<\/span><\/a><br \/>\n<\/span><\/p>\n<p>PhD in Neurosciences and Psychology,<br \/>\nUniversity of Geneva and University of Paris Pierre et Marie Curie<\/p>\n<p><span style=\"color: #ff0000\"><strong><em>Research interests<\/em><\/strong><\/span><\/p>\n<p><i>Brain plasticity, Stroke lesions, Visual neglect, Prismatic adaptation<\/i><\/p>\n<p><i>Functional MRI, DSI, Resting state fMRI, EEG<\/i><i><\/i><\/p>\n<p><span style=\"color: #ff0000\"><strong><i>Current projects<\/i><\/strong><\/span><\/p>\n<p><strong><a href=\"https:\/\/wp.unil.ch\/lsc\/en\/projets\/cerebral-plasticity-following-prismatic-adaptation\/\">Cerebral plasticity following prismatic adaptation<\/a><\/strong><\/p>\n<p><strong><a href=\"https:\/\/wp.unil.ch\/lsc\/en\/projets\/near-and-far-visual-processing-in-neglect-patients\/\">Near and far visual processing in neglect patients<\/a><\/strong><\/p>\n<p><strong><a href=\"https:\/\/wp.unil.ch\/lsc\/projects\/structural-and-functional-connectivity\/\">Structural and functional connectivity<\/a><\/strong><\/p>\n<p><span style=\"line-height: 1.625\"><strong><span style=\"color: #0000ff\"><i><span style=\"color: #ff0000\">Current\u00a0collaborators on my projects<\/span><br \/>\n<\/i><\/span><\/strong><\/span><\/p>\n<p><span style=\"line-height: 1.625\">Pia De Stefano,\u00a0Doctoral MD student, Faculty of Biology and Medecine, Lausanne University<\/span><\/p>\n<p>Manon Durand-Ruel, EPFL Life sciences, Master student, trainee<\/p>\n<p><span style=\"line-height: 1.625\">Mona Elamly, Master student, Faculty of Biology and Medecine, Lausanne University<\/span><\/p>\n<p>Louis <span lang=\"FR\">Gudmundsson<\/span>, Doctoral MD student, Faculty of Biology and Medecine, Lausanne University<\/p>\n<p>Sara Louren\u00e7o Pereira,\u00a0Master student, Faculty of Biology and Medecine, Lausanne University<\/p>\n<p>Melissa Pochon,\u00a0Master student, Faculty of Biology and Medecine, Lausanne University<\/p>\n<p><span style=\"color: #3366ff\"><a style=\"color: #3366ff\" href=\"https:\/\/wp.unil.ch\/lsc\/en\/350-2\/isabel-tissieres\/\">Isabel Tissi\u00e8res, PhD student Lemanic Neuroscience doctoral school<\/a><\/span><\/p>\n<p><span style=\"color: #3366ff\"><a style=\"color: #3366ff\" href=\"https:\/\/wp.unil.ch\/lsc\/en\/350-2\/prof-stephanie-clarke\/\">Stephanie Clarke, Professor, Head of the Neuropsychology and Neurorehabilitation Clinic Centre Hospitalier Universitaire Vaudois<\/a><\/span><\/p>\n<p><span style=\"color: #ff0000\"><strong><strong><i>Awards and Grants<\/i><\/strong><\/strong><\/span><\/p>\n<ul style=\"text-align: justify\">\n<li>Biaggi Foundation, Lausanne, 2016-2018<\/li>\n<li>Biaggi Foundation, Lausanne, 2012-2013<\/li>\n<li>Marie Heim-Vogtlin Fellowship, Swiss National Science Foundation, 2010-2012<\/li>\n<li>University of California San Francisco, UCSF, Clinical research award Pain Day 2005.<\/li>\n<li>Stanford University Research Award Department of Anesthesia, 2005.<\/li>\n<li>Swiss National Science Foundation, Fellowship for young researcher, 2001<\/li>\n<li>Medical Research Foundation Fellowship, Paris, 2000<\/li>\n<li>Research Fellowship, Graduate School of the Faculty of Psychology, Geneva, 1997-2000<\/li>\n<\/ul>\n<p style=\"text-align: justify\"><span style=\"color: #ff0000\"><strong><i>Publications<\/i><\/strong><\/span><\/p>\n<ul style=\"text-align: justify\">\n<li><strong>Crottaz-Herbette, S<\/strong>., Bindschaedler, C., Manzoni, L., Fornari, E. and Clarke, S. (Submitted) Left hemisphere provides compensatory mechanisms in neglect: fMRI evidence from prismatic adaptation intervention.<\/li>\n<li>Clarke, S. and\u00a0<strong>Crottaz-Herbette,<\/strong>\u00a0S. (2016) Modulation of visual attention by prismatic adaptation. <u>Neuropsychologia<\/u>, Jun 21. pii: S0028-3932(16)30221-4.<\/li>\n<li>\n<div class=\"supp\">Anken J, Knebel JF, <strong>Crottaz-Herbette S<\/strong>, Matusz PJ, Lefebvre J, Murray MM. <span class=\"jrnl\" title=\"NeuroImage\">Neuroimage<\/span>. (2016) Apr 1;129:335-44.<\/div>\n<\/li>\n<li><b>Clarke<\/b> S, Bindschaedler C, <strong>Crottaz-Herbette S.<\/strong> (2015) Impact of cognitive neuroscience on stroke rehabiliation. <span style=\"text-decoration: underline\"><span title=\"Stroke; a journal of cerebral circulation\">Stroke<\/span><\/span>. May;46(5):1408-13.<\/li>\n<li><strong>Crottaz-Herbette, S.<\/strong>, Fornari, E., and Clarke, S. (2014) Prismatic adaptation changes visuo-spatial representation in the inferior parietal lobule. <span style=\"text-decoration: underline\">Journal of Neuroscience<\/span>, Aug 27;34(35):11803-11.<\/li>\n<li>Tzabazis, A.Z., Klukinov, M., <strong>Crottaz-Herbette, S.<\/strong>, Nemenov, M.I., Angst, M.S., and Yeomans, D.C. (2011) <a href=\"https:\/\/www.ncbi.nlm.nih.gov\/pubmed\/21426575\"><span style=\"color: #000000\">Selective nociceptor activation in volunteers by infrared diode laser<\/span>.<\/a> <span style=\"text-decoration: underline\">Molecular Pain<\/span>. Mar 22;7:18.<\/li>\n<li>Chang, C., <strong>Crottaz-Herbette, S.<\/strong> and Menon, V. (2007) Temporal dynamics of basal ganglia response and connectivity during verbal working memory. <span style=\"text-decoration: underline\">Neuroimage<\/span>. Feb 1;34(3):1253-1269.<\/li>\n<li><strong>Crottaz-Herbette, S<\/strong><b>.<\/b> and Menon, V. (2006) Where and when the anterior cingulate cortex modulates attentional response: Combined fMRI and ERP evidence. <span style=\"text-decoration: underline\">Journal of Cognitive Neuroscience<\/span>, 18, 766-780.<\/li>\n<li><strong>Crottaz-Herbette, S.<\/strong>, Lau, K.M., Glover, G.H. and Menon, V. (2005). Hippocampal involvement in detection of deviant auditory and visual stimuli. <span style=\"text-decoration: underline\">Hippocampus<\/span>, 15(1), 132-139.<b><\/b><\/li>\n<li>Srivastava, G., <strong>Crottaz-Herbette, S.<\/strong>, Lau, K.M., Glover, G.H. and Menon, V. (2005). ICA-based procedures for removing ballistocardiogram artifacts from EEG data acquired in the MRI scanner. <span style=\"text-decoration: underline\">NeuroImage<\/span><strong>, <\/strong>Jan 1; 24(1):50-60.<\/li>\n<li><strong>Crottaz-Herbette, S.<\/strong>, Anagnoson, R.T. and Menon, V. (2004) Modality effects in verbal working memory: differential prefrontal and parietal responses to auditory and visual stimuli. Neuroimage, 21,1, 340-351<\/li>\n<li>Ragot R., <strong>Crottaz-Herbette, S.<\/strong> and Renault B. (2000) Int\u00e9r\u00eat de la Magn\u00e9toenc\u00e9phalographie (MEG) et de l&#8217;Electroenc\u00e9phalographie (EEG) dans l&#8217;Etude de l&#8217;Audition. In : Y. Christen, L. Collet &amp; M.T. Droy-Lefaix (Eds) Rencontres Ipsen en ORL, Tome 4, 119-124. Irvin Press, Paris.<\/li>\n<li><strong>Crottaz-Herbette, S.<\/strong> and Ragot, R. (2000). Perception of complex sounds: N1 latency codes pitch and topography codes spectra. Clinical Neurophysiology, 111(10), 1759-1766.<\/li>\n<li>Ragot, R. and <strong>Crottaz, S.<\/strong> (1999).\u00a0 Analyse \u00e9lectrophysiologique de la r\u00e9ponse du cortex auditif \u00e0 la hauteur tonale et spectrale des sons complexes. Cahiers de l\u2019Audition<i>,<\/i> 12, 48-50.<\/li>\n<li>Ragot, R. and <strong>Crottaz, S. <\/strong>(1998). A dual mechanism for sound pitch perception: new evidence from brain electrophysiology. Neuroreport, 9, 3123-3127.<\/li>\n<\/ul>\n<p style=\"text-align: justify\"><span style=\"color: #ff0000\"><strong><i>Book chapter<\/i><\/strong><\/span><\/p>\n<ul style=\"text-align: justify\">\n<li>Menon, V. and <b>Crottaz-Herbette, S.<\/b> (2005). Combined EEG and fMRI studies of human brain function, International Review of Neurobiology, Neuroimaging, 66, 291-321, Elsevier.<\/li>\n<\/ul>\n<p><span style=\"color: #ff0000\"><em><strong>Poster presentations<\/strong><\/em><\/span><\/p>\n<ul style=\"text-align: justify\">\n<li>Tissi\u00e8res I., Fornari E., Clarke S. and <strong>Crottaz-Herbette, S<\/strong>. (2016) Modulation of the auditory space representations by prismatic adaptation. OHBM Geneva.<\/li>\n<li>Da Costa S., Tissi\u00e8res I., Rapin P.-A., Fornari E., Van der Zwaag W., Meuli R., Clarke S. , \u00a0<strong>Crottaz-Herbette S.<\/strong> (2016) Postlesional plasticity of tonotopic maps in primary auditory cortex. OHBM Geneva. (2016) Modulation of the auditory space representations by prismatic adaptation. OHBM Geneva.<\/li>\n<li><strong>Crottaz-Herbette, S<\/strong>., Bindschaedler, C, Fornari, E. and Clarke, S. (2014) Prismatic adaptation changes visuo-spatial representation in parietal cortex in normal subjects and neglect patients. World Congress of Neurorehabilitation, Istanbul.<\/li>\n<li>Clarke, S., At, A., Cammoun, L., <strong>Crottaz-Herbette, S.<\/strong> (2012). Processing streams, plasticity and cognitive rehabilitation. 7th World Congress for NeuroRehabilitation, Melbourne, Australia.<b><\/b><\/li>\n<li><strong>Crottaz-Herbette, S.<\/strong>, Nemenov, M., Klyukinov, M., Greenspan, J. and Yeomans, D.C. (2005). Selective activation of A versus C nociceptors by infrared diode laser in humans: A combined evoked potentials and fMRI study. Society for Neuroscience Meeting, Washington.<\/li>\n<li><strong>Crottaz-Herbette, S.<\/strong>, Nemenov, M., Angst, M., Klyukinov, M., Cuellar, J.M., Yeomans, D.C. (2005) Selective activation of C vs. A nociceptors by infrared diode laser stimuli in humans\u00a0: An evoked potential study. International Association for the Study of Pain, IASP Sydney Meeting.<\/li>\n<li>Nemenov, M., Greenspan, J., <strong>Crottaz-Herbette, S.<\/strong>, Cuellar, J.M., Yeomans, D.C. (2005). Pricking pain vs. burning pain selectively evoked by infrared diode laser stimulation. International Association for the Study of Pain, IASP Sydney Meeting.<\/li>\n<li><strong>Crottaz-Herbette, S.<\/strong>, Klyukinov, M., Yeomans, D.C., Greenspan, J. and Nemenov, M. (2005). Differential activation of C or A nociceptors by infrared diode laser in humans: Psychophysics and physiology. American Pain Society Meeting, Boston.<\/li>\n<li><strong>Crottaz-Herbette, S.<\/strong> and Menon, V. (2004) Early, modality-specific, attentional modulation by the anterior cingulate cortex: Complementary evidence from fMRI and ERP, Society for Neuroscience Meeting, San Diego.<\/li>\n<li><strong>Crottaz-Herbette, S.<\/strong>, Lau, K.M., Glover, G.H.\u00a0 and Menon, V. (2004). Hippocampal role in detection of auditory and visual deviant stimuli. Cognitive Neuroscience Society Meeting, San Francisco.<\/li>\n<li>Srivastava, G., <strong>Crottaz-Herbette, S.<\/strong>, Lau, K.M., Glover, G.H., Menon, V. (2003). Simultaneous EEG\/fMRI at 3T: Acquisition, Artifact removal and Signal Detection. Bio-X Interdisciplinary Initiatives Symposium, James H. Clark Center Auditorium, Stanford University, Stanford, CA.<\/li>\n<li><strong>Crottaz-Herbette, S.<\/strong>, Anagnoson, R. and Menon, V. (2002). Double dissociation between prefrontal and parietal cortex activation during auditory versus visual working memory, Cognitive Neuroscience meeting, San Francisco. Journal of Cognitive Neuroscience, C89 Suppl.<\/li>\n<li>Ragot, R. and <strong>Crottaz-Herbette, S. <\/strong>(2001). Place coding of sound spectrum vs. latency coding of periodicity pitch. International Journal of Psychophysiology, 41 (3): 221-221.<\/li>\n<li><strong>Crottaz-Herbette, S.<\/strong> and Ragot, R. (2000). Auditory attentional mechanisms in neglect: An ERP study. Journal of Cognitive Neuroscience, 82C Suppl.<\/li>\n<li><strong>Crottaz, S.,<\/strong> Ragot, R. and Renault, B. (1999). A dual mechanism for auditory pitch perception: new evidence from brain electrophysiology. International Journal of Psychophysiology, 33 (1): 95.<\/li>\n<\/ul>\n<p><b><i>\u00a0<\/i><\/b><\/p>\n","protected":false},"excerpt":{"rendered":"<p>Clinical Research Scientist Sonia\u00a0dot\u00a0Crottaz-Herbette at chuv dot ch \u00a0Background Post-doc at the Stanford University, Medical School Cognitive &amp; Systems Neuroscience Lab PhD in Neurosciences and Psychology, University of&hellip;<\/p>\n","protected":false},"author":1410,"featured_media":0,"parent":350,"menu_order":2,"comment_status":"closed","ping_status":"closed","template":"","meta":{"_seopress_robots_primary_cat":"","_seopress_titles_title":"","_seopress_titles_desc":"","_seopress_robots_index":"","footnotes":""},"class_list":["post-353","page","type-page","status-publish","has-post-thumbnail"],"_links":{"self":[{"href":"https:\/\/wp.unil.ch\/lsc\/en\/wp-json\/wp\/v2\/pages\/353","targetHints":{"allow":["GET"]}}],"collection":[{"href":"https:\/\/wp.unil.ch\/lsc\/en\/wp-json\/wp\/v2\/pages"}],"about":[{"href":"https:\/\/wp.unil.ch\/lsc\/en\/wp-json\/wp\/v2\/types\/page"}],"author":[{"embeddable":true,"href":"https:\/\/wp.unil.ch\/lsc\/en\/wp-json\/wp\/v2\/users\/1410"}],"replies":[{"embeddable":true,"href":"https:\/\/wp.unil.ch\/lsc\/en\/wp-json\/wp\/v2\/comments?post=353"}],"version-history":[{"count":0,"href":"https:\/\/wp.unil.ch\/lsc\/en\/wp-json\/wp\/v2\/pages\/353\/revisions"}],"up":[{"embeddable":true,"href":"https:\/\/wp.unil.ch\/lsc\/en\/wp-json\/wp\/v2\/pages\/350"}],"wp:attachment":[{"href":"https:\/\/wp.unil.ch\/lsc\/en\/wp-json\/wp\/v2\/media?parent=353"}],"curies":[{"name":"wp","href":"https:\/\/api.w.org\/{rel}","templated":true}]}}