{"id":333,"date":"2014-01-27T13:12:08","date_gmt":"2014-01-27T12:12:08","guid":{"rendered":"http:\/\/wp.unil.ch\/lsc\/?page_id=333"},"modified":"2017-12-22T14:50:52","modified_gmt":"2017-12-22T13:50:52","slug":"dr-eveline-geiser-2","status":"publish","type":"page","link":"https:\/\/wp.unil.ch\/lsc\/en\/350-2\/dr-eveline-geiser-2\/","title":{"rendered":"Geiser Eveline, PD PhD"},"content":{"rendered":"<p><a href=\"https:\/\/wp.unil.ch\/lsc\/files\/2014\/02\/ABIM-2014-SWR-049-PS.jpg\"><img alt=\"\" loading=\"lazy\" decoding=\"async\" class=\"wp-image-1456 alignleft\" src=\"https:\/\/wp.unil.ch\/lsc\/files\/2014\/02\/ABIM-2014-SWR-049-PS-247x300.jpg\" alt=\"\" width=\"178\" height=\"214\" \/><\/a><span style=\"color: #0000ff\"><i><strong><em>Lecture <\/em><\/strong><\/i><\/span><\/p>\n<p>Centre Hospitalier Universitaire Vaudois (CHUV) \u00a0 \u00a0 \u00a0 \u00a0 Avenue Pierre Decker 5, NES 02.198 \u00a0 \u00a0 \u00a0 \u00a0 \u00a0 \u00a0 \u00a0 \u00a0 \u00a0 \u00a0 \u00a0 \u00a0 CH-1011 Lausanne, Switzerland<\/p>\n<p>eveline\u00a0<i>dot\u00a0<\/i>geiser <i>at<\/i> unil <i>dot<\/i> ch \u00a0 \u00a0 \u00a0 \u00a0 \u00a0 \u00a0 \u00a0 \u00a0 \u00a0 \u00a0 \u00a0 \u00a0 \u00a0 \u00a0 \u00a0 \u00a0\u00a0 +41 (0)21 314 88 80<\/p>\n<p>&nbsp;<\/p>\n<p>&nbsp;<\/p>\n<p><span style=\"color: #0000ff\"><strong>Affiliations<\/strong><\/span><\/p>\n<p>Laboratory for Investigative Neurophysiology (<a href=\"https:\/\/www.unil.ch\/line\/home.html\">LINE<\/a>), CHUV; \u00a0 \u00a0 \u00a0 \u00a0 \u00a0 \u00a0 \u00a0 \u00a0 \u00a0 \u00a0 \u00a0 \u00a0 \u00a0 \u00a0 \u00a0 \u00a0 \u00a0 \u00a0 \u00a0 \u00a0 \u00a0 \u00a0 Service de Neuropsychologie et de Neuror\u00e9habilitation,CHUV;\u00a0 \u00a0 \u00a0 \u00a0 \u00a0 \u00a0 \u00a0 \u00a0 \u00a0 \u00a0 \u00a0 \u00a0 \u00a0 \u00a0 \u00a0 Research affiliate at\u00a0Massachusetts Institute of Technology, MIT (<a href=\"https:\/\/gablab.mit.edu\/\">Gabrieli lab<\/a>)<\/p>\n<p><span style=\"color: #0000ff\"><b><strong><i>Background<\/i><\/strong><i>\u00a0\u00a0\u00a0\u00a0<\/i><\/b><\/span><\/p>\n<ul>\n<li>Research scientist at MIT<\/li>\n<li>Post-doctoral researcher at MIT<\/li>\n<li>PhD in Neuroscience at the UZH and the ETH Zurich<\/li>\n<li>MSc in Psychology at University of Zurich (UZH)<\/li>\n<\/ul>\n<p style=\"text-align: justify\"><strong><span style=\"color: #0000ff\">Research Interes<\/span><span style=\"color: #0000ff\">ts<\/span><span style=\"color: #0000ff\"> and Methods<\/span><\/strong><br \/>\nI investigate the brain organization of high-level auditory perception. Specifically, I am interested in the neural mechanisms of auditory global timing perception and their influence on perception and cognition across the human life span.<br \/>\nDepending on the research question at hand I apply neuroimaging such as functional Magnetic Resonance Imaging (fMRI) and Electroencephalography (EEG) as well as behavioral research paradigms (psychoacoustics).<\/p>\n<p><span style=\"color: #0000ff\"><strong><i>!!! Current Project !!!<br \/>\n<\/i><\/strong><\/span><a href=\"https:\/\/wp.unil.ch\/lsc\/en\/projets\/neural-correlates-of-auditory-timing-perception\/\">Neural correlates of auditory timing perception<\/a><\/p>\n<p><span style=\"color: #0000ff\"><strong>Links<\/strong><\/span><\/p>\n<p><a href=\"https:\/\/nipy.sourceforge.net\/nipype\/\">Nipype, <\/a><a href=\"https:\/\/miykael.github.io\/nipype-beginner-s-guide\/\">Nipype Beginners guide<\/a>,\u00a0<a href=\"https:\/\/www.fil.ion.ucl.ac.uk\/spm\/\">SPM<\/a>, <a href=\"https:\/\/freesurfer.net\/\">Freesurfer<\/a>, <a href=\"https:\/\/fsl.fmrib.ox.ac.uk\/fsl\/fslwiki\/\">FSL<\/a>, <a href=\"https:\/\/sccn.ucsd.edu\/eeglab\/\">EEGLAB<\/a>, <a href=\"https:\/\/erpinfo.org\/erplab\">ERPLAB<\/a>,<a href=\"https:\/\/sites.google.com\/site\/fbmlab\/cartool\"> Cartool<\/a>, <a href=\"https:\/\/gablab.mit.edu\/\">MIT<\/a>, <a href=\"https:\/\/www.unil.ch\/line\/home.html\">LINE<\/a><\/p>\n<p><strong><i><span style=\"color: #0000ff\">Forthcoming Publications<\/span><\/i><\/strong><\/p>\n<div style=\"margin-left: 14px;text-indent: -14px;text-align: justify\">Notter, M., Gabrieli, J.D.E., &amp; <strong>Geiser, E.<\/strong> (under review). Neural correlates of individual differences in temporal Gestalt perception.&gt; A study combining psychometric measures of our temporal grouping illusion (Geiser et al. 2013) with fMRI.<\/div>\n<p>&nbsp;<\/p>\n<p><strong><i><span style=\"color: #0000ff\">Key Publications (<a href=\"https:\/\/www.ncbi.nlm.nih.gov\/pubmed\/?term=Geiser+Eveline\">full list<\/a>)<\/span><\/i><\/strong><\/p>\n<div style=\"margin-left: 14px;text-indent: -14px\">\n<p><span style=\"text-indent: -14px\">Notter, M., Hanke, M., Murray, M.M., &amp; <\/span><strong style=\"text-indent: -14px\">Geiser, E. <\/strong><span style=\"text-indent: -14px\">(in press). Where the rhythm plays:\u00a0 \u00a0 \u00a0Machine learning decodes rhythm-sensitive cortices. Cerebral Cortex. <\/span><a style=\"text-indent: -14px\" href=\"https:\/\/www.egeiser.ch\/wp-content\/uploads\/2015\/07\/Notter_in_press_CerebCortex.pdf\">link<\/a><\/p>\n<p><strong style=\"text-align: justify\">Geiser, E.,<\/strong><span style=\"text-align: justify\"> Retsa, C., Knebel, J.-F.,\u00a0 Ferrari, C., Clarke, S., Conus, Ph., Do, K.Q., &amp;\u00a0 \u00a0 \u00a0 \u00a0 Murray, M.M. (in press). The coupling of low-level auditory dysfunction and\u00a0 \u00a0 \u00a0 \u00a0 oxidative stress in psychosis patients. Schizophrenia Research. <a href=\"https:\/\/www.egeiser.ch\/wp-content\/uploads\/2015\/07\/Geiser_17SchizRes-1.pdf\">link<\/a><\/span><\/p>\n<p>Sameiro-Barbosa, C. &amp; <strong>Geiser, E.<\/strong> (2016). Sensory entrainment mechanisms in auditory perception: neural synchronization and cortico-striatal activation. <em>Frontiers in Neuroscience. 10:361.\u00a0<a href=\"https:\/\/www.ncbi.nlm.nih.gov\/pubmed\/27559306\">pubmed<\/a><\/em><\/p>\n<p>Clarke, S. &amp; <strong>Geiser, E.<\/strong> (2015). Roaring lions and chirruping lemurs: how the brain encodes sound objects in space. <em>Neuropsychologia<\/em>.\u00a0<em>75, 304-313. <a href=\"https:\/\/www.ncbi.nlm.nih.gov\/pubmed\/26102186\">pubmed<\/a><\/em><\/p>\n<p><strong>Geiser, E.,<\/strong> Walker, K. &amp; Bendor, D. (2014). Global timing: a conceptual framework to investigate the neural basis of rhythm perception in humans and non-human species.<i> <em>Frontiers in Psychology<\/em>. <a href=\"https:\/\/www.ncbi.nlm.nih.gov\/pubmed\/24624101\">pubmed<\/a><\/i><\/p>\n<p><strong>Geiser, E.<\/strong>, Kjelgaard Rockcastle, M, &amp; Gabrieli J.D.E. (2013). Auditory temporal structure processing in dyslexia: Processing of prosodic phrase boundaries is not impaired in children with dyslexia.\u00a0<em>Annals in Dyslexia. 64(1):77-90.\u00a0<a href=\"https:\/\/www.ncbi.nlm.nih.gov\/pubmed\/24338429\">pubmed<\/a><\/em><\/p>\n<p><strong>Geiser, E.<\/strong> &amp; Gabrieli, J.D.E. (2013). Influence of rhythmic grouping on duration perception: A novel auditory illusion. <i>PLoS One, 8(1): <\/i>e54273. <a href=\"https:\/\/www.ncbi.nlm.nih.gov\/pubmed\/23349845\">pubmed<\/a><\/p>\n<p><strong>Geiser, E.<\/strong><b>,<\/b> Notter, M., &amp; Gabrieli J.D.E. (2012). A cortico-striatal neural system enhances auditory perception through temporal context processing. <i>Journal of Neuroscience, 32(18),<\/i> 6177-82. <a href=\"https:\/\/www.ncbi.nlm.nih.gov\/pubmed\/22553024\">pubmed<\/a><\/p>\n<p><strong>Geiser, E.<\/strong><b>,<\/b> Gabrieli, J.D.E. &amp; Shattuck-Hufnagel, S. (2012). Temporal regularity in speech perception: Is regularity beneficial or detrimental? <i>Proceedings of Meetings in <\/i>Acoustics<i>. 14. <a href=\"https:\/\/www.ncbi.nlm.nih.gov\/pubmed\/22701753\">pubmed<\/a><\/i><\/p>\n<p><strong>Geiser, E.<\/strong> &amp; Kaelin-Lang, A. (2011). The function of dopaminergic neural signal transmission in auditory pulse perception: Evidence from dopaminergic treatment in Parkinson\u2019s Patients. <i>Behavioral Brain Research, 225,<\/i> 270-275. <a href=\"https:\/\/www.ncbi.nlm.nih.gov\/pubmed\/21787806\">pubmed<\/a><\/p>\n<p><strong>Geiser, E.<\/strong><b>,<\/b> Sandmann, P., Meyer, M., &amp; Jancke, L. (2010). Refinement of meter perception \u2013 training increases hierarchical metre processing. <i>European Journal of Neuroscience<\/i>, <i>32<\/i>, 1979-1985. <a href=\"https:\/\/www.ncbi.nlm.nih.gov\/pubmed\/21050278\">pubmed<\/a>\u00a0Erratum in: Eur J Neurosci. 2011 Dec;34(12):2064. <a href=\"https:\/\/onlinelibrary.wiley.com\/doi\/10.1111\/j.1460-9568.2011.07932.x\/full\">correction<\/a><\/p>\n<p><strong>Geiser, E.<\/strong>, Ziegler, E., Jancke, L., &amp; Meyer, M. (2009). Early electrophysiological correlates of meter and rhythm processing in music perception. <i>Cortex, 45(1)<\/i>, 93-102. <a href=\"https:\/\/www.ncbi.nlm.nih.gov\/pubmed\/19100973\">pubmed<\/a><\/p>\n<p><strong>Geiser, E.<\/strong>, Zaehle, T., Jancke, L., &amp; Meyer, M. (2008). The neural correlate of speech rhythm as evidenced by meter processing: an fMRI study<i>. Journal of Cognitive Neuroscience. 20(3)<\/i>. 541-552. <a href=\"https:\/\/www.ncbi.nlm.nih.gov\/pubmed\/18004944\">pubmed<\/a><\/p>\n<p>Schmidt, C.F., Meyer, M., Zaehle, T., <strong>Geiser, E.<\/strong>, Boesiger, P., &amp; Jancke, L. (2008). Silent and continuous scanning differentially modulate activation in an auditory language comprehension task. <i>Human Brain Mapping. 29(1)<\/i>, 46ff. <a href=\"https:\/\/www.ncbi.nlm.nih.gov\/pubmed\/17318832\">pubmed<\/a><\/p>\n<p>Zaehle T., <strong>Geiser E.<\/strong>, Alter K., Jancke L., Meyer M. (2008). Segmental processing in the human auditory dorsal stream. Brain Research, 1220, 179-90.<a href=\"https:\/\/www.ncbi.nlm.nih.gov\/pubmed\/18096139\"> pubmed<\/a><\/p>\n<\/div>\n<p><span style=\"color: #0000ff\"><em><strong>Scientific Services<\/strong><\/em><\/span><\/p>\n<p><strong>Reviewer:<\/strong>\u00a0National Science Foundation (NSF, USA); Experimental Brain Research; Brain; Music Perception; Neuroimage; Hearing Research; Neuropsychologia; Behavioral Brain Functions; Journal of Neuroscience Methods; Neuropsychology; Brain Topography; Journal of Speech Language and Hearing Research; Psychomusicology: Music, Mind, and Brain; Acta Psychologica; European Journal of Neuroscience; Neuroscience and Biobehavioral Reviews; Journal of Neuroscience and Behavioral Health; Journal of the Acoustical Society of America (JASA); Cogent Psychology; Frontiers in Human Neuroscience; Frontiers in Psychology; PLOSOne; Neuropsychologia; Neuroscience and Behavioral Reviews; Journal of Neuroscience Methods; Attention, Perception &amp; Psychophysics<\/p>\n<p><strong>Journal Editor<\/strong>:\u00a0Associate Editor for Auditory Cognitive Neuroscience (Frontiers in Neuroscience and Psychology); editor for Advances in Parkinson\u2019s Disease; review editor for Frontiers in psychology and neuroscience; review editor Frontiers in Human Neuroscience; reviewer editor for Speech Language and Hearing Research<\/p>\n<p><span style=\"color: #0000ff\"><strong><i>Awards and Grants<\/i><\/strong><\/span><\/p>\n<p>Department of Radiology, CHUV &#8211; Research funding <em>2013-2017 \u00a0 \u00a0 \u00a0 \u00a0 \u00a0 \u00a0 \u00a0 \u00a0 \u00a0 \u00a0 \u00a0 \u00a0 \u00a0 \u00a0 \u00a0 \u00a0 \u00a0 \u00a0 \u00a0 <\/em>Swiss National Science Foundation &#8211; Award for own research group <em>2013-2017<\/em><br \/>\nMcGovern Institute at MIT &#8211; Fellowship <i>2012-2013<\/i><br \/>\nSwiss National Science Foundation &#8211; Career fellowship <i>2010-2012<\/i><br \/>\nSAGW &#8211; Conference grant <em>2010<\/em><br \/>\nSwiss National Science Foundation &#8211; Career Fellowship <i>2008-2010<\/i><br \/>\nJanggen-P\u00f6hn-Stiftung &#8211; Offer of PhD-sponsorship <i>2008<\/i><br \/>\nUniversity of Zurich &#8211; Fellowship <i>2007<\/i><\/p>\n<p><strong><i><span style=\"color: #0000ff\">Current Classroom Teaching (fall 2017\/18)<\/span><\/i><\/strong><\/p>\n<div style=\"margin-left: 14px;text-indent: -14px\">\n<div style=\"margin-left: 14px;text-indent: -14px\">\n<ul>\n<li>\u00a0 \u00a0 \u00a0Neurosciences: syst\u00e8me auditive (UNIL, \u00e9cole de m\u00e9decine B2.3)<\/li>\n<li>\u00a0\u00a0\u00a0\u00a0 Neurosciences: Auditory system (UNIL, Master de Neuroscience module 2)<\/li>\n<\/ul>\n<\/div>\n<\/div>\n","protected":false},"excerpt":{"rendered":"<p>Lecture Centre Hospitalier Universitaire Vaudois (CHUV) \u00a0 \u00a0 \u00a0 \u00a0 Avenue Pierre Decker 5, NES 02.198 \u00a0 \u00a0 \u00a0 \u00a0 \u00a0 \u00a0 \u00a0 \u00a0 \u00a0 \u00a0 \u00a0 \u00a0&hellip;<\/p>\n","protected":false},"author":108,"featured_media":0,"parent":350,"menu_order":0,"comment_status":"closed","ping_status":"closed","template":"","meta":{"_seopress_robots_primary_cat":"","_seopress_titles_title":"","_seopress_titles_desc":"","_seopress_robots_index":"","footnotes":""},"class_list":["post-333","page","type-page","status-publish","has-post-thumbnail"],"_links":{"self":[{"href":"https:\/\/wp.unil.ch\/lsc\/en\/wp-json\/wp\/v2\/pages\/333","targetHints":{"allow":["GET"]}}],"collection":[{"href":"https:\/\/wp.unil.ch\/lsc\/en\/wp-json\/wp\/v2\/pages"}],"about":[{"href":"https:\/\/wp.unil.ch\/lsc\/en\/wp-json\/wp\/v2\/types\/page"}],"author":[{"embeddable":true,"href":"https:\/\/wp.unil.ch\/lsc\/en\/wp-json\/wp\/v2\/users\/108"}],"replies":[{"embeddable":true,"href":"https:\/\/wp.unil.ch\/lsc\/en\/wp-json\/wp\/v2\/comments?post=333"}],"version-history":[{"count":0,"href":"https:\/\/wp.unil.ch\/lsc\/en\/wp-json\/wp\/v2\/pages\/333\/revisions"}],"up":[{"embeddable":true,"href":"https:\/\/wp.unil.ch\/lsc\/en\/wp-json\/wp\/v2\/pages\/350"}],"wp:attachment":[{"href":"https:\/\/wp.unil.ch\/lsc\/en\/wp-json\/wp\/v2\/media?parent=333"}],"curies":[{"name":"wp","href":"https:\/\/api.w.org\/{rel}","templated":true}]}}