{"id":14,"date":"2017-10-10T14:20:00","date_gmt":"2017-10-10T12:20:00","guid":{"rendered":"http:\/\/wp.unil.ch\/llist\/?page_id=14"},"modified":"2026-02-20T11:47:05","modified_gmt":"2026-02-20T10:47:05","slug":"accueil","status":"publish","type":"page","link":"https:\/\/wp.unil.ch\/llist\/","title":{"rendered":"Accueil"},"content":{"rendered":"<p style=\"text-align: justify\">Fond\u00e9 par des membres de la section des sciences du langage et de l\u2019information (<a href=\"https:\/\/www.unil.ch\/sli\/\">SLI<\/a>) de l\u2019Unil, le Laboratoire lausannois d\u2019informatique et statistique textuelle (LLIST) r\u00e9unit des chercheur.e.s dans le domaine du traitement et de l\u2019analyse de donn\u00e9es textuelles au sens large.<\/p>\n\n\n<p>Le LLIST organise un workshop consacr\u00e9 aux m\u00e9thodes computationnelles dans les sciences humaines les 9 et 10 septembre 2026.<\/p>\n\n\n\n<p class=\"has-text-align-center\"><strong><a href=\"https:\/\/wp.unil.ch\/llist\/en\/event\/workshop-on-computational-methods-in-the-humanities-2026-comhum-2026\/\">Cliquez ici pour plus d&rsquo;informations sur COMHUM 2026<\/a><\/strong><br>Extension de d\u00e9lai : 6 mars 2026 !<br><\/p>\n\n\n\n<p>Les actes de COMHUM 2018 et COMHUM 2022 ont \u00e9t\u00e9 publi\u00e9s sur CEUR-WS: <\/p>\n\n\n\n<p><a href=\"https:\/\/ceur-ws.org\/Vol-2314\/\">Proceedings of the Workshop on Computational Methods in the Humanities 2018.<\/a><\/p>\n\n\n\n<p><a href=\"https:\/\/ceur-ws.org\/Vol-3602\/\">Proceedings of the Workshop on Computational Methods in the Humanities 2022<\/a>.<\/p>\n","protected":false},"excerpt":{"rendered":"<p>Fond\u00e9 par des membres de la section des sciences du langage et de l\u2019information (SLI) de l\u2019Unil, le Laboratoire lausannois d\u2019informatique et statistique textuelle (LLIST) r\u00e9unit des chercheur.e.s dans le &hellip; <\/p>\n","protected":false},"author":1001641,"featured_media":0,"parent":0,"menu_order":0,"comment_status":"closed","ping_status":"closed","template":"","meta":{"_seopress_robots_primary_cat":"","_seopress_titles_title":"","_seopress_titles_desc":"","_seopress_robots_index":"","footnotes":""},"class_list":["post-14","page","type-page","status-publish"],"_links":{"self":[{"href":"https:\/\/wp.unil.ch\/llist\/wp-json\/wp\/v2\/pages\/14","targetHints":{"allow":["GET"]}}],"collection":[{"href":"https:\/\/wp.unil.ch\/llist\/wp-json\/wp\/v2\/pages"}],"about":[{"href":"https:\/\/wp.unil.ch\/llist\/wp-json\/wp\/v2\/types\/page"}],"author":[{"embeddable":true,"href":"https:\/\/wp.unil.ch\/llist\/wp-json\/wp\/v2\/users\/1001641"}],"replies":[{"embeddable":true,"href":"https:\/\/wp.unil.ch\/llist\/wp-json\/wp\/v2\/comments?post=14"}],"version-history":[{"count":4,"href":"https:\/\/wp.unil.ch\/llist\/wp-json\/wp\/v2\/pages\/14\/revisions"}],"predecessor-version":[{"id":1011,"href":"https:\/\/wp.unil.ch\/llist\/wp-json\/wp\/v2\/pages\/14\/revisions\/1011"}],"wp:attachment":[{"href":"https:\/\/wp.unil.ch\/llist\/wp-json\/wp\/v2\/media?parent=14"}],"curies":[{"name":"wp","href":"https:\/\/api.w.org\/{rel}","templated":true}]}}