{"id":401,"date":"2018-03-15T11:05:35","date_gmt":"2018-03-15T10:05:35","guid":{"rendered":"http:\/\/wp.unil.ch\/llist\/?page_id=401"},"modified":"2022-02-22T14:20:28","modified_gmt":"2022-02-22T13:20:28","slug":"research","status":"publish","type":"page","link":"https:\/\/wp.unil.ch\/llist\/en\/research\/","title":{"rendered":"Research"},"content":{"rendered":"<p><strong>2021<\/strong><\/p>\n<p>Adamou, A., Hou, Y., Picca, D., Egloff, M., &amp; Kenderdine, S. (2021). Ontology-Mediated Cultural Contact Detection Through Motion and Style in Southern Chinese Martial Arts.\u00a0<em>Proceedings of the International Joint Workshop on Semantic Web and Ontology Design for Cultural Heritage<\/em>.<\/p>\n<p>Critten, R. G., Gay-Crosier, C., &amp; Picca, D. (2021). French lexis in the Auchinleck Manuscript: A digital-philological approach.\u00a0<em>Digital Scholarship in the Humanities<\/em>.<\/p>\n<p><span class=\"biblio_title\"><span class=\"biblio_author\">Guex, G., &amp;<\/span> <span class=\"biblio_author\">Xanthos, A. (2021). <\/span>Vers une estimation robuste des proportions lexicales<\/span>, <span class=\"biblio_dateIssued\">in <\/span><span class=\"biblio_relatedItemTitle\"><em>Actes des 15\u00e8mes Journ\u00e9es Internationales d&#8217;Analyse statistique des Donn\u00e9es Textuelles (JADT 2020)<\/em>.<\/span><\/p>\n<p>Picca, D., &amp; Gay-Crosier, C. (2021). An Automatic Partitioning of Gutenberg. org Texts.\u00a0<em>3rd Conference on Language, Data and Knowledge (LDK 2021)<\/em>. Schloss Dagstuhl-Leibniz-Zentrum f\u00fcr Informatik.<\/p>\n<p><span class=\"biblio_title\"><span class=\"biblio_author\">Jacquin, J., &amp; <\/span><span class=\"biblio_author\">Xanthos, A. (2021). <\/span>Evolution of linguistic complexity in Hearthstone: a resource and an example in linguistic game studies. <\/span><em><span class=\"biblio_relatedItemTitle\">Digital Scholarship in the Humanities<\/span>, <span class=\"biblio_volume\">36<\/span> (<span class=\"biblio_number\">4<\/span>)<\/em>, <span class=\"biblio_pages\">907\u2013918<\/span><span class=\"biblio_peer\">.<\/span><\/p>\n<div><\/div>\n<p><strong>2020<\/strong><\/p>\n<p>Picca, D. (2020). From Intelligent to Wise Machines: Why a Poem Is Worth More Than 1 Million Tweets.\u00a0<em>Informatik Spektrum<\/em>,\u00a0<em>43<\/em>(1), 28\u201339.<\/p>\n<p>Egloff, M., &amp; Picca, D. (2020). WeDH-a Friendly Tool for Building Literary Corpora Enriched with Encyclopedic Metadata.\u00a0<em>Proceedings of the 12th Language Resources and Evaluation Conference<\/em>, 813\u2013816.<\/p>\n<p>Egloff, M., Adamou, A., &amp; Picca, D. (2020). Enabling Ontology-Based Data Access to Project Gutenberg.\u00a0<em>Proceedings of the WHiSe@ European Semantic Web Conference<\/em>, 21\u201332.<\/p>\n<p><strong>2019<\/strong><\/p>\n<p>Egloff, M., Picca, D., &amp; Adamou, A. (2019). Extraction of character profiles from the Gutenberg archive.\u00a0<em>Research Conference on Metadata and Semantics Research<\/em>, 367\u2013372. Springer, Cham.<\/p>\n<p>Piotrowski, M. (2019). History and the future of markup. In Ji\u0159\u00ed Kosek\u00a0(Ed.), <em>Proceedings of XML Prague 2019<\/em>. <a href=\"https:\/\/serval.unil.ch\/notice\/serval:BIB_3C124411CBEA\">https:\/\/serval.unil.ch\/notice\/serval:BIB_3C124411CBEA<\/a>.<\/p>\n<p>Piotrowski, M. (2019). Historical Models and Serial Sources. <em>Journal of European Periodical Studies<\/em>, 4(1): 8-18. <a href=\"https:\/\/serval.unil.ch\/notice\/serval:BIB_9947DF4A7067\">https:\/\/serval.unil.ch\/notice\/serval:BIB_9947DF4A7067<\/a>.<\/p>\n<p>Piotrowski, M. (2019). A Vision for User-Defined Semantic Markup. In <em>Proceedings of the ACM Symposium on Document Engineering 2019 \u2013 DocEng &#8217;19<\/em>. <a href=\"https:\/\/serval.unil.ch\/notice\/serval:BIB_AEF4A299CAF1\">https:\/\/serval.unil.ch\/notice\/serval:BIB_AEF4A299CAF1<\/a>.<\/p>\n<p>Rochat, Y. (2019). A Quantitative Study of Historical Video Games (1981\u20132015). In von L\u00fcnen, A., Lewis, K. J., Litherland, B. &amp; Cullum, P. (Eds), <em>Historia Ludens: The Playing Historian<\/em>. Routledge, pp. 3-19. <a href=\"https:\/\/www.routledge.com\/Historia-Ludens-The-Playing-Historian\/Lunen-Lewis-Litherland-Cullum\/p\/book\/9781032240497\">https:\/\/www.routledge.com\/Historia-Ludens-The-Playing-Historian\/Lunen-Lewis-Litherland-Cullum\/p\/book\/9781032240497<\/a><\/p>\n<p><strong>2018<\/strong><\/p>\n<p>Bavaud, F. (2018). Combien y a-t-il de vari\u00e9t\u00e9s distinctes d&#8217;anglais? In Xanthos, A. &amp; Surcouf, C. (Eds), <em>M\u00e9langes offerts en hommage \u00e0 Marianne Kilani-Schoch<\/em>. Cahiers de l&#8217;ILSL. 2018, pp. 11\u201330.<\/p>\n<p>Cer\u00e9, R. &amp; Egloff, M. (2018). An illustrated approach to Soft Textual Cartography. <em>Applied Network Science, 3(1), 27<\/em>. <a href=\"https:\/\/doi.org\/10.1007\/s41109-018-0087-y\">https:\/\/doi.org\/10.1007\/s41109-018-0087-y<\/a>.<\/p>\n<p>Egloff, M. &amp; Bavaud, F. (2018). Taking into account semantic similarities in correspondence analysis. In <em>Proceedings of the Workshop on Computational Methods in the Humanities 2018 (COMHUM 2018) (Vol. 2314, pp. 45-51)<\/em>. CEUR Workshop Proceedings.<\/p>\n<p>Egloff, M. &amp; Cer\u00e9, R. (2018). Soft Textual Cartography Based on Topic Modeling and Clustering of Irregular, Multivariate Marked Networks. In Cherifi, C., Cherifi, H., Karsai, M., &amp; Musolesi, M. (Eds), <em>Complex Networks &amp; Their Applications VI<\/em> (Vol. 689, pp. 731\u2013743). Cham : Springer International Publishing. <a href=\"https:\/\/doi.org\/10.1007\/978-3-319-72150-7_59\">https:\/\/doi.org\/10.1007\/978-3-319-72150-7_59<\/a>.<\/p>\n<p>Egloff, M., Lieto, A., &amp; Picca, D. (2018). An Ontological Model for Inferring Psychological Profiles and Narrative Roles of Characters. In <em>Proceedings of Digital Humanities Conference 2018 (DH18)<\/em>.<\/p>\n<p>Krichane, S. &amp; Rochat, Y. (2018). Pour une analyse des discours sur le jeu vid\u00e9o: l&#8217;exemple des &#8220;cin\u00e9matiques&#8221;, <em>D\u00e9cadrages.\u00a0Cin\u00e9ma \u00e0 travers champs, 39<\/em>, pp. 93-118. <a href=\"https:\/\/serval.unil.ch\/notice\/serval:BIB_0E47347F0E51\">https:\/\/serval.unil.ch\/notice\/serval:BIB_0E47347F0E51<\/a>.<\/p>\n<p>Xanthos, A. (2018). A phonological approach to the unsupervised learning of root-and-pattern morphology. In D. Brentari &amp; J. Lee (Ed.) <em>Shaping Phonology<\/em> (pp. 309\u2013327). Chicago: University of Chicago Press.<\/p>\n<p>Xanthos, A. (2018). Sur le r\u00f4le de la diversit\u00e9 lexicale dans la mesure de la diversit\u00e9 flexionnelle. <em>Cahiers de l&#8217;ILSL, 56<\/em>: 311-331.<\/p>\n<p><strong>2017<\/strong><\/p>\n<p>Egloff, M. &amp; Picca, D., (2017). DHTK: The Digital Humanities ToolKit. In Adamou, A., Daga, E., Isaksen, L. (Eds.), <em>Proceedings of the Second Workshop on Humanities in the Semantic Web (WHiSe)<\/em>. <a href=\"https:\/\/serval.unil.ch\/notice\/serval:BIB_E14EDDF7AF42\">https:\/\/serval.unil.ch\/notice\/serval:BIB_E14EDDF7AF42<\/a>.<\/p>\n<p>Goldsmith, J., Lee, J., &amp; Xanthos A. (2017). Computational learning of morphology. <em>Annual Review of Linguistics, 3(1)<\/em>: 85-106.<\/p>\n<p>Rochat, Y. &amp; Triclot, M. (2017). Les r\u00e9seaux de personnages de science-fiction : \u00e9chantillons de lectures interm\u00e9diaires, <em>ReS Futurae,\u00a010.<\/em>\u00a0<a href=\"https:\/\/journals.openedition.org\/resf\/1183\">https:\/\/journals.openedition.org\/resf\/1183<\/a> ; DOI : 10.4000\/resf.1183.<\/p>\n<p><strong>2016<\/strong><\/p>\n<p>Deneulin, P. &amp; Bavaud, F. (2016). Analyses of open-ended questions by renormalized associativities and textual networks: A study of perception of minerality in wine. <em>Food quality and preference, 47:<\/em> 34-44.<\/p>\n<p>Deneulin, P., Le Fur, Y., &amp; Bavaud, F. (2016). Study of the polysemic term of minerality in wine: Segmentation of consumers based on their textual responses to an open-ended survey. <em>Food research international, 90:<\/em> 288-297.<\/p>\n<p>Egloff, M., Picca, D., &amp; Curran, K. (2016). How IBM Watson Can Help Us Understand Character in Shakespeare: A Cognitive Computing Approach to the Plays. In Eder, M. &amp; Rybicki, J. (Eds.), <em>Digital Humanities 2016: Conference Abstracts.<\/em> <a href=\"https:\/\/serval.unil.ch\/notice\/serval:BIB_23F9E97BD5CD\">https:\/\/serval.unil.ch\/notice\/serval:BIB_23F9E97BD5CD<\/a>.<\/p>\n<p>Rochat Y., Ehrmann M., Buntinx V., Bornet C., &amp; Kaplan F. (2016). Navigating through 200 years of historical newspapers. <em>In Proceedings of iPRES<\/em> 2016.\u00a0<a href=\"https:\/\/infoscience.epfl.ch\/record\/218707\/\">https:\/\/infoscience.epfl.ch\/record\/218707\/<\/a><\/p>\n<p>Xanthos, A., Pante, I., Rochat, Y., &amp; Grandjean, M. (2016). Visualising the dynamics of character networks. <em>Digital Humanities 2016<\/em>, pp. 417-419. <a href=\"https:\/\/serval.unil.ch\/notice\/serval:BIB_FFC5E66DEEC3\">https:\/\/serval.unil.ch\/notice\/serval:BIB_FFC5E66DEEC3<\/a>.<\/p>\n<p><strong>2015<\/strong><\/p>\n<p>Bavaud, F., Cocco, C., &amp; Xanthos, A. (2015). Textual navigation and autocorrelation. In Mikros, G., &amp;\u00a0 Ma?utek, J. (Ed.), <em>Sequences in Language and Text (=Quantitative Linguistics 69)<\/em> (pp. 35\u201356). Berlin: De Gruyter.<\/p>\n<p>Picca, D., Jaccard, D., &amp; Eberl\u00e9, G. (2015). Natural Language Processing in Serious Games: A state of the art. <em>International Journal of Serious Games, 2 (3):<\/em> 77-97. <a href=\"https:\/\/serval.unil.ch\/notice\/serval:BIB_E98818CE3DFD\">https:\/\/serval.unil.ch\/notice\/serval:BIB_E98818CE3DFD<\/a>.<\/p>\n<p>Xanthos, A. (2015). Software as theory: a case study in the domain of text analysis. <em>Interdisciplinary Science Reviews 40(4):<\/em> 393-408.<\/p>\n<p>Xanthos, A. &amp; Guex, G. (2015). On the robust measurement of inflectional diversity. pp. 241-254 in Tuzzi A., Benesova M., Macutek J. (Ed.) <em>Recent Contributions to Quantitative Linguistics (=Quantitative Linguistics 70)<\/em> (pp. 241\u2013254). Berlin: De Gruyter.<\/p>\n<p><strong>2014<\/strong><\/p>\n<p>Deneulin, P., Gautier, L., Le Fur, Y. &amp; Bavaud, F. (2014). Corr\u00e9lats textuels autour du concept de min\u00e9ralit\u00e9 dans les vins. In JADT (Vol. 2014, pp. 209-223).<\/p>\n<p>Piotrowski, M., G.\u00a0Colavizza, F.\u00a0Thiery, and K.-C. Bruhn (2014). The Labeling System: A new approach to overcome the vocabulary bottleneck. In P.\u00a0Schmitz, L.\u00a0Pearce, and Q.\u00a0Dombrowski (Eds.), <em>DH-CASE II: Collaborative Annotations on Shared Environments: Metadata, Tools and Techniques in the Digital Humanities<\/em>, New York, NY, USA, pp.\u00a0A1\/1-6. ACM.<\/p>\n<p>Rochat, Y. (2014). <em>Character networks and centrality<\/em>. PhD Thesis. University of Lausanne.\u00a0<a href=\"https:\/\/serval.unil.ch\/notice\/serval:BIB_663137B68131\">https:\/\/serval.unil.ch\/notice\/serval:BIB_663137B68131<\/a>.<\/p>\n<p>Xanthos, A. (2014). Textable: programmation visuelle pour l&#8217;analyse de donn\u00e9es textuelles. In N\u00e9e, E., Daube, J.-M., Valette, M., &amp; Fleury, S. (Ed.), <em>Actes des 12es Journ\u00e9es internationales d&#8217;analyse statistique des donn\u00e9es textuelles (JADT 2014)<\/em>, pp. 691-703. Paris: jadt.org.<\/p>\n","protected":false},"excerpt":{"rendered":"<p>2021 Adamou, A., Hou, Y., Picca, D., Egloff, M., &amp; Kenderdine, S. (2021). Ontology-Mediated Cultural Contact Detection Through Motion and Style in Southern Chinese Martial Arts.\u00a0Proceedings of the International Joint &hellip; <\/p>\n","protected":false},"author":1001641,"featured_media":0,"parent":0,"menu_order":0,"comment_status":"closed","ping_status":"open","template":"","meta":{"_seopress_robots_primary_cat":"","_seopress_titles_title":"","_seopress_titles_desc":"","_seopress_robots_index":"","footnotes":""},"class_list":["post-401","page","type-page","status-publish"],"_links":{"self":[{"href":"https:\/\/wp.unil.ch\/llist\/en\/wp-json\/wp\/v2\/pages\/401","targetHints":{"allow":["GET"]}}],"collection":[{"href":"https:\/\/wp.unil.ch\/llist\/en\/wp-json\/wp\/v2\/pages"}],"about":[{"href":"https:\/\/wp.unil.ch\/llist\/en\/wp-json\/wp\/v2\/types\/page"}],"author":[{"embeddable":true,"href":"https:\/\/wp.unil.ch\/llist\/en\/wp-json\/wp\/v2\/users\/1001641"}],"replies":[{"embeddable":true,"href":"https:\/\/wp.unil.ch\/llist\/en\/wp-json\/wp\/v2\/comments?post=401"}],"version-history":[{"count":0,"href":"https:\/\/wp.unil.ch\/llist\/en\/wp-json\/wp\/v2\/pages\/401\/revisions"}],"wp:attachment":[{"href":"https:\/\/wp.unil.ch\/llist\/en\/wp-json\/wp\/v2\/media?parent=401"}],"curies":[{"name":"wp","href":"https:\/\/api.w.org\/{rel}","templated":true}]}}