{"id":399,"date":"2018-03-15T11:04:49","date_gmt":"2018-03-15T10:04:49","guid":{"rendered":"http:\/\/wp.unil.ch\/llist\/?page_id=399"},"modified":"2024-04-25T16:06:12","modified_gmt":"2024-04-25T14:06:12","slug":"members","status":"publish","type":"page","link":"https:\/\/wp.unil.ch\/llist\/en\/members\/","title":{"rendered":"Members"},"content":{"rendered":"<table style=\"width: 100%\">\n<colgroup>\n<col span=\"2\" \/>\n<col span=\"3\" \/> <\/colgroup>\n<tbody>\n<tr><!-- Francois --><\/p>\n<td><img loading=\"lazy\" decoding=\"async\" class=\"aligncenter\" src=\"https:\/\/wp.unil.ch\/llist\/files\/2017\/10\/map_hard_minmodc_kappa0-0_t1_r1_exmh_b950-0_a0-1-264x300.png\" alt=\"\" width=\"171\" height=\"195\" \/><\/td>\n<td><strong>Fran\u00e7ois Bavaud<\/strong> est professeur associ\u00e9 de m\u00e9thodes quantitatives \u00e0 la section des sciences du langage et de l&#8217;information (facult\u00e9 des Lettres) et \u00e0 l&#8217;institut de g\u00e9ographie et durabilit\u00e9 (facult\u00e9 des G\u00e9osciences et de l&#8217;Environnement). Th\u00e8mes de recherche: partitionnement des r\u00e9seaux, autocorr\u00e9lation spatiale et textuelle, th\u00e9orie de l&#8217;information, m\u00e9thodes factorielles, indices de diversit\u00e9 effective.<\/td>\n<\/tr>\n<tr><!-- Pascale --><\/p>\n<td><img alt=\"\" loading=\"lazy\" decoding=\"async\" class=\"alignnone size-full wp-image-755\" src=\"https:\/\/wp.unil.ch\/llist\/files\/2020\/03\/Photo_Pascale.jpg\" alt=\"\" width=\"171\" height=\"171\" srcset=\"https:\/\/wp.unil.ch\/llist\/files\/2020\/03\/Photo_Pascale.jpg 200w, https:\/\/wp.unil.ch\/llist\/files\/2020\/03\/Photo_Pascale-150x150.jpg 150w, https:\/\/wp.unil.ch\/llist\/files\/2020\/03\/Photo_Pascale-90x90.jpg 90w\" sizes=\"auto, (max-width: 171px) 100vw, 171px\" \/><\/td>\n<td><strong>Pascale Deneulin<\/strong> est professeure d&#8217;analyse sensorielle et statistiques \u00e0 la HES de Changins et doctorante \u00e0 la section des sciences du langage et de l&#8217;information de la Facult\u00e9 des lettres de l&#8217;Universit\u00e9 de Lausanne. Ses recherches portent sur l&#8217;analyse des questions ouvertes afin de mieux comprendre les concepts sensoriels et sur l&#8217;analyse automatique des commentaires de d\u00e9gustation. Gagnante suisse de Ma th\u00e8se en 180 secondes, elle a un attrait particulier \u00e0 valoriser la science aupr\u00e8s du grand public.<\/td>\n<\/tr>\n<tr><!-- Mattia --><\/p>\n<td><img loading=\"lazy\" decoding=\"async\" class=\"aligncenter\" src=\"https:\/\/wp.unil.ch\/llist\/files\/2017\/10\/me-150x150.jpg\" alt=\"\" width=\"171\" height=\"171\" \/><\/td>\n<td><strong>Mattia Egloff<\/strong> est assistant dipl\u00f4m\u00e9 et doctorant de la section des sciences du langage et de l&#8217;information. Th\u00e8mes de recherche: traitement informatique de textes litt\u00e9raires, r\u00e9seaux de personnages, caract\u00e9risation automatique de personnages, traitement du langage naturel.<\/td>\n<\/tr>\n<tr><!-- Guillaume --><\/p>\n<td><img alt=\"\" loading=\"lazy\" decoding=\"async\" class=\"alignnone size-full wp-image-765\" src=\"https:\/\/wp.unil.ch\/llist\/files\/2020\/06\/portrait_2.jpg\" alt=\"\" width=\"171\" height=\"171\" srcset=\"https:\/\/wp.unil.ch\/llist\/files\/2020\/06\/portrait_2.jpg 171w, https:\/\/wp.unil.ch\/llist\/files\/2020\/06\/portrait_2-150x150.jpg 150w, https:\/\/wp.unil.ch\/llist\/files\/2020\/06\/portrait_2-90x90.jpg 90w\" sizes=\"auto, (max-width: 171px) 100vw, 171px\" \/><\/td>\n<td><strong>Guillaume Guex<\/strong> est premier assistant de la section des sciences du langage et de l\u2019information. Math\u00e9maticien de formation, ses domaines de recherche comprennent les r\u00e9seaux spatiaux, le d\u00e9veloppement de nouvelles m\u00e9thodes statistiques et de <em>machine learning<\/em>, ainsi que l\u2019\u00e9tude des <em>words embeddings <\/em>appliqu\u00e9s \u00e0 des corpus diachroniques. Il appr\u00e9cie particuli\u00e8rement trouver des synergies entre diff\u00e9rents champs de recherche et ses contributions s\u2019\u00e9tendent \u00e0 des domaines vari\u00e9s tels que la g\u00e9ographie, la linguistique quantitative et l\u2019histoire \u00e9conomique.<\/td>\n<\/tr>\n<tr><!-- Coline --><\/p>\n<td><img alt=\"\" loading=\"lazy\" decoding=\"async\" class=\"size-full wp-image-761\" src=\"https:\/\/wp.unil.ch\/llist\/files\/2020\/06\/IMG_23513.jpg\" alt=\"\" width=\"171\" height=\"171\" srcset=\"https:\/\/wp.unil.ch\/llist\/files\/2020\/06\/IMG_23513.jpg 171w, https:\/\/wp.unil.ch\/llist\/files\/2020\/06\/IMG_23513-150x150.jpg 150w, https:\/\/wp.unil.ch\/llist\/files\/2020\/06\/IMG_23513-90x90.jpg 90w\" sizes=\"auto, (max-width: 171px) 100vw, 171px\" \/><\/td>\n<td><strong>Coline M\u00e9trailler<\/strong> est assistante dipl\u00f4m\u00e9e et doctorante de la section des sciences du langage et de l\u2019information. Th\u00e8mes de recherche: r\u00e9seaux de personnages, traitement informatique de textes litt\u00e9raires, reconnaissance automatique d&#8217;entit\u00e9s nomm\u00e9es, automatisation de la g\u00e9n\u00e9ration de r\u00e9seaux de personnages, traitement du langage naturel, adaptation des r\u00e9seaux de personnages \u00e0 diff\u00e9rents m\u00e9dias (jeux vid\u00e9o, litt\u00e9rature, films, th\u00e9\u00e2tre, etc.).<\/td>\n<\/tr>\n<tr><!-- Isaac --><\/p>\n<td><img alt=\"\" loading=\"lazy\" decoding=\"async\" class=\"alignnone size-full wp-image-751\" src=\"https:\/\/wp.unil.ch\/llist\/files\/2019\/10\/isaac.png\" alt=\"\" width=\"171\" height=\"171\" srcset=\"https:\/\/wp.unil.ch\/llist\/files\/2019\/10\/isaac.png 150w, https:\/\/wp.unil.ch\/llist\/files\/2019\/10\/isaac-90x90.png 90w\" sizes=\"auto, (max-width: 171px) 100vw, 171px\" \/><\/td>\n<td><strong>Isaac Pante<\/strong> est maitre d&#8217;enseignement et de recherche en culture et \u00e9dition num\u00e9rique \u00e0 la section des sciences du langage et de l&#8217;information. Ecrivain et programmeur, il d\u00e9fend l&#8217;hybridation disciplinaire et contribue \u00e0 l&#8217;empowerment digital des \u00e9tudiant\u00b7e\u00b7s SHS. Depuis avril 2019, il est charg\u00e9 de mission scientifique dans le cadre de la transition num\u00e9rique pour la Direction de l&#8217;UNIL. Il est par ailleurs co-fondateur de l&#8217;UNIL Gamelab, groupe d&#8217;\u00e9tude d\u00e9di\u00e9 \u00e0 l&#8217;\u00e9tude du jeu vid\u00e9o. Ses int\u00e9r\u00eats de recherche portent en particulier sur les nouvelles mani\u00e8res de lire, d&#8217;\u00e9crire et de mettre le texte en jeu au travers de divers dispositifs de visualisation.<\/td>\n<\/tr>\n<tr><!-- Davide --><\/p>\n<td><img loading=\"lazy\" decoding=\"async\" class=\"aligncenter\" src=\"https:\/\/wp.unil.ch\/llist\/files\/2018\/03\/davide-150x150.jpg\" alt=\"\" width=\"171\" height=\"171\" \/><\/td>\n<td>After completing his studies in Philosophy, Psychology and Computer Science, <strong>Davide Picca<\/strong> is currently Senior Lecturer in Computer Science and Semantic Web for Humanities at Unil. His research focuses on the development of methods for the analysis and automatic profiling of psychological traits using Natural Language Processing techniques.<\/td>\n<\/tr>\n<tr><!-- Michael --><\/p>\n<td><img loading=\"lazy\" decoding=\"async\" class=\"aligncenter\" src=\"https:\/\/wp.unil.ch\/llist\/files\/2018\/02\/mxp_talk-150x150.jpg\" alt=\"\" width=\"171\" height=\"171\" \/><\/td>\n<td><strong>Michael Piotrowski<\/strong> is associate professor of digital humanities in the Department of Language and Information Sciences (SLI) of the Faculty of Arts. His main research interests include knowledge representation and formal modeling in the humanities, as well as natural language processing for historical texts. He is the author of the first textbook on this topic, <a href=\"https:\/\/doi.org\/10.2200\/S00436ED1V01Y201207HLT017\">Natural Language Processing for Historical Texts<\/a> (Morgan &amp; Claypool, 2012), and founding co-chair of the workshop series <a href=\"https:\/\/sfcm.eu\">Systems and Frameworks for Computational Morphology<\/a>.<\/p>\n<hr \/>\n<p><a href=\"https:\/\/www.unil.ch\/sli\/michaelpiotrowski\">Institutional page<\/a><br \/>\n<a href=\"https:\/\/dynalabs.de\/mxp\/\">Personal page<\/a><\/td>\n<\/tr>\n<tr><!-- Yannick --><\/p>\n<td><img loading=\"lazy\" decoding=\"async\" class=\"aligncenter\" src=\"https:\/\/wp.unil.ch\/llist\/files\/2017\/10\/IMG_20151023_215919-02-150x150.jpeg\" alt=\"\" width=\"171\" height=\"171\" \/><\/td>\n<td><strong>Yannick Rochat<\/strong> is assistant professor in the Department of Language and Information Sciences (SLI) of UNIL&#8217;s Faculty of Arts. A mathematician (EPFL &#8217;07), he owns a PhD in mathematics applied to humanities and social sciences (UNIL SSP &#8217;14) and is a co-founder of the <a href=\"https:\/\/wp.unil.ch\/gamelab\/\">Gamelab UNIL-EPFL<\/a>, a video game study group in Lausanne.<\/p>\n<hr \/>\n<p><a href=\"https:\/\/yro.ch\/\">Personal website<\/a>.<\/td>\n<\/tr>\n<tr><!-- Aris --><\/p>\n<td><img loading=\"lazy\" decoding=\"async\" class=\"aligncenter\" src=\"https:\/\/wp.unil.ch\/llist\/files\/2017\/10\/photo-150x150.jpg\" alt=\"\" width=\"171\" height=\"171\" \/><\/td>\n<td><strong>Aris Xanthos<\/strong> is senior lecturer in humanities computing in the Department of Language and Information Sciences (SLI) at UNIL. His research concerns the development of new methods and interfaces for SSH data, in particular linguistic and textual data. He is also the author of several open source programs and libraries, including <a href=\"https:\/\/textable.io\" target=\"_blank\" rel=\"noopener noreferrer\">Textable<\/a>, a visual programming environment for text analysis.<\/td>\n<\/tr>\n<\/tbody>\n<\/table>\n","protected":false},"excerpt":{"rendered":"<p>Fran\u00e7ois Bavaud est professeur associ\u00e9 de m\u00e9thodes quantitatives \u00e0 la section des sciences du langage et de l&#8217;information (facult\u00e9 des Lettres) et \u00e0 l&#8217;institut de g\u00e9ographie et durabilit\u00e9 (facult\u00e9 des &hellip; <\/p>\n","protected":false},"author":1001641,"featured_media":0,"parent":0,"menu_order":0,"comment_status":"closed","ping_status":"closed","template":"","meta":{"_seopress_robots_primary_cat":"","_seopress_titles_title":"","_seopress_titles_desc":"","_seopress_robots_index":"","footnotes":""},"class_list":["post-399","page","type-page","status-publish"],"_links":{"self":[{"href":"https:\/\/wp.unil.ch\/llist\/en\/wp-json\/wp\/v2\/pages\/399","targetHints":{"allow":["GET"]}}],"collection":[{"href":"https:\/\/wp.unil.ch\/llist\/en\/wp-json\/wp\/v2\/pages"}],"about":[{"href":"https:\/\/wp.unil.ch\/llist\/en\/wp-json\/wp\/v2\/types\/page"}],"author":[{"embeddable":true,"href":"https:\/\/wp.unil.ch\/llist\/en\/wp-json\/wp\/v2\/users\/1001641"}],"replies":[{"embeddable":true,"href":"https:\/\/wp.unil.ch\/llist\/en\/wp-json\/wp\/v2\/comments?post=399"}],"version-history":[{"count":1,"href":"https:\/\/wp.unil.ch\/llist\/en\/wp-json\/wp\/v2\/pages\/399\/revisions"}],"predecessor-version":[{"id":968,"href":"https:\/\/wp.unil.ch\/llist\/en\/wp-json\/wp\/v2\/pages\/399\/revisions\/968"}],"wp:attachment":[{"href":"https:\/\/wp.unil.ch\/llist\/en\/wp-json\/wp\/v2\/media?parent=399"}],"curies":[{"name":"wp","href":"https:\/\/api.w.org\/{rel}","templated":true}]}}