{"id":6,"date":"2019-11-28T16:00:19","date_gmt":"2019-11-28T15:00:19","guid":{"rendered":"http:\/\/wp.unil.ch\/lingsurvey\/?page_id=6"},"modified":"2020-11-03T15:34:43","modified_gmt":"2020-11-03T14:34:43","slug":"home","status":"publish","type":"page","link":"https:\/\/wp.unil.ch\/lingsurvey\/","title":{"rendered":"Accueil"},"content":{"rendered":"\n<div class=\"wp-block-media-text alignwide is-stacked-on-mobile\"><figure class=\"wp-block-media-text__media\"><img alt=\"\" loading=\"lazy\" decoding=\"async\" width=\"1024\" height=\"489\" src=\"https:\/\/wp.unil.ch\/lingsurvey\/files\/2020\/08\/Annotation-2020-08-14-002946-1024x489.png\" alt=\"\" class=\"wp-image-274\" srcset=\"https:\/\/wp.unil.ch\/lingsurvey\/files\/2020\/08\/Annotation-2020-08-14-002946-1024x489.png 1024w, https:\/\/wp.unil.ch\/lingsurvey\/files\/2020\/08\/Annotation-2020-08-14-002946-300x143.png 300w, https:\/\/wp.unil.ch\/lingsurvey\/files\/2020\/08\/Annotation-2020-08-14-002946-768x366.png 768w, https:\/\/wp.unil.ch\/lingsurvey\/files\/2020\/08\/Annotation-2020-08-14-002946-1536x733.png 1536w, https:\/\/wp.unil.ch\/lingsurvey\/files\/2020\/08\/Annotation-2020-08-14-002946-1200x572.png 1200w, https:\/\/wp.unil.ch\/lingsurvey\/files\/2020\/08\/Annotation-2020-08-14-002946.png 1897w\" sizes=\"auto, (max-width: 1024px) 100vw, 1024px\" \/><\/figure><div class=\"wp-block-media-text__content\">\n<p style=\"text-align:justify;font-size:24px\">Avec <strong>LingSurvey<\/strong>, cr\u00e9ez facilement votre questionnaire pour votre \u00e9tude sur le langage gr\u00e2ce \u00e0 des fonctionnalit\u00e9s adapt\u00e9es \u00e0 la linguistique et disponibles en quelques clics.<\/p>\n<\/div><\/div>\n\n\n\n<p style=\"text-align:justify;font-size:24px\"><strong>LingSurvey<\/strong> int\u00e8gre \u00e0 l\u2019outil de sondage <strong>LimeSurvey<\/strong> des fonctionnalit\u00e9s suppl\u00e9mentaires dans le but de faciliter la cr\u00e9ation de questionnaires conformes aux besoins des linguistes (tests de perception, jugements d&rsquo;acceptabilit\u00e9, jugements de v\u00e9rit\u00e9, etc.), tant pour la recherche que l\u2019enseignement. Cet outil a \u00e9t\u00e9 cr\u00e9\u00e9 dans le cadre d\u2019un <em>Fond d\u2019Innovation P\u00e9dagogique<\/em> financ\u00e9 par l\u2019Universit\u00e9 de Lausanne.<\/p>\n","protected":false},"excerpt":{"rendered":"<p>Avec LingSurvey, cr\u00e9ez facilement votre questionnaire pour votre \u00e9tude sur le langage gr\u00e2ce \u00e0 des fonctionnalit\u00e9s adapt\u00e9es \u00e0 la linguistique et disponibles en quelques clics. LingSurvey int\u00e8gre \u00e0 l\u2019outil de sondage LimeSurvey des fonctionnalit\u00e9s suppl\u00e9mentaires dans le but de faciliter la cr\u00e9ation de questionnaires conformes aux besoins des linguistes (tests de perception, jugements d&rsquo;acceptabilit\u00e9, jugements [&hellip;]<\/p>\n","protected":false},"author":108,"featured_media":0,"parent":0,"menu_order":0,"comment_status":"closed","ping_status":"closed","template":"","meta":{"_seopress_robots_primary_cat":"","_seopress_titles_title":"","_seopress_titles_desc":"","_seopress_robots_index":"","footnotes":""},"class_list":["post-6","page","type-page","status-publish"],"_links":{"self":[{"href":"https:\/\/wp.unil.ch\/lingsurvey\/wp-json\/wp\/v2\/pages\/6","targetHints":{"allow":["GET"]}}],"collection":[{"href":"https:\/\/wp.unil.ch\/lingsurvey\/wp-json\/wp\/v2\/pages"}],"about":[{"href":"https:\/\/wp.unil.ch\/lingsurvey\/wp-json\/wp\/v2\/types\/page"}],"author":[{"embeddable":true,"href":"https:\/\/wp.unil.ch\/lingsurvey\/wp-json\/wp\/v2\/users\/108"}],"replies":[{"embeddable":true,"href":"https:\/\/wp.unil.ch\/lingsurvey\/wp-json\/wp\/v2\/comments?post=6"}],"version-history":[{"count":0,"href":"https:\/\/wp.unil.ch\/lingsurvey\/wp-json\/wp\/v2\/pages\/6\/revisions"}],"wp:attachment":[{"href":"https:\/\/wp.unil.ch\/lingsurvey\/wp-json\/wp\/v2\/media?parent=6"}],"curies":[{"name":"wp","href":"https:\/\/api.w.org\/{rel}","templated":true}]}}