{"id":506,"date":"2020-10-05T13:49:16","date_gmt":"2020-10-05T11:49:16","guid":{"rendered":"http:\/\/wp.unil.ch\/lingsurvey\/?page_id=506"},"modified":"2020-11-04T10:18:12","modified_gmt":"2020-11-04T09:18:12","slug":"realisations-2","status":"publish","type":"page","link":"https:\/\/wp.unil.ch\/lingsurvey\/realisations-2\/","title":{"rendered":"R\u00e9alisations"},"content":{"rendered":"\n<div class=\"grid-plus-container grid-69d5d8da5caa2 post \"\n     id=\"69d5d8da5caa2\"\n     data-grid-name=\"First Grid\"\n     data-animation=\"fadeInUp\">\n    <div class=\"grid-stack-container grid-plus-inner\"\n         data-ajax-url=\"https:\/\/wp.unil.ch\/lingsurvey\/wp-admin\/admin-ajax.php\"\n         data-grid-id=\"5f7b07c2c7b34\"\n         data-current-category=\"5,6\"\n         data-section-id=\"69d5d8da5caa2\"\n         data-gutter=\"5\"\n         data-columns=\"3\"\n         data-height-ratio=\"1\"\n         data-width-ratio=\"1\"\n         data-desktop-columns=\"3\"\n         data-tablet-columns=\"2\"\n         data-mobile-columns=\"1\"\n         data-layout-type=\"grid\"\n         data-fix-item-height=\"false\"\n         data-nonce=\"53698d6686\"\n    >\n        <div class=\"grid-category hidden center\">\n    <a href=\"javascript:;\" class=\"ladda-button active\"\n       data-category=\"5,6\" data-style=\"zoom-in\"\n       data-spinner-color=\"#5d97af\">\n        Tous    <\/a>\n            <a href=\"javascript:;\" class=\"ladda-button\"\n           data-category=\"5\" data-style=\"zoom-in\"\n           data-spinner-color=\"#5d97af\">\n            Phon\u00e9tique        <\/a>\n            <a href=\"javascript:;\" class=\"ladda-button\"\n           data-category=\"6\" data-style=\"zoom-in\"\n           data-spinner-color=\"#5d97af\">\n            Pragmatique        <\/a>\n        <div class=\"grid-cate-expanded hidden\">\n        <span class=\"grid-dropdown-toggle\">+<\/span>\n        <ul class=\"grid-dropdown-menu\"><\/ul>\n    <\/div>\n<\/div>\n\n        <div class=\"grid-stack grid-stack-3\" data-layout=\"grid\"\n             style=\"height: 1615px\">\n        <\/div>\n        <div class=\"grid-items\">\n                            <div class=\"item\" data-gs-x=\"0\"\n                     data-gs-y=\"0\"\n                     data-gs-width=\"1\"\n                     data-gs-height=\"36\"\n                     data-skin=\"woo-thumb-title-price-icon\"\n\n                     data-desktop-gs-x=\"0\"\n                     data-desktop-gs-y=\"0\"\n                     data-desktop-gs-width=\"1\"\n                     data-desktop-gs-height=\"36\"\n                     data-desktop-skin=\"woo-thumb-title-price-icon\"\n\n                     data-image-width=\"0\"\n                     data-image-height=\"0\"\n                >\n                    <div class=\"grid-post-item thumbnail woocommerce thumb-title-price-inline\" data-thumbnail-only=\"1\">\n    <div class=\"thumbnail-image\" data-img=\"\">\n                <div class=\"flag-wrap\">\n                                <\/div>\n        <div class=\"post-info\">\n                            <div class=\"title\">\n                                            <a href=\"https:\/\/wp.unil.ch\/lingsurvey\/acceptabilite-de-mots-dont-la-longueur-vocalique-du-noyau-a-ete-synthetiquement-modifiee\/\" title=\"Acceptabilit\u00e9 de mots dont la longueur vocalique du noyau a \u00e9t\u00e9 synth\u00e9tiquement modifi\u00e9e\">Acceptabilit\u00e9 de mots dont la longueur vocalique du noyau a \u00e9t\u00e9 synth\u00e9tiquement modifi\u00e9e<\/a>\n                                    <\/div>\n                                <\/div>\n\n        <div class=\"hover-outer transition-30\">\n            <a href=\"https:\/\/wp.unil.ch\/lingsurvey\/acceptabilite-de-mots-dont-la-longueur-vocalique-du-noyau-a-ete-synthetiquement-modifiee\/\" title=\"Acceptabilit\u00e9 de mots dont la longueur vocalique du noyau a \u00e9t\u00e9 synth\u00e9tiquement modifi\u00e9e\"><\/a>\n            <div class=\"hover-inner transition-50\">\n                <div class=\"icon-groups\">\n                    <a href=\"javascript:;\" class=\"view-gallery\" data-src=\"\"\n                       data-post-id=\"250\" title=\"Acceptabilit\u00e9 de mots dont la longueur vocalique du noyau a \u00e9t\u00e9 synth\u00e9tiquement modifi\u00e9e\"\n                       data-ajax-url=\"https:\/\/wp.unil.ch\/lingsurvey\/wp-admin\/admin-ajax.php?_wpnonce=fa3e949c9a\"><i\n                            class=\"fa fa-search\"><\/i><\/a>\n                                                        <\/div>\n            <\/div>\n        <\/div>\n    <\/div>\n<\/div>\n                <\/div>\n                                <div class=\"item\" data-gs-x=\"1\"\n                     data-gs-y=\"0\"\n                     data-gs-width=\"1\"\n                     data-gs-height=\"36\"\n                     data-skin=\"woo-thumb-title-price-icon\"\n\n                     data-desktop-gs-x=\"1\"\n                     data-desktop-gs-y=\"0\"\n                     data-desktop-gs-width=\"1\"\n                     data-desktop-gs-height=\"36\"\n                     data-desktop-skin=\"woo-thumb-title-price-icon\"\n\n                     data-image-width=\"0\"\n                     data-image-height=\"0\"\n                >\n                    <div class=\"grid-post-item thumbnail woocommerce thumb-title-price-inline\" data-thumbnail-only=\"1\">\n    <div class=\"thumbnail-image\" data-img=\"\">\n                <div class=\"flag-wrap\">\n                                <\/div>\n        <div class=\"post-info\">\n                            <div class=\"title\">\n                                            <a href=\"https:\/\/wp.unil.ch\/lingsurvey\/les-paires-docclusives-du-francais-realisees-en-chuchotant\/\" title=\"Les paires d\u2019occlusives du fran\u00e7ais r\u00e9alis\u00e9es en chuchotant\">Les paires d\u2019occlusives du fran\u00e7ais r\u00e9alis\u00e9es en chuchotant<\/a>\n                                    <\/div>\n                                <\/div>\n\n        <div class=\"hover-outer transition-30\">\n            <a href=\"https:\/\/wp.unil.ch\/lingsurvey\/les-paires-docclusives-du-francais-realisees-en-chuchotant\/\" title=\"Les paires d\u2019occlusives du fran\u00e7ais r\u00e9alis\u00e9es en chuchotant\"><\/a>\n            <div class=\"hover-inner transition-50\">\n                <div class=\"icon-groups\">\n                    <a href=\"javascript:;\" class=\"view-gallery\" data-src=\"\"\n                       data-post-id=\"244\" title=\"Les paires d\u2019occlusives du fran\u00e7ais r\u00e9alis\u00e9es en chuchotant\"\n                       data-ajax-url=\"https:\/\/wp.unil.ch\/lingsurvey\/wp-admin\/admin-ajax.php?_wpnonce=fa3e949c9a\"><i\n                            class=\"fa fa-search\"><\/i><\/a>\n                                                        <\/div>\n            <\/div>\n        <\/div>\n    <\/div>\n<\/div>\n                <\/div>\n                                <div class=\"item\" data-gs-x=\"2\"\n                     data-gs-y=\"0\"\n                     data-gs-width=\"1\"\n                     data-gs-height=\"36\"\n                     data-skin=\"woo-thumb-title-price-icon\"\n\n                     data-desktop-gs-x=\"2\"\n                     data-desktop-gs-y=\"0\"\n                     data-desktop-gs-width=\"1\"\n                     data-desktop-gs-height=\"36\"\n                     data-desktop-skin=\"woo-thumb-title-price-icon\"\n\n                     data-image-width=\"0\"\n                     data-image-height=\"0\"\n                >\n                    <div class=\"grid-post-item thumbnail woocommerce thumb-title-price-inline\" data-thumbnail-only=\"1\">\n    <div class=\"thumbnail-image\" data-img=\"\">\n                <div class=\"flag-wrap\">\n                                <\/div>\n        <div class=\"post-info\">\n                            <div class=\"title\">\n                                            <a href=\"https:\/\/wp.unil.ch\/lingsurvey\/projet-sur-la-loi-des-trois-consonnes\/\" title=\"Projet sur la loi des trois consonnes\">Projet sur la loi des trois consonnes<\/a>\n                                    <\/div>\n                                <\/div>\n\n        <div class=\"hover-outer transition-30\">\n            <a href=\"https:\/\/wp.unil.ch\/lingsurvey\/projet-sur-la-loi-des-trois-consonnes\/\" title=\"Projet sur la loi des trois consonnes\"><\/a>\n            <div class=\"hover-inner transition-50\">\n                <div class=\"icon-groups\">\n                    <a href=\"javascript:;\" class=\"view-gallery\" data-src=\"\"\n                       data-post-id=\"192\" title=\"Projet sur la loi des trois consonnes\"\n                       data-ajax-url=\"https:\/\/wp.unil.ch\/lingsurvey\/wp-admin\/admin-ajax.php?_wpnonce=fa3e949c9a\"><i\n                            class=\"fa fa-search\"><\/i><\/a>\n                                                        <\/div>\n            <\/div>\n        <\/div>\n    <\/div>\n<\/div>\n                <\/div>\n                        <\/div>\n\n            <\/div>\n<\/div>\n\n","protected":false},"excerpt":{"rendered":"<p>&nbsp;<\/p>\n","protected":false},"author":1002133,"featured_media":0,"parent":0,"menu_order":0,"comment_status":"closed","ping_status":"closed","template":"","meta":{"_seopress_robots_primary_cat":"","_seopress_titles_title":"","_seopress_titles_desc":"","_seopress_robots_index":"","footnotes":""},"class_list":["post-506","page","type-page","status-publish"],"_links":{"self":[{"href":"https:\/\/wp.unil.ch\/lingsurvey\/wp-json\/wp\/v2\/pages\/506","targetHints":{"allow":["GET"]}}],"collection":[{"href":"https:\/\/wp.unil.ch\/lingsurvey\/wp-json\/wp\/v2\/pages"}],"about":[{"href":"https:\/\/wp.unil.ch\/lingsurvey\/wp-json\/wp\/v2\/types\/page"}],"author":[{"embeddable":true,"href":"https:\/\/wp.unil.ch\/lingsurvey\/wp-json\/wp\/v2\/users\/1002133"}],"replies":[{"embeddable":true,"href":"https:\/\/wp.unil.ch\/lingsurvey\/wp-json\/wp\/v2\/comments?post=506"}],"version-history":[{"count":0,"href":"https:\/\/wp.unil.ch\/lingsurvey\/wp-json\/wp\/v2\/pages\/506\/revisions"}],"wp:attachment":[{"href":"https:\/\/wp.unil.ch\/lingsurvey\/wp-json\/wp\/v2\/media?parent=506"}],"curies":[{"name":"wp","href":"https:\/\/api.w.org\/{rel}","templated":true}]}}