{"id":209,"date":"2020-08-10T09:22:14","date_gmt":"2020-08-10T07:22:14","guid":{"rendered":"http:\/\/wp.unil.ch\/lingsurvey\/?page_id=209"},"modified":"2020-10-12T11:04:51","modified_gmt":"2020-10-12T09:04:51","slug":"tutoriels-videos","status":"publish","type":"page","link":"https:\/\/wp.unil.ch\/lingsurvey\/tutoriels-videos\/","title":{"rendered":"Tutoriels vid\u00e9os"},"content":{"rendered":"\n<p style=\"text-align:justify;font-size:24px\">Afin de vous guider dans l&rsquo;\u00e9laboration de vos questionnaires, des tutoriels vid\u00e9os sont mis \u00e0 votre disposition. Ils sont r\u00e9partis en trois sections ci-dessous selon les diff\u00e9rentes manipulations \u00e0 r\u00e9aliser.<\/p>\n\n\n\n<h3 class=\"has-text-align-center wp-block-heading\">Param\u00e8tres g\u00e9n\u00e9raux du questionnaire<\/h3>\n\n\n\n<p style=\"text-align:justify;font-size:24px\">Cette section regroupe l&rsquo;ensemble des tutoriels vid\u00e9os ayant trait au param\u00e8tres g\u00e9n\u00e9raux des questionnaires. Afin d&rsquo;effectuer les modifications, assurez-vous de vous trouver sous l&rsquo;onglet \u00ab\u00a0<strong>Param\u00e8tres<\/strong>\u00a0\u00bb de votre questionnaire.<\/p>\n\n\n\n<div class=\"wp-block-columns is-layout-flex wp-container-core-columns-is-layout-9d6595d7 wp-block-columns-is-layout-flex\">\n<div class=\"wp-block-column is-layout-flow wp-block-column-is-layout-flow\">\n<div class=\"wp-block-image\"><figure class=\"aligncenter size-large is-resized\"><a href=\"https:\/\/www.youtube.com\/embed\/7tXXJvjlTos\"><img alt=\"\" loading=\"lazy\" decoding=\"async\" src=\"https:\/\/wp.unil.ch\/lingsurvey\/files\/2020\/10\/ae-vignttes-videos.jpg\" alt=\"\" class=\"wp-image-539\" width=\"292\" height=\"182\" srcset=\"https:\/\/wp.unil.ch\/lingsurvey\/files\/2020\/10\/ae-vignttes-videos.jpg 638w, https:\/\/wp.unil.ch\/lingsurvey\/files\/2020\/10\/ae-vignttes-videos-300x188.jpg 300w\" sizes=\"auto, (max-width: 292px) 100vw, 292px\" \/><\/a><figcaption><strong>Messages de bienvenue et de fin<\/strong><\/figcaption><\/figure><\/div>\n<\/div>\n\n\n\n<div class=\"wp-block-column is-layout-flow wp-block-column-is-layout-flow\">\n<div class=\"wp-block-image\"><figure class=\"aligncenter size-large is-resized\"><a href=\"https:\/\/www.youtube.com\/embed\/V4vyxv5vtIk\"><img alt=\"\" loading=\"lazy\" decoding=\"async\" src=\"https:\/\/wp.unil.ch\/lingsurvey\/files\/2020\/10\/ae-vignttes-videos.jpg\" alt=\"\" class=\"wp-image-539\" width=\"293\" height=\"182\" \/><\/a><figcaption><strong>Faire passer les questions dans un ordre al\u00e9atoire<\/strong><\/figcaption><\/figure><\/div>\n<\/div>\n<\/div>\n\n\n\n<h3 class=\"has-text-align-center wp-block-heading\">Structure du questionnaire<\/h3>\n\n\n\n<p style=\"text-align:justify;font-size:24px\">Cette section regroupe l&rsquo;ensemble des tutoriels vid\u00e9os ayant trait \u00e0 la structure g\u00e9n\u00e9rale des questionnaires. Afin d&rsquo;effectuer les modifications, assurez-vous de vous trouver sous l&rsquo;onglet \u00ab\u00a0<strong>Structure<\/strong>\u00a0\u00bb de votre questionnaire.<\/p>\n\n\n\n<div class=\"wp-block-group\"><div class=\"wp-block-group__inner-container is-layout-flow wp-block-group-is-layout-flow\">\n<div class=\"wp-block-columns are-vertically-aligned-center is-layout-flex wp-container-core-columns-is-layout-9d6595d7 wp-block-columns-is-layout-flex\">\n<div class=\"wp-block-column is-vertically-aligned-center is-layout-flow wp-block-column-is-layout-flow\">\n<div class=\"wp-block-image\"><figure class=\"aligncenter size-large is-resized\"><a href=\"https:\/\/www.youtube.com\/embed\/OjgNNTbd2mk\"><img alt=\"\" loading=\"lazy\" decoding=\"async\" src=\"https:\/\/wp.unil.ch\/lingsurvey\/files\/2020\/10\/ae-vignttes-videos.jpg\" alt=\"\" class=\"wp-image-539\" width=\"292\" height=\"182\" srcset=\"https:\/\/wp.unil.ch\/lingsurvey\/files\/2020\/10\/ae-vignttes-videos.jpg 638w, https:\/\/wp.unil.ch\/lingsurvey\/files\/2020\/10\/ae-vignttes-videos-300x188.jpg 300w\" sizes=\"auto, (max-width: 292px) 100vw, 292px\" \/><\/a><figcaption><strong>Cr\u00e9er une question<\/strong><\/figcaption><\/figure><\/div>\n<\/div>\n\n\n\n<div class=\"wp-block-column is-vertically-aligned-center is-layout-flow wp-block-column-is-layout-flow\">\n<div class=\"wp-block-image\"><figure class=\"aligncenter size-large is-resized\"><a href=\"https:\/\/www.youtube.com\/embed\/VSqdgmhw_Pk\"><img alt=\"\" loading=\"lazy\" decoding=\"async\" src=\"https:\/\/wp.unil.ch\/lingsurvey\/files\/2020\/10\/ae-vignttes-videos.jpg\" alt=\"\" class=\"wp-image-539\" width=\"292\" height=\"182\" srcset=\"https:\/\/wp.unil.ch\/lingsurvey\/files\/2020\/10\/ae-vignttes-videos.jpg 638w, https:\/\/wp.unil.ch\/lingsurvey\/files\/2020\/10\/ae-vignttes-videos-300x188.jpg 300w\" sizes=\"auto, (max-width: 292px) 100vw, 292px\" \/><\/a><figcaption><strong>Cr\u00e9er un groupe de questions<\/strong><\/figcaption><\/figure><\/div>\n<\/div>\n<\/div>\n\n\n\n<h3 class=\"has-text-align-center wp-block-heading\">R\u00e9glages et types de questions<\/h3>\n<\/div><\/div>\n\n\n\n<p style=\"text-align:justify;font-size:24px\">Cette section regroupe l&rsquo;ensemble des tutoriels vid\u00e9os ayant trait aux diff\u00e9rents r\u00e9glages possibles pour cr\u00e9er certains types de questions. Afin d&rsquo;effectuer les modifications, il est n\u00e9cessaire d&rsquo;avoir s\u00e9lectionn\u00e9 la <strong>Question<\/strong> \u00e0 modifier. Assurez-vous \u00e9galement d&rsquo;avoir s\u00e9lectionn\u00e9 le mode d&rsquo;\u00e9dition (\u00ab\u00a0<strong>Question Editor<\/strong> \u00bb) pour pouvoir effectuer vos r\u00e9glages.<\/p>\n\n\n\n<div class=\"wp-block-columns is-layout-flex wp-container-core-columns-is-layout-9d6595d7 wp-block-columns-is-layout-flex\">\n<div class=\"wp-block-column is-layout-flow wp-block-column-is-layout-flow\">\n<div class=\"wp-block-image\"><figure class=\"aligncenter size-large is-resized\"><a href=\"https:\/\/www.youtube.com\/embed\/bAmSjaP7BK8\"><img alt=\"\" loading=\"lazy\" decoding=\"async\" src=\"https:\/\/wp.unil.ch\/lingsurvey\/files\/2020\/10\/ae-vignttes-videos.jpg\" alt=\"\" class=\"wp-image-539\" width=\"292\" height=\"182\" srcset=\"https:\/\/wp.unil.ch\/lingsurvey\/files\/2020\/10\/ae-vignttes-videos.jpg 638w, https:\/\/wp.unil.ch\/lingsurvey\/files\/2020\/10\/ae-vignttes-videos-300x188.jpg 300w\" sizes=\"auto, (max-width: 292px) 100vw, 292px\" \/><\/a><figcaption><strong>Question \u00e0 texte libre<\/strong><\/figcaption><\/figure><\/div>\n\n\n\n<div class=\"wp-block-image\"><figure class=\"aligncenter size-large is-resized\"><a href=\"https:\/\/www.youtube.com\/embed\/jtd3-0QAbcs\"><img alt=\"\" loading=\"lazy\" decoding=\"async\" src=\"https:\/\/wp.unil.ch\/lingsurvey\/files\/2020\/10\/ae-vignttes-videos.jpg\" alt=\"\" class=\"wp-image-539\" width=\"292\" height=\"182\" srcset=\"https:\/\/wp.unil.ch\/lingsurvey\/files\/2020\/10\/ae-vignttes-videos.jpg 638w, https:\/\/wp.unil.ch\/lingsurvey\/files\/2020\/10\/ae-vignttes-videos-300x188.jpg 300w\" sizes=\"auto, (max-width: 292px) 100vw, 292px\" \/><\/a><figcaption><strong>Questions concernant le sexe des participant\u00b7e\u00b7s<\/strong><\/figcaption><\/figure><\/div>\n<\/div>\n\n\n\n<div class=\"wp-block-column is-layout-flow wp-block-column-is-layout-flow\">\n<div class=\"wp-block-image\"><figure class=\"aligncenter size-large is-resized\"><a href=\"https:\/\/www.youtube.com\/embed\/UGDJ8gOewik\"><img alt=\"\" loading=\"lazy\" decoding=\"async\" src=\"https:\/\/wp.unil.ch\/lingsurvey\/files\/2020\/10\/ae-vignttes-videos.jpg\" alt=\"\" class=\"wp-image-539\" width=\"292\" height=\"182\" srcset=\"https:\/\/wp.unil.ch\/lingsurvey\/files\/2020\/10\/ae-vignttes-videos.jpg 638w, https:\/\/wp.unil.ch\/lingsurvey\/files\/2020\/10\/ae-vignttes-videos-300x188.jpg 300w\" sizes=\"auto, (max-width: 292px) 100vw, 292px\" \/><\/a><figcaption><strong>Question \u00e0 texte limit\u00e9 en caract\u00e8res<\/strong><\/figcaption><\/figure><\/div>\n\n\n\n<div class=\"wp-block-image\"><figure class=\"aligncenter size-large is-resized\"><a href=\"https:\/\/www.youtube.com\/embed\/TksbNQrSO_k\"><img alt=\"\" loading=\"lazy\" decoding=\"async\" src=\"https:\/\/wp.unil.ch\/lingsurvey\/files\/2020\/10\/ae-vignttes-videos.jpg\" alt=\"\" class=\"wp-image-539\" width=\"292\" height=\"182\" srcset=\"https:\/\/wp.unil.ch\/lingsurvey\/files\/2020\/10\/ae-vignttes-videos.jpg 638w, https:\/\/wp.unil.ch\/lingsurvey\/files\/2020\/10\/ae-vignttes-videos-300x188.jpg 300w\" sizes=\"auto, (max-width: 292px) 100vw, 292px\" \/><\/a><figcaption><strong>Question \u00e0 r\u00e9ponse num\u00e9rique<\/strong><\/figcaption><\/figure><\/div>\n\n\n\n<div class=\"wp-block-image\"><figure class=\"aligncenter size-large is-resized\"><a href=\"https:\/\/www.youtube.com\/embed\/AgqBSdbmGI8\"><img alt=\"\" loading=\"lazy\" decoding=\"async\" src=\"https:\/\/wp.unil.ch\/lingsurvey\/files\/2020\/10\/ae-vignttes-videos.jpg\" alt=\"\" class=\"wp-image-539\" width=\"292\" height=\"182\" srcset=\"https:\/\/wp.unil.ch\/lingsurvey\/files\/2020\/10\/ae-vignttes-videos.jpg 638w, https:\/\/wp.unil.ch\/lingsurvey\/files\/2020\/10\/ae-vignttes-videos-300x188.jpg 300w\" sizes=\"auto, (max-width: 292px) 100vw, 292px\" \/><\/a><figcaption><strong>Insertion d&rsquo;un fichier audio<\/strong><\/figcaption><\/figure><\/div>\n<\/div>\n\n\n\n<div class=\"wp-block-column is-layout-flow wp-block-column-is-layout-flow\">\n<div class=\"wp-block-image\"><figure class=\"aligncenter size-large is-resized\"><a href=\"https:\/\/www.youtube.com\/embed\/wRKpYMA60TA\"><img alt=\"\" loading=\"lazy\" decoding=\"async\" src=\"https:\/\/wp.unil.ch\/lingsurvey\/files\/2020\/10\/ae-vignttes-videos.jpg\" alt=\"\" class=\"wp-image-539\" width=\"292\" height=\"182\" srcset=\"https:\/\/wp.unil.ch\/lingsurvey\/files\/2020\/10\/ae-vignttes-videos.jpg 638w, https:\/\/wp.unil.ch\/lingsurvey\/files\/2020\/10\/ae-vignttes-videos-300x188.jpg 300w\" sizes=\"auto, (max-width: 292px) 100vw, 292px\" \/><\/a><figcaption><strong>Question contrainte par une phrase pr\u00e9-formul\u00e9e<\/strong><\/figcaption><\/figure><\/div>\n\n\n\n<div class=\"wp-block-image\"><figure class=\"aligncenter size-large is-resized\"><a href=\"https:\/\/www.youtube.com\/embed\/6huHa8F7TZ8\"><img alt=\"\" loading=\"lazy\" decoding=\"async\" src=\"https:\/\/wp.unil.ch\/lingsurvey\/files\/2020\/10\/ae-vignttes-videos.jpg\" alt=\"\" class=\"wp-image-539\" width=\"292\" height=\"182\" srcset=\"https:\/\/wp.unil.ch\/lingsurvey\/files\/2020\/10\/ae-vignttes-videos.jpg 638w, https:\/\/wp.unil.ch\/lingsurvey\/files\/2020\/10\/ae-vignttes-videos-300x188.jpg 300w\" sizes=\"auto, (max-width: 292px) 100vw, 292px\" \/><\/a><figcaption><strong>Question \u00e0 \u00e9chelle<\/strong><\/figcaption><\/figure><\/div>\n<\/div>\n<\/div>\n","protected":false},"excerpt":{"rendered":"<p>Afin de vous guider dans l&rsquo;\u00e9laboration de vos questionnaires, des tutoriels vid\u00e9os sont mis \u00e0 votre disposition. Ils sont r\u00e9partis en trois sections ci-dessous selon les diff\u00e9rentes manipulations \u00e0 r\u00e9aliser. Param\u00e8tres g\u00e9n\u00e9raux du questionnaire Cette section regroupe l&rsquo;ensemble des tutoriels vid\u00e9os ayant trait au param\u00e8tres g\u00e9n\u00e9raux des questionnaires. Afin d&rsquo;effectuer les modifications, assurez-vous de vous [&hellip;]<\/p>\n","protected":false},"author":1002133,"featured_media":0,"parent":0,"menu_order":2,"comment_status":"closed","ping_status":"closed","template":"","meta":{"_seopress_robots_primary_cat":"","_seopress_titles_title":"","_seopress_titles_desc":"","_seopress_robots_index":"","footnotes":""},"class_list":["post-209","page","type-page","status-publish"],"_links":{"self":[{"href":"https:\/\/wp.unil.ch\/lingsurvey\/wp-json\/wp\/v2\/pages\/209","targetHints":{"allow":["GET"]}}],"collection":[{"href":"https:\/\/wp.unil.ch\/lingsurvey\/wp-json\/wp\/v2\/pages"}],"about":[{"href":"https:\/\/wp.unil.ch\/lingsurvey\/wp-json\/wp\/v2\/types\/page"}],"author":[{"embeddable":true,"href":"https:\/\/wp.unil.ch\/lingsurvey\/wp-json\/wp\/v2\/users\/1002133"}],"replies":[{"embeddable":true,"href":"https:\/\/wp.unil.ch\/lingsurvey\/wp-json\/wp\/v2\/comments?post=209"}],"version-history":[{"count":0,"href":"https:\/\/wp.unil.ch\/lingsurvey\/wp-json\/wp\/v2\/pages\/209\/revisions"}],"wp:attachment":[{"href":"https:\/\/wp.unil.ch\/lingsurvey\/wp-json\/wp\/v2\/media?parent=209"}],"curies":[{"name":"wp","href":"https:\/\/api.w.org\/{rel}","templated":true}]}}