{"id":200,"date":"2020-08-07T18:24:22","date_gmt":"2020-08-07T16:24:22","guid":{"rendered":"http:\/\/wp.unil.ch\/lingsurvey\/?page_id=200"},"modified":"2022-12-19T17:12:24","modified_gmt":"2022-12-19T16:12:24","slug":"contact","status":"publish","type":"page","link":"https:\/\/wp.unil.ch\/lingsurvey\/contact\/","title":{"rendered":"Contact"},"content":{"rendered":"\n<h3 class=\"wp-block-heading\">Conception<\/h3>\n\n\n\n<p><a rel=\"noreferrer noopener\" href=\"https:\/\/www.unil.ch\/sli\" target=\"_blank\">Sciences du langage et de l&rsquo;information<\/a>, Facult\u00e9 des lettres<\/p>\n\n\n\n<p>J\u00e9r\u00f4me Jacquin \u2013 jerome.jacquin@unil.ch<br>M\u00e9lanie Lancien<br>Guillaume Stern \u2013 guillaume.stern@unil.ch<br>Benjamin Storme <\/p>\n\n\n\n<h3 class=\"wp-block-heading\">D\u00e9veloppement<\/h3>\n\n\n\n<p><a href=\"https:\/\/www.sondages.pro\" target=\"_blank\" rel=\"noreferrer noopener\">Denis Chenu<\/a> (LimeSurvey)<\/p>\n\n\n\n<h3 class=\"wp-block-heading\">Soutien<\/h3>\n\n\n\n<p>C\u00e9line Restrepo Zea \u2013 Ing\u00e9nieure p\u00e9dagogique, Facult\u00e9 des lettres<\/p>\n\n\n\n<h3 class=\"wp-block-heading\">Financement<\/h3>\n\n\n\n<p>Facult\u00e9 des lettres<\/p>\n\n\n\n<p><a rel=\"noreferrer noopener\" href=\"https:\/\/www.unil.ch\/fip\/fr\/home.html\" target=\"_blank\">FIP &#8211; Fonds d&rsquo;innovation p\u00e9dagogique<\/a><\/p>\n","protected":false},"excerpt":{"rendered":"<p>Conception Sciences du langage et de l&rsquo;information, Facult\u00e9 des lettres J\u00e9r\u00f4me Jacquin \u2013 jerome.jacquin@unil.chM\u00e9lanie LancienGuillaume Stern \u2013 guillaume.stern@unil.chBenjamin Storme D\u00e9veloppement Denis Chenu (LimeSurvey) Soutien C\u00e9line Restrepo Zea \u2013 Ing\u00e9nieure p\u00e9dagogique, Facult\u00e9 des lettres Financement Facult\u00e9 des lettres FIP &#8211; Fonds d&rsquo;innovation p\u00e9dagogique<\/p>\n","protected":false},"author":450,"featured_media":0,"parent":0,"menu_order":4,"comment_status":"closed","ping_status":"closed","template":"","meta":{"_seopress_robots_primary_cat":"","_seopress_titles_title":"","_seopress_titles_desc":"","_seopress_robots_index":"","footnotes":""},"class_list":["post-200","page","type-page","status-publish"],"_links":{"self":[{"href":"https:\/\/wp.unil.ch\/lingsurvey\/wp-json\/wp\/v2\/pages\/200","targetHints":{"allow":["GET"]}}],"collection":[{"href":"https:\/\/wp.unil.ch\/lingsurvey\/wp-json\/wp\/v2\/pages"}],"about":[{"href":"https:\/\/wp.unil.ch\/lingsurvey\/wp-json\/wp\/v2\/types\/page"}],"author":[{"embeddable":true,"href":"https:\/\/wp.unil.ch\/lingsurvey\/wp-json\/wp\/v2\/users\/450"}],"replies":[{"embeddable":true,"href":"https:\/\/wp.unil.ch\/lingsurvey\/wp-json\/wp\/v2\/comments?post=200"}],"version-history":[{"count":0,"href":"https:\/\/wp.unil.ch\/lingsurvey\/wp-json\/wp\/v2\/pages\/200\/revisions"}],"wp:attachment":[{"href":"https:\/\/wp.unil.ch\/lingsurvey\/wp-json\/wp\/v2\/media?parent=200"}],"curies":[{"name":"wp","href":"https:\/\/api.w.org\/{rel}","templated":true}]}}