{"id":166,"date":"2020-08-06T15:41:09","date_gmt":"2020-08-06T13:41:09","guid":{"rendered":"http:\/\/wp.unil.ch\/lingsurvey\/?page_id=166"},"modified":"2022-12-19T17:17:40","modified_gmt":"2022-12-19T16:17:40","slug":"pour-commencer","status":"publish","type":"page","link":"https:\/\/wp.unil.ch\/lingsurvey\/pour-commencer\/","title":{"rendered":"Pour commencer"},"content":{"rendered":"\n<h3 class=\"has-text-align-center wp-block-heading\">C&rsquo;est quoi LingSurvey ?<\/h3>\n\n\n\n<p style=\"text-align:justify;font-size:24px\"><strong>LingSurvey <\/strong>est une adaptation de l&rsquo;outil de sondage <strong>LimeSurvey<\/strong> dont le but est de faciliter la cr\u00e9ation de questionnaires conformes aux besoins des linguistes (tests de perception, jugements d&rsquo;acceptabilit\u00e9, jugements de v\u00e9rit\u00e9, etc.), tant pour la recherche que l\u2019enseignement. Cet outil a \u00e9t\u00e9 cr\u00e9\u00e9 dans le cadre d&rsquo;un <em>Fond d\u2019Innovation P\u00e9dagogique<\/em> financ\u00e9 par l&rsquo;Universit\u00e9 de Lausanne pour les besoins de la section des Sciences du Langage et de l&rsquo;Information. Le projet inclut l&rsquo;outil en lui-m\u00eame ainsi qu&rsquo;un ensemble de tutoriels r\u00e9alis\u00e9s \u00e0 des fins p\u00e9dagogiques.<\/p>\n\n\n\n<p style=\"text-align:justify;font-size:24px\">Le logiciel <strong>LimeSurvey<\/strong> est un outil pour la cr\u00e9ation de sondages en ligne. Il permet aux utilisateurs, de publier des questionnaires en ligne et d&rsquo;en collecter les r\u00e9ponses. Avec <strong>LingSurvey<\/strong> nous avons cherch\u00e9 \u00e0 faciliter l\u2019utilisation de certaines fonctionnalit\u00e9s comme  l\u2019insertion d&rsquo;images, de sons, et de vid\u00e9os (indispensables aux travaux en phon\u00e9tique, phonologie, et pragmatique), mais aussi la randomisation des questions, ainsi que la cr\u00e9ation de \u00ab\u00a0groupes classe\u00a0\u00bb pour l&rsquo;enseignement (partage de questionnaires, co-construction des questionnaires&#8230;), ou encore l&rsquo;interface utilisateur. Nous avons \u00e9galement ajout\u00e9 des fonctions, notamment sur la conservation des relev\u00e9s de temps pass\u00e9 sur les diff\u00e9rentes questions (souvent utilis\u00e9s pour d\u00e9terminer l&rsquo;attention port\u00e9e au questionnaire par les participants).<\/p>\n\n\n\n<p style=\"text-align:justify;font-size:24px\">La page <a href=\"https:\/\/wp.unil.ch\/lingsurvey\/realisations\/\" data-type=\"page\" data-id=\"176\">r\u00e9alisations<\/a> vous propose un floril\u00e8ge des travaux r\u00e9alis\u00e9s par nos collaborateurs et \u00e9tudiants dans le cadre du projet <strong>LingSurvey<\/strong>.<\/p>\n\n\n\n<h3 class=\"has-text-align-center wp-block-heading\">Comment utiliser LingSurvey ?<\/h3>\n\n\n\n<p style=\"text-align:justify;font-size:24px\">Pour utiliser <strong>LingSurvey<\/strong>, il est n\u00e9cessaire d&rsquo;avoir des connaissances pr\u00e9alables sur l&rsquo;utilisation de LimeSurvey. Pour les n\u00e9ophytes, le manuel des fonctions de base de LimeSurvey est disponible \u00e0 l&rsquo;adresse suivante : <a rel=\"noreferrer noopener\" href=\"https:\/\/manual.limesurvey.org\/Surveys_-_introduction\/fr\" data-type=\"URL\" data-id=\"https:\/\/manual.limesurvey.org\/Surveys_-_introduction\/fr\" target=\"_blank\">https:\/\/manual.limesurvey.org\/Surveys_-_introduction\/fr<\/a>.<\/p>\n\n\n\n<p style=\"text-align:justify;font-size:24px\">Pour les utilisateurs aguerris qui souhaiteraient obtenir un compte utilisateur pour <strong>LingSurvey<\/strong>, la proc\u00e9dure est la suivante :<\/p>\n\n\n\n<ul style=\"text-align:justify;font-size:24px\"><li>A) Vous \u00eates <strong>affili\u00e9 \u00e0 l&rsquo;Universit\u00e9 de Lausanne<\/strong> :<ol><li>Connectez-vous \u00e0 l&rsquo;adresse suivante avec votre <strong>login unil<\/strong> : <a href=\"https:\/\/survey.unil.ch\/login\" data-type=\"URL\" data-id=\"https:\/\/survey.unil.ch\/login\">https:\/\/survey.unil.ch\/login<\/a>, la connexion engendre la cr\u00e9ation automatique d&rsquo;un compte utilisateur.<\/li><li>Si vous \u00eates <strong>\u00e9tudiant<\/strong>, vous pouvez d&rsquo;ores et d\u00e9j\u00e0 vous rendre sur la page de <a href=\"https:\/\/wp.unil.ch\/lingsurvey\/tutoriels-videos\/\" data-type=\"page\" data-id=\"209\">tutoriels<\/a> de ce site et construire votre premier questionnaire pas \u00e0 pas.<\/li><li>Si vous \u00eates <strong>enseignant<\/strong>, envoyez un mail \u00e0 l&rsquo;adresse suivante :  <span class=\"has-inline-color has-accent-color\">guillaume.stern@unil.ch<\/span>, en expliquant vos besoins et en pr\u00e9cisant le code de votre cours, le super-administrateur vous donnera un statut administrateur qui vous permettra de cr\u00e9er et g\u00e9rer votre groupe classe.<\/li><\/ol><\/li><li>B) Vous n&rsquo;\u00eates pas affili\u00e9 \u00e0 l\u2019Universit\u00e9 de Lausanne:<ol><li>Vous n&rsquo;avez pour le moment pas acc\u00e8s \u00e0 LingSurvey.<\/li><\/ol><\/li><\/ul>\n\n\n\n<p><\/p>\n","protected":false},"excerpt":{"rendered":"<p>C&rsquo;est quoi LingSurvey ? LingSurvey est une adaptation de l&rsquo;outil de sondage LimeSurvey dont le but est de faciliter la cr\u00e9ation de questionnaires conformes aux besoins des linguistes (tests de perception, jugements d&rsquo;acceptabilit\u00e9, jugements de v\u00e9rit\u00e9, etc.), tant pour la recherche que l\u2019enseignement. Cet outil a \u00e9t\u00e9 cr\u00e9\u00e9 dans le cadre d&rsquo;un Fond d\u2019Innovation P\u00e9dagogique [&hellip;]<\/p>\n","protected":false},"author":1002134,"featured_media":0,"parent":0,"menu_order":1,"comment_status":"closed","ping_status":"closed","template":"","meta":{"_seopress_robots_primary_cat":"","_seopress_titles_title":"","_seopress_titles_desc":"","_seopress_robots_index":"","footnotes":""},"class_list":["post-166","page","type-page","status-publish"],"_links":{"self":[{"href":"https:\/\/wp.unil.ch\/lingsurvey\/wp-json\/wp\/v2\/pages\/166","targetHints":{"allow":["GET"]}}],"collection":[{"href":"https:\/\/wp.unil.ch\/lingsurvey\/wp-json\/wp\/v2\/pages"}],"about":[{"href":"https:\/\/wp.unil.ch\/lingsurvey\/wp-json\/wp\/v2\/types\/page"}],"author":[{"embeddable":true,"href":"https:\/\/wp.unil.ch\/lingsurvey\/wp-json\/wp\/v2\/users\/1002134"}],"replies":[{"embeddable":true,"href":"https:\/\/wp.unil.ch\/lingsurvey\/wp-json\/wp\/v2\/comments?post=166"}],"version-history":[{"count":0,"href":"https:\/\/wp.unil.ch\/lingsurvey\/wp-json\/wp\/v2\/pages\/166\/revisions"}],"wp:attachment":[{"href":"https:\/\/wp.unil.ch\/lingsurvey\/wp-json\/wp\/v2\/media?parent=166"}],"curies":[{"name":"wp","href":"https:\/\/api.w.org\/{rel}","templated":true}]}}