{"id":21,"date":"2015-11-20T14:44:41","date_gmt":"2015-11-20T13:44:41","guid":{"rendered":"http:\/\/wp.unil.ch\/linde-hydrogeophysics\/?page_id=21"},"modified":"2025-04-01T15:10:59","modified_gmt":"2025-04-01T13:10:59","slug":"people","status":"publish","type":"page","link":"https:\/\/wp.unil.ch\/linde-hydrogeophysics\/people\/","title":{"rendered":"People"},"content":{"rendered":"<p><strong>CURRENT COLLABORATORS<\/strong><\/p>\n<p><strong>PhD students<\/strong><\/p>\n<table width=\"452\">\n<tbody>\n<tr>\n<td style=\"width: 633px\" colspan=\"2\"><strong>Professor<\/strong><\/td>\n<\/tr>\n<tr>\n<td style=\"width: 285px\"><a href=\"https:\/\/scholar.google.com\/citations?user=lNuvGlUAAAAJ&amp;hl=en\">Niklas Linde<\/a><\/td>\n<td style=\"width: 348px\">\u00a0+41 21 692 44 01 \/ niklas.linde@unil.ch<\/td>\n<\/tr>\n<tr>\n<td style=\"width: 633px\" colspan=\"2\">\n<table style=\"height: 100px;width: 101.929%;border-collapse: collapse;border-style: none\" border=\"0\">\n<tbody>\n<tr style=\"height: 49px\">\n<td style=\"width: 22.3143%;height: 49px\"><strong>Post-doc<\/strong><\/td>\n<td style=\"width: 27.6856%;height: 49px\"><\/td>\n<\/tr>\n<tr style=\"height: 50px\">\n<td style=\"width: 22.3143%;height: 50px\"><a href=\"https:\/\/scholar.google.com\/citations?hl=en&amp;user=NeSFYk0AAAAJ\">Roberto Miele<\/a><\/td>\n<td style=\"width: 27.6856%;height: 10px\">roberto.miele@unil.ch<\/td>\n<\/tr>\n<\/tbody>\n<\/table>\n<\/td>\n<\/tr>\n<tr style=\"height: 49px\">\n<td style=\"width: 22.3143%;height: 49px\"><strong>PhD students<\/strong><\/td>\n<td style=\"width: 27.6856%;height: 49px\"><\/td>\n<\/tr>\n<tr>\n<td style=\"width: 285px\"><a href=\"https:\/\/www.unil.ch\/iste\/en\/home\/menuinst\/personnel\/fonctions.html\">Marta De Toro Sanchez<\/a><\/td>\n<td style=\"width: 348px\">marta.detorosanchez@unil.ch<\/td>\n<\/tr>\n<tr>\n<td style=\"width: 285px\"><a href=\"https:\/\/www.linkedin.com\/in\/jean-porchet\/?originalSubdomain=ch\">Jean Porchet<\/a><\/td>\n<td style=\"width: 348px\">jean.porchet@unil.ch<\/td>\n<\/tr>\n<tr>\n<td style=\"width: 285px\"><a href=\"https:\/\/www.unil.ch\/iste\/en\/home\/menuinst\/personnel\/fonctions.html\">Paul Oliver<\/a><\/td>\n<td style=\"width: 348px\">Paul Oliver@unil.ch<\/td>\n<\/tr>\n<tr>\n<td style=\"width: 285px\"><a href=\"https:\/\/www.unil.ch\/iste\/en\/home\/menuinst\/personnel\/fonctions.html\">Louise Resche-Rigon<\/a><\/td>\n<td style=\"width: 348px\">louise.resche-rigon@unil.ch<\/td>\n<\/tr>\n<tr>\n<td style=\"width: 633px\" colspan=\"2\"><strong>ALUMNI<\/strong><\/p>\n<table style=\"height: 297px\" width=\"225\">\n<tbody>\n<tr style=\"height: 41px\">\n<td style=\"height: 41px\" colspan=\"2\" width=\"238\"><strong>Past post-docs and junior lecturers<\/strong><\/td>\n<\/tr>\n<tr style=\"height: 21px\">\n<td style=\"height: 21px\"><a href=\"https:\/\/scholar.google.com\/citations?hl=en&amp;user=4veTUQIAAAAJ\">Giovanni Meles<\/a><\/td>\n<td style=\"height: 21px\">\u00a02020-2024<\/td>\n<\/tr>\n<tr style=\"height: 21px\">\n<td style=\"height: 21px\"><a href=\"https:\/\/scholar.google.com\/citations?hl=en&amp;user=jNtMDEAAAAAJ\">Maria Klepikova<\/a><\/td>\n<td style=\"height: 21px\">\u00a02019-2020<\/td>\n<\/tr>\n<tr style=\"height: 21px\">\n<td style=\"height: 21px\"><a href=\"https:\/\/www.linkedin.com\/in\/j%C3%BCrg-hunziker-7260a9161\/?originalSubdomain=ch\">J\u00fcrg Hunziker<\/a><\/td>\n<td style=\"height: 21px\">\u00a02015-2019, 2021-2024<\/td>\n<\/tr>\n<tr style=\"height: 21px\">\n<td style=\"height: 21px\"><a href=\"https:\/\/scholar.google.com\/citations?hl=en&amp;user=dwjRLuEAAAAJ\">Guillaume Pirot<\/a><\/td>\n<td style=\"height: 21px\">\u00a02015-2019<\/td>\n<\/tr>\n<tr style=\"height: 21px\">\n<td style=\"height: 21px\"><a href=\"https:\/\/scholar.google.com\/citations?user=wW-1UzwAAAAJ&amp;hl=en\">Damien Jougnot<\/a><\/td>\n<td style=\"height: 21px\">2009-2014<\/td>\n<\/tr>\n<tr style=\"height: 21px\">\n<td style=\"height: 41px\" colspan=\"2\" width=\"238\"><strong>Past PhD students<\/strong><\/td>\n<\/tr>\n<tr style=\"height: 41px\">\n<td style=\"height: 41px\"><a href=\"https:\/\/scholar.google.com\/citations?hl=en&amp;user=SZYCEA0AAAAJ\">Lea Friedli<\/a><strong><a class=\"gsc_oci_title_link\" href=\"https:\/\/serval.unil.ch\/en\/notice\/serval:BIB_61BCFA95009A\" data-clk=\"hl=en&amp;sa=T&amp;ei=goMiZp-OEZPKy9YPv4q_IA\">Likelihood estimation and risk assessment for inverse problems in the geosciences<\/a><\/strong><\/td>\n<td style=\"height: 21px\">\u00a02019-2023<\/td>\n<\/tr>\n<tr style=\"height: 41px\">\n<td style=\"height: 41px\"><a href=\"https:\/\/scholar.google.com\/citations?hl=en&amp;user=dAtsTNAAAAAJ\">Macarena Amaya<\/a><strong><a class=\"gsc_a_at\" href=\"https:\/\/serval.unil.ch\/en\/notice\/serval:BIB_2EE032A0FB34\">Geophysical and Hydrogeological Bayesian Inversion by Adaptive Sequential Monte Carlo<\/a><\/strong><\/td>\n<td style=\"height: 21px\">\u00a02019-2023<\/td>\n<\/tr>\n<tr style=\"height: 41px\">\n<td style=\"height: 41px\"><a href=\"https:\/\/scholar.google.com\/citations?hl=en&amp;user=48kkQUwAAAAJ\">Shiran Levy<\/a><br \/>\n<strong><a class=\"gsc_a_at\" href=\"https:\/\/serval.unil.ch\/en\/notice\/serval:BIB_08FBA69E0986\">Efficient Bayesian inversion for geophysical applications: Leveraging deep learning and geostatistical methods<\/a><\/strong><\/td>\n<td style=\"height: 21px\">\u00a02019-2023<\/td>\n<\/tr>\n<tr style=\"height: 41px\">\n<td style=\"height: 41px\"><a href=\"https:\/\/scholar.google.com\/citations?hl=en&amp;user=hZhddq4AAAAJ\">Alejandro Fernandez Visentini<\/a><strong><a href=\"https:\/\/serval.unil.ch\/en\/notice\/serval:BIB_940AA3E795A5\">Geoelectrical signatures of spreading and mixing<\/a><\/strong><\/td>\n<td style=\"height: 21px\">\u00a02017-2021<\/td>\n<\/tr>\n<tr style=\"height: 41px\">\n<td style=\"height: 41px\"><a href=\"https:\/\/scholar.google.com\/citations?hl=en&amp;user=vrcoAJwAAAAJ\">Alejandro Romero-Ruiz<\/a><strong><a href=\"https:\/\/serval.unil.ch\/en\/notice\/serval:BIB_9968EFF0673A\">Geophysical Methods for Field-Scale Characterization of Soil Structure<\/a><\/strong><\/td>\n<td style=\"height: 21px\">\u00a02016-2021<\/td>\n<\/tr>\n<tr style=\"height: 1px\">\n<td style=\"height: 41px\"><a href=\"https:\/\/www.researchgate.net\/profile\/Justine-Molron-2\">Justine Molron (co-supervision, University of Rennes 1)<\/a><strong><a href=\"https:\/\/tel.archives-ouvertes.fr\/tel-03238815\">Conditionnement des mod\u00e8les de r\u00e9seaux de fractures \u00e0 des donn\u00e9es g\u00e9ologiques et g\u00e9ophysiques pour la r\u00e9duction des incertitudes dans les mod\u00e8les d&#8217;\u00e9coulement et de transport<\/a><\/strong><\/td>\n<td style=\"height: 21px\">\u00a02017-2020<\/td>\n<\/tr>\n<tr style=\"height: 1px\">\n<td style=\"height: 41px\"><a href=\"https:\/\/scholar.google.com\/citations?user=HiyXrmgAAAAJ&amp;hl=en\">Carlotta Brunetti<\/a><strong><a href=\"https:\/\/serval.unil.ch\/resource\/serval:BIB_384AF47B58ED.P001\/REF\">Bayesian model selection in hydrogeophysics and hydrogeology <\/a><\/strong><\/td>\n<td style=\"height: 21px\">2015-2019<\/td>\n<\/tr>\n<tr style=\"height: 1px\">\n<td style=\"height: 41px\"><a href=\"https:\/\/scholar.google.com\/citations?hl=en&amp;user=2Bk308kAAAAJ\">Giulia De Pasquale<\/a><a href=\"https:\/\/core.ac.uk\/download\/pdf\/195410556.pdf\"><strong>Probabilistic geophysical inversion with structure-based priors and unknown interface geometries<\/strong><\/a><\/td>\n<td style=\"height: 21px\">\u00a02015-2019<\/td>\n<\/tr>\n<tr style=\"height: 1px\">\n<td style=\"height: 41px\"><a href=\"https:\/\/scholar.google.com\/citations?user=guTYVwwAAAAJ&amp;hl=en\">Alexis Shakas<\/a><strong><a href=\"https:\/\/hal.archives-ouvertes.fr\/tel-01636401\/file\/Alexis_Shakas_Thesis.pdf\">Characterizing fracture aperture and transport dynamics with hydrogeophysics: Theoretical and experimental advances<\/a><\/strong><\/td>\n<td style=\"height: 21px\">\u00a02013-2017<\/td>\n<\/tr>\n<tr style=\"height: 1px\">\n<td style=\"height: 41px\"><a href=\"https:\/\/scholar.google.com\/citations?user=nkfpkxcAAAAJ&amp;hl=en\">Tobias Lochb\u00fchler<\/a><\/td>\n<td style=\"height: 21px\">2011-2014<\/td>\n<\/tr>\n<tr style=\"height: 1px\">\n<td style=\"height: 41px\"><a href=\"https:\/\/scholar.google.ch\/citations?user=AUjzdmoAAAAJ&amp;hl=fr\">Marina Rosas Carbajal<\/a><strong><a href=\"https:\/\/serval.unil.ch\/resource\/serval:BIB_9020A6FF2D3F.P001\/REF\">Time-lapse and probabilistic inversion strategies for plane-wave electromagnetic data <\/a><\/strong><\/td>\n<td style=\"height: 21px\">2011-2014<\/td>\n<\/tr>\n<tr style=\"height: 1px\">\n<td style=\"height: 41px\"><a href=\"https:\/\/scholar.google.com\/citations?user=51c1vkcAAAAJ&amp;hl=en\">Caroline Dorn<\/a><strong><span style=\"color: #993300\"><a style=\"color: #993300\" href=\"https:\/\/serval.unil.ch\/resource\/serval:BIB_763B5F2128EC.P001\/REF\">Fracture network characterization using hydrological and geophysical data<\/a><\/span><\/strong><\/td>\n<td style=\"height: 21px\">2009-2013<\/td>\n<\/tr>\n<tr style=\"height: 1px\">\n<td style=\"height: 41px\"><a href=\"https:\/\/scholar.google.com\/citations?user=XJLBjlkAAAAJ&amp;hl=en\">Joseph Doetsch (co-supervision, ETHZ)<\/a><strong><a href=\"https:\/\/www.research-collection.ethz.ch\/handle\/20.500.11850\/152949\">Joint and constrained inversion of geophysical data for improved imaging of aquifer structure and processes<\/a><\/strong><\/td>\n<td style=\"height: 21px\">2007-2010<\/td>\n<\/tr>\n<tr style=\"height: 1px\">\n<td style=\"height: 41px\"><a href=\"https:\/\/ch.linkedin.com\/in\/ilariacoscia\">Ilaria Coscia (co-supervision, ETHZ)<\/a><strong><a href=\"https:\/\/www.research-collection.ethz.ch\/handle\/20.500.11850\/152911\">Time-varying electrical properties of infiltrating river water as a natural tracer for investigating flow and transport in an aquifer through time-lapse crosshole ERT<\/a><\/strong><\/td>\n<td style=\"height: 21px\">2007-2010<\/td>\n<\/tr>\n<tr style=\"height: 1px\">\n<td style=\"height: 41px\" colspan=\"2\"><strong>Past visiting PhD students (1 year or more)<\/strong><\/td>\n<\/tr>\n<tr style=\"height: 1px\">\n<td style=\"height: 41px\"><a href=\"https:\/\/scholar.google.com\/citations?hl=en&amp;user=iULNJUgAAAAJ\">Kaiyan Hu<\/a><\/td>\n<td style=\"height: 21px\">\u00a02018-2019<\/td>\n<\/tr>\n<\/tbody>\n<\/table>\n<\/td>\n<\/tr>\n<\/tbody>\n<\/table>\n<p><!--more--><\/p>\n","protected":false},"excerpt":{"rendered":"<p>CURRENT COLLABORATORS PhD students Professor Niklas Linde \u00a0+41 21 692 44 01 \/ niklas.linde@unil.ch Post-doc Roberto Miele roberto.miele@unil.ch PhD students Marta De Toro Sanchez marta.detorosanchez@unil.ch Jean Porchet jean.porchet@unil.ch Paul Oliver Paul Oliver@unil.ch Louise Resche-Rigon louise.resche-rigon@unil.ch ALUMNI Past post-docs and junior lecturers Giovanni Meles \u00a02020-2024 Maria Klepikova \u00a02019-2020 J\u00fcrg Hunziker \u00a02015-2019, 2021-2024 Guillaume Pirot \u00a02015-2019 Damien &hellip; <a href=\"https:\/\/wp.unil.ch\/linde-hydrogeophysics\/people\/\" class=\"more-link\">Continue reading <span class=\"screen-reader-text\">People<\/span> <span class=\"meta-nav\">&rarr;<\/span><\/a><\/p>\n","protected":false},"author":1001268,"featured_media":0,"parent":0,"menu_order":1,"comment_status":"closed","ping_status":"closed","template":"","meta":{"_seopress_robots_primary_cat":"","_seopress_titles_title":"","_seopress_titles_desc":"","_seopress_robots_index":"","footnotes":""},"class_list":["post-21","page","type-page","status-publish"],"_links":{"self":[{"href":"https:\/\/wp.unil.ch\/linde-hydrogeophysics\/wp-json\/wp\/v2\/pages\/21","targetHints":{"allow":["GET"]}}],"collection":[{"href":"https:\/\/wp.unil.ch\/linde-hydrogeophysics\/wp-json\/wp\/v2\/pages"}],"about":[{"href":"https:\/\/wp.unil.ch\/linde-hydrogeophysics\/wp-json\/wp\/v2\/types\/page"}],"author":[{"embeddable":true,"href":"https:\/\/wp.unil.ch\/linde-hydrogeophysics\/wp-json\/wp\/v2\/users\/1001268"}],"replies":[{"embeddable":true,"href":"https:\/\/wp.unil.ch\/linde-hydrogeophysics\/wp-json\/wp\/v2\/comments?post=21"}],"version-history":[{"count":5,"href":"https:\/\/wp.unil.ch\/linde-hydrogeophysics\/wp-json\/wp\/v2\/pages\/21\/revisions"}],"predecessor-version":[{"id":753,"href":"https:\/\/wp.unil.ch\/linde-hydrogeophysics\/wp-json\/wp\/v2\/pages\/21\/revisions\/753"}],"wp:attachment":[{"href":"https:\/\/wp.unil.ch\/linde-hydrogeophysics\/wp-json\/wp\/v2\/media?parent=21"}],"curies":[{"name":"wp","href":"https:\/\/api.w.org\/{rel}","templated":true}]}}