{"id":25357,"date":"2025-05-20T13:27:29","date_gmt":"2025-05-20T11:27:29","guid":{"rendered":"https:\/\/wp.unil.ch\/lifesciencecareerday\/?page_id=25357"},"modified":"2025-05-21T16:27:37","modified_gmt":"2025-05-21T14:27:37","slug":"interviews-with-alumni","status":"publish","type":"page","link":"https:\/\/wp.unil.ch\/lifesciencecareerday\/interviews-with-alumni\/","title":{"rendered":"Alumni Interviews"},"content":{"rendered":"\n<h5 class=\"wp-block-heading alignwide\"><a href=\"https:\/\/wp.unil.ch\/lifesciencecareerday\/special-guests\/\" data-type=\"page\" data-id=\"25123\">Seven alumni<\/a> agreed to take part in our film project, discussing the transition to the professional world, networking, career choices and much more! This four-part roundtable was screened during the Life Science Career Day 2025.<\/h5>\n\n\n\n<p><em>With: Christina Akr\u00e9, Mathieu Chaffard, Imogen Collis Roulet, C\u00e9line Gu\u00e9rin, Anne Morel, Armand Valsesia and Maryam Yepes<\/em><\/p>\n\n\n\n<h4 class=\"wp-block-heading alignwide has-accent-color has-text-color has-link-color wp-elements-d940aad9af7d672ca705c94275ea1534\" id=\"talk-crabbe-vert\">Life after Graduation: Our Alumni&#8217;s Various Journeys<\/h4>\n\n\n\n<figure class=\"wp-block-embed is-type-video is-provider-youtube wp-block-embed-youtube wp-embed-aspect-16-9 wp-has-aspect-ratio\"><div class=\"wp-block-embed__wrapper\">\n<iframe loading=\"lazy\" title=\"Life after Graduation: Our Alumni&#039;s Various Journeys\" width=\"580\" height=\"326\" src=\"https:\/\/www.youtube.com\/embed\/NfhTCQUJnHg?feature=oembed\" frameborder=\"0\" allow=\"accelerometer; autoplay; clipboard-write; encrypted-media; gyroscope; picture-in-picture; web-share\" referrerpolicy=\"strict-origin-when-cross-origin\" allowfullscreen><\/iframe>\n<\/div><\/figure>\n\n\n\n<div style=\"height:10px\" aria-hidden=\"true\" class=\"wp-block-spacer\"><\/div>\n\n\n\n<h4 class=\"wp-block-heading has-accent-color has-text-color has-link-color wp-elements-b1dff17619fd0616ec4e596443db80a2\" id=\"talk-massoudi\">Beyond the CV: The Power of Conversations<\/h4>\n\n\n\n<figure class=\"wp-block-embed is-type-video is-provider-youtube wp-block-embed-youtube wp-embed-aspect-16-9 wp-has-aspect-ratio\"><div class=\"wp-block-embed__wrapper\">\n<iframe loading=\"lazy\" title=\"Beyond the CV: The Power of Conversations\" width=\"580\" height=\"326\" src=\"https:\/\/www.youtube.com\/embed\/7IjNcUzZDqc?feature=oembed\" frameborder=\"0\" allow=\"accelerometer; autoplay; clipboard-write; encrypted-media; gyroscope; picture-in-picture; web-share\" referrerpolicy=\"strict-origin-when-cross-origin\" allowfullscreen><\/iframe>\n<\/div><\/figure>\n\n\n\n<div style=\"height:10px\" aria-hidden=\"true\" class=\"wp-block-spacer\"><\/div>\n\n\n\n<h4 class=\"wp-block-heading has-accent-color has-text-color has-link-color wp-elements-7585fb9453fb67708b10312e16efa0aa\" id=\"talk-sion\">Career Crossroads: Master&#8217;s, PhD, Industry or Academia?<\/h4>\n\n\n\n<figure class=\"wp-block-embed is-type-video is-provider-youtube wp-block-embed-youtube wp-embed-aspect-16-9 wp-has-aspect-ratio\"><div class=\"wp-block-embed__wrapper\">\n<iframe loading=\"lazy\" title=\"Career Crossroads: Master&#039;s, PhD, Industry or Academia?\" width=\"580\" height=\"326\" src=\"https:\/\/www.youtube.com\/embed\/SzU7zmhZlJQ?feature=oembed\" frameborder=\"0\" allow=\"accelerometer; autoplay; clipboard-write; encrypted-media; gyroscope; picture-in-picture; web-share\" referrerpolicy=\"strict-origin-when-cross-origin\" allowfullscreen><\/iframe>\n<\/div><\/figure>\n\n\n\n<div style=\"height:10px\" aria-hidden=\"true\" class=\"wp-block-spacer\"><\/div>\n\n\n\n<h4 class=\"wp-block-heading has-accent-color has-text-color has-link-color wp-elements-ed303895077f485c4cea5569a34ab828\" id=\"roundtable\">Life&#8217;s Not a Smooth Ride, but That&#8217;s How We Grow<\/h4>\n\n\n\n<figure class=\"wp-block-embed is-type-video is-provider-youtube wp-block-embed-youtube wp-embed-aspect-16-9 wp-has-aspect-ratio\"><div class=\"wp-block-embed__wrapper\">\n<iframe loading=\"lazy\" title=\"Life&#039;s Not a Smooth Ride, but That&#039;s How We Grow\" width=\"580\" height=\"326\" src=\"https:\/\/www.youtube.com\/embed\/cYBOkPLNJTU?feature=oembed\" frameborder=\"0\" allow=\"accelerometer; autoplay; clipboard-write; encrypted-media; gyroscope; picture-in-picture; web-share\" referrerpolicy=\"strict-origin-when-cross-origin\" allowfullscreen><\/iframe>\n<\/div><\/figure>\n","protected":false},"excerpt":{"rendered":"<p>Seven alumni agreed to take part in our film project, discussing the transition to the professional world, networking, career choices and much more! This four-part roundtable was screened&hellip;<\/p>\n","protected":false},"author":1002676,"featured_media":0,"parent":0,"menu_order":0,"comment_status":"closed","ping_status":"closed","template":"template-full-width.php","meta":{"_seopress_robots_primary_cat":"","_seopress_titles_title":"","_seopress_titles_desc":"","_seopress_robots_index":"","footnotes":""},"class_list":["post-25357","page","type-page","status-publish"],"_links":{"self":[{"href":"https:\/\/wp.unil.ch\/lifesciencecareerday\/wp-json\/wp\/v2\/pages\/25357","targetHints":{"allow":["GET"]}}],"collection":[{"href":"https:\/\/wp.unil.ch\/lifesciencecareerday\/wp-json\/wp\/v2\/pages"}],"about":[{"href":"https:\/\/wp.unil.ch\/lifesciencecareerday\/wp-json\/wp\/v2\/types\/page"}],"author":[{"embeddable":true,"href":"https:\/\/wp.unil.ch\/lifesciencecareerday\/wp-json\/wp\/v2\/users\/1002676"}],"replies":[{"embeddable":true,"href":"https:\/\/wp.unil.ch\/lifesciencecareerday\/wp-json\/wp\/v2\/comments?post=25357"}],"version-history":[{"count":5,"href":"https:\/\/wp.unil.ch\/lifesciencecareerday\/wp-json\/wp\/v2\/pages\/25357\/revisions"}],"predecessor-version":[{"id":25378,"href":"https:\/\/wp.unil.ch\/lifesciencecareerday\/wp-json\/wp\/v2\/pages\/25357\/revisions\/25378"}],"wp:attachment":[{"href":"https:\/\/wp.unil.ch\/lifesciencecareerday\/wp-json\/wp\/v2\/media?parent=25357"}],"curies":[{"name":"wp","href":"https:\/\/api.w.org\/{rel}","templated":true}]}}