{"id":24689,"date":"2025-01-28T14:39:19","date_gmt":"2025-01-28T13:39:19","guid":{"rendered":"https:\/\/wp.unil.ch\/lifesciencecareerday\/?page_id=24689"},"modified":"2025-05-20T13:38:47","modified_gmt":"2025-05-20T11:38:47","slug":"program-2025","status":"publish","type":"page","link":"https:\/\/wp.unil.ch\/lifesciencecareerday\/program-2025\/","title":{"rendered":"Program 2025"},"content":{"rendered":"\n<div class=\"wp-block-group alignwide\"><div class=\"wp-block-group__inner-container is-layout-constrained wp-block-group-is-layout-constrained\">\n<div class=\"wp-block-columns has-buttons-text-background-color has-background is-layout-flex wp-container-core-columns-is-layout-9d6595d7 wp-block-columns-is-layout-flex\">\n<div class=\"wp-block-column is-vertically-aligned-center is-layout-flow wp-block-column-is-layout-flow\" style=\"flex-basis:15%\">\n<p class=\"has-text-align-left\">9<sup>15<\/sup><\/p>\n<\/div>\n\n\n\n<div class=\"wp-block-column is-vertically-aligned-center is-layout-flow wp-block-column-is-layout-flow\" style=\"flex-basis:66.66%\">\n<p class=\"has-text-align-left\">Welcome desk opens.<br><br>Registration to one of the three activities until 10:00 at the CV Desk. For more information, scroll down to bottom of program.<\/p>\n<\/div>\n<\/div>\n\n\n\n<div class=\"wp-block-columns are-vertically-aligned-center has-background is-layout-flex wp-container-core-columns-is-layout-9d6595d7 wp-block-columns-is-layout-flex\" style=\"background-color:#f0efef\">\n<div class=\"wp-block-column is-vertically-aligned-center is-layout-flow wp-block-column-is-layout-flow\" style=\"flex-basis:15%\">\n<p class=\"has-text-align-left\">10<sup>00<\/sup><br>Aud. B<\/p>\n<\/div>\n\n\n\n<div class=\"wp-block-column is-vertically-aligned-center is-layout-flow wp-block-column-is-layout-flow\" style=\"flex-basis:66.66%\">\n<p><strong>OPENING<\/strong> <br><br><strong><em>The Scientist&#8217;s Role in Society<br><\/em><\/strong><em>From Industry to Global Health: A Journey of Impact against Malaria<br><\/em><br><strong>Conference<\/strong><br>Isabelle Borghini-Fuhrer, Senior Director, Program Leadership and Strategy at <a href=\"https:\/\/www.mmv.org\/about-us\/our-team\/isabelle-borghini-fuhrer\" target=\"_blank\" rel=\"noreferrer noopener\">Medicines for Malaria Venture<\/a><\/p>\n\n\n\n<p><strong>Mini-roundtable<\/strong> (5&#8242;)<br><em><a href=\"https:\/\/wp.unil.ch\/lifesciencecareerday\/interviews-with-alumni\/\" data-type=\"page\" data-id=\"25357\">Life after Graduation: Our Alumni\u2019s Various Journeys<\/a><\/em><br><br>With:<br>\u2022 Christina Akr\u00e9 \u2013 Head of the Social Science Sector at <a href=\"https:\/\/www.unisante.ch\/fr\/formation-recherche\/annuaire-chercheurs\/chercheur\/akre-christina\" target=\"_blank\" rel=\"noreferrer noopener\">Unisant\u00e9<\/a>, University of Lausanne<br>\u2022 Mathieu Chaffard \u2013 Digital Ecosystem Innovation Manager at <a href=\"https:\/\/www.roche.com\/\" target=\"_blank\" rel=\"noreferrer noopener\">Roche<\/a> and Healthtech Podcaster<br>\u2022 Imogen Collis Roulet \u2013 Corporate and Individual Leadership Development Specialist, <a href=\"https:\/\/www.linkedin.com\/in\/imogencollisroulet\/\" target=\"_blank\" rel=\"noreferrer noopener\">Generative Change and Coaching<\/a>, Founder of ICR Business Strategies<br>\u2022 C\u00e9line Gu\u00e9rin \u2013 Peak States Certified Psychotrauma-Therapist at <a href=\"https:\/\/www.conscience21.ch\/\" target=\"_blank\" rel=\"noreferrer noopener\">Conscience21<\/a><br>\u2022 Anne Morel \u2013 Data Administrator at <a href=\"https:\/\/www.infofauna.ch\/fr#gsc.tab=0\" target=\"_blank\" rel=\"noreferrer noopener\">Info fauna<\/a><br>\u2022 Armand Valsesia \u2013 AI Site Manager at <a href=\"https:\/\/www.playtika.com\/\" target=\"_blank\" rel=\"noreferrer noopener\">Playtika<\/a><br>\u2022 Maryam Yepes \u2013 Founder and Managing Director of <a href=\"https:\/\/www.myravan.ch\/Home\/About\" target=\"_blank\" rel=\"noreferrer noopener\">Myravan Solutions<\/a><\/p>\n\n\n\n<p><strong>Moderators of the day<\/strong><br>Samuel Lagier and Hedwig Ens, <a href=\"https:\/\/samspeaksscience.com\/\" target=\"_blank\" rel=\"noreferrer noopener\">SamSpeaksScience<\/a><\/p>\n\n\n\n<p><br><\/p>\n<\/div>\n<\/div>\n\n\n\n<div class=\"wp-block-columns are-vertically-aligned-center has-buttons-text-background-color has-background is-layout-flex wp-container-core-columns-is-layout-9d6595d7 wp-block-columns-is-layout-flex\">\n<div class=\"wp-block-column is-vertically-aligned-center is-layout-flow wp-block-column-is-layout-flow\" style=\"flex-basis:15%\">\n<p class=\"has-text-align-left\">11<sup>50<\/sup><br>Aud. B<br><\/p>\n<\/div>\n\n\n\n<div class=\"wp-block-column is-vertically-aligned-center is-layout-flow wp-block-column-is-layout-flow\" style=\"flex-basis:66.66%\">\n<p><strong>GETTING TO KNOW THE COMPANIES AND OUR GUESTS<\/strong><br><br><strong>Industry pitches<\/strong><br>Sponsoring companies and organizations will have one minute to introduce themselves, helping you better prepare before meeting them at their booths in the hall.<\/p>\n\n\n\n<p><strong>Mini-roundtable<\/strong> (5&#8242;)<br><em><a href=\"https:\/\/wp.unil.ch\/lifesciencecareerday\/interviews-with-alumni\/\" data-type=\"page\" data-id=\"25357\">Beyond the CV: The Power of Conversations<\/a><\/em><br>With: Christina Akr\u00e9, Mathieu Chaffard, Imogen Collis Roulet, C\u00e9line Gu\u00e9rin, Anne Morel, Armand Valsesia and Maryam Yepes<\/p>\n<\/div>\n<\/div>\n\n\n\n<div class=\"wp-block-columns are-vertically-aligned-center has-background is-layout-flex wp-container-core-columns-is-layout-9d6595d7 wp-block-columns-is-layout-flex\" style=\"background-color:#f0efef\">\n<div class=\"wp-block-column is-vertically-aligned-center is-layout-flow wp-block-column-is-layout-flow\" style=\"flex-basis:15%\">\n<p class=\"has-text-align-left\">12<sup>20<\/sup><br>Hall<\/p>\n<\/div>\n\n\n\n<div class=\"wp-block-column is-vertically-aligned-center is-layout-flow wp-block-column-is-layout-flow\" style=\"flex-basis:66.66%\">\n<p><strong>NETWORKING AND CAREER ORIENTATION<\/strong><br>Including free lunch<br><br><strong>Company booths <\/strong>(all day)<br>By visiting <a href=\"https:\/\/wp.unil.ch\/lifesciencecareerday\/companies-organizations-2025\/\">companies at their booths<\/a>, you will have&nbsp;the opportunity to personally&nbsp;interact with potential employers. Our advice: have your LinkedIn profile up-to-date or bring a business card or a short resume.<br>Work opportunities from sponsoring companies will also be displayed throughout the day on the <strong>job wall<\/strong> in the hall.<br><br><strong>Professionals from the public sector, NGOs and industry<\/strong><br>Meet more than <a href=\"https:\/\/wp.unil.ch\/lifesciencecareerday\/alumni-and-invited-speakers\/\">40 alumni\/invited speakers<\/a> working in a wide variety of fields. Have a chat with them, learn about their career and what they currently do, ask them questions and&nbsp;receive precious advice from them!<\/p>\n\n\n\n<p><strong>Invited associations, institutions and career centers<\/strong> (all day)<br>Meet our <a href=\"https:\/\/wp.unil.ch\/lifesciencecareerday\/companies-organizations-2025\/\">invited organizations<\/a> at their booths and learn more about their activities and services throughout the year.<\/p>\n\n\n\n<p><\/p>\n<\/div>\n<\/div>\n\n\n\n<div class=\"wp-block-columns are-vertically-aligned-center has-buttons-text-background-color has-background is-layout-flex wp-container-core-columns-is-layout-9d6595d7 wp-block-columns-is-layout-flex\">\n<div class=\"wp-block-column is-vertically-aligned-center is-layout-flow wp-block-column-is-layout-flow\" style=\"flex-basis:15%\">\n<p class=\"has-text-align-left\">14<sup>30<\/sup><br>Aud.B<\/p>\n<\/div>\n\n\n\n<div class=\"wp-block-column is-vertically-aligned-center is-layout-flow wp-block-column-is-layout-flow\" style=\"flex-basis:66.66%\">\n<p><strong>NAVIGATING YOUR CAREER: INSIGHTS FROM EXPERTS AND EMPLOYERS<\/strong><\/p>\n\n\n\n<p><br><strong>Mini-roundtable<\/strong> (5&#8242;)<br><em><a href=\"https:\/\/wp.unil.ch\/lifesciencecareerday\/interviews-with-alumni\/\" data-type=\"page\" data-id=\"25357\">Career Crossroads: Master&#8217;s, PhD, Industry or Academia?<\/a><\/em><br>With: Christina Akr\u00e9, Mathieu Chaffard, Imogen Collis Roulet, C\u00e9line Gu\u00e9rin, Anne Morel, Armand Valsesia and Maryam Yepes<br><br><strong>Expert panel: a closer look at the private sector<\/strong><br>Discover our panel of platinum companies and organizations, each with ten minutes to introduce themselves. Presentations will be punctuated by Q&amp;A sessions, with questions selected from your submissions online, so be ready!<\/p>\n<\/div>\n<\/div>\n\n\n\n<div class=\"wp-block-columns are-vertically-aligned-center has-background is-layout-flex wp-container-core-columns-is-layout-9d6595d7 wp-block-columns-is-layout-flex\" style=\"background-color:#f0efef\">\n<div class=\"wp-block-column is-vertically-aligned-center is-layout-flow wp-block-column-is-layout-flow\" style=\"flex-basis:15%\">\n<p class=\"has-text-align-left\">16<sup>00<\/sup><br>Aud. B<\/p>\n<\/div>\n\n\n\n<div class=\"wp-block-column is-vertically-aligned-center is-layout-flow wp-block-column-is-layout-flow\" style=\"flex-basis:66.66%\">\n<p><strong>CLOSING<\/strong><br><br><strong><em>Before You Go: Preparing for the Journey Ahead<\/em><\/strong><br><br><strong>Mini-roundtable<\/strong> (5&#8242;)<br><em><em><a href=\"https:\/\/wp.unil.ch\/lifesciencecareerday\/interviews-with-alumni\/\" data-type=\"page\" data-id=\"25357\">Life\u2019s Not a Smooth Ride, but That\u2019s How We Grow\u00a0<\/a><\/em><\/em><br>With: Christina Akr\u00e9, Mathieu Chaffard, Imogen Collis Roulet, C\u00e9line Gu\u00e9rin, Anne Morel, Armand Valsesia and Maryam Yepes<\/p>\n\n\n\n<p><\/p>\n<\/div>\n<\/div>\n\n\n\n<div class=\"wp-block-columns are-vertically-aligned-center has-buttons-text-background-color has-background is-layout-flex wp-container-core-columns-is-layout-9d6595d7 wp-block-columns-is-layout-flex\">\n<div class=\"wp-block-column is-vertically-aligned-center is-layout-flow wp-block-column-is-layout-flow\" style=\"flex-basis:15%\">\n<p class=\"has-text-align-left\">16<sup>15<\/sup><br>Hall<\/p>\n<\/div>\n\n\n\n<div class=\"wp-block-column is-vertically-aligned-center is-layout-flow wp-block-column-is-layout-flow\" style=\"flex-basis:66.66%\">\n<p><strong>FINAL NETWORKING WITH COMPANIES AND ORGANIZATIONS<\/strong><\/p>\n<\/div>\n<\/div>\n\n\n\n<div class=\"wp-block-columns are-vertically-aligned-center has-background is-layout-flex wp-container-core-columns-is-layout-9d6595d7 wp-block-columns-is-layout-flex\" style=\"background-color:#f0efef\">\n<div class=\"wp-block-column is-vertically-aligned-center is-layout-flow wp-block-column-is-layout-flow\" style=\"flex-basis:15%\">\n<p class=\"has-text-align-left\">17<sup>15<\/sup><\/p>\n<\/div>\n\n\n\n<div class=\"wp-block-column is-vertically-aligned-center is-layout-flow wp-block-column-is-layout-flow\" style=\"flex-basis:66.66%\">\n<p>End of event<\/p>\n\n\n\n<p><\/p>\n<\/div>\n<\/div>\n\n\n\n<div style=\"height:19px\" aria-hidden=\"true\" class=\"wp-block-spacer\"><\/div>\n\n\n\n<div class=\"wp-block-columns are-vertically-aligned-center has-buttons-text-background-color has-background is-layout-flex wp-container-core-columns-is-layout-9d6595d7 wp-block-columns-is-layout-flex\">\n<div class=\"wp-block-column is-vertically-aligned-center is-layout-flow wp-block-column-is-layout-flow\" style=\"flex-basis:15%\">\n<p class=\"has-text-align-left\"><\/p>\n<\/div>\n\n\n\n<div class=\"wp-block-column is-vertically-aligned-center is-layout-flow wp-block-column-is-layout-flow\" style=\"flex-basis:66.66%\">\n<p><strong>SERVICES THROUGHOUT THE DAY<\/strong><br><br><em>Choose between one of the following 3 activities (times to be confirmed):<\/em><br><br><strong>CV Photo Booth<\/strong> <strong>| with <a href=\"https:\/\/www.aliaphoto.com\/\" target=\"_blank\" rel=\"noreferrer noopener\">AliaPhoto<\/a><\/strong><br>Add the perfect touch to your resume with a professional headshot.<br><em>Service from 10.00 to 17.15.<\/em> <em>For those actively looking for a job.<\/em><br><\/p>\n\n\n\n<p><strong>Chat with a professional recruiter | with<a href=\"https:\/\/talendo.ch\/en\" target=\"_blank\" rel=\"noreferrer noopener\"> Talendo<\/a><\/strong><br>Come with your resume and get valuable feedback from the private sector! This exercise is recommended for those who have a clear idea of their professional goals and are already looking for work outside academia.<br><em>Service by their partner <a href=\"https:\/\/oprandi.ch\/en\/\" target=\"_blank\" rel=\"noreferrer noopener\">oprandi &amp; partner<\/a> from 10.00 to 17.15. For those actively looking for a job.<\/em><br><\/p>\n\n\n\n<p><strong>iEvolve \u2013 Discovering your career options | with the <a href=\"https:\/\/www.epfl.ch\/education\/educational-initiatives\/educational-initiatives\/transversal-skills-and-career-center\/\" target=\"_blank\" rel=\"noreferrer noopener\">EPFL Transversal Skills and Career Center<\/a><\/strong><br>Play a game that uses the power of collective thinking and elements of positive work psychology to discover what you are good at, what your aspirations are and where and how you thrive the most.<br><em>Service from 13:00 to 16:00.<\/em><br><\/p>\n\n\n\n<p><em><strong>Mandatory registration<\/strong> for all activities at the <strong>CV Desk from 9:15 to 10:00<\/strong>. Limited number of places: first come, first served.<br><br>The traditional CV check given by the university services is not offered during the LSCD, as you have access to this service all year round on campus.<\/em><br><\/p>\n\n\n\n<p><\/p>\n<\/div>\n<\/div>\n<\/div><\/div>\n","protected":false},"excerpt":{"rendered":"<p>915 Welcome desk opens. Registration to one of the three activities until 10:00 at the CV Desk. For more information, scroll down to bottom of program. 1000Aud. B&hellip;<\/p>\n","protected":false},"author":1002676,"featured_media":24962,"parent":0,"menu_order":0,"comment_status":"closed","ping_status":"closed","template":"","meta":{"_seopress_robots_primary_cat":"","_seopress_titles_title":"","_seopress_titles_desc":"","_seopress_robots_index":"","footnotes":""},"class_list":["post-24689","page","type-page","status-publish","has-post-thumbnail"],"_links":{"self":[{"href":"https:\/\/wp.unil.ch\/lifesciencecareerday\/wp-json\/wp\/v2\/pages\/24689","targetHints":{"allow":["GET"]}}],"collection":[{"href":"https:\/\/wp.unil.ch\/lifesciencecareerday\/wp-json\/wp\/v2\/pages"}],"about":[{"href":"https:\/\/wp.unil.ch\/lifesciencecareerday\/wp-json\/wp\/v2\/types\/page"}],"author":[{"embeddable":true,"href":"https:\/\/wp.unil.ch\/lifesciencecareerday\/wp-json\/wp\/v2\/users\/1002676"}],"replies":[{"embeddable":true,"href":"https:\/\/wp.unil.ch\/lifesciencecareerday\/wp-json\/wp\/v2\/comments?post=24689"}],"version-history":[{"count":6,"href":"https:\/\/wp.unil.ch\/lifesciencecareerday\/wp-json\/wp\/v2\/pages\/24689\/revisions"}],"predecessor-version":[{"id":25495,"href":"https:\/\/wp.unil.ch\/lifesciencecareerday\/wp-json\/wp\/v2\/pages\/24689\/revisions\/25495"}],"wp:featuredmedia":[{"embeddable":true,"href":"https:\/\/wp.unil.ch\/lifesciencecareerday\/wp-json\/wp\/v2\/media\/24962"}],"wp:attachment":[{"href":"https:\/\/wp.unil.ch\/lifesciencecareerday\/wp-json\/wp\/v2\/media?parent=24689"}],"curies":[{"name":"wp","href":"https:\/\/api.w.org\/{rel}","templated":true}]}}