{"id":6,"date":"2019-11-28T16:00:19","date_gmt":"2019-11-28T15:00:19","guid":{"rendered":"http:\/\/wp.unil.ch\/modele\/?page_id=6"},"modified":"2024-02-19T15:13:23","modified_gmt":"2024-02-19T14:13:23","slug":"home","status":"publish","type":"page","link":"https:\/\/wp.unil.ch\/libellus\/","title":{"rendered":"Bureau FBM de soutien \u00e0 la publication d\u2019ouvrages"},"content":{"rendered":"\n<p>Ce bureau s&rsquo;adresse \u00e0 la communaut\u00e9 estudiantine et m\u00e9dicale de la FBM, du CHUV et d\u2019Unisant\u00e9.<\/p>\n\n\n\n<h2 class=\"wp-block-heading has-text-color\" style=\"color:#5f695c\"><strong>Publier un livre \u2013 Libellus vous conseille et vous soutient<\/strong><\/h2>\n\n\n\n<div class=\"wp-block-cover\" style=\"min-height:210px;aspect-ratio:unset;\"><span aria-hidden=\"true\" class=\"wp-block-cover__background has-background-dim\"><\/span><img alt=\"\" loading=\"lazy\" decoding=\"async\" width=\"1920\" height=\"960\" class=\"wp-block-cover__image-background wp-image-1148\" alt=\"\" src=\"https:\/\/wp.unil.ch\/libellus\/files\/2023\/10\/Libellus.png\" data-object-fit=\"cover\" srcset=\"https:\/\/wp.unil.ch\/libellus\/files\/2023\/10\/Libellus.png 1920w, https:\/\/wp.unil.ch\/libellus\/files\/2023\/10\/Libellus-300x150.png 300w, https:\/\/wp.unil.ch\/libellus\/files\/2023\/10\/Libellus-1024x512.png 1024w, https:\/\/wp.unil.ch\/libellus\/files\/2023\/10\/Libellus-768x384.png 768w, https:\/\/wp.unil.ch\/libellus\/files\/2023\/10\/Libellus-1536x768.png 1536w, https:\/\/wp.unil.ch\/libellus\/files\/2023\/10\/Libellus-540x270.png 540w, https:\/\/wp.unil.ch\/libellus\/files\/2023\/10\/Libellus-1080x540.png 1080w\" sizes=\"auto, (max-width: 1920px) 100vw, 1920px\" \/><div class=\"wp-block-cover__inner-container is-layout-constrained wp-block-cover-is-layout-constrained\">\n<p class=\"has-text-align-center has-normal-font-size\"><em><strong>\u00ab\u00a0Libellus\u00a0\u00bb est un mot latin qui signifie \u00ab\u00a0livre\u00a0\u00bb ou \u00ab\u00a0livret\u00a0\u00bb. Il s&rsquo;agit du diminutif de \u00ab\u00a0liber\u00a0\u00bb qui signifie \u00ab\u00a0livre\u00a0\u00bb en latin.<\/strong><\/em><\/p>\n<\/div><\/div>\n\n\n\n<p><strong>\u00c9couter, analyser et proposer un accompagnement personnalis\u00e9.<\/strong><\/p>\n\n\n\n<p class=\"has-text-color\" style=\"color:#af4c64\"><em><strong>Inciter&nbsp;! Conseiller&nbsp;! Soutenir&nbsp;! Valoriser&nbsp;!<\/strong><\/em><\/p>\n\n\n\n<p>Vous souhaitez publier un livre, mais vous ne savez pas par o\u00f9 commencer&nbsp;?<\/p>\n\n\n\n<p>Ou vous avez r\u00e9cemment publi\u00e9 un livre et vous souhaitez en faire la promotion&nbsp;?<\/p>\n\n\n\n<p>Qu&rsquo;il s&rsquo;agisse de r\u00e9sultats de recherche, d&rsquo;un support de cours, d&rsquo;un manuel, d\u2019un essai, ou encore d&rsquo;une th\u00e8se, Libellus est l\u00e0 pour r\u00e9pondre \u00e0 vos questions et vous accompagner tout au long du processus d\u2019\u00e9dition, de publication et de promotion. &nbsp;<\/p>\n\n\n\n<p>Nous sommes l\u00e0 pour vous \u00e9couter, analyser votre projet et vous proposer un accompagnement personnalis\u00e9.<\/p>\n\n\n\n<p class=\"has-text-color\" style=\"color:#5f695c\"><strong>Les missions<\/strong> <strong>de Libellus :<\/strong><\/p>\n\n\n\n<ul class=\"wp-block-list\">\n<li><mark style=\"background-color:#FFFFFF;color:#af4c64\" class=\"has-inline-color\"><strong>Inciter<\/strong> <\/mark>la publication d\u2019ouvrages, v\u00e9ritable biblioth\u00e8que de savoirs<\/li>\n\n\n\n<li style=\"text-decoration:none\"><mark style=\"background-color:#FFFFFF;color:#af4c64\" class=\"has-inline-color\"><strong>Conseiller<\/strong> <\/mark>les auteur\u00b7rice\u00b7s afin de faciliter leurs d\u00e9marches<\/li>\n\n\n\n<li><mark style=\"background-color:#FFFFFF;color:#af4c64\" class=\"has-inline-color\"><strong>Soutenir<\/strong> <\/mark>les auteur\u00b7rice\u00b7s. Vous n\u2019\u00eates pas seul\u00b7e\u00a0!<\/li>\n\n\n\n<li><mark style=\"background-color:#FFFFFF;color:#af4c64\" class=\"has-inline-color\"><strong>Valoriser<\/strong> <\/mark>les publications par diff\u00e9rents moyens et outils de communication<\/li>\n<\/ul>\n\n\n\n<h2 class=\"wp-block-heading has-text-align-center has-text-color\" style=\"color:#5f695c\">Catalogue de prestations<\/h2>\n\n\n\n<figure class=\"wp-block-image alignwide size-full\"><a href=\"https:\/\/wp.unil.ch\/libellus\/catalogue-des-prestations\/\"><img alt=\"\" loading=\"lazy\" decoding=\"async\" width=\"1920\" height=\"1080\" src=\"https:\/\/wp.unil.ch\/libellus\/files\/2023\/11\/Presentation_5.12.23_LIBELLUS-3.gif\" alt=\"\" class=\"wp-image-1248\" \/><\/a><\/figure>\n\n\n\n<p>Afin d\u2019\u00e9valuer vos besoins et de r\u00e9pondre au mieux \u00e0 toutes vos questions, nous vous proposons de vous rencontrer pour discuter de votre projet&nbsp;! <a href=\"https:\/\/wp.unil.ch\/libellus\/contact\/\" data-type=\"page\" data-id=\"210\">Contactez le bureau Libellus !<\/a><\/p>\n\n\n\n<h2 class=\"wp-block-heading has-text-color\" style=\"color:#5f695c;font-size:30px\"><strong>Pourquoi \u00e9crire un livre quand on travaille dans le domaine m\u00e9dical ?<\/strong><\/h2>\n\n\n\n<div class=\"wp-block-columns is-layout-flex wp-container-core-columns-is-layout-9d6595d7 wp-block-columns-is-layout-flex\">\n<div class=\"wp-block-column is-layout-flow wp-block-column-is-layout-flow\">\n<figure class=\"wp-block-embed is-type-video is-provider-youtube wp-block-embed-youtube wp-embed-aspect-16-9 wp-has-aspect-ratio\"><div class=\"wp-block-embed__wrapper\">\n<iframe loading=\"lazy\" title=\"Pourquoi \u00e9crire un livre quand on travaille dans le domaine m\u00e9dical ?\" width=\"580\" height=\"326\" src=\"https:\/\/www.youtube.com\/embed\/6WII1lje8pY?feature=oembed\" frameborder=\"0\" allow=\"accelerometer; autoplay; clipboard-write; encrypted-media; gyroscope; picture-in-picture; web-share\" referrerpolicy=\"strict-origin-when-cross-origin\" allowfullscreen><\/iframe>\n<\/div><\/figure>\n<\/div>\n\n\n\n<div class=\"wp-block-column is-layout-flow wp-block-column-is-layout-flow\">\n<p><\/p>\n\n\n\n<p>Dans cette vid\u00e9o, nous vous expliquons pourquoi la culture du livre m\u00e9rite de prendre sa place dans le champ m\u00e9dical.<\/p>\n<\/div>\n<\/div>\n\n\n\n<h2 class=\"wp-block-heading has-text-color\" style=\"color:#5f695c;font-size:30px\">Comment Libellus peut vous accompagner dans votre processus \u00e9ditorial ?<\/h2>\n\n\n\n<div class=\"wp-block-columns is-layout-flex wp-container-core-columns-is-layout-9d6595d7 wp-block-columns-is-layout-flex\">\n<div class=\"wp-block-column is-layout-flow wp-block-column-is-layout-flow\">\n<figure class=\"wp-block-embed is-type-video is-provider-youtube wp-block-embed-youtube wp-embed-aspect-16-9 wp-has-aspect-ratio\"><div class=\"wp-block-embed__wrapper\">\n<iframe loading=\"lazy\" title=\"Comment Libellus peut vous accompagner dans votre processus \u00e9ditorial ?\" width=\"580\" height=\"326\" src=\"https:\/\/www.youtube.com\/embed\/hiJH-dbJogs?feature=oembed\" frameborder=\"0\" allow=\"accelerometer; autoplay; clipboard-write; encrypted-media; gyroscope; picture-in-picture; web-share\" referrerpolicy=\"strict-origin-when-cross-origin\" allowfullscreen><\/iframe>\n<\/div><\/figure>\n<\/div>\n\n\n\n<div class=\"wp-block-column is-layout-flow wp-block-column-is-layout-flow\">\n<p><\/p>\n\n\n\n<p>Dans cette vid\u00e9o, nous vous exposons comment Libellus peut vous accompagner tout au long de votre processus \u00e9ditorial.<\/p>\n<\/div>\n<\/div>\n","protected":false},"excerpt":{"rendered":"<p>Ce bureau s&rsquo;adresse \u00e0 la communaut\u00e9 estudiantine et m\u00e9dicale de la FBM, du CHUV et d\u2019Unisant\u00e9. Publier un livre \u2013 Libellus vous conseille et vous soutient \u00c9couter, analyser&hellip;<\/p>\n","protected":false},"author":1002650,"featured_media":1095,"parent":0,"menu_order":0,"comment_status":"closed","ping_status":"closed","template":"template-full-width-cover.php","meta":{"_seopress_robots_primary_cat":"","_seopress_titles_title":"","_seopress_titles_desc":"","_seopress_robots_index":"","footnotes":""},"class_list":["post-6","page","type-page","status-publish","has-post-thumbnail"],"_links":{"self":[{"href":"https:\/\/wp.unil.ch\/libellus\/wp-json\/wp\/v2\/pages\/6","targetHints":{"allow":["GET"]}}],"collection":[{"href":"https:\/\/wp.unil.ch\/libellus\/wp-json\/wp\/v2\/pages"}],"about":[{"href":"https:\/\/wp.unil.ch\/libellus\/wp-json\/wp\/v2\/types\/page"}],"author":[{"embeddable":true,"href":"https:\/\/wp.unil.ch\/libellus\/wp-json\/wp\/v2\/users\/1002650"}],"replies":[{"embeddable":true,"href":"https:\/\/wp.unil.ch\/libellus\/wp-json\/wp\/v2\/comments?post=6"}],"version-history":[{"count":5,"href":"https:\/\/wp.unil.ch\/libellus\/wp-json\/wp\/v2\/pages\/6\/revisions"}],"predecessor-version":[{"id":1384,"href":"https:\/\/wp.unil.ch\/libellus\/wp-json\/wp\/v2\/pages\/6\/revisions\/1384"}],"wp:featuredmedia":[{"embeddable":true,"href":"https:\/\/wp.unil.ch\/libellus\/wp-json\/wp\/v2\/media\/1095"}],"wp:attachment":[{"href":"https:\/\/wp.unil.ch\/libellus\/wp-json\/wp\/v2\/media?parent=6"}],"curies":[{"name":"wp","href":"https:\/\/api.w.org\/{rel}","templated":true}]}}