{"id":501,"date":"2023-08-09T16:42:02","date_gmt":"2023-08-09T14:42:02","guid":{"rendered":"https:\/\/wp.unil.ch\/libellus\/?page_id=501"},"modified":"2024-01-31T10:33:36","modified_gmt":"2024-01-31T09:33:36","slug":"recherche-de-fonds","status":"publish","type":"page","link":"https:\/\/wp.unil.ch\/libellus\/recherche-de-fonds\/","title":{"rendered":"Recherche de fonds"},"content":{"rendered":"\n<div class=\"wp-block-media-text is-stacked-on-mobile\" style=\"grid-template-columns:27% auto\"><figure class=\"wp-block-media-text__media\"><a href=\"https:\/\/www.unil.ch\/researcher\/en\/home\/menuinst\/funding.html\"><img alt=\"\" loading=\"lazy\" decoding=\"async\" width=\"1024\" height=\"384\" src=\"https:\/\/wp.unil.ch\/libellus\/files\/2023\/08\/Logo_Universite_de_Lausanne.svg_-1024x384.png\" alt=\"\" class=\"wp-image-481 size-full\" srcset=\"https:\/\/wp.unil.ch\/libellus\/files\/2023\/08\/Logo_Universite_de_Lausanne.svg_-1024x384.png 1024w, https:\/\/wp.unil.ch\/libellus\/files\/2023\/08\/Logo_Universite_de_Lausanne.svg_-300x113.png 300w, https:\/\/wp.unil.ch\/libellus\/files\/2023\/08\/Logo_Universite_de_Lausanne.svg_-768x288.png 768w, https:\/\/wp.unil.ch\/libellus\/files\/2023\/08\/Logo_Universite_de_Lausanne.svg_-540x203.png 540w, https:\/\/wp.unil.ch\/libellus\/files\/2023\/08\/Logo_Universite_de_Lausanne.svg_-1080x405.png 1080w, https:\/\/wp.unil.ch\/libellus\/files\/2023\/08\/Logo_Universite_de_Lausanne.svg_.png 1280w\" sizes=\"auto, (max-width: 1024px) 100vw, 1024px\" \/><\/a><\/figure><div class=\"wp-block-media-text__content\">\n<p><a href=\"https:\/\/www.unil.ch\/researcher\/en\/home\/menuinst\/funding.html\"><strong>Divers fonds disponibles sur le site de l&rsquo;Universit\u00e9 de Lausanne &#8211; UNIL<\/strong><\/a><\/p>\n<\/div><\/div>\n\n\n\n<div class=\"wp-block-media-text is-stacked-on-mobile\" style=\"grid-template-columns:27% auto\"><figure class=\"wp-block-media-text__media\"><a href=\"https:\/\/www.unil.ch\/openscience\/fr\/home\/menuinst\/open-access\/open-access-a-lunil\/soutien-360\/voie-doree\/gold-open-access-fund-unil.html\"><img alt=\"\" loading=\"lazy\" decoding=\"async\" width=\"1024\" height=\"384\" src=\"https:\/\/wp.unil.ch\/libellus\/files\/2023\/08\/Logo_Universite_de_Lausanne.svg_-1024x384.png\" alt=\"\" class=\"wp-image-481 size-full\" srcset=\"https:\/\/wp.unil.ch\/libellus\/files\/2023\/08\/Logo_Universite_de_Lausanne.svg_-1024x384.png 1024w, https:\/\/wp.unil.ch\/libellus\/files\/2023\/08\/Logo_Universite_de_Lausanne.svg_-300x113.png 300w, https:\/\/wp.unil.ch\/libellus\/files\/2023\/08\/Logo_Universite_de_Lausanne.svg_-768x288.png 768w, https:\/\/wp.unil.ch\/libellus\/files\/2023\/08\/Logo_Universite_de_Lausanne.svg_-540x203.png 540w, https:\/\/wp.unil.ch\/libellus\/files\/2023\/08\/Logo_Universite_de_Lausanne.svg_-1080x405.png 1080w, https:\/\/wp.unil.ch\/libellus\/files\/2023\/08\/Logo_Universite_de_Lausanne.svg_.png 1280w\" sizes=\"auto, (max-width: 1024px) 100vw, 1024px\" \/><\/a><\/figure><div class=\"wp-block-media-text__content\">\n<p><a href=\"https:\/\/www.unil.ch\/openscience\/fr\/home\/menuinst\/open-access\/open-access-a-lunil\/soutien-360\/voie-doree\/gold-open-access-fund-unil.html\" data-type=\"link\" data-id=\"https:\/\/www.unil.ch\/openscience\/fr\/home\/menuinst\/open-access\/open-access-a-lunil\/soutien-360\/voie-doree\/gold-open-access-fund-unil.html\"><strong>Fonds Gold Open Access UNIL<\/strong><\/a><\/p>\n<\/div><\/div>\n\n\n\n<div class=\"wp-block-media-text is-stacked-on-mobile\" style=\"grid-template-columns:27% auto\"><figure class=\"wp-block-media-text__media\"><a href=\"https:\/\/www.s-a-v.org\/\"><img alt=\"\" loading=\"lazy\" decoding=\"async\" width=\"480\" height=\"210\" src=\"https:\/\/wp.unil.ch\/libellus\/files\/2023\/08\/sav-1.jpg\" alt=\"\" class=\"wp-image-486 size-full\" srcset=\"https:\/\/wp.unil.ch\/libellus\/files\/2023\/08\/sav-1.jpg 480w, https:\/\/wp.unil.ch\/libellus\/files\/2023\/08\/sav-1-300x131.jpg 300w\" sizes=\"auto, (max-width: 480px) 100vw, 480px\" \/><\/a><\/figure><div class=\"wp-block-media-text__content\">\n<p><strong><a href=\"https:\/\/www.s-a-v.org\/\">Soci\u00e9t\u00e9 Acad\u00e9mique Vaudoise &#8211; SAV<\/a><\/strong><\/p>\n\n\n\n<p><a rel=\"noreferrer noopener\" href=\"https:\/\/www.s-a-v.org\/wp-content\/uploads\/2021\/09\/subside_publication.pdf\" target=\"_blank\">Formulaire<\/a><\/p>\n<\/div><\/div>\n\n\n\n<div class=\"wp-block-media-text is-stacked-on-mobile\" style=\"grid-template-columns:27% auto\"><figure class=\"wp-block-media-text__media\"><a href=\"https:\/\/www.sgs-sss.ch\/fr\/\"><img alt=\"\" loading=\"lazy\" decoding=\"async\" width=\"643\" height=\"90\" src=\"https:\/\/wp.unil.ch\/libellus\/files\/2023\/08\/logo.jpg\" alt=\"\" class=\"wp-image-488 size-full\" srcset=\"https:\/\/wp.unil.ch\/libellus\/files\/2023\/08\/logo.jpg 643w, https:\/\/wp.unil.ch\/libellus\/files\/2023\/08\/logo-300x42.jpg 300w, https:\/\/wp.unil.ch\/libellus\/files\/2023\/08\/logo-540x76.jpg 540w\" sizes=\"auto, (max-width: 643px) 100vw, 643px\" \/><\/a><\/figure><div class=\"wp-block-media-text__content\">\n<p><strong><a href=\"https:\/\/www.sgs-sss.ch\/fr\/\">Soci\u00e9t\u00e9 Suisse de Sociologie<\/a><\/strong><\/p>\n<\/div><\/div>\n\n\n\n<div class=\"wp-block-media-text is-stacked-on-mobile\" style=\"grid-template-columns:27% auto\"><figure class=\"wp-block-media-text__media\"><a href=\"https:\/\/www.leenaards.ch\/\"><img alt=\"\" loading=\"lazy\" decoding=\"async\" width=\"701\" height=\"392\" src=\"https:\/\/wp.unil.ch\/libellus\/files\/2023\/08\/logo_fl_web.png\" alt=\"\" class=\"wp-image-490 size-full\" srcset=\"https:\/\/wp.unil.ch\/libellus\/files\/2023\/08\/logo_fl_web.png 701w, https:\/\/wp.unil.ch\/libellus\/files\/2023\/08\/logo_fl_web-300x168.png 300w, https:\/\/wp.unil.ch\/libellus\/files\/2023\/08\/logo_fl_web-540x302.png 540w\" sizes=\"auto, (max-width: 701px) 100vw, 701px\" \/><\/a><\/figure><div class=\"wp-block-media-text__content\">\n<p><a href=\"https:\/\/www.leenaards.ch\/\"><strong>Fondation Leenards<\/strong><\/a><\/p>\n\n\n\n<p><a rel=\"noreferrer noopener\" href=\"https:\/\/www.leenaards.ch\/sciences-sante\/instrument-de-soutien-dialogue-science-societe-scientifique\/\" target=\"_blank\">Soutien aux projets dialogue \u00ab\u00a0science-soci\u00e9t\u00e9\u00a0\u00bb<\/a>&nbsp;<\/p>\n<\/div><\/div>\n\n\n\n<div class=\"wp-block-media-text is-stacked-on-mobile\" style=\"grid-template-columns:27% auto\"><figure class=\"wp-block-media-text__media\"><a href=\"https:\/\/pallium.ch\/\"><img alt=\"\" loading=\"lazy\" decoding=\"async\" width=\"389\" height=\"215\" src=\"https:\/\/wp.unil.ch\/libellus\/files\/2023\/08\/logo_small.png\" alt=\"\" class=\"wp-image-509 size-full\" srcset=\"https:\/\/wp.unil.ch\/libellus\/files\/2023\/08\/logo_small.png 389w, https:\/\/wp.unil.ch\/libellus\/files\/2023\/08\/logo_small-300x166.png 300w\" sizes=\"auto, (max-width: 389px) 100vw, 389px\" \/><\/a><\/figure><div class=\"wp-block-media-text__content\">\n<p><a href=\"https:\/\/pallium.ch\/\"><strong>Fondation Pallium<\/strong><\/a><\/p>\n\n\n\n<p><a href=\"https:\/\/view.officeapps.live.com\/op\/view.aspx?src=https%3A%2F%2Fpallium.ch%2Fwp-content%2Fuploads%2F2016%2F03%2FFormulaire.docx&amp;wdOrigin=BROWSELINK\">Formulaire<\/a><\/p>\n<\/div><\/div>\n\n\n\n<div class=\"wp-block-media-text is-stacked-on-mobile\" style=\"grid-template-columns:27% auto\"><figure class=\"wp-block-media-text__media\"><a href=\"https:\/\/www.fondation-roger-de-spoelberch.ch\/\"><img alt=\"\" loading=\"lazy\" decoding=\"async\" width=\"405\" height=\"150\" src=\"https:\/\/wp.unil.ch\/libellus\/files\/2023\/08\/frds.png\" alt=\"\" class=\"wp-image-512 size-full\" srcset=\"https:\/\/wp.unil.ch\/libellus\/files\/2023\/08\/frds.png 405w, https:\/\/wp.unil.ch\/libellus\/files\/2023\/08\/frds-300x111.png 300w\" sizes=\"auto, (max-width: 405px) 100vw, 405px\" \/><\/a><\/figure><div class=\"wp-block-media-text__content\">\n<p><a href=\"https:\/\/www.fondation-roger-de-spoelberch.ch\/\"><strong>Fondation Roger de Spoelberch<\/strong><\/a><\/p>\n<\/div><\/div>\n\n\n\n<div class=\"wp-block-media-text is-stacked-on-mobile\" style=\"grid-template-columns:27% auto\"><figure class=\"wp-block-media-text__media\"><a href=\"https:\/\/www.unil.ch\/researcher\/fr\/home\/menuinst\/funding\/fondations\/fonds-dr-e-rub.html\"><img alt=\"\" loading=\"lazy\" decoding=\"async\" width=\"480\" height=\"210\" src=\"https:\/\/wp.unil.ch\/libellus\/files\/2023\/08\/unil-chuv.jpg\" alt=\"\" class=\"wp-image-513 size-full\" srcset=\"https:\/\/wp.unil.ch\/libellus\/files\/2023\/08\/unil-chuv.jpg 480w, https:\/\/wp.unil.ch\/libellus\/files\/2023\/08\/unil-chuv-300x131.jpg 300w\" sizes=\"auto, (max-width: 480px) 100vw, 480px\" \/><\/a><\/figure><div class=\"wp-block-media-text__content\">\n<p><a href=\"https:\/\/www.unil.ch\/researcher\/fr\/home\/menuinst\/funding\/fondations\/fonds-dr-e-rub.html\"><strong>Fonds du Dr  E. Rub<\/strong><\/a><\/p>\n\n\n\n<p><a href=\"https:\/\/view.officeapps.live.com\/op\/view.aspx?src=https%3A%2F%2Fwww.unil.ch%2Ffiles%2Flive%2Fsites%2Fresearcher%2Ffiles%2Ffinancement%2FFondsRub%2FFormulaire_Fonds_E_Rub.doc&amp;wdOrigin=BROWSELINK\">Formulaire<\/a><\/p>\n<\/div><\/div>\n\n\n\n<div class=\"wp-block-media-text is-stacked-on-mobile\" style=\"grid-template-columns:27% auto\"><figure class=\"wp-block-media-text__media\"><a href=\"https:\/\/www.unil.ch\/egalite\/tremplin\"><img alt=\"\" loading=\"lazy\" decoding=\"async\" width=\"1024\" height=\"384\" src=\"https:\/\/wp.unil.ch\/libellus\/files\/2023\/08\/Logo_Universite_de_Lausanne.svg_-1024x384.png\" alt=\"\" class=\"wp-image-481 size-full\" srcset=\"https:\/\/wp.unil.ch\/libellus\/files\/2023\/08\/Logo_Universite_de_Lausanne.svg_-1024x384.png 1024w, https:\/\/wp.unil.ch\/libellus\/files\/2023\/08\/Logo_Universite_de_Lausanne.svg_-300x113.png 300w, https:\/\/wp.unil.ch\/libellus\/files\/2023\/08\/Logo_Universite_de_Lausanne.svg_-768x288.png 768w, https:\/\/wp.unil.ch\/libellus\/files\/2023\/08\/Logo_Universite_de_Lausanne.svg_-540x203.png 540w, https:\/\/wp.unil.ch\/libellus\/files\/2023\/08\/Logo_Universite_de_Lausanne.svg_-1080x405.png 1080w, https:\/\/wp.unil.ch\/libellus\/files\/2023\/08\/Logo_Universite_de_Lausanne.svg_.png 1280w\" sizes=\"auto, (max-width: 1024px) 100vw, 1024px\" \/><\/a><\/figure><div class=\"wp-block-media-text__content\">\n<p><strong><a href=\"https:\/\/www.unil.ch\/egalite\/tremplin\">Subsides Tremplin pour les femmes de la rel\u00e8ve acad\u00e9mique<\/a><\/strong><\/p>\n\n\n\n<p><a href=\"https:\/\/www.unil.ch\/files\/live\/sites\/egalite\/files\/FormulaireDemandeTremplin2023.pdf\">Formulaire<\/a><\/p>\n<\/div><\/div>\n","protected":false},"excerpt":{"rendered":"<p>Divers fonds disponibles sur le site de l&rsquo;Universit\u00e9 de Lausanne &#8211; UNIL Fonds Gold Open Access UNIL Soci\u00e9t\u00e9 Acad\u00e9mique Vaudoise &#8211; SAV Formulaire Soci\u00e9t\u00e9 Suisse de Sociologie Fondation&hellip;<\/p>\n","protected":false},"author":1002650,"featured_media":0,"parent":0,"menu_order":0,"comment_status":"closed","ping_status":"closed","template":"template-full-width.php","meta":{"_seopress_robots_primary_cat":"","_seopress_titles_title":"","_seopress_titles_desc":"","_seopress_robots_index":"","footnotes":""},"class_list":["post-501","page","type-page","status-publish","has-post-thumbnail"],"_links":{"self":[{"href":"https:\/\/wp.unil.ch\/libellus\/wp-json\/wp\/v2\/pages\/501","targetHints":{"allow":["GET"]}}],"collection":[{"href":"https:\/\/wp.unil.ch\/libellus\/wp-json\/wp\/v2\/pages"}],"about":[{"href":"https:\/\/wp.unil.ch\/libellus\/wp-json\/wp\/v2\/types\/page"}],"author":[{"embeddable":true,"href":"https:\/\/wp.unil.ch\/libellus\/wp-json\/wp\/v2\/users\/1002650"}],"replies":[{"embeddable":true,"href":"https:\/\/wp.unil.ch\/libellus\/wp-json\/wp\/v2\/comments?post=501"}],"version-history":[{"count":2,"href":"https:\/\/wp.unil.ch\/libellus\/wp-json\/wp\/v2\/pages\/501\/revisions"}],"predecessor-version":[{"id":1372,"href":"https:\/\/wp.unil.ch\/libellus\/wp-json\/wp\/v2\/pages\/501\/revisions\/1372"}],"wp:attachment":[{"href":"https:\/\/wp.unil.ch\/libellus\/wp-json\/wp\/v2\/media?parent=501"}],"curies":[{"name":"wp","href":"https:\/\/api.w.org\/{rel}","templated":true}]}}