{"id":210,"date":"2023-07-20T13:48:21","date_gmt":"2023-07-20T11:48:21","guid":{"rendered":"https:\/\/wp.unil.ch\/libellus\/?page_id=210"},"modified":"2024-02-06T09:27:38","modified_gmt":"2024-02-06T08:27:38","slug":"contact","status":"publish","type":"page","link":"https:\/\/wp.unil.ch\/libellus\/contact\/","title":{"rendered":"Contact"},"content":{"rendered":"\n<div class=\"wp-block-columns is-layout-flex wp-container-core-columns-is-layout-9d6595d7 wp-block-columns-is-layout-flex\">\n<div class=\"wp-block-column is-layout-flow wp-block-column-is-layout-flow\" style=\"flex-basis:56%\">\n<p class=\"has-text-color\" style=\"color:#992661\"><strong>Adresse<\/strong><\/p>\n\n\n\n<p>Institut des humanit\u00e9s en m\u00e9decine (IHM)<br>Avenue de Provence 82<br>1007 Lausanne<\/p>\n\n\n\n<p class=\"has-text-color\" style=\"color:#992661\"><strong>Contact<\/strong><\/p>\n\n\n\n<p><strong>Am\u00e9lie Kolly &#8211; Charg\u00e9e de projet<\/strong><br>Email : livresfbm@unil.ch<br>T\u00e9l\u00e9phone : +41 (0)79 556 61 69<\/p>\n<\/div>\n\n\n\n<div class=\"wp-block-column is-layout-flow wp-block-column-is-layout-flow\" style=\"flex-basis:44%\">\n<figure class=\"wp-block-image size-full\"><img alt=\"\" loading=\"lazy\" decoding=\"async\" width=\"1024\" height=\"768\" src=\"https:\/\/wp.unil.ch\/libellus\/files\/2023\/10\/Jour-2.png\" alt=\"\" class=\"wp-image-1037\" srcset=\"https:\/\/wp.unil.ch\/libellus\/files\/2023\/10\/Jour-2.png 1024w, https:\/\/wp.unil.ch\/libellus\/files\/2023\/10\/Jour-2-300x225.png 300w, https:\/\/wp.unil.ch\/libellus\/files\/2023\/10\/Jour-2-768x576.png 768w, https:\/\/wp.unil.ch\/libellus\/files\/2023\/10\/Jour-2-540x405.png 540w\" sizes=\"auto, (max-width: 1024px) 100vw, 1024px\" \/><\/figure>\n<\/div>\n<\/div>\n","protected":false},"excerpt":{"rendered":"<p>Adresse Institut des humanit\u00e9s en m\u00e9decine (IHM)Avenue de Provence 821007 Lausanne Contact Am\u00e9lie Kolly &#8211; Charg\u00e9e de projetEmail : livresfbm@unil.chT\u00e9l\u00e9phone : +41 (0)79 556 61 69<\/p>\n","protected":false},"author":1002650,"featured_media":0,"parent":0,"menu_order":0,"comment_status":"closed","ping_status":"closed","template":"template-full-width.php","meta":{"_seopress_robots_primary_cat":"","_seopress_titles_title":"","_seopress_titles_desc":"","_seopress_robots_index":"","footnotes":""},"class_list":["post-210","page","type-page","status-publish","has-post-thumbnail"],"_links":{"self":[{"href":"https:\/\/wp.unil.ch\/libellus\/wp-json\/wp\/v2\/pages\/210","targetHints":{"allow":["GET"]}}],"collection":[{"href":"https:\/\/wp.unil.ch\/libellus\/wp-json\/wp\/v2\/pages"}],"about":[{"href":"https:\/\/wp.unil.ch\/libellus\/wp-json\/wp\/v2\/types\/page"}],"author":[{"embeddable":true,"href":"https:\/\/wp.unil.ch\/libellus\/wp-json\/wp\/v2\/users\/1002650"}],"replies":[{"embeddable":true,"href":"https:\/\/wp.unil.ch\/libellus\/wp-json\/wp\/v2\/comments?post=210"}],"version-history":[{"count":3,"href":"https:\/\/wp.unil.ch\/libellus\/wp-json\/wp\/v2\/pages\/210\/revisions"}],"predecessor-version":[{"id":1376,"href":"https:\/\/wp.unil.ch\/libellus\/wp-json\/wp\/v2\/pages\/210\/revisions\/1376"}],"wp:attachment":[{"href":"https:\/\/wp.unil.ch\/libellus\/wp-json\/wp\/v2\/media?parent=210"}],"curies":[{"name":"wp","href":"https:\/\/api.w.org\/{rel}","templated":true}]}}