{"id":185,"date":"2023-07-20T11:27:12","date_gmt":"2023-07-20T09:27:12","guid":{"rendered":"https:\/\/wp.unil.ch\/libellus\/?page_id=185"},"modified":"2024-02-19T16:06:25","modified_gmt":"2024-02-19T15:06:25","slug":"catalogue-des-prestations","status":"publish","type":"page","link":"https:\/\/wp.unil.ch\/libellus\/catalogue-des-prestations\/","title":{"rendered":"Catalogue des prestations"},"content":{"rendered":"\n<div class=\"wp-block-cover\" style=\"min-height:300px;aspect-ratio:unset;\"><span aria-hidden=\"true\" class=\"wp-block-cover__background has-background-dim\"><\/span><img alt=\"\" loading=\"lazy\" decoding=\"async\" width=\"1920\" height=\"960\" class=\"wp-block-cover__image-background wp-image-993\" alt=\"\" src=\"https:\/\/wp.unil.ch\/libellus\/files\/2023\/10\/INCITER-1.png\" style=\"object-position:50% 23%\" data-object-fit=\"cover\" data-object-position=\"50% 23%\" srcset=\"https:\/\/wp.unil.ch\/libellus\/files\/2023\/10\/INCITER-1.png 1920w, https:\/\/wp.unil.ch\/libellus\/files\/2023\/10\/INCITER-1-300x150.png 300w, https:\/\/wp.unil.ch\/libellus\/files\/2023\/10\/INCITER-1-1024x512.png 1024w, https:\/\/wp.unil.ch\/libellus\/files\/2023\/10\/INCITER-1-768x384.png 768w, https:\/\/wp.unil.ch\/libellus\/files\/2023\/10\/INCITER-1-1536x768.png 1536w, https:\/\/wp.unil.ch\/libellus\/files\/2023\/10\/INCITER-1-540x270.png 540w, https:\/\/wp.unil.ch\/libellus\/files\/2023\/10\/INCITER-1-1080x540.png 1080w\" sizes=\"auto, (max-width: 1920px) 100vw, 1920px\" \/><div class=\"wp-block-cover__inner-container is-layout-constrained wp-block-cover-is-layout-constrained\">\n<p class=\"has-text-align-center\" style=\"font-size:50px\"><em>INCITER !<\/em><\/p>\n<\/div><\/div>\n\n\n\n<div class=\"wp-block-columns is-layout-flex wp-container-core-columns-is-layout-9d6595d7 wp-block-columns-is-layout-flex\">\n<div class=\"wp-block-column is-layout-flow wp-block-column-is-layout-flow\">\n<ul class=\"wp-block-list\">\n<li>D\u00e9finir un projet<\/li>\n\n\n\n<li>Valoriser des <mark style=\"background-color:#FFFFFF;color:#af4c64\" class=\"has-inline-color\">publications <\/mark>existantes<\/li>\n<\/ul>\n<\/div>\n\n\n\n<div class=\"wp-block-column is-layout-flow wp-block-column-is-layout-flow\">\n<ul class=\"wp-block-list\">\n<li>Proposer un soutien personnalis\u00e9<\/li>\n<\/ul>\n<\/div>\n<\/div>\n\n\n\n<div class=\"wp-block-cover is-light\" style=\"min-height:300px;aspect-ratio:unset;\"><span aria-hidden=\"true\" class=\"wp-block-cover__background has-background-dim\"><\/span><img alt=\"\" loading=\"lazy\" decoding=\"async\" width=\"1920\" height=\"960\" class=\"wp-block-cover__image-background wp-image-998\" alt=\"\" src=\"https:\/\/wp.unil.ch\/libellus\/files\/2023\/10\/CONSEILLER.png\" style=\"object-position:50% 23%\" data-object-fit=\"cover\" data-object-position=\"50% 23%\" srcset=\"https:\/\/wp.unil.ch\/libellus\/files\/2023\/10\/CONSEILLER.png 1920w, https:\/\/wp.unil.ch\/libellus\/files\/2023\/10\/CONSEILLER-300x150.png 300w, https:\/\/wp.unil.ch\/libellus\/files\/2023\/10\/CONSEILLER-1024x512.png 1024w, https:\/\/wp.unil.ch\/libellus\/files\/2023\/10\/CONSEILLER-768x384.png 768w, https:\/\/wp.unil.ch\/libellus\/files\/2023\/10\/CONSEILLER-1536x768.png 1536w, https:\/\/wp.unil.ch\/libellus\/files\/2023\/10\/CONSEILLER-540x270.png 540w, https:\/\/wp.unil.ch\/libellus\/files\/2023\/10\/CONSEILLER-1080x540.png 1080w\" sizes=\"auto, (max-width: 1920px) 100vw, 1920px\" \/><div class=\"wp-block-cover__inner-container is-layout-constrained wp-block-cover-is-layout-constrained\">\n<p class=\"has-text-align-center has-buttons-text-color has-text-color\" style=\"font-size:50px\"><em>CONSEILLER !<\/em><\/p>\n<\/div><\/div>\n\n\n\n<div class=\"wp-block-columns is-layout-flex wp-container-core-columns-is-layout-9d6595d7 wp-block-columns-is-layout-flex\">\n<div class=\"wp-block-column is-layout-flow wp-block-column-is-layout-flow\">\n<ul class=\"wp-block-list\">\n<li>Offrir des conseils en mati\u00e8re de <mark style=\"background-color:#FFFFFF;color:#af4c64\" class=\"has-inline-color\">r\u00e9daction <\/mark>de livres<\/li>\n\n\n\n<li>Aider \u00e0 la recherche de la <mark style=\"background-color:#FFFFFF;color:#af4c64\" class=\"has-inline-color\">maison d\u2019\u00e9dition<\/mark> adapt\u00e9e \u00e0 votre projet et propositions<\/li>\n\n\n\n<li>Faciliter la prise de contact avec la <mark style=\"background-color:#FFFFFF;color:#af4c64\" class=\"has-inline-color\">maison d\u2019\u00e9dition<\/mark> choisie<\/li>\n\n\n\n<li>Aider \u00e0 la recherche de <mark style=\"background-color:#FFFFFF;color:#af4c64\" class=\"has-inline-color\">financement<\/mark><ul><li>Informer sur les sources de financement possibles priv\u00e9es\/publiques. <\/li><\/ul><ul><li>Informer sur les conditions \u00e0 remplir<\/li><\/ul>\n<ul class=\"wp-block-list\">\n<li>Accompagner pour la cr\u00e9ation des dossiers \u00e0 pr\u00e9parer selon les diff\u00e9rentes demandes (FNS, institutions, priv\u00e9s, etc.)<\/li>\n<\/ul>\n<\/li>\n<\/ul>\n<\/div>\n\n\n\n<div class=\"wp-block-column is-layout-flow wp-block-column-is-layout-flow\">\n<ul class=\"wp-block-list\">\n<li>Renseigner sur les questions concernant les <mark style=\"background-color:#FFFFFF;color:#af4c64\" class=\"has-inline-color\">droits d\u2019auteur\u00b7rice\u00b7s<\/mark><\/li>\n\n\n\n<li>Donner des informations concernant l\u2019<mark style=\"background-color:#FFFFFF;color:#af4c64\" class=\"has-inline-color\">Open access<\/mark><ul><li>Quelle gratuit\u00e9 pour qui<\/li><\/ul><ul><li>Quel.s format.s num\u00e9rique.s proposer<\/li><\/ul>\n<ul class=\"wp-block-list\">\n<li>Explications et conseils concernant le.s format.s num\u00e9rique.s d\u00e9pos\u00e9.s en <mark style=\"background-color:#FFFFFF;color:#af4c64\" class=\"has-inline-color\">Open access<\/mark><\/li>\n<\/ul>\n<\/li>\n\n\n\n<li>Renseigner sur les <mark style=\"background-color:#FFFFFF;color:#af4c64\" class=\"has-inline-color\">droits de reproduction<\/mark> et <mark style=\"background-color:#FFFFFF;color:#af4c64\" class=\"has-inline-color\">copyright<\/mark><\/li>\n<\/ul>\n<\/div>\n<\/div>\n\n\n\n<div class=\"wp-block-cover\" style=\"min-height:300px;aspect-ratio:unset;\"><span aria-hidden=\"true\" class=\"wp-block-cover__background has-background-dim\"><\/span><img alt=\"\" loading=\"lazy\" decoding=\"async\" width=\"1920\" height=\"960\" class=\"wp-block-cover__image-background wp-image-999\" alt=\"\" src=\"https:\/\/wp.unil.ch\/libellus\/files\/2023\/10\/SOUTENIR.png\" style=\"object-position:50% 42%\" data-object-fit=\"cover\" data-object-position=\"50% 42%\" srcset=\"https:\/\/wp.unil.ch\/libellus\/files\/2023\/10\/SOUTENIR.png 1920w, https:\/\/wp.unil.ch\/libellus\/files\/2023\/10\/SOUTENIR-300x150.png 300w, https:\/\/wp.unil.ch\/libellus\/files\/2023\/10\/SOUTENIR-1024x512.png 1024w, https:\/\/wp.unil.ch\/libellus\/files\/2023\/10\/SOUTENIR-768x384.png 768w, https:\/\/wp.unil.ch\/libellus\/files\/2023\/10\/SOUTENIR-1536x768.png 1536w, https:\/\/wp.unil.ch\/libellus\/files\/2023\/10\/SOUTENIR-540x270.png 540w, https:\/\/wp.unil.ch\/libellus\/files\/2023\/10\/SOUTENIR-1080x540.png 1080w\" sizes=\"auto, (max-width: 1920px) 100vw, 1920px\" \/><div class=\"wp-block-cover__inner-container is-layout-constrained wp-block-cover-is-layout-constrained\">\n<p class=\"has-text-align-center\" style=\"font-size:50px\"><em>SOUTENIR !<\/em><\/p>\n<\/div><\/div>\n\n\n\n<div class=\"wp-block-columns is-layout-flex wp-container-core-columns-is-layout-9d6595d7 wp-block-columns-is-layout-flex\">\n<div class=\"wp-block-column is-layout-flow wp-block-column-is-layout-flow\">\n<ul class=\"wp-block-list\">\n<li>Conseiller pour la mise \u00e0 jour de votre <mark style=\"background-color:#FFFFFF;color:#af4c64\" class=\"has-inline-color\">profil Unisciences<\/mark><\/li>\n\n\n\n<li>Aider \u00e0 la cr\u00e9ation de dossier de pr\u00e9sentation de projet \u00e0 la maison d\u00e9di\u00e9e<\/li>\n\n\n\n<li>V\u00e9rifier les <mark style=\"background-color:#FFFFFF;color:#af4c64\" class=\"has-inline-color\">contrats <\/mark>avec les \u00e9diteurs\u00b7rice\u00b7s<\/li>\n\n\n\n<li>Accompagner le suivi du <mark style=\"background-color:#FFFFFF;color:#af4c64\" class=\"has-inline-color\">calendrier \u00e9ditorial<\/mark><\/li>\n\n\n\n<li>Adapter et mettre \u00e0 jour votre CV, en fonction de l\u2019institution (FNS, Unisciences, ORCID, etc.)<\/li>\n\n\n\n<li>Aide pour la cr\u00e9ation de votre <mark style=\"background-color:#FFFFFF;color:#af4c64\" class=\"has-inline-color\">ORCID<\/mark><\/li>\n<\/ul>\n<\/div>\n\n\n\n<div class=\"wp-block-column is-layout-flow wp-block-column-is-layout-flow\">\n<ul class=\"wp-block-list\">\n<li>Transformer vos supports de cours en livres<\/li>\n\n\n\n<li>V\u00e9rifier le <mark style=\"background-color:#FFFFFF;color:#af4c64\" class=\"has-inline-color\">budget <\/mark>propos\u00e9 par la maison d&rsquo;\u00e9dition choisie<\/li>\n\n\n\n<li>Conseiller pour la <mark style=\"background-color:#FFFFFF;color:#af4c64\" class=\"has-inline-color\">recherche de fonds<\/mark> (institutions, FNS, autres sources de financement)<\/li>\n\n\n\n<li>Aider \u00e0 la <mark style=\"background-color:#FFFFFF;color:#af4c64\" class=\"has-inline-color\">recherche iconographique<\/mark><\/li>\n\n\n\n<li>Aider \u00e0 la cr\u00e9ation d&rsquo;<mark style=\"background-color:#FFFFFF;color:#af4c64\" class=\"has-inline-color\">ab\u00e9c\u00e9daire<\/mark><\/li>\n<\/ul>\n<\/div>\n<\/div>\n\n\n\n<div class=\"wp-block-cover\" style=\"min-height:300px;aspect-ratio:unset;\"><span aria-hidden=\"true\" class=\"wp-block-cover__background has-background-dim\"><\/span><img alt=\"\" loading=\"lazy\" decoding=\"async\" width=\"1920\" height=\"960\" class=\"wp-block-cover__image-background wp-image-1000\" alt=\"\" src=\"https:\/\/wp.unil.ch\/libellus\/files\/2023\/10\/VALORISER.png\" data-object-fit=\"cover\" srcset=\"https:\/\/wp.unil.ch\/libellus\/files\/2023\/10\/VALORISER.png 1920w, https:\/\/wp.unil.ch\/libellus\/files\/2023\/10\/VALORISER-300x150.png 300w, https:\/\/wp.unil.ch\/libellus\/files\/2023\/10\/VALORISER-1024x512.png 1024w, https:\/\/wp.unil.ch\/libellus\/files\/2023\/10\/VALORISER-768x384.png 768w, https:\/\/wp.unil.ch\/libellus\/files\/2023\/10\/VALORISER-1536x768.png 1536w, https:\/\/wp.unil.ch\/libellus\/files\/2023\/10\/VALORISER-540x270.png 540w, https:\/\/wp.unil.ch\/libellus\/files\/2023\/10\/VALORISER-1080x540.png 1080w\" sizes=\"auto, (max-width: 1920px) 100vw, 1920px\" \/><div class=\"wp-block-cover__inner-container is-layout-constrained wp-block-cover-is-layout-constrained\">\n<p class=\"has-text-align-center\" style=\"font-size:50px\"><em>VALORISER !<\/em><\/p>\n<\/div><\/div>\n\n\n\n<div class=\"wp-block-columns is-layout-flex wp-container-core-columns-is-layout-9d6595d7 wp-block-columns-is-layout-flex\">\n<div class=\"wp-block-column is-layout-flow wp-block-column-is-layout-flow\">\n<ul class=\"wp-block-list\">\n<li>Mettre en valeur vos <mark style=\"background-color:#FFFFFF;color:#af4c64\" class=\"has-inline-color\">ouvrages <\/mark>sur nos r\u00e9seaux institutionnels&nbsp;(FBM-UNIL, TRIBU-CHUV, newsletters)<\/li>\n\n\n\n<li>Conseiller pour la <mark style=\"background-color:#FFFFFF;color:#af4c64\" class=\"has-inline-color\">promotion <\/mark>de votre ouvrage (r\u00e9seaux sociaux, newsletters)<\/li>\n\n\n\n<li>Conseiller et accompagner pour l\u2019organisation d\u2019<mark style=\"background-color:#FFFFFF;color:#af4c64\" class=\"has-inline-color\">\u00e9v\u00e8nements<\/mark> (vernissage, table ronde, conf\u00e9rence)<\/li>\n\n\n\n<li>Proposer des id\u00e9es de <mark style=\"background-color:#FFFFFF;color:#af4c64\" class=\"has-inline-color\">visibilisation <\/mark>du livre (salons, colloque, congr\u00e8s)<\/li>\n<\/ul>\n<\/div>\n\n\n\n<div class=\"wp-block-column is-layout-flow wp-block-column-is-layout-flow\">\n<ul class=\"wp-block-list\">\n<li>V\u00e9rifier les <mark style=\"background-color:#FFFFFF;color:#af4c64\" class=\"has-inline-color\">services presses<\/mark> pr\u00e9vus aux biblioth\u00e8ques, institutions, librairies cibl\u00e9es et journalistes<\/li>\n\n\n\n<li>Proposer des <mark style=\"background-color:#FFFFFF;color:#af4c64\" class=\"has-inline-color\">journalistes <\/mark>\u00e0 contacter pour faire une recension<\/li>\n\n\n\n<li>V\u00e9rifier la <mark style=\"background-color:#FFFFFF;color:#af4c64\" class=\"has-inline-color\">pr\u00e9sence <\/mark>de votre ouvrage sur les diff\u00e9rents sites web (\u00e9diteur, diffusion, librairies)<\/li>\n<\/ul>\n<\/div>\n<\/div>\n","protected":false},"excerpt":{"rendered":"","protected":false},"author":1002650,"featured_media":0,"parent":0,"menu_order":0,"comment_status":"closed","ping_status":"closed","template":"template-full-width.php","meta":{"_seopress_robots_primary_cat":"","_seopress_titles_title":"","_seopress_titles_desc":"","_seopress_robots_index":"","footnotes":""},"class_list":["post-185","page","type-page","status-publish","has-post-thumbnail"],"_links":{"self":[{"href":"https:\/\/wp.unil.ch\/libellus\/wp-json\/wp\/v2\/pages\/185","targetHints":{"allow":["GET"]}}],"collection":[{"href":"https:\/\/wp.unil.ch\/libellus\/wp-json\/wp\/v2\/pages"}],"about":[{"href":"https:\/\/wp.unil.ch\/libellus\/wp-json\/wp\/v2\/types\/page"}],"author":[{"embeddable":true,"href":"https:\/\/wp.unil.ch\/libellus\/wp-json\/wp\/v2\/users\/1002650"}],"replies":[{"embeddable":true,"href":"https:\/\/wp.unil.ch\/libellus\/wp-json\/wp\/v2\/comments?post=185"}],"version-history":[{"count":4,"href":"https:\/\/wp.unil.ch\/libellus\/wp-json\/wp\/v2\/pages\/185\/revisions"}],"predecessor-version":[{"id":1388,"href":"https:\/\/wp.unil.ch\/libellus\/wp-json\/wp\/v2\/pages\/185\/revisions\/1388"}],"wp:attachment":[{"href":"https:\/\/wp.unil.ch\/libellus\/wp-json\/wp\/v2\/media?parent=185"}],"curies":[{"name":"wp","href":"https:\/\/api.w.org\/{rel}","templated":true}]}}