{"id":71,"date":"2012-07-17T14:50:34","date_gmt":"2012-07-17T12:50:34","guid":{"rendered":"http:\/\/jplab.unil.local\/?page_id=71"},"modified":"2014-05-16T08:52:10","modified_gmt":"2014-05-16T06:52:10","slug":"micropollutants-in-reverine-sediments","status":"publish","type":"page","link":"https:\/\/wp.unil.ch\/lge\/projects\/micropollutants-in-reverine-sediments\/","title":{"rendered":"Micropollutants in riverine sediments"},"content":{"rendered":"<figure id=\"attachment_978\" aria-describedby=\"caption-attachment-978\" style=\"width: 300px\" class=\"wp-caption alignleft\"><a href=\"https:\/\/wp.unil.ch\/lge\/files\/2012\/07\/Morges_River.jpg\"><img alt=\"\" loading=\"lazy\" decoding=\"async\" class=\"size-medium wp-image-978 \" src=\"https:\/\/wp.unil.ch\/lge\/files\/2012\/07\/Morges_River-300x150.jpg\" alt=\"\" width=\"300\" height=\"150\" srcset=\"https:\/\/wp.unil.ch\/lge\/files\/2012\/07\/Morges_River-300x150.jpg 300w, https:\/\/wp.unil.ch\/lge\/files\/2012\/07\/Morges_River-500x250.jpg 500w, https:\/\/wp.unil.ch\/lge\/files\/2012\/07\/Morges_River.jpg 540w\" sizes=\"auto, (max-width: 300px) 100vw, 300px\" \/><\/a><figcaption id=\"caption-attachment-978\" class=\"wp-caption-text\">Figure 1. Photograph of the Morges River as it empties into Lac Leman.<\/figcaption><\/figure>\n<p>Les micropolluants sont des substances chimiques potentiellement toxiques, qui sont pr\u00e9sentes dans l&#8217;eau \u00e0 faible concentration. Les polluants organiques, comme les pesticides et les m\u00e9dicaments, et les \u00e9l\u00e9ments inorganiques comme le cuivre, le cadmium et le plomb, arrivent dans l\u2019environnement par de multiples voies, par exemple les rejets industriels et communaux, le ruissellement des zones agricoles et urbaines, et d\u2019autres activit\u00e9s g\u00e9n\u00e9r\u00e9es par l\u2019\u00eatre humain.<\/p>\n<p>Dans l&#8217;eau, les m\u00e9taux peuvent s\u2019attacher chimiquement \u00e0 des solides comme les min\u00e9raux ou les bact\u00e9ries, ou subir des transformations qui changent leur \u00e9tat chimique et donc leur comportement dans l\u2019environnement. Tous ces processus naturels participent \u00e0 \u00e9liminer les m\u00e9taux dans l\u2019eau, limitant ainsi leur toxicit\u00e9 potentielle pour les organismes aquatiques et \u00e9vitant leur trajet en aval. Dans un contexte r\u00e9el, la destination finale des polluants d\u00e9pend de la composition min\u00e9ralogique et microbiologique des s\u00e9diments et des sols avec lesquels ils interagissent.<\/p>\n<p>Avec ce projet, nous allons \u00e9valuer la capacit\u00e9 naturelle des s\u00e9diments fluviaux et des rivages \u00e0 r\u00e9duire la concentration de micropolluants inorganiques. Les sites d\u2019\u00e9tudes (Figure 1) comprennent le Boiron, la Morges et la Venoge, trois rivi\u00e8res qui peuvent \u00eatre influenc\u00e9es par les rejets agricoles, urbains ou industriels. Notre objectif est d\u2019obtenir des informations sur la forme chimique des \u00e9l\u00e9ments polluants dans les surfaces min\u00e9rales et microbiennes.\u00a0 Ces informations sont essentielles pour offrir une \u00e9valuation rigoureuse des modes de r\u00e9silience des \u00e9cosyst\u00e8mes face \u00e0 la pollution.<\/p>\n<figure id=\"attachment_985\" aria-describedby=\"caption-attachment-985\" style=\"width: 584px\" class=\"wp-caption alignleft\"><a href=\"https:\/\/wp.unil.ch\/lge\/files\/2012\/07\/Site_maps2.png\"><img alt=\"\" loading=\"lazy\" decoding=\"async\" class=\" wp-image-985  \" src=\"https:\/\/wp.unil.ch\/lge\/files\/2013\/01\/Map_Boiron_Venoge.png\" alt=\"\" width=\"584\" height=\"430\" \/><\/a><figcaption id=\"caption-attachment-985\" class=\"wp-caption-text\">Figure 2. Maps of the study area showing sampling locations (red circles) and land-use distribution (green = agriculture; orange = vineyards; pink = industrial zone) and inhabited areas (grey).<\/figcaption><\/figure>\n","protected":false},"excerpt":{"rendered":"<p>Les micropolluants sont des substances chimiques potentiellement toxiques, qui sont pr\u00e9sentes dans l&#8217;eau \u00e0 faible concentration. Les polluants organiques, comme les pesticides et les m\u00e9dicaments, et les \u00e9l\u00e9ments inorganiques comme &hellip; <\/p>\n","protected":false},"author":982,"featured_media":0,"parent":30,"menu_order":2,"comment_status":"closed","ping_status":"closed","template":"","meta":{"_seopress_robots_primary_cat":"","_seopress_titles_title":"","_seopress_titles_desc":"","_seopress_robots_index":"","ngg_post_thumbnail":0,"footnotes":""},"class_list":["post-71","page","type-page","status-publish"],"_links":{"self":[{"href":"https:\/\/wp.unil.ch\/lge\/wp-json\/wp\/v2\/pages\/71","targetHints":{"allow":["GET"]}}],"collection":[{"href":"https:\/\/wp.unil.ch\/lge\/wp-json\/wp\/v2\/pages"}],"about":[{"href":"https:\/\/wp.unil.ch\/lge\/wp-json\/wp\/v2\/types\/page"}],"author":[{"embeddable":true,"href":"https:\/\/wp.unil.ch\/lge\/wp-json\/wp\/v2\/users\/982"}],"replies":[{"embeddable":true,"href":"https:\/\/wp.unil.ch\/lge\/wp-json\/wp\/v2\/comments?post=71"}],"version-history":[{"count":0,"href":"https:\/\/wp.unil.ch\/lge\/wp-json\/wp\/v2\/pages\/71\/revisions"}],"up":[{"embeddable":true,"href":"https:\/\/wp.unil.ch\/lge\/wp-json\/wp\/v2\/pages\/30"}],"wp:attachment":[{"href":"https:\/\/wp.unil.ch\/lge\/wp-json\/wp\/v2\/media?parent=71"}],"curies":[{"name":"wp","href":"https:\/\/api.w.org\/{rel}","templated":true}]}}