{"id":624,"date":"2012-07-27T14:51:49","date_gmt":"2012-07-27T12:51:49","guid":{"rendered":"http:\/\/jplab.unil.local\/?page_id=624"},"modified":"2014-05-16T08:51:54","modified_gmt":"2014-05-16T06:51:54","slug":"as-removal-by-fe-electrocoagulation","status":"publish","type":"page","link":"https:\/\/wp.unil.ch\/lge\/projects\/as-removal-by-fe-electrocoagulation\/","title":{"rendered":"As removal by Fe electrocoagulation"},"content":{"rendered":"<figure id=\"attachment_621\" aria-describedby=\"caption-attachment-621\" style=\"width: 300px\" class=\"wp-caption alignleft\"><a href=\"https:\/\/wp.unil.ch\/lge\/files\/2012\/07\/ECAR_schematic.jpg\"><img alt=\"\" loading=\"lazy\" decoding=\"async\" class=\" wp-image-883   \" src=\"https:\/\/wp.unil.ch\/lge\/files\/2012\/07\/ECAR_schematic-300x226.jpg\" alt=\"\" width=\"300\" height=\"226\" srcset=\"https:\/\/wp.unil.ch\/lge\/files\/2012\/07\/ECAR_schematic-300x226.jpg 300w, https:\/\/wp.unil.ch\/lge\/files\/2012\/07\/ECAR_schematic-396x300.jpg 396w, https:\/\/wp.unil.ch\/lge\/files\/2012\/07\/ECAR_schematic.jpg 923w\" sizes=\"auto, (max-width: 300px) 100vw, 300px\" \/><\/a><figcaption id=\"caption-attachment-621\" class=\"wp-caption-text\">Figure 1. Schematic of Fe electrocoagulation<\/figcaption><\/figure>\n<p>Electrocoagulation (EC) using Fe(0) electrodes is a potential arsenic removal technology for rural South Asia, where millions of people are exposed to toxic levels of geogenic arsenic in groundwater used as a source of drinking water.\u00a0 Electrocoagulation is a cheap and efficient technology that is based on applying an electric current to an Fe(0) anode in contact with pumped groundwater to promote the oxidative dissolution of Fe ions (Figure 1). The Fe ions rapidly polymerize in the presence of co-occurring ions, generating reactive Fe precipitates with a high affinity for binding arsenic.<\/p>\n<p>The performance of EC systems is strongly influenced by the presence of major inorganic groundwater ions (PO<sub>4<\/sub><sup>3-<\/sup>, SiO<sub>2<\/sub>, AsO<sub>4<\/sub><sup>3-<\/sup>, Ca<sup>2+<\/sup>, Mg<sup>2+<\/sup>), which alter the structure, reactivity and colloidal stability of EC precipitates. \u00a0The aim of our project is to develop a molecular-level description of the Fe precipitates generated by EC as a function of solution chemistry.\u00a0 Understanding the interaction of Fe precipitates with co-occurring groundwater ions is critical to better predict EC performance and to make targeted improvements in EC system design.<\/p>\n<p>Currently, we are integrating the pair distribution function (PDF) analysis of high-energy scattering data with Fe, As, and Ca K-edge EXAFS spectra to create detailed descriptions of EC precipitate structures. By combining the complementary PDF and EXAFS techniques with batch uptake experiments and general chemical reasoning, we can obtain highly constrained structural representations of EC precipitates inaccessible with any single characterization technique (Figure 2).<\/p>\n<figure id=\"attachment_892\" aria-describedby=\"caption-attachment-892\" style=\"width: 752px\" class=\"wp-caption alignnone\"><a href=\"https:\/\/wp.unil.ch\/lge\/files\/2012\/07\/PDF_EXAFS_AsVFeOH31.png\"><img alt=\"\" loading=\"lazy\" decoding=\"async\" class=\" wp-image-892  \" src=\"https:\/\/wp.unil.ch\/lge\/files\/2012\/07\/PDF_EXAFS_AsVFeOH31.png\" alt=\"\" width=\"752\" height=\"567\" srcset=\"https:\/\/wp.unil.ch\/lge\/files\/2012\/07\/PDF_EXAFS_AsVFeOH31.png 752w, https:\/\/wp.unil.ch\/lge\/files\/2012\/07\/PDF_EXAFS_AsVFeOH31-300x226.png 300w, https:\/\/wp.unil.ch\/lge\/files\/2012\/07\/PDF_EXAFS_AsVFeOH31-397x300.png 397w\" sizes=\"auto, (max-width: 752px) 100vw, 752px\" \/><\/a><figcaption id=\"caption-attachment-892\" class=\"wp-caption-text\">Figure 2. Structure of nanocrystalline hydrous ferric oxide with As(V) sorbed primarily in a binuclear corner sharing geometry determined from PDF analysis (top) and EXAFS spectroscopy (bottom). The dashed vertical lines highlight peaks due atomic pair correlations from As-O (AsO4 tetrahedra, 1.7 \u00c5), Fe-O (FeO6 octahedron, 2.0 \u00c5) and As-Fe (corner-sharing AsO4 and FeO6 polyhedra, 3.3 \u00c5).<\/figcaption><\/figure>\n<p>&nbsp;<\/p>\n<p>&nbsp;<\/p>\n","protected":false},"excerpt":{"rendered":"<p>Electrocoagulation (EC) using Fe(0) electrodes is a potential arsenic removal technology for rural South Asia, where millions of people are exposed to toxic levels of geogenic arsenic in groundwater used &hellip; <\/p>\n","protected":false},"author":982,"featured_media":0,"parent":30,"menu_order":1,"comment_status":"closed","ping_status":"closed","template":"","meta":{"_seopress_robots_primary_cat":"","_seopress_titles_title":"","_seopress_titles_desc":"","_seopress_robots_index":"","ngg_post_thumbnail":0,"footnotes":""},"class_list":["post-624","page","type-page","status-publish"],"_links":{"self":[{"href":"https:\/\/wp.unil.ch\/lge\/wp-json\/wp\/v2\/pages\/624","targetHints":{"allow":["GET"]}}],"collection":[{"href":"https:\/\/wp.unil.ch\/lge\/wp-json\/wp\/v2\/pages"}],"about":[{"href":"https:\/\/wp.unil.ch\/lge\/wp-json\/wp\/v2\/types\/page"}],"author":[{"embeddable":true,"href":"https:\/\/wp.unil.ch\/lge\/wp-json\/wp\/v2\/users\/982"}],"replies":[{"embeddable":true,"href":"https:\/\/wp.unil.ch\/lge\/wp-json\/wp\/v2\/comments?post=624"}],"version-history":[{"count":0,"href":"https:\/\/wp.unil.ch\/lge\/wp-json\/wp\/v2\/pages\/624\/revisions"}],"up":[{"embeddable":true,"href":"https:\/\/wp.unil.ch\/lge\/wp-json\/wp\/v2\/pages\/30"}],"wp:attachment":[{"href":"https:\/\/wp.unil.ch\/lge\/wp-json\/wp\/v2\/media?parent=624"}],"curies":[{"name":"wp","href":"https:\/\/api.w.org\/{rel}","templated":true}]}}