{"id":1692,"date":"2018-11-08T11:35:57","date_gmt":"2018-11-08T10:35:57","guid":{"rendered":"http:\/\/wp.unil.ch\/lge\/?page_id=1692"},"modified":"2018-11-08T23:25:10","modified_gmt":"2018-11-08T22:25:10","slug":"theses","status":"publish","type":"page","link":"https:\/\/wp.unil.ch\/lge\/publications-2\/theses\/","title":{"rendered":"Ph.D. dissertations, M.Sc. theses and B.Sc. Projects"},"content":{"rendered":"<div>\n<h2><span style=\"color: #2f8bd6\">Ph.D. theses<\/span><\/h2>\n<\/div>\n<p class=\"x_MsoNormal\" style=\"text-align: left\">3. Gonzalez-Holguera, J. (July 2018) Reactivity of MnO<sub>2<\/sub>&nbsp;in bacteria-mineral assemblages. Ph.D. University of Lausanne&nbsp;<\/p>\n<p class=\"x_MsoNormal\" style=\"text-align: left\">2.&nbsp;Marafatto, F.F.&nbsp;(December 2017). The photoreduction of MnO<sub>2&nbsp;<\/sub>minerals. Ph.D. University of Lausanne&nbsp;<\/p>\n<p class=\"x_MsoNoSpacing\" style=\"text-align: left\">1.&nbsp;van Genuchten, C.M.&nbsp;(co-chair; April 2013). Influence of electrolyte chemistry on the structure and reactivity of Fe(III) precipitates generated by Fe(0) electrocoagulation: Implications for low-cost arsenic treatment. University of California at Berkeley.&nbsp;<\/p>\n<hr>\n<div>\n<h2><span style=\"color: #2f8bd6\">Masters theses<\/span><\/h2>\n<\/div>\n<p class=\"x_MsoNormal\"><b>12. Shahroozi, K.<\/b>&nbsp;(June 2018). Nitrate contamination of a drinking-water aquifer: Perspectives from geochemical and isotopic analyses. M.Sc. thesis in Environmental Geoscience, University of Lausanne.<\/p>\n<p class=\"x_MsoNormal\"><b>11. Amor, M.<\/b>&nbsp;(January 2017). Cr(VI) sorption on iron oxides: A comparison of the reactivity between biogenic (BIOS) and synthetic iron oxides. M.Sc. thesis in Biogeosciences, University of Lausanne.<\/p>\n<p class=\"x_MsoNormal\"><b>10. Vallat, F.<\/b>&nbsp;(September 2016).&nbsp;<span lang=\"EN-GB\">Mobility of methylated arsenic in sulfidic environments: Sorption of arsenic(III), MMA(V) and DMA(V) on mackinawite.<\/span>&nbsp;M.Sc. thesis in Biogeosciences, University of Lausanne.<\/p>\n<p class=\"x_MsoNormal\"><b>9. Devenoges, D.<\/b>&nbsp;(September 2016). Methodological recommendation for ecotoxicological tests in microcosms. M.Sc. thesis in Biogeosciences, University of Lausanne.<\/p>\n<p class=\"x_MsoNormal\"><b>8. Loup, E.&nbsp;<\/b>(June 2016). Uranium accumulation in the soils of the Dischma valley (Switzerland): Origins and behavior of uranium in wetlands. M.Sc. thesis in Environmental Geoscience, University of Lausanne.<\/p>\n<p class=\"x_MsoNormal\"><b>7. DuPasquier, A.&nbsp;<\/b>(January 2016).&nbsp;<span lang=\"FR\">Les oxydes de Mn et Fe dans les travertins de Skoura (Maroc)&nbsp;: D\u00e9p\u00f4ts g\u00e9ochimique ou biog\u00e9nique&nbsp;?&nbsp;<\/span>M.Sc. thesis in Biogeosciences, University of Lausanne.<\/p>\n<p class=\"x_MsoNormal\"><b>6. Flury, V.<\/b>&nbsp;(January 2016). Biogeochemical study of uranium accumulation in an Apline histosol. M.Sc. thesis in Biogeosciences, University of Lausanne.<\/p>\n<p class=\"x_MsoNormal\"><b>5. Dossou Etui, I.<\/b>&nbsp;(September 2015). Effect of carbon sources on the adsorption of Pb and Zn by a biogenic Mn oxide for use as a remediation method in wastewater treatment. M.Sc. thesis in Environmental Geoscience, University of Lausanne.<\/p>\n<p class=\"x_MsoNormal\"><b>4.<\/b>&nbsp;<b>Finger, A.<\/b>&nbsp;(October 2014).&nbsp;Stability and bioavailability of arsenic-laden Fe(III)precipitates generated by the electrolytic dissolution of Fe(0) electrodes.&nbsp;M.Sc. thesis in Environmental Geoscience, University of Lausanne.<\/p>\n<p class=\"x_MsoNormal\"><b>3.&nbsp;<\/b><b>Droz, B.<\/b>&nbsp;(June 2014). Influence of manganese oxidation rate on the nickel sorption capacities of bacteriogenic and mycogenic birnessite. M.Sc. thesis in Biogeosciences, University of Lausanne.<\/p>\n<p class=\"x_MsoNormal\"><b>2. Dolivo,<\/b>&nbsp;<b>L.<\/b>&nbsp;(September 2013).&nbsp;<span lang=\"EN-GB\">Physico-chemical characterization of iron oxyhydroxides in three streams located in the Morges area (Vaud, Switzerland).&nbsp;<\/span>M.Sc. thesis in Biogeosciences, University of Lausanne.<b><\/b><\/p>\n<p class=\"x_MsoListParagraph\"><b>1. Aiolfi,<\/b>&nbsp;<b>I.<\/b>&nbsp;(September 2013). Inorganic contaminants in river sediments of Lake Geneva affluents<span lang=\"EN-GB\">.&nbsp;<\/span>M.Sc. thesis in Biogeosciences, University of Lausanne.<\/p>\n<hr>\n<div>\n<h2><span style=\"color: #2f8bd6\">Bachelor projects<\/span><\/h2>\n<p>8. Steiner T. (June 2018). Composition chimique et boilogique des biofilms bact<span lang=\"FR\">\u00e9<\/span>riens dans le contexte d&#8217;une rivi<span lang=\"FR\">\u00e8<\/span>re remani<span lang=\"FR\">\u00e9<\/span>e par les castors : quelles particularit<span lang=\"FR\">\u00e9<\/span>s ?&nbsp;B.Sc. thesis in Environmental Geoscience, University of Lausanne.<\/p>\n<p>7. Jeannerat A. (June 2018). Etude sur la biod<span lang=\"FR\">\u00e9<\/span>gradation de la pollution de la Chamberonne du 11 octobre 2017.&nbsp;B.Sc. thesis in Environmental Geoscience, University of Lausanne.<\/p>\n<p>6.Passera L. (June 2018). R<span lang=\"FR\">\u00e9seau d&#8217;eau potable de la r\u00e9gion lausannoise : composition chimique.&nbsp;B.Sc. thesis in Environmental Geoscience, University of Lausanne.<\/span><\/p>\n<p>5. Manetti N. (June 2018). Concentration et sp<span lang=\"FR\">\u00e9ciation de l-arsenic dans le riz en fonction de la m\u00e9thode de cultivation.<\/span>&nbsp;B.Sc. thesis in Environmental Geoscience, University of Lausanne.<\/p>\n<p>4. Vuignier F. (June 2018). Impact du m<span lang=\"FR\">\u00e9thylmercure ur a maladie d&#8217;Alzheimer.&nbsp;B.Sc. thesis in Environmental Geoscience, University of Lausanne.<\/span><\/p>\n<\/div>\n<p class=\"x_MsoNormal\"><b><span lang=\"FR\">3.&nbsp;<\/span><span lang=\"FR\">Bassoto, D.<\/span><\/b><span lang=\"FR\">(June 2017). Effet du Ca2? et du Mg2? sur la d\u00e9tection de l\u2019ars\u00e9nate en adsorption sur des hydroxydes de Fer(III).&nbsp;<\/span>B.Sc. thesis in Environmental Geoscience, University of Lausanne.<\/p>\n<p><b>2.<\/b>&nbsp;<b>Fischer, A.<\/b>&nbsp;(June 2017).&nbsp;<span lang=\"FR\">\u00c9limination des r\u00e9sidus de m\u00e9dicaments dans les eaux us\u00e9es :&nbsp;<\/span><span lang=\"FR\">un r\u00f4le pour les oxydes de mangan\u00e8se et les z\u00e9olites ?<\/span><span lang=\"FR\">&nbsp;<\/span>B.Sc. thesis in Environmental Geoscience, University of Lausanne.<\/p>\n<p class=\"x_MsoNormal\"><b><span lang=\"FR\">1.<\/span><\/b><span lang=\"FR\">&nbsp;<\/span><b><span lang=\"FR\">Anthamatten, E.<\/span><\/b><span lang=\"FR\">&nbsp;(June 2017). Applicabilit\u00e9 de la clinoptilolite pour le traitement des m\u00e9taux Pb<sup>2+<\/sup>, Cu<sup>2+<\/sup>&nbsp;et Zn<sup>2+<\/sup>&nbsp;dans l\u2019eau du ruissellement urbain \u00e0 Lausanne.&nbsp;<\/span>B.Sc. thesis in Environmental Geoscience, University of Lausanne.<\/p>\n<p class=\"x_MsoNormal\"><b>&nbsp;<\/b><\/p>\n<p class=\"x_MsoNormal\">&nbsp;<\/p>\n<p class=\"x_MsoNormal\">&nbsp;<\/p>\n","protected":false},"excerpt":{"rendered":"<p>Ph.D. theses 3. Gonzalez-Holguera, J. (July 2018) Reactivity of MnO2&nbsp;in bacteria-mineral assemblages. Ph.D. University of Lausanne&nbsp; 2.&nbsp;Marafatto, F.F.&nbsp;(December 2017). The photoreduction of MnO2&nbsp;minerals. Ph.D. University of Lausanne&nbsp; 1.&nbsp;van Genuchten, C.M.&nbsp;(co-chair; &hellip; <\/p>\n","protected":false},"author":982,"featured_media":0,"parent":1717,"menu_order":1,"comment_status":"closed","ping_status":"closed","template":"","meta":{"_seopress_robots_primary_cat":"","_seopress_titles_title":"","_seopress_titles_desc":"","_seopress_robots_index":"","ngg_post_thumbnail":0,"footnotes":""},"class_list":["post-1692","page","type-page","status-publish"],"_links":{"self":[{"href":"https:\/\/wp.unil.ch\/lge\/wp-json\/wp\/v2\/pages\/1692","targetHints":{"allow":["GET"]}}],"collection":[{"href":"https:\/\/wp.unil.ch\/lge\/wp-json\/wp\/v2\/pages"}],"about":[{"href":"https:\/\/wp.unil.ch\/lge\/wp-json\/wp\/v2\/types\/page"}],"author":[{"embeddable":true,"href":"https:\/\/wp.unil.ch\/lge\/wp-json\/wp\/v2\/users\/982"}],"replies":[{"embeddable":true,"href":"https:\/\/wp.unil.ch\/lge\/wp-json\/wp\/v2\/comments?post=1692"}],"version-history":[{"count":0,"href":"https:\/\/wp.unil.ch\/lge\/wp-json\/wp\/v2\/pages\/1692\/revisions"}],"up":[{"embeddable":true,"href":"https:\/\/wp.unil.ch\/lge\/wp-json\/wp\/v2\/pages\/1717"}],"wp:attachment":[{"href":"https:\/\/wp.unil.ch\/lge\/wp-json\/wp\/v2\/media?parent=1692"}],"curies":[{"name":"wp","href":"https:\/\/api.w.org\/{rel}","templated":true}]}}