{"id":78,"date":"2016-11-07T15:15:36","date_gmt":"2016-11-07T14:15:36","guid":{"rendered":"http:\/\/wp.unil.ch\/lescahiersiltp\/?page_id=78"},"modified":"2018-02-07T14:42:30","modified_gmt":"2018-02-07T13:42:30","slug":"servir","status":"publish","type":"page","link":"https:\/\/wp.unil.ch\/lescahiersiltp\/servir\/","title":{"rendered":"Servir\/g\u00e9rer"},"content":{"rendered":"<p>Par les verbes \u00ab\u00a0servir\u00a0\u00bb et \u00ab\u00a0g\u00e9rer\u00a0\u00bb, les Cahiers de l\u2019ILTP d\u00e9signent tout ce qui concerne le travail social et la direction de l\u2019\u00c9glise. Ce que la th\u00e9ologie pratique nomme ou a nomm\u00e9 \u00ab\u00a0diaconie\u00a0\u00bb, \u00ab\u00a0entraide\u00a0\u00bb, \u00ab\u00a0aum\u00f4nerie\u00a0\u00bb, \u00ab\u00a0eccl\u00e9siologie\u00a0\u00bb, \u00ab\u00a0gouvernance\u00a0\u00bb, etc.<\/p>\n<p>Articles de cette rubrique :<\/p>\n<ul>\n<li>\n<p class=\"entry-title\"><a href=\"https:\/\/wp.unil.ch\/lescahiersiltp\/comment-et-a-quelles-conditions-les-groupes-de-maison-peuvent-ils-etre-source-de-renouveau-pour-leglise\/\" target=\"_blank\" rel=\"noopener\">Vincent Demaurex : Comment et \u00e0 quelles conditions les groupes de maison peuvent-ils \u00eatre source de renouveau pour l\u2019\u00c9glise ?\u00a0<\/a><\/p>\n<\/li>\n<li><a href=\"https:\/\/wp.unil.ch\/lescahiersiltp\/jp-nkolo-fanga-faire-eglise-ensemble-defi-ou-illusion-le-cas-des-immigres-en-france\/\">Jean Patrick Nkolo Fanga : Faire Eglise Ensemble : D\u00e9fi ou Illusion ? Le cas des immigr\u00e9s en France<\/a><\/li>\n<\/ul>\n<p><a href=\"cahiersiltp@unil.ch\">Envoyez-nous vos articles dans cette rubrique !\u00a0<\/a><\/p>\n<p>&nbsp;<\/p>\n","protected":false},"excerpt":{"rendered":"<p>Par les verbes \u00ab\u00a0servir\u00a0\u00bb et \u00ab\u00a0g\u00e9rer\u00a0\u00bb, les Cahiers de l\u2019ILTP d\u00e9signent tout ce qui concerne le travail social et la direction de l\u2019\u00c9glise. Ce que la th\u00e9ologie pratique nomme ou a nomm\u00e9 \u00ab\u00a0diaconie\u00a0\u00bb, \u00ab\u00a0entraide\u00a0\u00bb, \u00ab\u00a0aum\u00f4nerie\u00a0\u00bb, \u00ab\u00a0eccl\u00e9siologie\u00a0\u00bb, \u00ab\u00a0gouvernance\u00a0\u00bb, etc. Articles de<\/p>\n","protected":false},"author":1001327,"featured_media":0,"parent":0,"menu_order":0,"comment_status":"closed","ping_status":"closed","template":"","meta":{"_seopress_robots_primary_cat":"","_seopress_titles_title":"","_seopress_titles_desc":"","_seopress_robots_index":"","footnotes":""},"class_list":["post-78","page","type-page","status-publish"],"_links":{"self":[{"href":"https:\/\/wp.unil.ch\/lescahiersiltp\/wp-json\/wp\/v2\/pages\/78","targetHints":{"allow":["GET"]}}],"collection":[{"href":"https:\/\/wp.unil.ch\/lescahiersiltp\/wp-json\/wp\/v2\/pages"}],"about":[{"href":"https:\/\/wp.unil.ch\/lescahiersiltp\/wp-json\/wp\/v2\/types\/page"}],"author":[{"embeddable":true,"href":"https:\/\/wp.unil.ch\/lescahiersiltp\/wp-json\/wp\/v2\/users\/1001327"}],"replies":[{"embeddable":true,"href":"https:\/\/wp.unil.ch\/lescahiersiltp\/wp-json\/wp\/v2\/comments?post=78"}],"version-history":[{"count":0,"href":"https:\/\/wp.unil.ch\/lescahiersiltp\/wp-json\/wp\/v2\/pages\/78\/revisions"}],"wp:attachment":[{"href":"https:\/\/wp.unil.ch\/lescahiersiltp\/wp-json\/wp\/v2\/media?parent=78"}],"curies":[{"name":"wp","href":"https:\/\/api.w.org\/{rel}","templated":true}]}}