{"id":76,"date":"2016-11-07T15:15:18","date_gmt":"2016-11-07T14:15:18","guid":{"rendered":"http:\/\/wp.unil.ch\/lescahiersiltp\/?page_id=76"},"modified":"2017-02-27T16:21:59","modified_gmt":"2017-02-27T15:21:59","slug":"precher-celebrer","status":"publish","type":"page","link":"https:\/\/wp.unil.ch\/lescahiersiltp\/precher-celebrer\/","title":{"rendered":"Pr\u00eacher \/ c\u00e9l\u00e9brer"},"content":{"rendered":"<p>Par les verbes \u00ab\u00a0pr\u00eacher\u00a0\u00bb et \u00ab\u00a0c\u00e9l\u00e9brer\u00a0\u00bb, les Cahiers de l\u2019ILTP d\u00e9signent tout ce qui concerne les rites. Ce que la th\u00e9ologie pratique nomme ou a nomm\u00e9 \u00ab\u00a0culte\u00a0\u00bb, \u00ab\u00a0sacrement\u00a0\u00bb, \u00ab\u00a0actes pastoraux\u00a0\u00bb, \u00ab\u00a0homil\u00e9tique\u00a0\u00bb, \u00ab\u00a0liturgique\u00a0\u00bb, \u00ab\u00a0hymnologie\u00a0\u00bb, etc.<\/p>\n<p><a href=\"cahiersiltp@unil.ch\">Envoyez-nous vos articles dans cette rubrique ! \u00a0<\/a><\/p>\n","protected":false},"excerpt":{"rendered":"<p>Par les verbes \u00ab\u00a0pr\u00eacher\u00a0\u00bb et \u00ab\u00a0c\u00e9l\u00e9brer\u00a0\u00bb, les Cahiers de l\u2019ILTP d\u00e9signent tout ce qui concerne les rites. Ce que la th\u00e9ologie pratique nomme ou a nomm\u00e9 \u00ab\u00a0culte\u00a0\u00bb, \u00ab\u00a0sacrement\u00a0\u00bb, \u00ab\u00a0actes pastoraux\u00a0\u00bb, \u00ab\u00a0homil\u00e9tique\u00a0\u00bb, \u00ab\u00a0liturgique\u00a0\u00bb, \u00ab\u00a0hymnologie\u00a0\u00bb, etc. Envoyez-nous vos articles dans cette rubrique<\/p>\n","protected":false},"author":1001327,"featured_media":0,"parent":0,"menu_order":0,"comment_status":"closed","ping_status":"closed","template":"","meta":{"_seopress_robots_primary_cat":"","_seopress_titles_title":"","_seopress_titles_desc":"","_seopress_robots_index":"","footnotes":""},"class_list":["post-76","page","type-page","status-publish"],"_links":{"self":[{"href":"https:\/\/wp.unil.ch\/lescahiersiltp\/wp-json\/wp\/v2\/pages\/76","targetHints":{"allow":["GET"]}}],"collection":[{"href":"https:\/\/wp.unil.ch\/lescahiersiltp\/wp-json\/wp\/v2\/pages"}],"about":[{"href":"https:\/\/wp.unil.ch\/lescahiersiltp\/wp-json\/wp\/v2\/types\/page"}],"author":[{"embeddable":true,"href":"https:\/\/wp.unil.ch\/lescahiersiltp\/wp-json\/wp\/v2\/users\/1001327"}],"replies":[{"embeddable":true,"href":"https:\/\/wp.unil.ch\/lescahiersiltp\/wp-json\/wp\/v2\/comments?post=76"}],"version-history":[{"count":0,"href":"https:\/\/wp.unil.ch\/lescahiersiltp\/wp-json\/wp\/v2\/pages\/76\/revisions"}],"wp:attachment":[{"href":"https:\/\/wp.unil.ch\/lescahiersiltp\/wp-json\/wp\/v2\/media?parent=76"}],"curies":[{"name":"wp","href":"https:\/\/api.w.org\/{rel}","templated":true}]}}