{"id":74,"date":"2016-11-07T15:14:42","date_gmt":"2016-11-07T14:14:42","guid":{"rendered":"http:\/\/wp.unil.ch\/lescahiersiltp\/?page_id=74"},"modified":"2017-02-27T16:21:02","modified_gmt":"2017-02-27T15:21:02","slug":"evangeliser-developper","status":"publish","type":"page","link":"https:\/\/wp.unil.ch\/lescahiersiltp\/evangeliser-developper\/","title":{"rendered":"Evang\u00e9liser \/ d\u00e9velopper"},"content":{"rendered":"<p>Par les verbes \u00ab\u00a0\u00e9vang\u00e9liser\u00a0\u00bb et \u00ab\u00a0d\u00e9velopper\u00a0\u00bb, les Cahiers de l\u2019ILTP d\u00e9signent tout ce qui concerne l\u2019annonce de l\u2019\u00c9vangile et le d\u00e9veloppement des communaut\u00e9s. Ce que la th\u00e9ologie pratique nomme ou a nomm\u00e9 \u00ab\u00a0\u00e9vang\u00e9lisation\u00a0\u00bb, \u00ab\u00a0eccl\u00e9siologie\u00a0\u00bb, \u00ab\u00a0mission\u00a0\u00bb, \u00ab\u00a0croissance de l\u2019\u00c9glise\u00a0\u00bb, etc.<\/p>\n<p><a href=\"cahiersiltp@unil.ch\">Envoyez-nous vos articles dans cette rubrique !\u00a0<\/a><\/p>\n","protected":false},"excerpt":{"rendered":"<p>Par les verbes \u00ab\u00a0\u00e9vang\u00e9liser\u00a0\u00bb et \u00ab\u00a0d\u00e9velopper\u00a0\u00bb, les Cahiers de l\u2019ILTP d\u00e9signent tout ce qui concerne l\u2019annonce de l\u2019\u00c9vangile et le d\u00e9veloppement des communaut\u00e9s. Ce que la th\u00e9ologie pratique nomme ou a nomm\u00e9 \u00ab\u00a0\u00e9vang\u00e9lisation\u00a0\u00bb, \u00ab\u00a0eccl\u00e9siologie\u00a0\u00bb, \u00ab\u00a0mission\u00a0\u00bb, \u00ab\u00a0croissance de l\u2019\u00c9glise\u00a0\u00bb, etc. Envoyez-nous<\/p>\n","protected":false},"author":1001327,"featured_media":0,"parent":0,"menu_order":0,"comment_status":"closed","ping_status":"closed","template":"","meta":{"_seopress_robots_primary_cat":"","_seopress_titles_title":"","_seopress_titles_desc":"","_seopress_robots_index":"","footnotes":""},"class_list":["post-74","page","type-page","status-publish"],"_links":{"self":[{"href":"https:\/\/wp.unil.ch\/lescahiersiltp\/wp-json\/wp\/v2\/pages\/74","targetHints":{"allow":["GET"]}}],"collection":[{"href":"https:\/\/wp.unil.ch\/lescahiersiltp\/wp-json\/wp\/v2\/pages"}],"about":[{"href":"https:\/\/wp.unil.ch\/lescahiersiltp\/wp-json\/wp\/v2\/types\/page"}],"author":[{"embeddable":true,"href":"https:\/\/wp.unil.ch\/lescahiersiltp\/wp-json\/wp\/v2\/users\/1001327"}],"replies":[{"embeddable":true,"href":"https:\/\/wp.unil.ch\/lescahiersiltp\/wp-json\/wp\/v2\/comments?post=74"}],"version-history":[{"count":0,"href":"https:\/\/wp.unil.ch\/lescahiersiltp\/wp-json\/wp\/v2\/pages\/74\/revisions"}],"wp:attachment":[{"href":"https:\/\/wp.unil.ch\/lescahiersiltp\/wp-json\/wp\/v2\/media?parent=74"}],"curies":[{"name":"wp","href":"https:\/\/api.w.org\/{rel}","templated":true}]}}