{"id":559,"date":"2019-01-30T12:22:03","date_gmt":"2019-01-30T11:22:03","guid":{"rendered":"http:\/\/wp.unil.ch\/lescahiersiltp\/?page_id=559"},"modified":"2019-02-07T15:47:39","modified_gmt":"2019-02-07T14:47:39","slug":"les-cahiers-de-lirp-%e2%80%a2-archives-numerisees","status":"publish","type":"page","link":"https:\/\/wp.unil.ch\/lescahiersiltp\/varia\/les-cahiers-de-lirp-%e2%80%a2-archives-numerisees\/","title":{"rendered":"Les Cahiers de l&rsquo;IRP \u2022 archives num\u00e9ris\u00e9es"},"content":{"rendered":"<p>L&rsquo;Institut L\u00e9manique de Th\u00e9ologie Pratique met \u00e0 votre disposition les archives num\u00e9ris\u00e9es des Cahiers de l&rsquo;IRP (Institut Romand de Pastorale) en libre acc\u00e8s.<\/p>\n<p>Les 50 num\u00e9ros sont disponibles, ainsi que les 3 suppl\u00e9ments et 1 num\u00e9ro hors s\u00e9rie.<\/p>\n<p><em>Cliquez sur le titre souhait\u00e9 pour t\u00e9l\u00e9charger le pdf correspondant.<\/em><\/p>\n<h1>Num\u00e9ros<\/h1>\n<table style=\"height: 1626px\" width=\"676\">\n<tbody>\n<tr>\n<td style=\"text-align: right\" width=\"88\"><strong>n\u00b0<\/strong><\/td>\n<td style=\"text-align: center\" width=\"80\"><strong>date<\/strong><\/td>\n<td style=\"text-align: center\" width=\"458\"><strong>Titre<\/strong><\/td>\n<\/tr>\n<tr>\n<td style=\"text-align: right\">1<\/td>\n<td style=\"text-align: right\">Mai 1986<\/td>\n<td><a href=\"https:\/\/wp.unil.ch\/lescahiersiltp\/files\/2019\/01\/CahiersIRP_n.01_1986.05-compressed.pdf\">La Supervision<\/a><\/td>\n<\/tr>\n<tr>\n<td style=\"text-align: right\">2<\/td>\n<td style=\"text-align: right\">Mai 1989<\/td>\n<td><a href=\"https:\/\/wp.unil.ch\/lescahiersiltp\/files\/2019\/01\/CahiersIRP_n.02_1989.05-compressed.pdf\">Services Fun\u00e8bres et multitudinisme<\/a><\/td>\n<\/tr>\n<tr>\n<td style=\"text-align: right\">3<\/td>\n<td style=\"text-align: right\">Sept 1989<\/td>\n<td><a href=\"https:\/\/wp.unil.ch\/lescahiersiltp\/files\/2019\/01\/CahiersIRP_n.03_1989.09-compressed.pdf\">Mariages et multitudinisme<\/a><\/td>\n<\/tr>\n<tr>\n<td style=\"text-align: right\">4<\/td>\n<td style=\"text-align: right\">D\u00e9c 1989<\/td>\n<td><a href=\"https:\/\/wp.unil.ch\/lescahiersiltp\/files\/2019\/01\/CahiersIRP_n.04_1989.12-compressed.pdf\">Th\u00e9ologie au f\u00e9minin<\/a><\/td>\n<\/tr>\n<tr>\n<td style=\"text-align: right\">5<\/td>\n<td style=\"text-align: right\">F\u00e9vr 1990<\/td>\n<td><a href=\"https:\/\/wp.unil.ch\/lescahiersiltp\/files\/2019\/01\/CahiersIRP_n.05_1990.02-compressed.pdf\">Confirmation et multitudinisme<\/a><\/td>\n<\/tr>\n<tr>\n<td style=\"text-align: right\">6<\/td>\n<td style=\"text-align: right\">Sept 1990<\/td>\n<td><a href=\"https:\/\/wp.unil.ch\/lescahiersiltp\/files\/2019\/01\/CahiersIRP_n.06_1990.09-compressed.pdf\">Bapt\u00eame et multitudinisme<\/a><\/td>\n<\/tr>\n<tr>\n<td style=\"text-align: right\">7<\/td>\n<td style=\"text-align: right\">Nov 1990<\/td>\n<td><a href=\"https:\/\/wp.unil.ch\/lescahiersiltp\/files\/2019\/01\/CahiersIRP_n.07_1990.11-compressed.pdf\">Cure d&rsquo;\u00e2me et supervision<\/a><\/td>\n<\/tr>\n<tr>\n<td style=\"text-align: right\">8<\/td>\n<td style=\"text-align: right\">Janv 1991<\/td>\n<td><a href=\"https:\/\/wp.unil.ch\/lescahiersiltp\/files\/2019\/01\/CahiersIRP_n.08_1991.01-compressed.pdf\">Le syst\u00e8me de nos croyances<\/a><\/td>\n<\/tr>\n<tr>\n<td style=\"text-align: right\">9<\/td>\n<td style=\"text-align: right\">Juin 1991<\/td>\n<td><a href=\"https:\/\/wp.unil.ch\/lescahiersiltp\/files\/2019\/01\/CahiersIRP_n.09_1991.06-compressed.pdf\">Pr\u00eacher<\/a><\/td>\n<\/tr>\n<tr>\n<td style=\"text-align: right\">10<\/td>\n<td style=\"text-align: right\">D\u00e9c 1991<\/td>\n<td><a href=\"https:\/\/wp.unil.ch\/lescahiersiltp\/files\/2019\/01\/CahiersIRP_n.10_1991.10-compressed.pdf\">Varia<\/a><\/td>\n<\/tr>\n<tr>\n<td style=\"text-align: right\">11<\/td>\n<td style=\"text-align: right\">Mars 1992<\/td>\n<td><a href=\"https:\/\/wp.unil.ch\/lescahiersiltp\/files\/2019\/01\/CahiersIRP_n.11_1992.03-compressed.pdf\">Flashes sur le pastorat<\/a><\/td>\n<\/tr>\n<tr>\n<td style=\"text-align: right\">12-13<\/td>\n<td style=\"text-align: right\">Mai 1992<\/td>\n<td><a href=\"https:\/\/wp.unil.ch\/lescahiersiltp\/files\/2019\/01\/CahiersIRP_n.12-13_1992.05-compressed.pdf\">La th\u00e9ologie pratique protestante d&rsquo;expression fran\u00e7aise : o\u00f9 en est-elle ?<\/a><\/td>\n<\/tr>\n<tr>\n<td style=\"text-align: right\">14<\/td>\n<td style=\"text-align: right\">D\u00e9c 1992<\/td>\n<td><a href=\"https:\/\/wp.unil.ch\/lescahiersiltp\/files\/2019\/01\/CahiersIRP_n.14_1992.12-compressed.pdf\">Formes et structures. Recherches en homil\u00e9tique, en eccl\u00e9siologie et en architecture religieuse<\/a><\/td>\n<\/tr>\n<tr>\n<td style=\"text-align: right\">15<\/td>\n<td style=\"text-align: right\">Avr 1993<\/td>\n<td><a href=\"https:\/\/wp.unil.ch\/lescahiersiltp\/files\/2019\/01\/CahiersIRP_n.15_1993.04-compressed.pdf\">Pasteur \/ Pasteure. Un profil professionnel<\/a><\/td>\n<\/tr>\n<tr>\n<td style=\"text-align: right\">16<\/td>\n<td style=\"text-align: right\">Oct 1993<\/td>\n<td><a href=\"https:\/\/wp.unil.ch\/lescahiersiltp\/files\/2019\/01\/CahiersIRP_n.16_1993.10-compressed.pdf\">Eccl\u00e9siologie et Architecture<\/a><\/td>\n<\/tr>\n<tr>\n<td style=\"text-align: right\">17<\/td>\n<td style=\"text-align: right\">D\u00e9c 1993<\/td>\n<td><a href=\"https:\/\/wp.unil.ch\/lescahiersiltp\/files\/2019\/01\/CahiersIRP_n.17_1993.12-compressed.pdf\">Les cultes pour fatigu\u00e9s et charg\u00e9s<\/a><\/td>\n<\/tr>\n<tr>\n<td style=\"text-align: right\">18<\/td>\n<td style=\"text-align: right\">Mars 1994<\/td>\n<td><a href=\"https:\/\/wp.unil.ch\/lescahiersiltp\/files\/2019\/01\/CahiersIRP_n.18_1994.03-compressed.pdf\">Mod\u00e8les Homil\u00e9tiques<\/a><\/td>\n<\/tr>\n<tr>\n<td style=\"text-align: right\">19<\/td>\n<td style=\"text-align: right\">Juin 1994<\/td>\n<td><a href=\"https:\/\/wp.unil.ch\/lescahiersiltp\/files\/2019\/01\/CahiersIRP_n.19_1994.06-compressed.pdf\">Tissu social et lien eccl\u00e9sial<\/a><\/td>\n<\/tr>\n<tr>\n<td style=\"text-align: right\">20<\/td>\n<td style=\"text-align: right\">Nov 1994<\/td>\n<td><a href=\"https:\/\/wp.unil.ch\/lescahiersiltp\/files\/2019\/01\/CahiersIRP_n.20_1994.11-compressed.pdf\">P\u00e9dagogie et didactique du cat\u00e9chisme &#8211; Colloque du 25 mai 1994<\/a><\/td>\n<\/tr>\n<tr>\n<td style=\"text-align: right\">21<\/td>\n<td style=\"text-align: right\">Mars 1995<\/td>\n<td><a href=\"https:\/\/wp.unil.ch\/lescahiersiltp\/files\/2019\/01\/CahiersIRP_n.21_1995.03-compressed.pdf\">Le R\u00eave &#8211; Colloque du 19 janvier 1995<\/a><\/td>\n<\/tr>\n<tr>\n<td style=\"text-align: right\">22<\/td>\n<td style=\"text-align: right\">Juin 1995<\/td>\n<td><a href=\"https:\/\/wp.unil.ch\/lescahiersiltp\/files\/2019\/01\/CahiersIRP_n.22_1995.06-compressed.pdf\">Musique et Liturgie<\/a><\/td>\n<\/tr>\n<tr>\n<td style=\"text-align: right\">23<\/td>\n<td style=\"text-align: right\">Nov 1995<\/td>\n<td><a href=\"https:\/\/wp.unil.ch\/lescahiersiltp\/files\/2019\/01\/CahiersIRP_n.23_1995.11-compressed.pdf\">\u00c9glise et imaginaire<\/a><\/td>\n<\/tr>\n<tr>\n<td style=\"text-align: right\">24<\/td>\n<td style=\"text-align: right\">Mars 1996<\/td>\n<td><a href=\"https:\/\/wp.unil.ch\/lescahiersiltp\/files\/2019\/01\/CahiersIRP_n.24_1996.03-compressed.pdf\">Perspectives am\u00e9ricaines en th\u00e9ologie pratique<\/a><\/td>\n<\/tr>\n<tr>\n<td style=\"text-align: right\">25<\/td>\n<td style=\"text-align: right\">Nov 1996<\/td>\n<td><a href=\"https:\/\/wp.unil.ch\/lescahiersiltp\/files\/2019\/01\/CahiersIRP_n.25_1996.11-compressed.pdf\">Homil\u00e9tique, internet et vie quotidienne<\/a><\/td>\n<\/tr>\n<tr>\n<td style=\"text-align: right\">26-27<\/td>\n<td style=\"text-align: right\">Avr 1997<\/td>\n<td><a href=\"https:\/\/wp.unil.ch\/lescahiersiltp\/files\/2019\/01\/CahiersIRP_n.26-27_1997.04-compressed.pdf\">Crise financi\u00e8re, gratuit\u00e9 des services et r\u00e9tribution des ministres<\/a><\/td>\n<\/tr>\n<tr>\n<td style=\"text-align: right\">28<\/td>\n<td style=\"text-align: right\">Juil 1997<\/td>\n<td><a href=\"https:\/\/wp.unil.ch\/lescahiersiltp\/files\/2019\/01\/CahiersIRP_n.28_1997.07-compressed.pdf\">L&rsquo;homil\u00e9tique d&rsquo;Alexandre Vinet et la n\u00f4tre<\/a><\/td>\n<\/tr>\n<tr>\n<td style=\"text-align: right\">29<\/td>\n<td style=\"text-align: right\">Sept 1997<\/td>\n<td><a href=\"https:\/\/wp.unil.ch\/lescahiersiltp\/files\/2019\/01\/CahiersIRP_n.29_1997.09-compressed.pdf\">La ritualit\u00e9. Dimension anthropologiques &#8211; Colloque de Paris, 10 et 11 mars 1997<\/a><\/td>\n<\/tr>\n<tr>\n<td style=\"text-align: right\">30<\/td>\n<td style=\"text-align: right\">Mars 1998<\/td>\n<td><a href=\"https:\/\/wp.unil.ch\/lescahiersiltp\/files\/2019\/01\/CahiersIRP_n.30_1998.03-compressed.pdf\">Outremer<\/a><\/td>\n<\/tr>\n<tr>\n<td style=\"text-align: right\">31<\/td>\n<td style=\"text-align: right\">Juin 1998<\/td>\n<td><a href=\"https:\/\/wp.unil.ch\/lescahiersiltp\/files\/2019\/01\/CahiersIRP_n.31_1998.06-compressed.pdf\">Histoire et pratique des services fun\u00e8bres<\/a><\/td>\n<\/tr>\n<tr>\n<td style=\"text-align: right\">32<\/td>\n<td style=\"text-align: right\">D\u00e9c 1998<\/td>\n<td><a href=\"https:\/\/wp.unil.ch\/lescahiersiltp\/files\/2019\/01\/CahiersIRP_n.32_1998.12-compressed.pdf\">Th\u00e9ologie pratique et th\u00e9ologie pastorale<\/a><\/td>\n<\/tr>\n<tr>\n<td style=\"text-align: right\">33<\/td>\n<td style=\"text-align: right\">Avr 1999<\/td>\n<td><a href=\"https:\/\/wp.unil.ch\/lescahiersiltp\/files\/2019\/01\/CahiersIRP_n.33_1999.04-compressed.pdf\">Identit\u00e9 th\u00e9ologique des pasteur(e)s ? Un d\u00e9bat<\/a><\/td>\n<\/tr>\n<tr>\n<td style=\"text-align: right\">34<\/td>\n<td style=\"text-align: right\">Juin 1999<\/td>\n<td><a href=\"https:\/\/wp.unil.ch\/lescahiersiltp\/files\/2019\/01\/CahiersIRP_n.34_1999.06-compressed.pdf\">Les cultes pour divorc\u00e9s<\/a><\/td>\n<\/tr>\n<tr>\n<td style=\"text-align: right\">35<\/td>\n<td style=\"text-align: right\">Nov 1999<\/td>\n<td><a href=\"https:\/\/wp.unil.ch\/lescahiersiltp\/files\/2019\/01\/CahiersIRP_n.35_1999.12-compressed.pdf\">Faut-il toujours baptiser les nourrissons ?<\/a><\/td>\n<\/tr>\n<tr>\n<td style=\"text-align: right\">36<\/td>\n<td style=\"text-align: right\">Avr 2000<\/td>\n<td><a href=\"https:\/\/wp.unil.ch\/lescahiersiltp\/files\/2019\/01\/CahiersIRP_n.36_2000.04-compressed.pdf\">Enseignement ET Religion<\/a><\/td>\n<\/tr>\n<tr>\n<td style=\"text-align: right\">37<\/td>\n<td style=\"text-align: right\">Oct 2000<\/td>\n<td><a href=\"https:\/\/wp.unil.ch\/lescahiersiltp\/files\/2019\/01\/CahiersIRP_n.37_2000.10-compressed.pdf\">Pasteurs allemands contre l&rsquo;antis\u00e9mitisme nazi : une r\u00e9sistance exemplaire<\/a><\/td>\n<\/tr>\n<tr>\n<td style=\"text-align: right\">38<\/td>\n<td style=\"text-align: right\">D\u00e9c 2000<\/td>\n<td><a href=\"https:\/\/wp.unil.ch\/lescahiersiltp\/files\/2019\/01\/CahiersIRP_n.38_2000.12-compressed.pdf\">Herm\u00e9neutique Sacrements<\/a><\/td>\n<\/tr>\n<tr>\n<td style=\"text-align: right\">39<\/td>\n<td style=\"text-align: right\">Avr 2001<\/td>\n<td><a href=\"https:\/\/wp.unil.ch\/lescahiersiltp\/files\/2019\/01\/CahiersIRP_n.39_2001.04-compressed.pdf\">Pentec\u00f4tismes<\/a><\/td>\n<\/tr>\n<tr>\n<td style=\"text-align: right\">40<\/td>\n<td style=\"text-align: right\">Juil 2001<\/td>\n<td><a href=\"https:\/\/wp.unil.ch\/lescahiersiltp\/files\/2019\/02\/CahiersIRP_n.40_2001.07-compressed.pdf\">Ministres \u00e0 consacrer ou \u00e0 reconna\u00eetre ?<\/a><\/td>\n<\/tr>\n<tr>\n<td style=\"text-align: right\">41<\/td>\n<td style=\"text-align: right\">D\u00e9c 2001<\/td>\n<td><a href=\"https:\/\/wp.unil.ch\/lescahiersiltp\/files\/2019\/01\/CahiersIRP_n.41_2001.12-compressed.pdf\">\u00c9ducation pastorale clinique<\/a><\/td>\n<\/tr>\n<tr>\n<td style=\"text-align: right\">42<\/td>\n<td style=\"text-align: right\">Avr 2002<\/td>\n<td><a href=\"https:\/\/wp.unil.ch\/lescahiersiltp\/files\/2019\/02\/CahiersIRP_n.42_2002.04-compressed.pdf\">Parler de Dieu<\/a><\/td>\n<\/tr>\n<tr>\n<td style=\"text-align: right\">43<\/td>\n<td style=\"text-align: right\">Mars 2002<\/td>\n<td><a href=\"https:\/\/wp.unil.ch\/lescahiersiltp\/files\/2019\/02\/CahiersIRP_n.43_2002.06-compressed.pdf\">Culte et sabbat<\/a><\/td>\n<\/tr>\n<tr>\n<td style=\"text-align: right\">44<\/td>\n<td style=\"text-align: right\">D\u00e9c 2002<\/td>\n<td><a href=\"https:\/\/wp.unil.ch\/lescahiersiltp\/files\/2019\/02\/CahiersIRP_n.44_2002.12-compressed.pdf\">Nouveaux (?) rites pour nouveaux (?) couples<\/a><\/td>\n<\/tr>\n<tr>\n<td style=\"text-align: right\">45<\/td>\n<td style=\"text-align: right\">Mars 2003<\/td>\n<td><a href=\"https:\/\/wp.unil.ch\/lescahiersiltp\/files\/2019\/02\/CahiersIRP_n.45_2003.03-compressed.pdf\">Le salut en J\u00e9sus-Christ : exclusif ou inclusif<\/a><\/td>\n<\/tr>\n<tr>\n<td style=\"text-align: right\">46<\/td>\n<td style=\"text-align: right\">Ao\u00fbt 2003<\/td>\n<td><a href=\"https:\/\/wp.unil.ch\/lescahiersiltp\/files\/2019\/02\/CahiersIRP_n.46_2003.08-compressed.pdf\">Se d\u00e9placer pour \u00eatre d\u00e9plac\u00e9E<\/a><\/td>\n<\/tr>\n<tr>\n<td style=\"text-align: right\">47<\/td>\n<td style=\"text-align: right\">D\u00e9c 2003<\/td>\n<td><a href=\"https:\/\/wp.unil.ch\/lescahiersiltp\/files\/2019\/02\/CahiersIRP_n.47_2003.12-compressed.pdf\">Hommage \u00e0 Klauspeter Blaser &#8211; Journ\u00e9e du 8 mars 2003<\/a><\/td>\n<\/tr>\n<tr>\n<td style=\"text-align: right\">48<\/td>\n<td style=\"text-align: right\">Mars 2004<\/td>\n<td><a href=\"https:\/\/wp.unil.ch\/lescahiersiltp\/files\/2019\/02\/CahiersIRP_n.48_2004.03-compressed.pdf\">La cure d&rsquo;\u00e2me face aux nouvelles approches d&rsquo;accompagnement<\/a><\/td>\n<\/tr>\n<tr>\n<td style=\"text-align: right\">49<\/td>\n<td style=\"text-align: right\">Ao\u00fbt 2004<\/td>\n<td><a href=\"https:\/\/wp.unil.ch\/lescahiersiltp\/files\/2019\/02\/CahiersIRP_n.49_2004.08-compressed.pdf\">Vivre la proximit\u00e9<\/a><\/td>\n<\/tr>\n<tr>\n<td style=\"text-align: right\">50<\/td>\n<td style=\"text-align: right\">Juil 2005<\/td>\n<td><a href=\"https:\/\/wp.unil.ch\/lescahiersiltp\/files\/2019\/02\/CahiersIRP_n.50_2005.07-compressed.pdf\">Des changements du c\u00f4t\u00e9 de la th\u00e9ologie pratique\u2026<\/a><\/td>\n<\/tr>\n<\/tbody>\n<\/table>\n<p>&nbsp;<\/p>\n<h1>Hors-s\u00e9rie<\/h1>\n<table width=\"676\">\n<tbody>\n<tr>\n<td>01<\/td>\n<td>Juil 2005<\/td>\n<td><a href=\"https:\/\/wp.unil.ch\/lescahiersiltp\/files\/2019\/01\/CahiersIRP_n.HS01_1994.05-compressed.pdf\">Vie affective et entraide spirituelle dans la famille Vinet<\/a><br \/>\n<em>Au fil des lettres de Sophie, \u00c9lise, Marc et Alexandre<\/em><\/td>\n<\/tr>\n<\/tbody>\n<\/table>\n<h1><\/h1>\n<h1>Suppl\u00e9ments aux Cahiers de l&rsquo;IRP<\/h1>\n<table width=\"676\">\n<tbody>\n<tr>\n<td>01<\/td>\n<td>F\u00e9vrier 1997<\/td>\n<td><a href=\"https:\/\/wp.unil.ch\/lescahiersiltp\/files\/2019\/02\/SuppCahiersIRP_n.01_1997.92-compressed.pdf\"><strong>Comment enseigner l&rsquo;homil\u00e9tique ?<\/strong><\/a><br \/>\n<em>Textes et documents du Colloque de Lyon-Francheville<\/em><br \/>\n<em>sur les m\u00e9thodes d&rsquo;enseignement en homil\u00e9tique<\/em><\/td>\n<\/tr>\n<tr>\n<td>02<\/td>\n<td>Janvier 2001<\/td>\n<td><a href=\"https:\/\/wp.unil.ch\/lescahiersiltp\/files\/2019\/02\/SuppCahiersIRP_n.02_2001.01compressed.pdf\"><strong>Le culte protestant<\/strong><\/a><br \/>\n<em>Actes des \u00c9tats g\u00e9n\u00e9raux du culte protestant :<\/em><br \/>\n<em>\u00ab\u00a0Le culte, y croyons-nous encore ?\u00a0\u00bb<\/em><\/td>\n<\/tr>\n<tr>\n<td>03<\/td>\n<td>Juin 2002<\/td>\n<td><a href=\"https:\/\/wp.unil.ch\/lescahiersiltp\/files\/2019\/02\/SuppCahiersIRP_n.03_2002.06-compressed.pdf\"><strong>Les \u00c9glises au risque de la visibilit\u00e9<\/strong><\/a><\/td>\n<\/tr>\n<\/tbody>\n<\/table>\n<p>&nbsp;<\/p>\n","protected":false},"excerpt":{"rendered":"<p>L&rsquo;Institut L\u00e9manique de Th\u00e9ologie Pratique met \u00e0 votre disposition les archives num\u00e9ris\u00e9es des Cahiers de l&rsquo;IRP (Institut Romand de Pastorale) en libre acc\u00e8s. Les 50 num\u00e9ros sont disponibles, ainsi que les 3 suppl\u00e9ments et 1 num\u00e9ro hors s\u00e9rie. Cliquez sur<\/p>\n","protected":false},"author":1001630,"featured_media":0,"parent":174,"menu_order":0,"comment_status":"closed","ping_status":"closed","template":"","meta":{"_seopress_robots_primary_cat":"","_seopress_titles_title":"","_seopress_titles_desc":"","_seopress_robots_index":"","_seopress_analysis_target_kw":"","footnotes":""},"class_list":["post-559","page","type-page","status-publish"],"_links":{"self":[{"href":"https:\/\/wp.unil.ch\/lescahiersiltp\/wp-json\/wp\/v2\/pages\/559","targetHints":{"allow":["GET"]}}],"collection":[{"href":"https:\/\/wp.unil.ch\/lescahiersiltp\/wp-json\/wp\/v2\/pages"}],"about":[{"href":"https:\/\/wp.unil.ch\/lescahiersiltp\/wp-json\/wp\/v2\/types\/page"}],"author":[{"embeddable":true,"href":"https:\/\/wp.unil.ch\/lescahiersiltp\/wp-json\/wp\/v2\/users\/1001630"}],"replies":[{"embeddable":true,"href":"https:\/\/wp.unil.ch\/lescahiersiltp\/wp-json\/wp\/v2\/comments?post=559"}],"version-history":[{"count":0,"href":"https:\/\/wp.unil.ch\/lescahiersiltp\/wp-json\/wp\/v2\/pages\/559\/revisions"}],"up":[{"embeddable":true,"href":"https:\/\/wp.unil.ch\/lescahiersiltp\/wp-json\/wp\/v2\/pages\/174"}],"wp:attachment":[{"href":"https:\/\/wp.unil.ch\/lescahiersiltp\/wp-json\/wp\/v2\/media?parent=559"}],"curies":[{"name":"wp","href":"https:\/\/api.w.org\/{rel}","templated":true}]}}