{"id":351,"date":"2017-05-19T11:11:01","date_gmt":"2017-05-19T09:11:01","guid":{"rendered":"http:\/\/wp.unil.ch\/lescahiersiltp\/?page_id=351"},"modified":"2018-09-11T10:38:52","modified_gmt":"2018-09-11T08:38:52","slug":"memoires-de-master-a-liltp","status":"publish","type":"page","link":"https:\/\/wp.unil.ch\/lescahiersiltp\/varia\/memoires-de-master-a-liltp\/","title":{"rendered":"M\u00e9moires de Master \u00e0 l&rsquo;ILTP"},"content":{"rendered":"<p>Vous trouverez ci-apr\u00e8s les m\u00e9moires de Master\u00a0r\u00e9dig\u00e9s et soutenus dans le cadre de l&rsquo;Institut L\u00e9manique de Th\u00e9ologie Pratique:<\/p>\n<ul>\n<li><a href=\"https:\/\/wp.unil.ch\/lescahiersiltp\/files\/2018\/09\/M\u00e9moire_Matthieu-TCHYOMBO.pdf\">M\u00e9moire de Matthieu Tchyombo Wa Yowa Kazadi &#8211; \u00ab\u00a0\u00c9vang\u00e9lisation dans le canton de Vaud.<\/a><br \/>\n<a href=\"https:\/\/wp.unil.ch\/lescahiersiltp\/files\/2018\/09\/M\u00e9moire_Matthieu-TCHYOMBO.pdf\">Enqu\u00eate sur les m\u00e9thodes disponibles et proposition \u00e0 l\u2019\u00c9glise \u00c9vang\u00e9lique Reform\u00e9e du Canton de Vaud\u00a0\u00bb &#8211; 2018 (Directeur du m\u00e9moire: Olivier Bauer)<\/a><\/li>\n<li><a href=\"https:\/\/wp.unil.ch\/lescahiersiltp\/files\/2018\/05\/Memoire_JeremyHyunwoung-CHA.pdf\">M\u00e9moire de Jeremy Hyunwung Cha &#8211; \u00ab\u00a0The Phenomenon of Diversity in the Forms and Types of Protestant Worship: Continuity, Reasons and Positions\u00a0\u00bb &#8211; 2018 (Directeur du m\u00e9moire: Olivier Bauer)<\/a><\/li>\n<li><a href=\"https:\/\/wp.unil.ch\/lescahiersiltp\/files\/2017\/05\/Memoire_Sylvain-STAUFFER.pdf\">M\u00e9moire de Sylvain Stauffer &#8211; \u00ab\u00a0Un chemin de Vie. Le monachisme int\u00e9rioris\u00e9\u00a0\u00bb &#8211; 2017 (Directeur du m\u00e9moire: Olivier Bauer)<\/a><\/li>\n<li><a href=\"https:\/\/wp.unil.ch\/lescahiersiltp\/files\/2017\/05\/M\u00e9moire_Clara-VIENNA.pdf\">M\u00e9moire de Clara Vienna &#8211; \u00ab\u00a0Quand l\u2019\u00c9glise est au milieu&#8230; d\u2019un virage. R\u00e9flexions \u00e0 partir de mani\u00e8res novatrices d\u2019\u00eatre \u00c9glise aujourd\u2019hui\u00a0\u00bb &#8211; 2016 (Directeur du m\u00e9moire: F\u00e9lix Moser)<\/a><\/li>\n<\/ul>\n","protected":false},"excerpt":{"rendered":"<p>Vous trouverez ci-apr\u00e8s les m\u00e9moires de Master\u00a0r\u00e9dig\u00e9s et soutenus dans le cadre de l&rsquo;Institut L\u00e9manique de Th\u00e9ologie Pratique: M\u00e9moire de Matthieu Tchyombo Wa Yowa Kazadi &#8211; \u00ab\u00a0\u00c9vang\u00e9lisation dans le canton de Vaud. Enqu\u00eate sur les m\u00e9thodes disponibles et proposition \u00e0<\/p>\n","protected":false},"author":1001327,"featured_media":0,"parent":174,"menu_order":0,"comment_status":"closed","ping_status":"closed","template":"","meta":{"_seopress_robots_primary_cat":"","_seopress_titles_title":"","_seopress_titles_desc":"","_seopress_robots_index":"","footnotes":""},"class_list":["post-351","page","type-page","status-publish"],"_links":{"self":[{"href":"https:\/\/wp.unil.ch\/lescahiersiltp\/wp-json\/wp\/v2\/pages\/351","targetHints":{"allow":["GET"]}}],"collection":[{"href":"https:\/\/wp.unil.ch\/lescahiersiltp\/wp-json\/wp\/v2\/pages"}],"about":[{"href":"https:\/\/wp.unil.ch\/lescahiersiltp\/wp-json\/wp\/v2\/types\/page"}],"author":[{"embeddable":true,"href":"https:\/\/wp.unil.ch\/lescahiersiltp\/wp-json\/wp\/v2\/users\/1001327"}],"replies":[{"embeddable":true,"href":"https:\/\/wp.unil.ch\/lescahiersiltp\/wp-json\/wp\/v2\/comments?post=351"}],"version-history":[{"count":0,"href":"https:\/\/wp.unil.ch\/lescahiersiltp\/wp-json\/wp\/v2\/pages\/351\/revisions"}],"up":[{"embeddable":true,"href":"https:\/\/wp.unil.ch\/lescahiersiltp\/wp-json\/wp\/v2\/pages\/174"}],"wp:attachment":[{"href":"https:\/\/wp.unil.ch\/lescahiersiltp\/wp-json\/wp\/v2\/media?parent=351"}],"curies":[{"name":"wp","href":"https:\/\/api.w.org\/{rel}","templated":true}]}}