{"id":2,"date":"2016-05-13T15:42:36","date_gmt":"2016-05-13T13:42:36","guid":{"rendered":"http:\/\/wp.unil.ch\/lescahiersiltp\/?page_id=2"},"modified":"2020-01-18T07:32:23","modified_gmt":"2020-01-18T06:32:23","slug":"page-d-exemple","status":"publish","type":"page","link":"https:\/\/wp.unil.ch\/lescahiersiltp\/","title":{"rendered":""},"content":{"rendered":"<h3><span style=\"color: #339966\">La\u00a0Revue en\u00a0bref&#8230;<\/span><\/h3>\n<p>Les \u00abCahiers de l\u2019ILTP\u00bb diffusent et promeuvent la recherche dans tous les domaines de la th\u00e9ologie pratique, surtout protestante; ils sont disponibles gratuitement et en libre acc\u00e8s; ils publient des articles individuels, des actes de colloque et des m\u00e9moires en th\u00e9ologie pratique.<\/p>\n<p>Les auteur\u00b7es sont des chercheur\u00b7es universitaires ou des acteurs et des actrices de terrain\u00a0; les articles peuvent \u00eatre illustr\u00e9s par des images, des enregistrements sonores ou audio-visuels\u00a0; s\u00e9lectionn\u00e9s ou \u00e9valu\u00e9s par le comit\u00e9 scientifique, ils sont doublement class\u00e9s, en fonction de leur th\u00e8me (\u00abAccompagner\u00bb, \u00ab\u00c9duquer\/former\u00bb, \u00ab\u00c9vang\u00e9liser\/d\u00e9velopper\u00bb, \u00abPr\u00eacher\/c\u00e9l\u00e9brer\u00bb, \u00abServir\/g\u00e9rer\u00bb, \u00abVaria\u00bb) et de leur cat\u00e9gorie (\u00abJeunes chercheur\u00b7es\u00bb, \u00ab\u00c9chos du terrain\u00bb, \u00abPerspectives pastorales\u00bb, \u00abR\u00e9flexions th\u00e9ologiques\u00bb); chaque article est disponible d\u00e8s qu\u2019il a \u00e9t\u00e9 \u00e9valu\u00e9.<\/p>\n<p>Les \u00abCahiers de l\u2019ILTP\u00bb sont la revue de l\u2019Institut l\u00e9manique de th\u00e9ologie pratique, un institut commun \u00e0 la Facult\u00e9 de th\u00e9ologie protestante de l\u2019Universit\u00e9 de Gen\u00e8ve et \u00e0 la Facult\u00e9 de th\u00e9ologie et de sciences des religions de l\u2019Universit\u00e9 de Lausanne (Suisse).<\/p>\n<p>Pour consulter les articles, visiter le site: <a href=\"https:\/\/wp.unil.ch\/lescahiersiltp\/\">https:\/\/wp.unil.ch\/lescahiersiltp\/<\/a><\/p>\n<p>Pour soumettre un article, l\u2019envoyer \u00e0: <a href=\"mailto:cahiersILTP@unil.ch\">cahiersILTP@unil.ch<\/a><\/p>\n<p>\u00a9 Institut L\u00e9manique de Th\u00e9ologie Pratique, 2017<\/p>\n<p>Licence Creative Commons: Attribution \u2013 Pas d\u2019utilisation commerciale<\/p>\n<h3><span style=\"color: #339966\">Directeur de publication<\/span><\/h3>\n<ul>\n<li><span style=\"color: #333333\"><strong>Olivier Bauer<\/strong><\/span>; professeur ordinaire \u00e0 la Facult\u00e9 de th\u00e9ologie et de sciences des religions de l\u2019Universit\u00e9 de Lausanne.<\/li>\n<\/ul>\n<h3><span style=\"color: #339966\">Secr\u00e9taire de r\u00e9daction<\/span><\/h3>\n<ul>\n<li><span style=\"color: #333333\"><strong>Kilu Alienor Dadi<br \/>\n<\/strong><\/span><\/li>\n<\/ul>\n<h3><span style=\"color: #339966\">Le comit\u00e9 scientifique<\/span><\/h3>\n<ul>\n<li><span style=\"color: #333333\"><strong>Fran\u00e7ois-Xavier Amherdt<\/strong><\/span>; professeur associ\u00e9 \u00e0 l&rsquo;Universit\u00e9 de Fribourg, Chaire de Th\u00e9ologie Pastorale, p\u00e9dagogie religieuse et homil\u00e9tique.<\/li>\n<li><span style=\"color: #333333\"><strong>Timoth\u00e9e Bouba Mbima<\/strong><\/span>; professeur \u00e0 la Facult\u00e9 de Th\u00e9ologie Protestante de Yaound\u00e9.<\/li>\n<li><span style=\"color: #333333\"><strong>Nicolas Cochand<\/strong><\/span>; professeur \u00e0 l\u2019Institut Protestant de Th\u00e9ologie, Facult\u00e9 de Paris.<\/li>\n<li><span style=\"color: #333333\"><strong>Laurence Flachon<\/strong><\/span>; charg\u00e9e d\u2019enseignement \u00e0 la Facult\u00e9 Universitaire de Th\u00e9ologie Protestante \u00e0 Bruxelles.<\/li>\n<li><span style=\"color: #333333\"><strong>\u00c9lisabeth Gangloff-Parmentier<\/strong>;<\/span> professeure \u00e0 la Facult\u00e9 autonome de th\u00e9ologie protestante, Universit\u00e9 de Gen\u00e8ve\u00a0; directrice de l\u2019Institut l\u00e9manique de th\u00e9ologie pratique.<\/li>\n<li><span style=\"color: #333333\"><strong>Didier Halter<\/strong><\/span>; directeur de l\u2019Office Protestant de Formation, Conf\u00e9rence des \u00c9glises romandes.<\/li>\n<li><span style=\"color: #333333\"><strong>Angelika Pich\u00e9<\/strong><\/span>; directrice du d\u00e9veloppement et formation des minist\u00e8res en fran\u00e7ais, S\u00e9minaire Uni \u00e0 Montr\u00e9al.<\/li>\n<li><span style=\"color: #333333\"><strong>Lauriane Savoy<\/strong><\/span>; assistante dipl\u00f4m\u00e9e \u00e0 la Facult\u00e9 autonome de th\u00e9ologie protestante, Universit\u00e9 de Gen\u00e8ve.<\/li>\n<li><span style=\"color: #333333\"><strong>Mathieu Tchyombo<\/strong><\/span>; assistant dipl\u00f4m\u00e9 \u00e0 la Facult\u00e9 de th\u00e9ologie et de sciences des religions, Universit\u00e9 de Lausanne.<\/li>\n<\/ul>\n<p>Le Comit\u00e9 scientifique est form\u00e9 par des th\u00e9ologien\u00b7nes pratiques venant de la Francophonie. Ses membres ont pour mission:<\/p>\n<ul>\n<li>d\u2019\u00e9valuer, \u00e0 tour de r\u00f4le et en fonction de leurs comp\u00e9tences, les articles scientifiques.<\/li>\n<li>de participer \u00e0 l\u2019am\u00e9lioration des Cahiers\u00a0en faisant des suggestions sur la forme (rubriques, graphisme, etc.) et sur le contenu (orientation\u00a0g\u00e9n\u00e9rale, s\u00e9lection des articles, etc.).<\/li>\n<li>d\u2019encourager les praticiennes de leur entourage\u00a0acad\u00e9mique et eccl\u00e9sial \u00e0 soumettre des articles pour publication dans les Cahiers de l\u2019ILTP.<\/li>\n<li>de promouvoir les Cahiers de l\u2019ILTP dans leur entourage\u00a0eccl\u00e9sial et acad\u00e9mique.<\/li>\n<\/ul>\n<h3><span style=\"color: #339966\"> Contact<\/span><\/h3>\n<p>Les Cahiers de l&rsquo;ILTP<br \/>\nUniL &#8211; FTSR<br \/>\nBureau Anthropole\u00a05059 &#8211;\u00a0Dorigny<br \/>\n1015 Lausanne<br \/>\n021\/692.61.52<br \/>\n<a href=\"mailto:cahiersiltp@unil.ch\">cahiersILTP@unil.ch<\/a><\/p>\n","protected":false},"excerpt":{"rendered":"<p>La\u00a0Revue en\u00a0bref&#8230; Les \u00abCahiers de l\u2019ILTP\u00bb diffusent et promeuvent la recherche dans tous les domaines de la th\u00e9ologie pratique, surtout protestante; ils sont disponibles gratuitement et en libre acc\u00e8s; ils publient des articles individuels, des actes de colloque et des<\/p>\n","protected":false},"author":1001327,"featured_media":0,"parent":0,"menu_order":0,"comment_status":"closed","ping_status":"open","template":"","meta":{"_seopress_robots_primary_cat":"","_seopress_titles_title":"","_seopress_titles_desc":"","_seopress_robots_index":"","footnotes":""},"class_list":["post-2","page","type-page","status-publish"],"_links":{"self":[{"href":"https:\/\/wp.unil.ch\/lescahiersiltp\/wp-json\/wp\/v2\/pages\/2","targetHints":{"allow":["GET"]}}],"collection":[{"href":"https:\/\/wp.unil.ch\/lescahiersiltp\/wp-json\/wp\/v2\/pages"}],"about":[{"href":"https:\/\/wp.unil.ch\/lescahiersiltp\/wp-json\/wp\/v2\/types\/page"}],"author":[{"embeddable":true,"href":"https:\/\/wp.unil.ch\/lescahiersiltp\/wp-json\/wp\/v2\/users\/1001327"}],"replies":[{"embeddable":true,"href":"https:\/\/wp.unil.ch\/lescahiersiltp\/wp-json\/wp\/v2\/comments?post=2"}],"version-history":[{"count":0,"href":"https:\/\/wp.unil.ch\/lescahiersiltp\/wp-json\/wp\/v2\/pages\/2\/revisions"}],"wp:attachment":[{"href":"https:\/\/wp.unil.ch\/lescahiersiltp\/wp-json\/wp\/v2\/media?parent=2"}],"curies":[{"name":"wp","href":"https:\/\/api.w.org\/{rel}","templated":true}]}}