{"id":174,"date":"2017-02-27T16:24:41","date_gmt":"2017-02-27T15:24:41","guid":{"rendered":"http:\/\/wp.unil.ch\/lescahiersiltp\/?page_id=174"},"modified":"2017-09-20T10:44:38","modified_gmt":"2017-09-20T08:44:38","slug":"varia","status":"publish","type":"page","link":"https:\/\/wp.unil.ch\/lescahiersiltp\/varia\/","title":{"rendered":"Varia"},"content":{"rendered":"<p>Les Cahiers de l\u2019ILTP ne pr\u00e9tendent pas enfermer toute la th\u00e9ologie pratique dans des rubriques pr\u00e9d\u00e9finies. La rubrique \u00ab\u00a0Varia\u00a0\u00bb regroupe les contributions inclassables. Elle propose aussi les m\u00e9moires en th\u00e9ologie pratique r\u00e9dig\u00e9s par les \u00e9tudiant\u00b7e\u00b7s de la Facult\u00e9 de th\u00e9ologie de l\u2019Universit\u00e9 de Gen\u00e8ve et de la Facult\u00e9 de th\u00e9ologie et de sciences des religions de l\u2019Universit\u00e9 de Lausanne.<\/p>\n<h3>Articles de cette rubrique :<\/h3>\n<h4><em>Sur le th\u00e8me de la b\u00e9n\u00e9diction<\/em><\/h4>\n<ul>\n<li><a href=\"https:\/\/wp.unil.ch\/lescahiersiltp\/2017\/03\/la-benediction-un-nouveau-langage-pour-dire-la-grace-2\/\" target=\"_blank\" rel=\"noopener\">\u00c9lisabeth Parmentier: La b\u00e9n\u00e9diction, un nouveau langage pour dire la gr\u00e2ce?<\/a><\/li>\n<li><a href=\"https:\/\/wp.unil.ch\/lescahiersiltp\/2017\/03\/quels-gestes-de-benediction-pour-quelles-significations\/\" target=\"_blank\" rel=\"noopener\">Christophe Collaud: Quels gestes de b\u00e9n\u00e9diction pour quelles significations? Une plong\u00e9e dans un univers symbolique en vue d\u2019un retour!<\/a><\/li>\n<li><a href=\"https:\/\/wp.unil.ch\/lescahiersiltp\/2017\/03\/une-benediction-hand-to-eye\/\" target=\"_blank\" rel=\"noopener\">Katharina V\u00f6llmer Mateus: Une b\u00e9n\u00e9diction \u00abHand to Eye\u00bb<\/a><\/li>\n<\/ul>\n<h4><em>M\u00e9moires de ma\u00eetrise<br \/>\n<\/em><\/h4>\n<ul>\n<li><a href=\"https:\/\/wp.unil.ch\/lescahiersiltp\/2017\/09\/memoire-de-s-stauffer-un-chemin-de-vie-le-monachisme-interiorise-2017\/\" target=\"_blank\" rel=\"noopener\">M\u00e9moire Sylvain Stauffer &#8211; Directeur du m\u00e9moire: Olivier Bauer &#8211; \u00ab\u00a0Un chemin de Vie. Le monachisme int\u00e9rioris\u00e9\u00a0\u00bb. 2017<\/a><\/li>\n<li><a href=\"https:\/\/wp.unil.ch\/lescahiersiltp\/2017\/05\/memoire-clara-vienna-quand-leglise-est-au-milieu-dun-virage-reflexions-a-partir-de-manieres-novatrices-detre-eglise-aujourdhui-2017\/\" target=\"_blank\" rel=\"noopener\">M\u00e9moire de Clara Vienna \u2013 Directeur du\u00a0m\u00e9moire: F\u00e9lix Moser \u2013\u00a0<em>\u00abQuand l\u2019Eglise est au milieu\u2026 d\u2019un virage. R\u00e9flexions \u00e0 partir de mani\u00e8res novatrices d\u2019\u00eatre Eglise aujourd\u2019hui\u00bb. 2016<\/em><\/a><\/li>\n<\/ul>\n<p><a href=\"https:\/\/cahiersiltp@unil.ch\">Envoyez-nous vos articles dans cette rubrique et vos m\u00e9moires de Master !<\/a><\/p>\n<p>&nbsp;<\/p>\n","protected":false},"excerpt":{"rendered":"<p>Les Cahiers de l\u2019ILTP ne pr\u00e9tendent pas enfermer toute la th\u00e9ologie pratique dans des rubriques pr\u00e9d\u00e9finies. La rubrique \u00ab\u00a0Varia\u00a0\u00bb regroupe les contributions inclassables. Elle propose aussi les m\u00e9moires en th\u00e9ologie pratique r\u00e9dig\u00e9s par les \u00e9tudiant\u00b7e\u00b7s de la Facult\u00e9 de th\u00e9ologie<\/p>\n","protected":false},"author":1001327,"featured_media":0,"parent":0,"menu_order":0,"comment_status":"closed","ping_status":"closed","template":"","meta":{"_seopress_robots_primary_cat":"","_seopress_titles_title":"","_seopress_titles_desc":"","_seopress_robots_index":"","footnotes":""},"class_list":["post-174","page","type-page","status-publish"],"_links":{"self":[{"href":"https:\/\/wp.unil.ch\/lescahiersiltp\/wp-json\/wp\/v2\/pages\/174","targetHints":{"allow":["GET"]}}],"collection":[{"href":"https:\/\/wp.unil.ch\/lescahiersiltp\/wp-json\/wp\/v2\/pages"}],"about":[{"href":"https:\/\/wp.unil.ch\/lescahiersiltp\/wp-json\/wp\/v2\/types\/page"}],"author":[{"embeddable":true,"href":"https:\/\/wp.unil.ch\/lescahiersiltp\/wp-json\/wp\/v2\/users\/1001327"}],"replies":[{"embeddable":true,"href":"https:\/\/wp.unil.ch\/lescahiersiltp\/wp-json\/wp\/v2\/comments?post=174"}],"version-history":[{"count":0,"href":"https:\/\/wp.unil.ch\/lescahiersiltp\/wp-json\/wp\/v2\/pages\/174\/revisions"}],"wp:attachment":[{"href":"https:\/\/wp.unil.ch\/lescahiersiltp\/wp-json\/wp\/v2\/media?parent=174"}],"curies":[{"name":"wp","href":"https:\/\/api.w.org\/{rel}","templated":true}]}}