{"id":660,"date":"2022-01-08T21:24:47","date_gmt":"2022-01-08T20:24:47","guid":{"rendered":"https:\/\/wp.unil.ch\/lemanicneuroscience\/?page_id=660"},"modified":"2024-10-11T15:25:41","modified_gmt":"2024-10-11T13:25:41","slug":"laureats-laureates","status":"publish","type":"page","link":"https:\/\/wp.unil.ch\/lemanicneuroscience\/laureats-laureates\/","title":{"rendered":"Laur\u00e9ats \/ Laureates"},"content":{"rendered":"\n<h5 class=\"wp-block-heading has-text-align-center has-pale-cyan-blue-background-color has-background\" style=\"font-size:16px;text-transform:uppercase\">Laur\u00e9ats du Fonds Jean Falk-Vairant \/ <br>Laureates of the fonds Jean Falk-Vairant <br><br>Stages de recherche internationales \/ Conf\u00e9rences (last 5 years)<\/h5>\n\n\n\n<figure class=\"wp-block-table is-style-stripes\"><table><tbody><tr><td>2024<\/td><td>Olga Dmitrichenko (Universit\u00e9 de Munich, Allemagne): Stage de recherche @ CHUV Lausanne<\/td><\/tr><tr><td>2023<\/td><td>A\u00efda Fall (UNIGE): Subside pour un stage de recherche \u00e0 L\u2019Universit\u00e9 de McGill \u00e0 Montr\u00e9al, Canada.<\/td><\/tr><tr><td>2023<\/td><td>Ilaria Ricchi (EPFL): Subside pour un stage de recherche \u00e0 la Harvard Medical School, Boston, USA.<\/td><\/tr><tr><td>2022<\/td><td>Marit Knoop (UNIGE): Soutien pour la FENS-Hertie Winter School \u00ab&nbsp;Neuroimmune interactions in health and disease&nbsp;\u00bb \u00e0 Obergurgl, Autriche<\/td><\/tr><tr><td>2022<\/td><td>Tanika Bawa (UNIGE)&nbsp;: Soutien pour la conf\u00e9rence &#8220;Society for Neuroscience International Meeting&#8221; \u00e0 San Diego (USA)<\/td><\/tr><tr><td>2022<\/td><td>Alessandro Tancredi (UNIL)&nbsp;: Soutien pour la conf\u00e9rence \u00ab&nbsp;lnnovative Cancer Science: Translating Biology to Medicine\u201d \u00e0 Seville, Espagne<\/td><\/tr><tr><td>2021<\/td><td>Marie-Laure Possovre (UNIGE)&nbsp;: Soutien pour la conf\u00e9rence &#8220;World Sleep Day&#8221; \u00e0 Rome (Italie)<\/td><\/tr><tr><td>2021<\/td><td>Tatjana Schmidt (Universit\u00e9 de Marburg, Allemagne): Stage de recherche @ CHUV Lausanne<\/td><\/tr><tr><td>2019<\/td><td>Kilian Roth (UNIGE): Stage de recherche en neuroscience clinique \u00e0 l\u2019universit\u00e9 de Yale (USA)<\/td><\/tr><tr><td>2019<\/td><td>Rapha\u00ebl Guex (UNIGE): Soutien pour la conf\u00e9rence &#8220;Human Brain Mapping&#8221; \u00e0 Rome (Italie)<\/td><\/tr><tr><td>2018<\/td><td>Marc Yanguez- Escalera (UNIGE): Stage @ Northeastern University (USA)<\/td><\/tr><tr><td>2018<\/td><td>Gil Vantomme (UNIL): Stage @ Montreal Neurological Institute and Hospital (Canada)<\/td><\/tr><tr><td>2017<\/td><td>Camille Ricou (Universit\u00e9 d&#8217;Angers, France): Stage @ HUG Gen\u00e8ve (P. Vuilleumier &amp; A. Saj)<\/td><\/tr><tr><td>2017<\/td><td>Carlos Ben\u00edtez-Barrera (Vanderbilt University, Nashville, USA): Stage @ CHUV Lausanne<\/td><\/tr><tr><td>2017<\/td><td>Adrienne Roman (Vanderbilt University, Nashville, USA): Stage @ CHUV Lausanne<\/td><\/tr><tr><td>2017<\/td><td>Sandra Martin Brevet (CHUV, Lausanne): Stage @ CHU Sainte-Justine, Montr\u00e9al (Canada)<\/td><\/tr><tr><td>2016<\/td><td>Sanne Rutten (Unige): Stage @ Universit\u00e9 de Maastricht (NL)<\/td><\/tr><\/tbody><\/table><\/figure>\n\n\n\n<figure class=\"wp-block-image size-full\"><img alt=\"\" loading=\"lazy\" decoding=\"async\" width=\"717\" height=\"238\" src=\"https:\/\/wp.unil.ch\/lemanicneuroscience\/files\/2022\/10\/Jean-Falk_Vairant.png\" alt=\"\" class=\"wp-image-1659\" srcset=\"https:\/\/wp.unil.ch\/lemanicneuroscience\/files\/2022\/10\/Jean-Falk_Vairant.png 717w, https:\/\/wp.unil.ch\/lemanicneuroscience\/files\/2022\/10\/Jean-Falk_Vairant-300x100.png 300w\" sizes=\"auto, (max-width: 717px) 100vw, 717px\" \/><\/figure>\n\n\n\n<hr class=\"wp-block-separator has-css-opacity\" \/>\n\n\n\n<h5 class=\"wp-block-heading has-text-align-center has-pale-cyan-blue-background-color has-background\" style=\"font-size:16px;text-transform:uppercase\">Prix Jean Falk-Vairant pour la meilleure pr\u00e9sentation \u00e0 la r\u00e9union annuelle du Reseau NeuroL\u00e9man et ses programmes doctorales <br><br>Prize Jean Falk-Vairant for the best presentation in the Annual Meeting of the NeuroLeman Network and Doctoral Schools (last 5 years)<\/h5>\n\n\n\n<figure class=\"wp-block-table is-style-stripes\"><table><tbody><tr><td>2024<\/td><td>Marit Knoop, Mi Xue Tan and Anas Masood (UNIGE)<\/td><\/tr><tr><td>2023<\/td><td>Asfa Sabrin Borbora (UNIL) &amp; Maelle Guyoton (UNIGE)<\/td><\/tr><tr><td>2022<\/td><td>Zeynep Celen (UNIGE) &amp; Anastasiia Oryshchuk (EPFL)<\/td><\/tr><tr><td>2021<\/td><td>Karin Bortolin (UNIGE) &amp; Ali Nourizonoz (UNIGE)<\/td><\/tr><tr><td>2020<\/td><td>Covid-19 won everywhere<\/td><\/tr><tr><td>2019<\/td><td>Tamara Zehnder (UNIL) &amp; Janir R. da Cruz (EPFL)<\/td><\/tr><tr><td>2018<\/td><td>Sophie Mutel (UNIGE) &amp;Tiffany Corbet (EPFL).<\/td><\/tr><tr><td>2017<\/td><td>Raphael Th\u00e9z\u00e9 (UNIGE) &amp; Florian Udry (UNIL)<\/td><\/tr><tr><td>2016<\/td><td>Claudia Bonardi (UNIGE) &amp; Gretel Sanabria Diaz (UNIL)<\/td><\/tr><tr><td>2015<\/td><td>Simon Badoud (UNIFR &amp; UNIGE) &amp; Sebastiano Bariselli (UNIL)<\/td><\/tr><\/tbody><\/table><\/figure>\n\n\n\n<figure class=\"wp-block-gallery has-nested-images columns-3 is-cropped wp-block-gallery-1 is-layout-flex wp-block-gallery-is-layout-flex\">\n<figure class=\"wp-block-image size-large\"><img alt=\"\" loading=\"lazy\" decoding=\"async\" width=\"719\" height=\"1024\" data-id=\"3050\" src=\"https:\/\/wp.unil.ch\/lemanicneuroscience\/files\/2024\/10\/JFV2024-Marit-Knoop-719x1024.jpg\" alt=\"\" class=\"wp-image-3050\" srcset=\"https:\/\/wp.unil.ch\/lemanicneuroscience\/files\/2024\/10\/JFV2024-Marit-Knoop-719x1024.jpg 719w, https:\/\/wp.unil.ch\/lemanicneuroscience\/files\/2024\/10\/JFV2024-Marit-Knoop-211x300.jpg 211w, https:\/\/wp.unil.ch\/lemanicneuroscience\/files\/2024\/10\/JFV2024-Marit-Knoop-768x1093.jpg 768w, https:\/\/wp.unil.ch\/lemanicneuroscience\/files\/2024\/10\/JFV2024-Marit-Knoop.jpg 843w\" sizes=\"auto, (max-width: 719px) 100vw, 719px\" \/><\/figure>\n\n\n\n<figure class=\"wp-block-image size-large\"><img alt=\"\" loading=\"lazy\" decoding=\"async\" width=\"577\" height=\"1024\" data-id=\"3052\" src=\"https:\/\/wp.unil.ch\/lemanicneuroscience\/files\/2024\/10\/MiXue-577x1024.jpg\" alt=\"\" class=\"wp-image-3052\" srcset=\"https:\/\/wp.unil.ch\/lemanicneuroscience\/files\/2024\/10\/MiXue-577x1024.jpg 577w, https:\/\/wp.unil.ch\/lemanicneuroscience\/files\/2024\/10\/MiXue-169x300.jpg 169w, https:\/\/wp.unil.ch\/lemanicneuroscience\/files\/2024\/10\/MiXue.jpg 676w\" sizes=\"auto, (max-width: 577px) 100vw, 577px\" \/><\/figure>\n\n\n\n<figure class=\"wp-block-image size-full\"><img alt=\"\" loading=\"lazy\" decoding=\"async\" width=\"441\" height=\"135\" data-id=\"240\" src=\"https:\/\/wp.unil.ch\/lemanicneuroscience\/files\/2021\/01\/cropped-cropped-LN_DS.jpg\" alt=\"\" class=\"wp-image-240\" srcset=\"https:\/\/wp.unil.ch\/lemanicneuroscience\/files\/2021\/01\/cropped-cropped-LN_DS.jpg 441w, https:\/\/wp.unil.ch\/lemanicneuroscience\/files\/2021\/01\/cropped-cropped-LN_DS-300x92.jpg 300w\" sizes=\"auto, (max-width: 441px) 100vw, 441px\" \/><\/figure>\n<\/figure>\n\n\n\n<p class=\"has-text-align-center\"><em>Marit Knoop, Mi Xue Tan and Anas Masood (UNIGE) won the awards of the Jean Falk-Vairant Foundation in 2024.<\/em><\/p>\n\n\n\n<figure class=\"wp-block-gallery has-nested-images columns-default is-cropped wp-block-gallery-2 is-layout-flex wp-block-gallery-is-layout-flex\">\n<figure class=\"wp-block-image size-large\"><img alt=\"\" loading=\"lazy\" decoding=\"async\" width=\"1043\" height=\"1200\" data-id=\"1661\" src=\"https:\/\/wp.unil.ch\/lemanicneuroscience\/files\/2022\/10\/IMG_8330.jpg\" alt=\"\" class=\"wp-image-1661\" srcset=\"https:\/\/wp.unil.ch\/lemanicneuroscience\/files\/2022\/10\/IMG_8330.jpg 1043w, https:\/\/wp.unil.ch\/lemanicneuroscience\/files\/2022\/10\/IMG_8330-261x300.jpg 261w, https:\/\/wp.unil.ch\/lemanicneuroscience\/files\/2022\/10\/IMG_8330-890x1024.jpg 890w, https:\/\/wp.unil.ch\/lemanicneuroscience\/files\/2022\/10\/IMG_8330-768x884.jpg 768w\" sizes=\"auto, (max-width: 1043px) 100vw, 1043px\" \/><figcaption class=\"wp-element-caption\"><strong>Winners in 2022 with Prof. Jean-Pierre Hornung.<\/strong><\/figcaption><\/figure>\n\n\n\n<figure class=\"wp-block-image size-large\"><img alt=\"\" loading=\"lazy\" decoding=\"async\" width=\"784\" height=\"1024\" data-id=\"2430\" src=\"https:\/\/wp.unil.ch\/lemanicneuroscience\/files\/2023\/11\/IMG_0109-784x1024.jpg\" alt=\"\" class=\"wp-image-2430\" srcset=\"https:\/\/wp.unil.ch\/lemanicneuroscience\/files\/2023\/11\/IMG_0109-784x1024.jpg 784w, https:\/\/wp.unil.ch\/lemanicneuroscience\/files\/2023\/11\/IMG_0109-230x300.jpg 230w, https:\/\/wp.unil.ch\/lemanicneuroscience\/files\/2023\/11\/IMG_0109-768x1003.jpg 768w, https:\/\/wp.unil.ch\/lemanicneuroscience\/files\/2023\/11\/IMG_0109.jpg 919w\" sizes=\"auto, (max-width: 784px) 100vw, 784px\" \/><figcaption class=\"wp-element-caption\">Asfa, winner in 2023, with Prof. Anthony Holtmaat. <\/figcaption><\/figure>\n\n\n\n<figure class=\"wp-block-image size-large\"><img alt=\"\" loading=\"lazy\" decoding=\"async\" width=\"735\" height=\"1024\" data-id=\"2431\" src=\"https:\/\/wp.unil.ch\/lemanicneuroscience\/files\/2023\/11\/IMG_0110-735x1024.jpg\" alt=\"\" class=\"wp-image-2431\" srcset=\"https:\/\/wp.unil.ch\/lemanicneuroscience\/files\/2023\/11\/IMG_0110-735x1024.jpg 735w, https:\/\/wp.unil.ch\/lemanicneuroscience\/files\/2023\/11\/IMG_0110-215x300.jpg 215w, https:\/\/wp.unil.ch\/lemanicneuroscience\/files\/2023\/11\/IMG_0110-768x1070.jpg 768w, https:\/\/wp.unil.ch\/lemanicneuroscience\/files\/2023\/11\/IMG_0110.jpg 861w\" sizes=\"auto, (max-width: 735px) 100vw, 735px\" \/><figcaption class=\"wp-element-caption\">Maelle, winner in 2023, with Prof. Anthony Holtmaat. <\/figcaption><\/figure>\n<\/figure>\n","protected":false},"excerpt":{"rendered":"<p>Laur\u00e9ats du Fonds Jean Falk-Vairant \/ Laureates of the fonds Jean Falk-Vairant Stages de recherche internationales \/ Conf\u00e9rences (last 5 years) 2024 Olga Dmitrichenko (Universit\u00e9 de Munich, Allemagne): Stage de &hellip; <\/p>\n","protected":false},"author":1530,"featured_media":0,"parent":0,"menu_order":0,"comment_status":"closed","ping_status":"closed","template":"","meta":{"_seopress_robots_primary_cat":"","_seopress_titles_title":"","_seopress_titles_desc":"","_seopress_robots_index":"","footnotes":""},"class_list":["post-660","page","type-page","status-publish"],"_links":{"self":[{"href":"https:\/\/wp.unil.ch\/lemanicneuroscience\/wp-json\/wp\/v2\/pages\/660","targetHints":{"allow":["GET"]}}],"collection":[{"href":"https:\/\/wp.unil.ch\/lemanicneuroscience\/wp-json\/wp\/v2\/pages"}],"about":[{"href":"https:\/\/wp.unil.ch\/lemanicneuroscience\/wp-json\/wp\/v2\/types\/page"}],"author":[{"embeddable":true,"href":"https:\/\/wp.unil.ch\/lemanicneuroscience\/wp-json\/wp\/v2\/users\/1530"}],"replies":[{"embeddable":true,"href":"https:\/\/wp.unil.ch\/lemanicneuroscience\/wp-json\/wp\/v2\/comments?post=660"}],"version-history":[{"count":5,"href":"https:\/\/wp.unil.ch\/lemanicneuroscience\/wp-json\/wp\/v2\/pages\/660\/revisions"}],"predecessor-version":[{"id":3070,"href":"https:\/\/wp.unil.ch\/lemanicneuroscience\/wp-json\/wp\/v2\/pages\/660\/revisions\/3070"}],"wp:attachment":[{"href":"https:\/\/wp.unil.ch\/lemanicneuroscience\/wp-json\/wp\/v2\/media?parent=660"}],"curies":[{"name":"wp","href":"https:\/\/api.w.org\/{rel}","templated":true}]}}