{"id":639,"date":"2022-01-08T18:16:59","date_gmt":"2022-01-08T17:16:59","guid":{"rendered":"https:\/\/wp.unil.ch\/lemanicneuroscience\/?page_id=639"},"modified":"2022-10-24T12:55:18","modified_gmt":"2022-10-24T10:55:18","slug":"fonds-jean-falk-vairant","status":"publish","type":"page","link":"https:\/\/wp.unil.ch\/lemanicneuroscience\/fonds-jean-falk-vairant\/","title":{"rendered":"Fonds Jean Falk-Vairant"},"content":{"rendered":"<div class=\"wp-block-image\">\n<figure class=\"aligncenter size-full\"><img alt=\"\" loading=\"lazy\" decoding=\"async\" width=\"365\" height=\"214\" src=\"https:\/\/wp.unil.ch\/lemanicneuroscience\/files\/2022\/01\/JFV.jpg\" alt=\"\" class=\"wp-image-647\" srcset=\"https:\/\/wp.unil.ch\/lemanicneuroscience\/files\/2022\/01\/JFV.jpg 365w, https:\/\/wp.unil.ch\/lemanicneuroscience\/files\/2022\/01\/JFV-300x176.jpg 300w\" sizes=\"auto, (max-width: 365px) 100vw, 365px\" \/><\/figure>\n<\/div>\n\n\n<figure class=\"wp-block-image size-large\"><img alt=\"\" loading=\"lazy\" decoding=\"async\" width=\"1024\" height=\"610\" src=\"https:\/\/wp.unil.ch\/lemanicneuroscience\/files\/2022\/01\/Presentation_JFV-1024x610.jpg\" alt=\"\" class=\"wp-image-653\" srcset=\"https:\/\/wp.unil.ch\/lemanicneuroscience\/files\/2022\/01\/Presentation_JFV-1024x610.jpg 1024w, https:\/\/wp.unil.ch\/lemanicneuroscience\/files\/2022\/01\/Presentation_JFV-300x179.jpg 300w, https:\/\/wp.unil.ch\/lemanicneuroscience\/files\/2022\/01\/Presentation_JFV-768x457.jpg 768w, https:\/\/wp.unil.ch\/lemanicneuroscience\/files\/2022\/01\/Presentation_JFV-1536x914.jpg 1536w, https:\/\/wp.unil.ch\/lemanicneuroscience\/files\/2022\/01\/Presentation_JFV.jpg 1920w\" sizes=\"auto, (max-width: 1024px) 100vw, 1024px\" \/><\/figure>\n\n\n\n<div class=\"wp-block-columns is-layout-flex wp-container-core-columns-is-layout-9d6595d7 wp-block-columns-is-layout-flex\">\n<div class=\"wp-block-column is-layout-flow wp-block-column-is-layout-flow\" style=\"flex-basis:50%\">\n<p>Cr\u00e9\u00e9 en souvenir de Jean Falk-Vairant, neurobiologiste d\u00e9c\u00e9d\u00e9 \u00e0 29 ans dans un accident. <br><strong>Le Fonds Jean Falk-Vairant a pour objectif de contribuer \u00e0 la formation de jeunes chercheurs dans le domaine des neurosciences fondamentales et cliniques, notamment sur les m\u00e9canismes impliqu\u00e9s dans les maladies du syst\u00e8me nerveux. Le Fonds attribue des subsides pour de brefs stages de formation en neurosciences.<\/strong> Le montant d\u2019un subside est de l\u2019ordre de 2000.- CHF environ. <br><strong>Les subsides sont octroy\u00e9s \u00e0 de jeunes chercheurs de la r\u00e9gion l\u00e9manique voulant se perfectionner \u00e0 l\u2019ext\u00e9rieur, ou \u00e0 de jeunes chercheurs \u00e9trangers d\u00e9sirant se former dans la r\u00e9gion l\u00e9manique. <\/strong><br>Le Fonds attribue aussi des \u00ab Prix Jean Falk-Vairant \u00bb pour les meilleures pr\u00e9sentations \u00e0 la <a href=\"https:\/\/wp.unil.ch\/lemanicneuroscience\/annual-retreat\/\" target=\"_blank\" rel=\"noreferrer noopener\">R\u00e9union annuelle du Reseau NeuroL\u00e9man.<\/a> <br>Dans certains cas, le Fonds peut aussi contribuer \u00e0 la participation active \u00e0 un congr\u00e8s, notamment pour de jeunes post-doc. Pour ces subventions de voyage, veuillez respecter les deux dates limites de soumission par an (1er mars et 1er septembre).<\/p>\n<\/div>\n\n\n\n<div class=\"wp-block-column is-layout-flow wp-block-column-is-layout-flow\" style=\"flex-basis:50%\">\n<p>Created in memory of Jean Falk-Vairant, a neurobiologist who died in an accident at the age of 29. <br><strong>The Fund Jean Falk-Vairant aims to contribute to the training of young researchers in the field of basic and clinical neurosciences, including the mechanisms involved in diseases of the nervous system. The Fund awards grants for short training and research stays in neuroscience labs. <\/strong>The amount of the subsidy is around 2000.- CHF. <br><strong>The subsidies are awarded to young researchers of the Lemanic area (Lake of Geneva region) who want research experience outside their research laboratory, or to young foreign researchers wishing to train in the Lemanic region.  <\/strong><br>The Fund also attributes the &#8220;Prix Jean-Falk-Vairant&#8221; for the best presentations at the <a href=\"https:\/\/wp.unil.ch\/lemanicneuroscience\/annual-retreat\/\" target=\"_blank\" rel=\"noreferrer noopener\">Annual Meeting of the NeuroL\u00e9man Network and Doctoral Schools<\/a>.  <br>In certain cases, the fund can also provide financial support for the active participation to a conference, especially for young post-docs. For these travel grants, please respect the two submission deadlines per year (March 1 &amp; September 1). <\/p>\n<\/div>\n<\/div>\n\n\n\n<div class=\"wp-block-media-text alignwide is-stacked-on-mobile\" style=\"grid-template-columns:40% auto\"><figure class=\"wp-block-media-text__media\"><img alt=\"\" loading=\"lazy\" decoding=\"async\" width=\"210\" height=\"300\" src=\"https:\/\/wp.unil.ch\/lemanicneuroscience\/files\/2022\/09\/LNAM-19-76-210x300.jpg\" alt=\"\" class=\"wp-image-1595 size-medium\" srcset=\"https:\/\/wp.unil.ch\/lemanicneuroscience\/files\/2022\/09\/LNAM-19-76-210x300.jpg 210w, https:\/\/wp.unil.ch\/lemanicneuroscience\/files\/2022\/09\/LNAM-19-76-715x1024.jpg 715w, https:\/\/wp.unil.ch\/lemanicneuroscience\/files\/2022\/09\/LNAM-19-76-768x1100.jpg 768w, https:\/\/wp.unil.ch\/lemanicneuroscience\/files\/2022\/09\/LNAM-19-76.jpg 838w\" sizes=\"auto, (max-width: 210px) 100vw, 210px\" \/><\/figure><div class=\"wp-block-media-text__content\">\n<div class=\"wp-block-group\"><div class=\"wp-block-group__inner-container is-layout-flow wp-block-group-is-layout-flow\">\n<p class=\"has-background\" style=\"background-color:#f6f6f6\"><strong>In memoriam<\/strong><br><strong><br>Yves Dunant, Honorary Professor of the Faculty of Medicine of UNIGE, and long-time secetary of the Jean Falk-Vairant foundation, has passed away in the beginning of August 2022. We will always remember him as a passionate researcher and supporter of young neuroscientists in the Lemanic area. Thank you for everything, Yves!<\/strong><\/p>\n<\/div><\/div>\n<\/div><\/div>\n\n\n\n<hr class=\"wp-block-separator has-css-opacity\" \/>\n\n\n\n<h5 class=\"is-style-default has-pale-cyan-blue-background-color has-background wp-block-heading\" style=\"text-transform:uppercase\">Requ\u00eates \/ Funding requests<\/h5>\n\n\n\n<p class=\"has-background\" style=\"background-color:#f6f6f6\"><strong>Subsides pour de brefs stages de formation en neurosciences<\/strong> \/ <strong>Support for short training and research stays<\/strong><br><br>FR: SVP, envoyez votre demande \u00e0 la fondation Jean Falk-Vairant avec <a rel=\"noreferrer noopener\" href=\"https:\/\/wp.unil.ch\/lemanicneuroscience\/files\/2022\/10\/Requetes_JFV.docx\" target=\"_blank\">le formulaire de demande<\/a> rempli \u00e0 <a rel=\"noreferrer noopener\" href=\"mailto:lnds@unil.ch\" target=\"_blank\">lnds@unil.ch<\/a> .<br>EN: Please send your funding request to the Jean Falk-Vairant foundation with the filled <a rel=\"noreferrer noopener\" href=\"https:\/\/wp.unil.ch\/lemanicneuroscience\/files\/2022\/10\/Requetes_JFV.docx\" target=\"_blank\">application form<\/a> to <a href=\"mailto:lnds@unil.ch\" target=\"_blank\" rel=\"noreferrer noopener\">lnds@unil.ch<\/a>.<br> <\/p>\n\n\n\n<div class=\"wp-block-group has-background\" style=\"background-color:#f6f6f6\"><div class=\"wp-block-group__inner-container is-layout-flow wp-block-group-is-layout-flow\">\n<p><strong>Requetes pour la participation \u00e0 un congr\u00e8s \/Requests for conference participation<\/strong><\/p>\n\n\n\n<div class=\"wp-block-columns is-layout-flex wp-container-core-columns-is-layout-9d6595d7 wp-block-columns-is-layout-flex\">\n<div class=\"wp-block-column is-layout-flow wp-block-column-is-layout-flow\">\n<p>FR: SVP, utilisez le formulaire , mais avec les changements suivants<br>&#8211; page 1 :&nbsp; indiquer titre, lieu et date du congr\u00e8s avec les r\u00e9f\u00e9rences internet.<br>&#8211; page 4 :&nbsp; donner l\u2019abstract de la participation .<br>&#8211; page 5 :&nbsp; indiquer quel b\u00e9n\u00e9fice scientifique le requ\u00e9rant estime trouver \u00e0 sa participation.<\/p>\n<\/div>\n\n\n\n<div class=\"wp-block-column is-layout-flow wp-block-column-is-layout-flow\">\n<p>EN: Please use the form below, but with the following changes<br>&#8211; page 1 :&nbsp; indicate the title, location, date and website of the conference.<br>&#8211; page 4 :&nbsp;  insert the abstract you submitted.<br>&#8211; page 5 :&nbsp; describe the scientific benefit you are expecting from the conference participation.<\/p>\n<\/div>\n<\/div>\n<\/div><\/div>\n\n\n\n<hr class=\"wp-block-separator has-css-opacity\" \/>\n\n\n\n<h5 class=\"has-pale-cyan-blue-background-color has-background wp-block-heading\" style=\"text-transform:uppercase\">Correspondance \/ Correspondence address<\/h5>\n\n\n\n<p><strong>Fonds Jean Falk-Vairant<\/strong><\/p>\n\n\n\n<p><em>Adresse postale<\/em>&nbsp;: Mme Ancilla Stefani \u2013 Dept. Neurosciences fondamentales, Centre Medical Universitaire<br>Rue Michel Servet 1, CH-1211 Gen\u00e8ve, Bureau C07.1536.A&nbsp;&nbsp;<\/p>\n\n\n\n<p><em>T\u00e9l.:<\/em> +41-22.379.50.97<br><em>Courriel<\/em>&nbsp;: <a href=\"mailto:lnds@unil.ch\" target=\"_blank\" rel=\"noreferrer noopener\">lnds@unil.ch<\/a> <\/p>\n\n\n\n<h5 class=\"has-pale-cyan-blue-background-color has-background wp-block-heading\" style=\"text-transform:uppercase\">Coordonn\u00e9es bancaires \/ Bank details<\/h5>\n\n\n\n<p>Le Fonds Jean Falk-Vairant est g\u00e9r\u00e9 financi\u00e8rement dans le cadre du Fonds g\u00e9n\u00e9ral de l\u2019Universit\u00e9 de Gen\u00e8ve. (The financial management of the fund is through the General Fund of the University of Geneva.)<\/p>\n\n\n\n<p>Banque LOMBARD ODIER DARIER HENTSCH &amp; Cie<br>Fonds G\u00e9n\u00e9ral de l&#8217;Universit\u00e9<br>Compte N\u00b0 CH03 0876 0000 0500 0240 0<br>CCP N\u00b0 12-150-0<br>Mention : Fonds Jean Falk-Vairant N\u00b0 2770<\/p>\n","protected":false},"excerpt":{"rendered":"<p>Cr\u00e9\u00e9 en souvenir de Jean Falk-Vairant, neurobiologiste d\u00e9c\u00e9d\u00e9 \u00e0 29 ans dans un accident. Le Fonds Jean Falk-Vairant a pour objectif de contribuer \u00e0 la formation de jeunes chercheurs dans &hellip; <\/p>\n","protected":false},"author":1530,"featured_media":0,"parent":0,"menu_order":0,"comment_status":"closed","ping_status":"closed","template":"","meta":{"_seopress_robots_primary_cat":"","_seopress_titles_title":"","_seopress_titles_desc":"","_seopress_robots_index":"","footnotes":""},"class_list":["post-639","page","type-page","status-publish"],"_links":{"self":[{"href":"https:\/\/wp.unil.ch\/lemanicneuroscience\/wp-json\/wp\/v2\/pages\/639","targetHints":{"allow":["GET"]}}],"collection":[{"href":"https:\/\/wp.unil.ch\/lemanicneuroscience\/wp-json\/wp\/v2\/pages"}],"about":[{"href":"https:\/\/wp.unil.ch\/lemanicneuroscience\/wp-json\/wp\/v2\/types\/page"}],"author":[{"embeddable":true,"href":"https:\/\/wp.unil.ch\/lemanicneuroscience\/wp-json\/wp\/v2\/users\/1530"}],"replies":[{"embeddable":true,"href":"https:\/\/wp.unil.ch\/lemanicneuroscience\/wp-json\/wp\/v2\/comments?post=639"}],"version-history":[{"count":0,"href":"https:\/\/wp.unil.ch\/lemanicneuroscience\/wp-json\/wp\/v2\/pages\/639\/revisions"}],"wp:attachment":[{"href":"https:\/\/wp.unil.ch\/lemanicneuroscience\/wp-json\/wp\/v2\/media?parent=639"}],"curies":[{"name":"wp","href":"https:\/\/api.w.org\/{rel}","templated":true}]}}