{"id":500,"date":"2022-01-06T21:27:21","date_gmt":"2022-01-06T20:27:21","guid":{"rendered":"https:\/\/wp.unil.ch\/lemanicneuroscience\/?page_id=500"},"modified":"2026-02-26T09:48:49","modified_gmt":"2026-02-26T08:48:49","slug":"master-courses","status":"publish","type":"page","link":"https:\/\/wp.unil.ch\/lemanicneuroscience\/master-courses\/","title":{"rendered":"MASTER COURSES"},"content":{"rendered":"\n<p class=\"has-text-align-center has-white-color has-vivid-cyan-blue-to-vivid-purple-gradient-background has-text-color has-background has-link-color wp-elements-335d9eb64e16005dc7322d52ae8c9993\"><strong>LNDS candidates are very welcome to follow courses of the UNIGE Msc program in Neuroscience especially when there is no equivalent offer among PhD courses. <\/strong><br><strong>Bote that PhD candidates often receive less credits for participation in MSc courses, especially for &#8220;introductory courses&#8221; (e.g. 3 ECTS for MSc students = 2 ECTS for PhD candidates). Contact the LNDS coordinator in case of questions.<\/strong><\/p>\n\n\n\n<div class=\"wp-block-media-text alignwide is-stacked-on-mobile\" style=\"grid-template-columns:20% auto\"><figure class=\"wp-block-media-text__media\"><img alt=\"\" loading=\"lazy\" decoding=\"async\" width=\"150\" height=\"54\" src=\"https:\/\/wp.unil.ch\/lemanicneuroscience\/files\/2022\/01\/logo_UNIGE_pink.gif\" alt=\"\" class=\"wp-image-518 size-full\" \/><\/figure><div class=\"wp-block-media-text__content\">\n<h2 class=\"wp-block-heading has-medium-font-size\" style=\"text-transform:uppercase\"><strong>UNIGE MSc couses in neuroscience<\/strong> and beyond<\/h2>\n<\/div><\/div>\n\n\n\n<p class=\"has-very-light-gray-to-cyan-bluish-gray-gradient-background has-background\"><strong>Please see the table below for course offers of the Msc program in neuroscience and more; read the comment on credit validation above. <br><\/strong><br><strong>Msc neuroscience <strong>course registration<\/strong>: Submit your course wish<\/strong> (at least 2w before course start) <strong>using the <a href=\"https:\/\/docs.google.com\/forms\/d\/e\/1FAIpQLSfAeaEccphk7mUEWYZoK9bGLhJMD9OTiHPAx3aPl_TIdjKt3A\/viewform\" data-type=\"link\" data-id=\"https:\/\/docs.google.com\/forms\/d\/e\/1FAIpQLSfAeaEccphk7mUEWYZoK9bGLhJMD9OTiHPAx3aPl_TIdjKt3A\/viewform\" target=\"_blank\" rel=\"noreferrer noopener\">LINK HERE<\/a><\/strong> and let the LNDS coordinator know by a short e-mail. <strong>Do also enroll in the UNIGE course moodle <\/strong>to get access to the teaching materials and receive course notifications and follow-up communication asking, e.g. to confirm your presence in the course exam during the semester!<br><em>Your course wish will be transferred to the Msc coordinator who will confirm during the ongoing semester, also asking whether you will take the course exam (which is the basis for the ECTS. Meaning, just start doing the course when it starts; the confimrtaions about exams etc will follow during the semester! <\/em><br><strong>NOTE: <em>ONLY enrolling in the course moodle will not automatically put you on the participant list and register you for the course exam! <\/em><\/strong><\/p>\n\n\n\n<figure class=\"wp-block-table\"><table class=\"has-fixed-layout\"><tbody><tr><td><strong>Offers hosted by &#8230;.<\/strong><\/td><td><strong>Additional information<\/strong><\/td><\/tr><tr><td><a href=\"https:\/\/pgc.unige.ch\/main\/study-plans?searchTerm=neuroscience&amp;year=2025&amp;fac=default-value\" target=\"_blank\" rel=\"noreferrer noopener\">UNIGE Msc program in neuroscience<\/a><a href=\"https:\/\/pgc.unige.ch\/main\/study-plans?searchTerm=neuroscience&amp;year=2024\"> <\/a><\/td><td>&gt;&gt;&gt; various courses each semester (please see <a href=\"https:\/\/wp.unil.ch\/lemanicneuroscience\/files\/2025\/07\/mscneuroscienceunige2025-26.pdf\" data-type=\"link\" data-id=\"https:\/\/wp.unil.ch\/lemanicneuroscience\/files\/2025\/07\/mscneuroscienceunige2025-26.pdf\" target=\"_blank\" rel=\"noreferrer noopener\">HERE<\/a> for a &#8211; non-comprensive- extraction from the UNIGE moodle)<\/td><\/tr><tr><td><a href=\"https:\/\/pgc.unige.ch\/main\/teachings?searchTerm=preuschoff&amp;year=2025&amp;fac=default-value\" target=\"_blank\" rel=\"noreferrer noopener\">GSEM courses on neuroscience and decision-making<\/a><\/td><td>&gt;&gt;&gt; contact teachers for enrollment <\/td><\/tr><tr><td><a href=\"https:\/\/ta.unige.ch\/en\/i-teams-programme\/\">I-Teams program<\/a><\/td><td>2 ECTS; various editions<\/td><\/tr><tr><td><a href=\"https:\/\/wp.unil.ch\/lemanicneuroscience\/other-course-offers\/\" target=\"_blank\" rel=\"noreferrer noopener\">Various entities<\/a><\/td><td>&gt;&gt;&gt; additional courses open to LNDS students in Geneva<\/td><\/tr><\/tbody><\/table><\/figure>\n\n\n\n<hr class=\"wp-block-separator has-css-opacity\" \/>\n\n\n\n<div class=\"wp-block-media-text alignwide is-stacked-on-mobile\" style=\"grid-template-columns:15% auto\"><figure class=\"wp-block-media-text__media\"><img loading=\"lazy\" decoding=\"async\" width=\"1024\" height=\"476\" src=\"https:\/\/wp.unil.ch\/lemanicneuroscience\/files\/2025\/11\/aaa-unil2025-logotype-blue-rgb-1024x476.png\" alt=\"aaa unil2025 logotype blue rgb\" class=\"wp-image-3739 size-full\" srcset=\"https:\/\/wp.unil.ch\/lemanicneuroscience\/files\/2025\/11\/aaa-unil2025-logotype-blue-rgb-1024x476.png 1024w, https:\/\/wp.unil.ch\/lemanicneuroscience\/files\/2025\/11\/aaa-unil2025-logotype-blue-rgb-300x140.png 300w, https:\/\/wp.unil.ch\/lemanicneuroscience\/files\/2025\/11\/aaa-unil2025-logotype-blue-rgb-768x357.png 768w, https:\/\/wp.unil.ch\/lemanicneuroscience\/files\/2025\/11\/aaa-unil2025-logotype-blue-rgb-1536x714.png 1536w, https:\/\/wp.unil.ch\/lemanicneuroscience\/files\/2025\/11\/aaa-unil2025-logotype-blue-rgb-2048x953.png 2048w\" sizes=\"auto, (max-width: 1024px) 100vw, 1024px\" \/><\/figure><div class=\"wp-block-media-text__content\">\n<h2 class=\"wp-block-heading has-medium-font-size\" style=\"text-transform:uppercase\"><strong>UNIL MSc courses<\/strong><\/h2>\n<\/div><\/div>\n\n\n\n<p class=\"has-very-light-gray-to-cyan-bluish-gray-gradient-background has-background\">The <strong>UNIL Msc program in Medical Biology<\/strong> offers several courses on neuroscience topics open to PhD candidates. Please see below and the full <strong><a href=\"https:\/\/www.unil.ch\/fbm\/en\/home\/ressources\/espaces\/espace-interne-eb\/masters\/master-mb.html\" target=\"_blank\" rel=\"noreferrer noopener\">COURSE SCHEDULE<\/a><\/strong> . <br><strong><strong>Registration: <a href=\"https:\/\/docs.google.com\/forms\/d\/e\/1FAIpQLSeJrJeyrsvKELU5kcZpFjbZWOo8hPCUtpogTQRG-zDoAEJJAA\/viewform\" target=\"_blank\" rel=\"noreferrer noopener\">Use the linked form<\/a><\/strong> <\/strong>and inform the LNDS coordinator before October 10 (for autumn semester) and March 10 (for spring semester). Please try to bundle all course wishes for one semester. Feedback will be given in due time, but only AFTER semester start; please make sure not to miss the course start! <br><strong><em>Note: Only enrolling to the course moodle gives you access to the course materials, but you will not appear on the participant\/exam list for a given course!<\/em><\/strong><br><\/p>\n\n\n\n<figure id=\"ed20af57-21d7-4c2c-8328-0d85fc456ccd\" class=\"wp-block-table is-style-stripes\"><table><thead><tr><th>Course name<\/th><th>ECTS<\/th><th>Semester<\/th><\/tr><\/thead><tbody><tr><td><strong>Selected topics of the UNIL Master of Science in Medical Biology &#8211; Neuroscience Track (can be taken individually only by PhD students!)<\/strong><br>&#8211; Topic 0: History of Neuroscience Research and Techniques to Study<br>Neuroscience (1 ECTS)<br>&#8211; Topic 1: Brain Development (1 ECTS)<br>&#8211; Topic 2: Sensory Functions (1.5 ECTS)<br>&#8211; Topic 3: Neuron-Glia Biology (1 ECTS)<br>&#8211; Topic 4: Modulation of Synaptic Transmission (1 ECTS)<br>&#8211; Topic 5: Neuronal death and repair in the Central Nervous System (1 ECTS)<br>&#8211; Topic 6: Introduction to Psychiatric Neuroscience (1.5 ECTS)<\/td><td><\/td><td>Spring<\/td><\/tr><tr><td><a href=\"https:\/\/applicationspub.unil.ch\/interpub\/noauth\/php\/Un\/UnPers.php?PerNum=34995&amp;LanCode=8&amp;menu=ens\">Translational Research in Psychiatric Neuroscience : from Animal Model to Humans<\/a><\/td><td>1<\/td><td>Spring <\/td><\/tr><tr><td><a href=\"https:\/\/edpub.unil.ch\/interpub\/noauth\/php\/Un\/UnPers.php?PerNum=1049725&amp;LanCode=8&amp;menu=ens\" target=\"_blank\" rel=\"noreferrer noopener\">Neurobiology of Decision Making<\/a><\/td><td>1<\/td><td>Spring <\/td><\/tr><tr><td><a href=\"https:\/\/edpub.unil.ch\/interpub\/noauth\/php\/Un\/UnPers.php?PerNum=1049725&amp;LanCode=8&amp;menu=ens\">D\u00e9sir, plaisir et d\u00e9pendance, une histoire moderne de l&#8217;addiction: aspects th\u00e9oriques<\/a><\/td><td>1<\/td><td>Spring <\/td><\/tr><tr><td><a href=\"https:\/\/edpub.unil.ch\/interpub\/noauth\/php\/Un\/UnPers.php?PerNum=1049725&amp;LanCode=8&amp;menu=ens\">D\u00e9sir, plaisir et d\u00e9pendance, une histoire moderne de l&#8217;addiction : aspects cliniques<\/a><\/td><td>1<\/td><td>Autumn <\/td><\/tr><\/tbody><\/table><\/figure>\n\n\n\n<hr class=\"wp-block-separator has-css-opacity\" \/>\n\n\n\n<div class=\"wp-block-media-text alignwide is-stacked-on-mobile\" style=\"grid-template-columns:23% auto\"><figure class=\"wp-block-media-text__media\"><img alt=\"\" loading=\"lazy\" decoding=\"async\" width=\"385\" height=\"134\" src=\"https:\/\/wp.unil.ch\/lemanicneuroscience\/files\/2022\/01\/EPFL-Logo.png\" alt=\"\" class=\"wp-image-488 size-full\" srcset=\"https:\/\/wp.unil.ch\/lemanicneuroscience\/files\/2022\/01\/EPFL-Logo.png 385w, https:\/\/wp.unil.ch\/lemanicneuroscience\/files\/2022\/01\/EPFL-Logo-300x104.png 300w\" sizes=\"auto, (max-width: 385px) 100vw, 385px\" \/><\/figure><div class=\"wp-block-media-text__content\">\n<h2 class=\"wp-block-heading has-medium-font-size\" style=\"text-transform:uppercase\"><strong>EPFL Msc courses<\/strong><\/h2>\n<\/div><\/div>\n\n\n\n<p>The <strong><a href=\"https:\/\/www.epfl.ch\/education\/phd\/programs\/edne-neuroscience\/course-book\/\" target=\"_blank\" rel=\"noreferrer noopener\">EPFL-EDNE coursebook<\/a> <\/strong>recommends a couple of MSc courses to Neuroscience PhD students. In addition, you might also find MSc courses of your interest in other EPFL programs. Please ask the LNDS coordinator for advice if needed. <br><strong>Course registration: <\/strong> Please apply through the <a href=\"https:\/\/studying.epfl.ch\/student_desk\" target=\"_blank\" rel=\"noreferrer noopener\">EPFL Students&#8217; Desk<\/a> . Students must provide an \u201cattestation\u201d (proof) of studies from their university, valid for the semester during which they will audit an EPFL course.<\/p>\n","protected":false},"excerpt":{"rendered":"<p>LNDS candidates are very welcome to follow courses of the UNIGE Msc program in Neuroscience especially when there is no equivalent offer among PhD courses. Bote that PhD candidates often &hellip; <\/p>\n","protected":false},"author":1530,"featured_media":0,"parent":0,"menu_order":0,"comment_status":"closed","ping_status":"closed","template":"","meta":{"_seopress_robots_primary_cat":"","_seopress_titles_title":"","_seopress_titles_desc":"","_seopress_robots_index":"","footnotes":""},"class_list":["post-500","page","type-page","status-publish"],"_links":{"self":[{"href":"https:\/\/wp.unil.ch\/lemanicneuroscience\/wp-json\/wp\/v2\/pages\/500","targetHints":{"allow":["GET"]}}],"collection":[{"href":"https:\/\/wp.unil.ch\/lemanicneuroscience\/wp-json\/wp\/v2\/pages"}],"about":[{"href":"https:\/\/wp.unil.ch\/lemanicneuroscience\/wp-json\/wp\/v2\/types\/page"}],"author":[{"embeddable":true,"href":"https:\/\/wp.unil.ch\/lemanicneuroscience\/wp-json\/wp\/v2\/users\/1530"}],"replies":[{"embeddable":true,"href":"https:\/\/wp.unil.ch\/lemanicneuroscience\/wp-json\/wp\/v2\/comments?post=500"}],"version-history":[{"count":4,"href":"https:\/\/wp.unil.ch\/lemanicneuroscience\/wp-json\/wp\/v2\/pages\/500\/revisions"}],"predecessor-version":[{"id":4197,"href":"https:\/\/wp.unil.ch\/lemanicneuroscience\/wp-json\/wp\/v2\/pages\/500\/revisions\/4197"}],"wp:attachment":[{"href":"https:\/\/wp.unil.ch\/lemanicneuroscience\/wp-json\/wp\/v2\/media?parent=500"}],"curies":[{"name":"wp","href":"https:\/\/api.w.org\/{rel}","templated":true}]}}