{"id":416,"date":"2022-01-03T21:32:52","date_gmt":"2022-01-03T20:32:52","guid":{"rendered":"https:\/\/wp.unil.ch\/lemanicneuroscience\/?page_id=416"},"modified":"2025-12-29T15:46:17","modified_gmt":"2025-12-29T14:46:17","slug":"phd-candidates-from-l-r","status":"publish","type":"page","link":"https:\/\/wp.unil.ch\/lemanicneuroscience\/phd-candidates-from-l-r\/","title":{"rendered":"PhD candidates from L-R"},"content":{"rendered":"\n<figure class=\"wp-block-table is-style-stripes\"><table class=\"has-fixed-layout\"><tbody><tr><td><strong>Name<\/strong><\/td><td><strong>Project<\/strong><\/td><td><strong>Thesis Director<\/strong><\/td><\/tr><tr><td>Labancov\u00e1, Katarina (UNIGE)<\/td><td>Flexible human understanding and behaviour is compositionality<\/td><td><a href=\"https:\/\/www.ninakazanina.com\/\">N. Kazanina<\/a><\/td><\/tr><tr><td>Lan, Yang\u00a0(UNIGE)<\/td><td>EEG characteristics of patients with SCD by observing the neuropsychological scale <\/td><td><a href=\"https:\/\/neurocenter-unige.ch\/research-groups\/#filters=&amp;search=\">S. Armand &amp; L. Sveikata<\/a><\/td><\/tr><tr><td>Latreche, Kenza (UNIGE)<\/td><td>Identification of the mechanisms in the development of communication in children diagnosed with autism<\/td><td><a href=\"https:\/\/neurocenter-unige.ch\/research-groups\/developmental-trajectories-of-children-with-autism\/\">Schaer, Marie<\/a><\/td><\/tr><tr><td>Lauret, Oc\u00e9ane (UNIGE)<\/td><td>Social Reinforcement: Behavioral, Neural and Computational Perspectives<\/td><td><a href=\"https:\/\/neurocenter-unige.ch\/research-groups\/#filters=&amp;search=\">N. Burra &amp; E. Pool<\/a><\/td><\/tr><tr><td>Law, Rachel (UNIGE)<\/td><td>Imaging and boosting the functional integration of transplanted dopaminergic cells for Parkinson&#8217;s Disease cell replacement therapy<\/td><td><a href=\"https:\/\/www.unige.ch\/medecine\/synapsycentre\/membres\/valerio-zerbi\">V. Zerbi<\/a><\/td><\/tr><tr><td>Licata, Abigail (UNIGE)<\/td><td>It\u2019s all just semantics: The impact of semantic similarity on neurocognitive mechanisms underlying conceptual representation in healthy bilinguals<\/td><td><a href=\"https:\/\/valentina.borghesani.org\/home\" target=\"_blank\" rel=\"noreferrer noopener\">V. Borghesani<\/a><\/td><\/tr><tr><td>Li,Yingchun\u00a0(UNIL)<\/td><td><\/td><td><a href=\"https:\/\/www.unil.ch\/crn\/en\/home\/menuinst\/research-labs\/myspace.html\">A, Serino<\/a><\/td><\/tr><tr><td>Lo Guidice, Quentin (UNIGE)<\/td><td>Transcriptional control of neuronal specification and axon guidance<\/td><td><a href=\"https:\/\/neurocenter-unige.ch\/research-groups\/denis-jabaudon\/\" target=\"_blank\" rel=\"noreferrer noopener\">D. Jabaudon &amp; P. Favre<\/a><\/td><\/tr><tr><td>Luo, Junlian&nbsp;(UNIL)<\/td><td>The Ebb and Flow of Human Brain Activity, Cognition, and Performance<\/td><td><a href=\"https:\/\/www.the-sense.ch\/research-and-innovation\/action-repair\/vision-sight-recovery\/vision-sight-recovery-david-pascucci\/?lang=en\">D. Pascucci &amp; M. Murray<\/a><\/td><\/tr><tr><td>Mammeri, Kevin (UNIGE)<\/td><td>Imagery rescripting and targeted memory reactivation in insomnia disorder<\/td><td><a href=\"https:\/\/neurocenter-unige.ch\/research-groups\/lampros-perogamvros\/\" target=\"_blank\" rel=\"noreferrer noopener\">L. Perogamvros<\/a><\/td><\/tr><tr><td>Marca, Sandy (UNIGE)<\/td><td>A Neurophysiological Marker of Second Language Learning at the Individual Level<\/td><td> <a href=\"https:\/\/neurocenter-unige.ch\/research-groups\/marina-laganaro\/\">Laganaro, Marina<\/a> &amp;  <a href=\"https:\/\/fernuni.ch\/thomas-reber\/\" target=\"_blank\" rel=\"noreferrer noopener\">Reber, Thomas<\/a> &amp;  <a href=\"https:\/\/fernuni.ch\/nicolas-rothen\/\">Rothen, Nicolas<\/a> <\/td><\/tr><tr><td>Marchessaux, Florian<\/td><td>Role of D2R-dependent mesostriatal activity in impulsivity, novelty-seeking, and vulnerability to drug<br>abuse<\/td><td><a href=\"https:\/\/neurocenter-unige.ch\/research-groups\/individual-differences-and-vulnerability-to-addiction\/\" target=\"_blank\" rel=\"noreferrer noopener\">Ginovart, Nathalie<\/a><\/td><\/tr><tr><td>Maslias, Errikos (UNIL)<\/td><td><\/td><td><a href=\"https:\/\/www.unil.ch\/crn\/en\/home.html\">A. Sokolov<\/a><\/td><\/tr><tr><td>Masood, Anas (UNIGE)<\/td><td>Studying the neuronal mechanisms underlying decision-making in social games<\/td><td><a href=\"https:\/\/neurocenter-unige.ch\/research-groups\/experimental-and-computational-neurosciences-laboratory\/\" target=\"_blank\" rel=\"noreferrer noopener\">El-Boustani, Sami<\/a><\/td><\/tr><tr><td>Mauriello, Cheyenne (UNIL)<\/td><td>Relative temporal order memory abilities in Down syndrome, Williams syndrome and typical development.<\/td><td>P. Lavenex &amp; <a href=\"https:\/\/unidistance.ch\/en\/profile\/pamela-banta-lavenex\">P. Banta-Lavenex<\/a><\/td><\/tr><tr><td>Menoud, Pauline (UNIL)<\/td><td>Cognitive neuro\u00adrehabilitation of multiple sclerosis using gamified cognitive &#8211; physical dual task training<\/td><td><a href=\"https:\/\/applicationspub.unil.ch\/interpub\/noauth\/php\/Un\/UnPers.php?PerNum=1073587&amp;LanCode=8\">Sokolov, Arsenij<\/a><\/td><\/tr><tr><td>Michaudet, Quentin (UNIGE)<\/td><td>Intelligent Pressure Offloading Footwear to Prevent Lower Extremity Amputations in People with Diabetes<\/td><td><a href=\"https:\/\/www.hug.ch\/unite-education-therapeutique-patient\/equipe-unite-education-therapeutique-patient\">Z. Patalky &amp; S.Armand<\/a><\/td><\/tr><tr><td>Miftari, Arben (UNIL)<\/td><td><\/td><td><a href=\"https:\/\/www.unil.ch\/crn\/en\/home\/menuinst\/research-labs\/exploration-of-memory-in-neuroscience\/gilles-allali.html\">G. Allali &amp; A.Griffa<\/a><\/td><\/tr><tr><td>Milanese, Paola (UNIL)<\/td><td>Monoaminergic signalization during sleep in mice and early-stage Alzheimer\u2019s Disease alterations<\/td><td><a href=\"https:\/\/wwwfbm.unil.ch\/dnf\/group\/gaining-insight-into-the-roles-of-sleep-for-neuronal-function\" target=\"_blank\" rel=\"noreferrer noopener\">A. L\u00fcthi<\/a><\/td><\/tr><tr><td>Milloz, Alicia (UNIGE)<\/td><td>High-Resolution Imaging of Coordinated Replay of Memory Episodes across Hippocampal<br>and Cortical Circuits during Sleep<\/td><td><a href=\"https:\/\/neurocenter-unige.ch\/research-groups\/sophie-schwartz\/\">V. Sterpenich &amp; S. Schwartz<\/a><\/td><\/tr><tr><td>Mohammadi, Nosratullan (UNIGE)<\/td><td>Neural dynamics of overt and imagined speech<\/td><td><a href=\"https:\/\/neurocenter-unige.ch\/research-groups\/anne-lise-giraud\/\" target=\"_blank\" rel=\"noreferrer noopener\">Giraud, Anne-Lise<\/a><\/td><\/tr><tr><td>Mohrhauer, Lucy (UNIL)<\/td><td>Developmental, Genetic, and Neuroanatomical Characterization of Hypothalamic POMC Neurons and Their Role in Metabolic function<\/td><td><a href=\"https:\/\/www.unil.ch\/fbm\/en\/home\/menuinst\/recherche\/ssf\/dnf\/recherche.html\">S. Croizier<\/a><\/td><\/tr><tr><td>Monney, Jonathan (UNIGE)<\/td><td>Abnormal neuronal ensemble activity underlying epileptic seizures in the human brain<\/td><td><a href=\"https:\/\/neurocenter-unige.ch\/research-groups\/pierre-megevand\/\" target=\"_blank\" rel=\"noreferrer noopener\">M\u00e9gevand, Pierre<\/a><\/td><\/tr><tr><td>Monnor, Teerawat (UNIGE)<\/td><td><\/td><td>P. Ghisletta<\/td><\/tr><tr><td>Morais, Joao (UNIL)<\/td><td>Towards the neural underpinnings of sleep-mediated memory consolidation in a goal-directed sensory motor task in mice<\/td><td><a href=\"https:\/\/dnf-unil.ch\/group\/gaining-insight-into-the-roles-of-sleep-for-neuronal-function\">A. L\u00fcthi &amp; L. Fernandez<\/a><\/td><\/tr><tr><td>Morassut, Ilaria (UNIGE)<\/td><td>Molecular mechanisms of cortical development and circuit formation<\/td><td><a href=\"https:\/\/neurocenter-unige.ch\/research-groups\/denis-jabaudon\/\" target=\"_blank\" rel=\"noreferrer noopener\">Jabaudon, Denis<\/a><\/td><\/tr><tr><td>Morel, Eric (UNIL)<\/td><td>Translational assessment of cerebral immune system in the pathophysiology<br>of neurodegenerative processes through the angle of social isolation<\/td><td><a href=\"https:\/\/www.unil.ch\/crn\/en\/home.html\">G. Allali &amp; S.Tsartsalis<\/a><\/td><\/tr><tr><td>Morin, Bertille (UNIGE)<\/td><td>Understanding and promoting public biodiversity valuation and engagement<\/td><td><a href=\"https:\/\/neurocenter-unige.ch\/research-groups\/#filters=&amp;search=\">T. Brosch<\/a><\/td><\/tr><tr><td>Mota Caseiro, David (UNIL)<br><br><\/td><td>THE UNDERLYING MECHANISMS OF SOCIAL BUFFERING OF FEAR<\/td><td><a rel=\"noreferrer noopener\" href=\"https:\/\/www.chuv.ch\/fr\/psychiatrie\/dp-home\/recherche\/centres-et-unites-de-recherche\/centre-de-neurosciences-psychiatriques-cnp\/unite-de-recherche-sur-la-neurobiologie-de-lanxiete-et-de-la-peur\/equipe-1\" target=\"_blank\">R. Stoop<\/a><\/td><\/tr><tr><td>Moulinier, Marie (UNIGE)<\/td><td>What is the role played by the claustrum in the communication between<br>cortical areas?<\/td><td><a href=\"https:\/\/neurocenter-unige.ch\/research-groups\/alan-carleton\/\" target=\"_blank\" rel=\"noreferrer noopener\">Carleton, Alan<\/a><\/td><\/tr><tr><td>Mousavi, Maryam (UNIL)<\/td><td>Investigating the effects of gut microbiota-derived metabolites on the blood brain barrier function and stroke outcome.<\/td><td><a href=\"https:\/\/dnf-unil.ch\/group\/lorenz-hirt\">L. Hirt<\/a><\/td><\/tr><tr><td>M\u00fcnzenmaier, Lucas\u00a0(UNIL)<\/td><td>Tau pathology in the brain and preventing neurodegeneration<\/td><td><a href=\"https:\/\/tonilab.org\/\">N. Toni &amp; P. Preitner<\/a><\/td><\/tr><tr><td>Nguyen-Duc, Jasmine (UNIL)<\/td><td>FIREPATH in clinical dMRI<\/td><td><a href=\"https:\/\/wp.unil.ch\/mic-map\/ileana-jelescu\/\" target=\"_blank\" rel=\"noreferrer noopener\">I. Jelescu<\/a><\/td><\/tr><tr><td>Nickl, Peter (UNIGE)<\/td><td><\/td><td><a href=\"https:\/\/neurocenter-unige.ch\/research-groups\/alexandre-pouget\/\">A. Pouget<\/a><\/td><\/tr><tr><td>Nonni, Martina (UNIGE)<\/td><td>Comparing first and third person emotion experience: insights from cinema and VR<\/td><td><a href=\"https:\/\/neurocenter-unige.ch\/research-groups\/patrik-vuilleumier\/\" target=\"_blank\" rel=\"noreferrer noopener\">P. Vuilleumier<\/a><\/td><\/tr><tr><td>Onay, Neslihan (UNIGE) <\/td><td>Effect of Emotion on Episodic Memory At Different Ages<\/td><td><a href=\"https:\/\/www.unige.ch\/fapse\/emotion-and-memory\/eng\/team\" target=\"_blank\" rel=\"noreferrer noopener\">U. Rimmele<\/a><\/td><\/tr><tr><td>Orlando, Federica (UNIL)<\/td><td>Neuroprosthetic Interventions for autonomic dysfunctions in Neurological Diseases<\/td><td><a href=\"https:\/\/www.neurorestore.swiss\/\" target=\"_blank\" rel=\"noreferrer noopener\">J. Bloch &amp; G. Courtine <\/a><\/td><\/tr><tr><td>Paiva, Vitor\u00a0(UNIGE)<\/td><td><\/td><td><a href=\"https:\/\/neurocenter-unige.ch\/research-groups\/#filters=&amp;search=\">A. Pouget<\/a><\/td><\/tr><tr><td>Panfilova, Diana (UNIL)<\/td><td>The role of lipid droplets in cellular identity<\/td><td><a rel=\"noreferrer noopener\" href=\"https:\/\/www.unil.ch\/physiologie\/en\/home\/menuinst\/groupes-de-recherche\/marlen-knobloch.html\" target=\"_blank\">M. Knobloch<\/a><\/td><\/tr><tr><td>Panzeri, Alessandra (UNIGE)<\/td><td>Investigating the role of Dopamine and Serotonin in the inter-individual variability in social motivation<\/td><td><a rel=\"noreferrer noopener\" href=\"https:\/\/neurocenter-unige.ch\/research-groups\/synaptic-brain-dysfunctions\/\" target=\"_blank\">Camilla Bellon<\/a><a href=\"https:\/\/neurocenter-unige.ch\/research-groups\/synaptic-brain-dysfunctions\/\">e<\/a><\/td><\/tr><tr><td>Parapera Papantoniou, Lito (UNIL)<\/td><td>Consequences of social stress: from behavior to neurons and back<\/td><td><a href=\"https:\/\/applicationspub.unil.ch\/interpub\/noauth\/php\/Un\/UnPers.php?PerNum=1164058&amp;LanCode=8\">S. Tzanoulinou<\/a><\/td><\/tr><tr><td>Pascucci, Alessandro\u00a0(UNIGE)<\/td><td>lnvestigating Neurobiological Trajectories of Metabolism, Synaptic Signaling, and Clearance in Developmental Psychosis Vulnerability in 22q11.2 Deletion Syndrome<\/td><td><a href=\"https:\/\/neurocenter-unige.ch\/research-groups\/#filters=&amp;search=\">S. Eliez<\/a><\/td><\/tr><tr><td>Patsourakos, Vasileios (UNIL)<\/td><td>Optogenetic Therapy for Peripheral Nerve Disorders (Optogenetic-PNS)<\/td><td><a href=\"https:\/\/www.neurorestore.swiss\/our-team\">J. Bloch<\/a> &amp; T. Hutson<\/td><\/tr><tr><td>Peithi, Amalia (UNIL)<\/td><td>Neuroanatomical investigation of hippocampus and amygdala structure in a mouse model of Williams syndrome<\/td><td><a href=\"https:\/\/www.unil.ch\/labcd\/home.html\">P. Lavenex  &amp; P. Banta-Lavenex<\/a><\/td><\/tr><tr><td>Perlstain, Loic (UNIL)<\/td><td>Multimodal brain models of perceptual and recognition memory engrams<\/td><td><a href=\"https:\/\/www.unil.ch\/crn\/en\/home\/menuinst\/research-labs\/exploration-of-memory-in-neuroscience\/gilles-allali.html\">F. Kherif<\/a><\/td><\/tr><tr><td>Perrin, Florian (UNIL)<\/td><td>Consciousness and Central Autonomic Network In Humans<\/td><td><a href=\"https:\/\/www.unil.ch\/crn\/en\/home\/menuinst\/about-crn.html\">P. Ryvlin &amp; M. De Lucia<\/a><\/td><\/tr><tr><td>Petignat, Cyril\u00a0(UNIGE)<\/td><td>Neural correlates of a psychological intervention for the treatment of<br>negative symptoms in patients with schizophrenia.<\/td><td><a href=\"https:\/\/neurocenter-unige.ch\/research-groups\/#filters=&amp;search=\">S. Kaiser<\/a><\/td><\/tr><tr><td>Petrova ,Teya (UNIL)<\/td><td>Brain dysconnectivity and cognitive impairment in early psychosis: interplay between nature and nurture<\/td><td><a href=\"https:\/\/www.chuv.ch\/fr\/psychiatrie\/dp-home\/recherche\/centres-et-unites-de-recherche\/centre-de-neurosciences-psychiatriques-cnp\/unite-de-recherche-sur-la-psychose\/equipe\/paul-klauser\">P. Klauser<\/a><\/td><\/tr><tr><td>Pierini, Alice (UNIGE)<\/td><td><\/td><td><\/td><\/tr><tr><td>Piron, Nicolas (UNIGE)<\/td><td>Structuring Language: Hippocampal Contributions to Linguistic Processing<\/td><td><a href=\"https:\/\/neurocenter-unige.ch\/research-groups\/sophie-schwartz\/\">S, Schwartz<\/a> &amp; <a href=\"https:\/\/neurocenter-unige.ch\/research-groups\/nina-kazanina\/\">N. Kazanina<\/a><\/td><\/tr><tr><td>Piotti, Andrea-Georgia (UNIL)<\/td><td>Neuroimmune communication in chronic pain: the role of EVs and miRNAs<\/td><td><a href=\"https:\/\/dnf-unil.ch\/group\/understanding-the-mechanisms-contributing-to-neuropathic-pain\/member\/decosterd-marc-suter\">M. Suter<\/a><\/td><\/tr><tr><td>Policet-B\u00e9tend, Heloise (UNIGE)<\/td><td>The neuronal pathways of cardiorespiratory interoception in the regulation of emotions<\/td><td><a href=\"https:\/\/wysscenter.ch\/team\/christophe-lamy\">C. Lamy &amp; Dr. Beaulieu<\/a><\/td><\/tr><tr><td>Pourchet, Thomas (UNIGE)<\/td><td>Stimulations c\u00e9r\u00e9brales non-invasives innovantes dans la r\u00e9habilitation chez le lombalgique chronique<\/td><td><a href=\"https:\/\/www.unige.ch\/medecine\/kinesiology\/\" target=\"_blank\" rel=\"noreferrer noopener\">Armand, St\u00e9phane<\/a><\/td><\/tr><tr><td>Python, Laurena (UNIGE)<\/td><td>Neural bases of addiction<\/td><td><a href=\"https:\/\/neurocenter-unige.ch\/research-groups\/#filters=&amp;search=\" target=\"_blank\" rel=\"noreferrer noopener\">C. Luscher &amp; A. Pouget<\/a><\/td><\/tr><tr><td>Raynal, Elsa (UNIL)<\/td><td>BEHAVIORAL AND ELECTROCORTICAL CORRELATES OF ASSOCIATIVE LEARNING: AN INDIVIDUAL DIFFERENCES INVESTIGATION<\/td><td><a href=\"https:\/\/www.unil.ch\/beam\/home.html\" target=\"_blank\" rel=\"noreferrer noopener\">Catherine Brandner<\/a><\/td><\/tr><tr><td>Reboul, Florine (UNIGE)<\/td><td>Medial prefrontal regulation of motor impulsivity and cue-<br>driven reward seeking in rodents<\/td><td><a href=\"https:\/\/neurocenter-unige.ch\/research-groups\/#filters=&amp;search=\">N. Ginovart<\/a><\/td><\/tr><tr><td>Reich, Natacha (UNIGE)<\/td><td>Dissectlng clinical and neurobiological pathways underlying transdiagnostic psychopathology in neurodevelopmental disorders though multivariate longitudinal digital phenotyping and neuroimaging techniques<\/td><td><a href=\"https:\/\/neurocenter-unige.ch\/research-groups\/#filters=&amp;search=\">S. Eliez &amp; C. Sandini<\/a><\/td><\/tr><tr><td>R\u00e9mond-Derbez, No\u00ebla (UNIL)<\/td><td>Neurotechnology to uncover dementia with Lewy bodies<\/td><td><a href=\"https:\/\/www.unil.ch\/crn\/en\/home\/menuinst\/research-labs\/exploration-of-memory-in-neuroscience\/gilles-allali.html\">G. Allali<\/a> &amp; <a href=\"https:\/\/fbernasconi.netlify.app\/\">F.Bernasconi<\/a><\/td><\/tr><tr><td>Renard, Margot (UNIL)<\/td><td>Hypothalamic transcriptional dynamics underlying the control of puberty and reproduction<\/td><td><a rel=\"noreferrer noopener\" href=\"https:\/\/applicationspub.unil.ch\/interpub\/noauth\/php\/Un\/UnPers.php?PerNum=1168211&amp;LanCode=8&amp;menu=coord\" target=\"_blank\">A. Messina<\/a> &amp; N. Pitteloud<\/td><\/tr><tr><td>Rey, Alicia (UNIL)<\/td><td>The role of lipid metabolism in brain aging and disease<\/td><td><a href=\"https:\/\/www.unil.ch\/dsb\/marlen-knobloch-1\">M. Knobloch<\/a><\/td><\/tr><tr><td>Richard, Jeanne (UNIGE)<\/td><td>Affective and cognitive functioning in relation to food intake<\/td><td><a href=\"https:\/\/neurocenter-unige.ch\/research-groups\/david-sander\/\" target=\"_blank\" rel=\"noreferrer noopener\">D. Sander &amp; G. Coppin<\/a><\/td><\/tr><tr><td>Richert, Noah (UNIL)<\/td><td>Immersive Prevention Centers for Mental Health in the Metaverse<\/td><td><a href=\"https:\/\/www.the-sense.ch\/research-and-innovation\/?lang=en\">M. Murray &amp; A. Widmer<\/a><\/td><\/tr><tr><td>Rimorini, Nina (UNIL)<\/td><td>Decoding imagination: Reading the mind\u2019s eye<\/td><td><a href=\"https:\/\/www.chuv.ch\/fr\/cemic\/en-bref\/notre-equipe\">C. Berna Renella<\/a><\/td><\/tr><tr><td>Rodrigues Apgaua, Beatriz (UNIGE)<\/td><td>Study of brain circuits underlying social signaling during cooperative and<br>competitive dynamics in mice<\/td><td><a href=\"https:\/\/neurocenter-unige.ch\/research-groups\/#filters=&amp;search=\">S. El-Boustani<\/a><\/td><\/tr><tr><td>Rodriguez Peris, Laura (UNIGE)<\/td><td>Risk factors of addiction in females and the role of mGluR5 in compulsive behaviors<\/td><td><a href=\"https:\/\/neurocenter-unige.ch\/research-groups\/individual-differences-and-vulnerability-to-addiction\/\">N. Ginovart<\/a><\/td><\/tr><tr><td>Rothenfusser, Kaspar (UNIL)<\/td><td>D\u00e9veloppement d\u2019une technique de tomographie holographique pour l\u2019exploration de la dynamique tridimensionnelle des cellules neurales \u00e0 l\u2019\u00e9chelle nanom\u00e9trique<\/td><td><a href=\"https:\/\/www.chuv.ch\/en\/psychiatrie\/dp-home\/recherche\/research-centres-and-units-of-the-department-of-psychiatry\/center-for-psychiatric-neurosciences\/unit-of-pharmacogenetics-and-clinical-psychopharmacology-uppc\/\" target=\"_blank\" rel=\"noreferrer noopener\">Pierre Marquet<\/a><\/td><\/tr><tr><td>Roulet, Margaux (UNIL)<\/td><td>bEAR: brain Electrical Auditory Restoration Development of a personalized and biomimetic cortical prosthesis to restore hearing<\/td><td><a href=\"https:\/\/www.the-sense.ch\/research-and-innovation\/action-repair\/neuro-otology\/?lang=en\">L. Ansch\u00fctz &amp; A. Troillet<\/a><\/td><\/tr><tr><td>Rutz, Dionys (UNIL)<\/td><td>The new Model of Digital Neurorehabilitation along the Continuum of Care<\/td><td><a href=\"https:\/\/wp.unil.ch\/myspacelab\/\">A. Serino<\/a><\/td><\/tr><\/tbody><\/table><\/figure>\n\n\n\n<p><\/p>\n","protected":false},"excerpt":{"rendered":"<p>Name Project Thesis Director Labancov\u00e1, Katarina (UNIGE) Flexible human understanding and behaviour is compositionality N. Kazanina Lan, Yang\u00a0(UNIGE) EEG characteristics of patients with SCD by observing the neuropsychological scale S. &hellip; <\/p>\n","protected":false},"author":1530,"featured_media":0,"parent":0,"menu_order":0,"comment_status":"closed","ping_status":"closed","template":"","meta":{"_seopress_robots_primary_cat":"","_seopress_titles_title":"","_seopress_titles_desc":"","_seopress_robots_index":"","footnotes":""},"class_list":["post-416","page","type-page","status-publish"],"_links":{"self":[{"href":"https:\/\/wp.unil.ch\/lemanicneuroscience\/wp-json\/wp\/v2\/pages\/416","targetHints":{"allow":["GET"]}}],"collection":[{"href":"https:\/\/wp.unil.ch\/lemanicneuroscience\/wp-json\/wp\/v2\/pages"}],"about":[{"href":"https:\/\/wp.unil.ch\/lemanicneuroscience\/wp-json\/wp\/v2\/types\/page"}],"author":[{"embeddable":true,"href":"https:\/\/wp.unil.ch\/lemanicneuroscience\/wp-json\/wp\/v2\/users\/1530"}],"replies":[{"embeddable":true,"href":"https:\/\/wp.unil.ch\/lemanicneuroscience\/wp-json\/wp\/v2\/comments?post=416"}],"version-history":[{"count":4,"href":"https:\/\/wp.unil.ch\/lemanicneuroscience\/wp-json\/wp\/v2\/pages\/416\/revisions"}],"predecessor-version":[{"id":4076,"href":"https:\/\/wp.unil.ch\/lemanicneuroscience\/wp-json\/wp\/v2\/pages\/416\/revisions\/4076"}],"wp:attachment":[{"href":"https:\/\/wp.unil.ch\/lemanicneuroscience\/wp-json\/wp\/v2\/media?parent=416"}],"curies":[{"name":"wp","href":"https:\/\/api.w.org\/{rel}","templated":true}]}}